{"id":892,"date":"2025-05-15T11:45:32","date_gmt":"2025-05-15T09:45:32","guid":{"rendered":"https:\/\/172.25.0.6\/?page_id=892"},"modified":"2025-08-04T16:05:21","modified_gmt":"2025-08-04T14:05:21","slug":"strategia","status":"publish","type":"page","link":"https:\/\/www.piwet.pulawy.pl\/en\/strategia\/","title":{"rendered":"Strategia"},"content":{"rendered":"\n<p class=\"has-text-color has-link-color wp-elements-2e802938a8104b07f77563fc4406ccb5\" style=\"color:#1a8314;font-size:20px\"><strong>STRATEGIA ROZWOJU PA\u0143STWOWEGO INSTYTUTU WETERYNARYJNEGO \u2013 PA\u0143STWOWEGO INSTYTUTU BADAWCZEGO W PU\u0141AWACH DO ROKU 2025<\/strong><\/p>\n\n\n\n<p><\/p>\n\n\n\n<p><a href=\"https:\/\/www.piwet.pulawy.pl\/wp-content\/uploads\/2025\/08\/Strategia-rozwoju-PIWet-PIB-1.pdf\">STRATEGIA ROZWOJU<\/a> (plik PDF, 5.8MB)<\/p>\n\n\n\n<p><a href=\"https:\/\/www.piwet.pulawy.pl\/rzadowy-program-przeciwdzialania-korupcji\/\">Rz\u0105dowy Program Przeciwdzia\u0142ania Korupcji<\/a> <\/p>\n\n\n\n<p>Infrastruktura badawcza PIWet-PIB (dokument w trakcie aktualizacji, nied\u0142ugo zostanie udost\u0119pniony)<br><\/p>\n\n\n\n<p><\/p>\n","protected":false},"excerpt":{"rendered":"<p>STRATEGIA ROZWOJU PA\u0143STWOWEGO INSTYTUTU WETERYNARYJNEGO \u2013 PA\u0143STWOWEGO INSTYTUTU BADAWCZEGO W PU\u0141AWACH DO ROKU 2025 STRATEGIA ROZWOJU (plik PDF, 5.8MB) Rz\u0105dowy Program Przeciwdzia\u0142ania Korupcji Infrastruktura badawcza PIWet-PIB (dokument w trakcie aktualizacji, nied\u0142ugo zostanie udost\u0119pniony)<\/p>\n","protected":false},"author":2,"featured_media":0,"parent":0,"menu_order":0,"comment_status":"closed","ping_status":"closed","template":"","meta":{"footnotes":""},"class_list":["post-892","page","type-page","status-publish","hentry"],"rttpg_featured_image_url":null,"rttpg_author":{"display_name":"Marta Antas","author_link":"https:\/\/www.piwet.pulawy.pl\/en\/author\/mantas\/"},"rttpg_comment":0,"rttpg_category":false,"rttpg_excerpt":"STRATEGIA ROZWOJU PA\u0143STWOWEGO INSTYTUTU WETERYNARYJNEGO \u2013 PA\u0143STWOWEGO INSTYTUTU BADAWCZEGO W PU\u0141AWACH DO ROKU 2025 STRATEGIA ROZWOJU (plik PDF, 5.8MB) Rz\u0105dowy Program Przeciwdzia\u0142ania Korupcji Infrastruktura badawcza PIWet-PIB (dokument w trakcie aktualizacji, nied\u0142ugo zostanie udost\u0119pniony)","_links":{"self":[{"href":"https:\/\/www.piwet.pulawy.pl\/en\/wp-json\/wp\/v2\/pages\/892","targetHints":{"allow":["GET"]}}],"collection":[{"href":"https:\/\/www.piwet.pulawy.pl\/en\/wp-json\/wp\/v2\/pages"}],"about":[{"href":"https:\/\/www.piwet.pulawy.pl\/en\/wp-json\/wp\/v2\/types\/page"}],"author":[{"embeddable":true,"href":"https:\/\/www.piwet.pulawy.pl\/en\/wp-json\/wp\/v2\/users\/2"}],"replies":[{"embeddable":true,"href":"https:\/\/www.piwet.pulawy.pl\/en\/wp-json\/wp\/v2\/comments?post=892"}],"version-history":[{"count":9,"href":"https:\/\/www.piwet.pulawy.pl\/en\/wp-json\/wp\/v2\/pages\/892\/revisions"}],"predecessor-version":[{"id":2653,"href":"https:\/\/www.piwet.pulawy.pl\/en\/wp-json\/wp\/v2\/pages\/892\/revisions\/2653"}],"wp:attachment":[{"href":"https:\/\/www.piwet.pulawy.pl\/en\/wp-json\/wp\/v2\/media?parent=892"}],"curies":[{"name":"wp","href":"https:\/\/api.w.org\/{rel}","templated":true}]}}