{"id":828,"date":"2025-05-14T09:59:30","date_gmt":"2025-05-14T07:59:30","guid":{"rendered":"https:\/\/172.25.0.6\/?page_id=828"},"modified":"2025-11-13T13:17:58","modified_gmt":"2025-11-13T12:17:58","slug":"konkursy-na-stanowiska-naukowe","status":"publish","type":"page","link":"https:\/\/www.piwet.pulawy.pl\/en\/konkursy-na-stanowiska-naukowe\/","title":{"rendered":"Konkursy na stanowiska naukowe"},"content":{"rendered":"\n<p><\/p>\n\n\n\n<p><strong>Aktualne og\u0142oszenia:<\/strong> brak<\/p>\n\n\n\n<p><strong>Archiwalne og\u0142oszenia:<\/strong><\/p>\n\n\n\n<div class=\"wp-block-group is-nowrap is-layout-flex wp-container-core-group-is-layout-ad2f72ca wp-block-group-is-layout-flex\">\n<p>2025.08.07 Poszukujemy: <strong>Profesor instytutu w Dziale Bakteriologii i Chor\u00f3b Bakteryjnych Zwierz\u0105t<\/strong> <strong>DK-111\/2\/25<\/strong><\/p>\n\n\n\n<p><a href=\"https:\/\/www.piwet.pulawy.pl\/wp-content\/uploads\/2025\/08\/ogloszenie-dyrektora.pdf\" target=\"_blank\" rel=\"noreferrer noopener\">Skan og\u0142oszenia<\/a><a href=\"https:\/\/www.piwet.pulawy.pl\/wp-content\/uploads\/2025\/08\/DSI_10928_ogloszenie-dyrektora-3.pdf\"> <\/a>(plik PDF, 150kB)<\/p>\n\n\n\n<p><a href=\"https:\/\/www.piwet.pulawy.pl\/wp-content\/uploads\/2025\/11\/Wyniki-konkursu-profesor-13.11.2025.pdf\" target=\"_blank\" rel=\"noreferrer noopener\">Skan wyniku post\u0119powania<\/a> (plik PDF, 436 KB)<\/p>\n<\/div>\n\n\n\n<p><\/p>\n\n\n\n<div class=\"wp-block-group is-nowrap is-layout-flex wp-container-core-group-is-layout-ad2f72ca wp-block-group-is-layout-flex\">\n<p>2025.07.23 Poszukujemy: <strong>Asystent w Dziale Chor\u00f3b Wirusowych Zwierzat DK-111\/1\/25<\/strong><\/p>\n\n\n\n<p><a href=\"https:\/\/www.piwet.pulawy.pl\/wp-content\/uploads\/2025\/08\/DSI_10928_ogloszenie-dyrektora-3.pdf\" target=\"_blank\" rel=\"noreferrer noopener\">Skan og\u0142oszenia <\/a>(plik PDF, 156kB)<\/p>\n\n\n\n<p><a href=\"https:\/\/www.piwet.pulawy.pl\/wp-content\/uploads\/2025\/11\/Wyn-iki-naboru-asystent-13.11.2025.pdf\" target=\"_blank\" rel=\"noreferrer noopener\">Skan wyniku post\u0119powania <\/a>(plik PDF, 425 KB)<\/p>\n<\/div>\n\n\n\n<p><\/p>\n\n\n\n<p><\/p>\n\n\n\n<p><strong><strong>DLA KANDYDAT\u00d3W:<\/strong><\/strong><\/p>\n\n\n\n<p class=\"has-text-color has-link-color wp-elements-6a5fa68ba033e48e24cc50d1e831a5ed\" style=\"color:#1a8314\"><a href=\"https:\/\/www.piwet.pulawy.pl\/klauzula-informacyjna\/\">Klauzula informacyjna<\/a><\/p>\n\n\n\n<p class=\"has-text-color has-link-color wp-elements-65810b31a2947cb3a4d36b043f2a83b3\" style=\"color:#1a8314\"><a href=\"https:\/\/www.piwet.pulawy.pl\/zglaszanie-naruszen\/\">Zg\u0142aszanie narusze\u0144<\/a><\/p>\n\n\n\n<p><a href=\"https:\/\/www.piwet.pulawy.pl\/wp-content\/uploads\/2025\/07\/Zalacznik-do-Zarzadzenia-Nr-34_2024-Dyrektora-PIWet-PIB-z-dnia-26-sierpnia-2024-r.-Regulamin-zgloszen-wewnetrznych-1.pdf\">Regulamin zg\u0142osze\u0144 wewn\u0119trznych<\/a> (plik PDF, 1.9MB)<\/p>\n\n\n\n<p><a href=\"https:\/\/www.piwet.pulawy.pl\/wp-content\/uploads\/2025\/08\/Zalacznik-do-Zarzadzenia-Nr-49_2024-Dyrektora-PIWet-PIB-z-dnia-4-listopada-2024-r.-Regulamin-zatrudniania-na-stanowiska-naukowe-i-badawczo-technic-.pdf\">Zasady rekrutacji na stanowiska naukowe i badawczo-techniczne w Pa\u0144stwowym Instytucie Weterynaryjnym \u2014 Pa\u0144stwowym Instytucie Badawczym (Zarz\u0105dzenie nr 49\/2024) <\/a>(plik PDF, 9.6MB)<\/p>\n\n\n\n<p><a href=\"https:\/\/www.piwet.pulawy.pl\/archiwum-konkursow-na-stanowiska-naukowe\/\">Archiwum konkurs\u00f3w na stanowiska naukowe<\/a><\/p>\n\n\n\n<p><\/p>\n\n\n\n<p><\/p>\n","protected":false},"excerpt":{"rendered":"<p>Aktualne og\u0142oszenia: brak Archiwalne og\u0142oszenia: 2025.08.07 Poszukujemy: Profesor instytutu w Dziale Bakteriologii i Chor\u00f3b Bakteryjnych Zwierz\u0105t DK-111\/2\/25 Skan og\u0142oszenia (plik PDF, 150kB) Skan wyniku post\u0119powania (plik PDF, 436 KB) 2025.07.23 Poszukujemy: Asystent w Dziale Chor\u00f3b Wirusowych Zwierzat DK-111\/1\/25 Skan og\u0142oszenia (plik PDF, 156kB) Skan wyniku post\u0119powania (plik PDF, 425 KB) DLA KANDYDAT\u00d3W: Klauzula informacyjna Zg\u0142aszanie [&hellip;]<\/p>\n","protected":false},"author":2,"featured_media":0,"parent":0,"menu_order":0,"comment_status":"closed","ping_status":"closed","template":"fullwidth-page.php","meta":{"footnotes":""},"class_list":["post-828","page","type-page","status-publish","hentry"],"rttpg_featured_image_url":null,"rttpg_author":{"display_name":"Marta Antas","author_link":"https:\/\/www.piwet.pulawy.pl\/en\/author\/mantas\/"},"rttpg_comment":0,"rttpg_category":false,"rttpg_excerpt":"Aktualne og\u0142oszenia: brak Archiwalne og\u0142oszenia: 2025.08.07 Poszukujemy: Profesor instytutu w Dziale Bakteriologii i Chor\u00f3b Bakteryjnych Zwierz\u0105t DK-111\/2\/25 Skan og\u0142oszenia (plik PDF, 150kB) Skan wyniku post\u0119powania (plik PDF, 436 KB) 2025.07.23 Poszukujemy: Asystent w Dziale Chor\u00f3b Wirusowych Zwierzat DK-111\/1\/25 Skan og\u0142oszenia (plik PDF, 156kB) Skan wyniku post\u0119powania (plik PDF, 425 KB) DLA KANDYDAT\u00d3W: Klauzula informacyjna Zg\u0142aszanie&hellip;","_links":{"self":[{"href":"https:\/\/www.piwet.pulawy.pl\/en\/wp-json\/wp\/v2\/pages\/828","targetHints":{"allow":["GET"]}}],"collection":[{"href":"https:\/\/www.piwet.pulawy.pl\/en\/wp-json\/wp\/v2\/pages"}],"about":[{"href":"https:\/\/www.piwet.pulawy.pl\/en\/wp-json\/wp\/v2\/types\/page"}],"author":[{"embeddable":true,"href":"https:\/\/www.piwet.pulawy.pl\/en\/wp-json\/wp\/v2\/users\/2"}],"replies":[{"embeddable":true,"href":"https:\/\/www.piwet.pulawy.pl\/en\/wp-json\/wp\/v2\/comments?post=828"}],"version-history":[{"count":25,"href":"https:\/\/www.piwet.pulawy.pl\/en\/wp-json\/wp\/v2\/pages\/828\/revisions"}],"predecessor-version":[{"id":3882,"href":"https:\/\/www.piwet.pulawy.pl\/en\/wp-json\/wp\/v2\/pages\/828\/revisions\/3882"}],"wp:attachment":[{"href":"https:\/\/www.piwet.pulawy.pl\/en\/wp-json\/wp\/v2\/media?parent=828"}],"curies":[{"name":"wp","href":"https:\/\/api.w.org\/{rel}","templated":true}]}}