{"id":726,"date":"2025-05-13T12:24:08","date_gmt":"2025-05-13T10:24:08","guid":{"rendered":"https:\/\/172.25.0.6\/?page_id=726"},"modified":"2025-11-05T14:02:06","modified_gmt":"2025-11-05T13:02:06","slug":"szkolenia-certyfikowane","status":"publish","type":"page","link":"https:\/\/www.piwet.pulawy.pl\/en\/szkolenia-certyfikowane\/","title":{"rendered":"Szkolenia certyfikowane"},"content":{"rendered":"\n<p class=\"has-medium-font-size\"><strong>Szkolenia certyfikowane <\/strong><\/p>\n\n\n\n<p><a href=\"https:\/\/www.piwet.pulawy.pl\/wp-content\/uploads\/2025\/08\/Wniosek-o-przyjecie-na-szkolenie-certyfikowane.docx\" target=\"_blank\" rel=\"noreferrer noopener\">Wniosek o przyj\u0119cie na szkolenie certyfikowane <\/a>(plik WORD, 23kB)<\/p>\n\n\n\n<p><a href=\"https:\/\/www.piwet.pulawy.pl\/wp-content\/uploads\/2025\/08\/Program-szkolenie-certyfikowane.docx\" target=\"_blank\" rel=\"noreferrer noopener\">Program szkolenia certyfikowanego &#8220;Zarz\u0105dzanie rozrodem i zdrowiem stad \u015bwi\u0144&#8221;<\/a> (plik WORD, 37kB)<\/p>\n\n\n\n<p>Noclegi: tel. <a href=\"tel:818893270\">81 889 32 70<\/a><\/p>\n\n\n\n<p><a href=\"mailto:hotel@piwet.pulawy.pl\">hotel@piwet.pulawy.pl<\/a><\/p>\n","protected":false},"excerpt":{"rendered":"<p>Szkolenia certyfikowane Wniosek o przyj\u0119cie na szkolenie certyfikowane (plik WORD, 23kB) Program szkolenia certyfikowanego &#8220;Zarz\u0105dzanie rozrodem i zdrowiem stad \u015bwi\u0144&#8221; (plik WORD, 37kB) Noclegi: tel. 81 889 32 70 hotel@piwet.pulawy.pl<\/p>\n","protected":false},"author":2,"featured_media":0,"parent":0,"menu_order":0,"comment_status":"closed","ping_status":"closed","template":"","meta":{"footnotes":""},"class_list":["post-726","page","type-page","status-publish","hentry"],"rttpg_featured_image_url":null,"rttpg_author":{"display_name":"Marta Antas","author_link":"https:\/\/www.piwet.pulawy.pl\/en\/author\/mantas\/"},"rttpg_comment":0,"rttpg_category":false,"rttpg_excerpt":"Szkolenia certyfikowane Wniosek o przyj\u0119cie na szkolenie certyfikowane (plik WORD, 23kB) Program szkolenia certyfikowanego &#8220;Zarz\u0105dzanie rozrodem i zdrowiem stad \u015bwi\u0144&#8221; (plik WORD, 37kB) Noclegi: tel. 81 889 32 70 hotel@piwet.pulawy.pl","_links":{"self":[{"href":"https:\/\/www.piwet.pulawy.pl\/en\/wp-json\/wp\/v2\/pages\/726","targetHints":{"allow":["GET"]}}],"collection":[{"href":"https:\/\/www.piwet.pulawy.pl\/en\/wp-json\/wp\/v2\/pages"}],"about":[{"href":"https:\/\/www.piwet.pulawy.pl\/en\/wp-json\/wp\/v2\/types\/page"}],"author":[{"embeddable":true,"href":"https:\/\/www.piwet.pulawy.pl\/en\/wp-json\/wp\/v2\/users\/2"}],"replies":[{"embeddable":true,"href":"https:\/\/www.piwet.pulawy.pl\/en\/wp-json\/wp\/v2\/comments?post=726"}],"version-history":[{"count":7,"href":"https:\/\/www.piwet.pulawy.pl\/en\/wp-json\/wp\/v2\/pages\/726\/revisions"}],"predecessor-version":[{"id":3867,"href":"https:\/\/www.piwet.pulawy.pl\/en\/wp-json\/wp\/v2\/pages\/726\/revisions\/3867"}],"wp:attachment":[{"href":"https:\/\/www.piwet.pulawy.pl\/en\/wp-json\/wp\/v2\/media?parent=726"}],"curies":[{"name":"wp","href":"https:\/\/api.w.org\/{rel}","templated":true}]}}