{"id":652,"date":"2025-05-05T14:40:36","date_gmt":"2025-05-05T12:40:36","guid":{"rendered":"https:\/\/172.25.0.6\/?page_id=652"},"modified":"2026-01-09T11:59:27","modified_gmt":"2026-01-09T10:59:27","slug":"wynajem-powierzchni","status":"publish","type":"page","link":"https:\/\/www.piwet.pulawy.pl\/en\/wynajem-powierzchni\/","title":{"rendered":"Wynajem powierzchni"},"content":{"rendered":"\n<p>Tel.&nbsp;81 889&nbsp;34&nbsp;69, &nbsp;81 889&nbsp;31 19<br>Mail: wckp@piwet.pulawy.pl<\/p>\n\n\n\n\n\n<p class=\"has-medium-font-size\"><strong>Wynajem powierzchni<\/strong> <strong>w WCKP:<\/strong><\/p>\n\n\n\n<div class=\"wp-block-columns is-layout-flex wp-container-core-columns-is-layout-9d6595d7 wp-block-columns-is-layout-flex\">\n<div class=\"wp-block-column is-layout-flow wp-block-column-is-layout-flow\" style=\"flex-basis:100%\">\n<figure class=\"wp-block-table\"><table class=\"has-fixed-layout\"><tbody><tr><td><br><strong>Wynajem sali wyk\u0142adowej (auli)<\/strong><br><\/td><td>3000 z\u0142 za 1 dzie\u0144<br>360 z\u0142\/h<\/td><\/tr><tr><td><strong>Wynajem sali laboratoryjnej z cz\u0119\u015bci\u0105 wyk\u0142adow\u0105<\/strong><\/td><td>1800 z\u0142 za 1 dzie\u0144,<br>240 z\u0142\/h<\/td><\/tr><tr><td><strong>Wynajem sali seminaryjnej<\/strong> <br><\/td><td>1800 z\u0142 za 1 dzie\u0144,<br>240 z\u0142\/h<\/td><\/tr><tr><td><strong>Wynajem powierzchni reklamowej w gablocie<\/strong><\/td><td>3000 z\u0142 za rok<br>300 z\u0142 za miesi\u0105c<br>100 z\u0142 za dzie\u0144<\/td><\/tr><\/tbody><\/table><\/figure>\n<\/div>\n<\/div>\n\n\n\n<p class=\"has-medium-font-size\"><\/p>\n\n\n\n<p><\/p>\n\n\n\n<p class=\"has-medium-font-size\"><strong>Sala wyk\u0142adowa (aula)<\/strong>:<\/p>\n\n\n\n<figure class=\"wp-block-image size-full\"><img fetchpriority=\"high\" decoding=\"async\" width=\"700\" height=\"467\" src=\"https:\/\/www.piwet.pulawy.pl\/wp-content\/uploads\/2025\/07\/ART_2568.jpg\" alt=\"\" class=\"wp-image-2219\" srcset=\"https:\/\/www.piwet.pulawy.pl\/wp-content\/uploads\/2025\/07\/ART_2568.jpg 700w, https:\/\/www.piwet.pulawy.pl\/wp-content\/uploads\/2025\/07\/ART_2568-300x200.jpg 300w\" sizes=\"(max-width: 700px) 100vw, 700px\" \/><\/figure>\n\n\n\n<p><\/p>\n\n\n\n<figure class=\"wp-block-image size-full\"><img decoding=\"async\" width=\"699\" height=\"467\" src=\"https:\/\/www.piwet.pulawy.pl\/wp-content\/uploads\/2025\/07\/ART_2572.jpg\" alt=\"\" class=\"wp-image-2221\" srcset=\"https:\/\/www.piwet.pulawy.pl\/wp-content\/uploads\/2025\/07\/ART_2572.jpg 699w, https:\/\/www.piwet.pulawy.pl\/wp-content\/uploads\/2025\/07\/ART_2572-300x200.jpg 300w\" sizes=\"(max-width: 699px) 100vw, 699px\" \/><\/figure>\n\n\n\n<p><\/p>\n\n\n\n<figure class=\"wp-block-image size-full\"><img decoding=\"async\" width=\"699\" height=\"467\" src=\"https:\/\/www.piwet.pulawy.pl\/wp-content\/uploads\/2025\/07\/ART_2576.jpg\" alt=\"\" class=\"wp-image-2222\" srcset=\"https:\/\/www.piwet.pulawy.pl\/wp-content\/uploads\/2025\/07\/ART_2576.jpg 699w, https:\/\/www.piwet.pulawy.pl\/wp-content\/uploads\/2025\/07\/ART_2576-300x200.jpg 300w\" sizes=\"(max-width: 699px) 100vw, 699px\" \/><\/figure>\n\n\n\n<p><\/p>\n\n\n\n<figure class=\"wp-block-image size-full\"><img loading=\"lazy\" decoding=\"async\" width=\"699\" height=\"467\" src=\"https:\/\/www.piwet.pulawy.pl\/wp-content\/uploads\/2025\/07\/ART_2602.jpg\" alt=\"\" class=\"wp-image-2223\" srcset=\"https:\/\/www.piwet.pulawy.pl\/wp-content\/uploads\/2025\/07\/ART_2602.jpg 699w, https:\/\/www.piwet.pulawy.pl\/wp-content\/uploads\/2025\/07\/ART_2602-300x200.jpg 300w\" sizes=\"(max-width: 699px) 100vw, 699px\" \/><\/figure>\n\n\n\n<p><\/p>\n\n\n\n<p><strong>Sala laboratoryjna<\/strong>:<\/p>\n\n\n\n<figure class=\"wp-block-image size-large is-resized\"><img loading=\"lazy\" decoding=\"async\" width=\"1024\" height=\"684\" src=\"https:\/\/www.piwet.pulawy.pl\/wp-content\/uploads\/2025\/09\/ART_2751-1024x684.jpg\" alt=\"\" class=\"wp-image-3392\" style=\"width:695px;height:auto\" srcset=\"https:\/\/www.piwet.pulawy.pl\/wp-content\/uploads\/2025\/09\/ART_2751-1024x684.jpg 1024w, https:\/\/www.piwet.pulawy.pl\/wp-content\/uploads\/2025\/09\/ART_2751-300x200.jpg 300w, https:\/\/www.piwet.pulawy.pl\/wp-content\/uploads\/2025\/09\/ART_2751-768x513.jpg 768w, https:\/\/www.piwet.pulawy.pl\/wp-content\/uploads\/2025\/09\/ART_2751-1536x1025.jpg 1536w, https:\/\/www.piwet.pulawy.pl\/wp-content\/uploads\/2025\/09\/ART_2751-2048x1367.jpg 2048w\" sizes=\"(max-width: 1024px) 100vw, 1024px\" \/><\/figure>\n\n\n\n<p><\/p>\n\n\n\n<p><strong>Sala seminaryjna:<\/strong><\/p>\n\n\n\n<figure class=\"wp-block-image size-large is-resized\"><img loading=\"lazy\" decoding=\"async\" width=\"1024\" height=\"684\" src=\"https:\/\/www.piwet.pulawy.pl\/wp-content\/uploads\/2025\/09\/ART_2835-1024x684.jpg\" alt=\"\" class=\"wp-image-3393\" style=\"width:696px;height:auto\" srcset=\"https:\/\/www.piwet.pulawy.pl\/wp-content\/uploads\/2025\/09\/ART_2835-1024x684.jpg 1024w, https:\/\/www.piwet.pulawy.pl\/wp-content\/uploads\/2025\/09\/ART_2835-300x200.jpg 300w, https:\/\/www.piwet.pulawy.pl\/wp-content\/uploads\/2025\/09\/ART_2835-768x513.jpg 768w, https:\/\/www.piwet.pulawy.pl\/wp-content\/uploads\/2025\/09\/ART_2835-1536x1025.jpg 1536w, https:\/\/www.piwet.pulawy.pl\/wp-content\/uploads\/2025\/09\/ART_2835-2048x1367.jpg 2048w\" sizes=\"(max-width: 1024px) 100vw, 1024px\" \/><\/figure>\n\n\n\n<p><\/p>\n\n\n\n<p><strong>Sala narad:<\/strong><\/p>\n\n\n\n<figure class=\"wp-block-image size-large is-resized\"><img loading=\"lazy\" decoding=\"async\" width=\"1024\" height=\"684\" src=\"https:\/\/www.piwet.pulawy.pl\/wp-content\/uploads\/2025\/09\/ART_2920-1024x684.jpg\" alt=\"\" class=\"wp-image-3394\" style=\"width:696px;height:auto\" srcset=\"https:\/\/www.piwet.pulawy.pl\/wp-content\/uploads\/2025\/09\/ART_2920-1024x684.jpg 1024w, https:\/\/www.piwet.pulawy.pl\/wp-content\/uploads\/2025\/09\/ART_2920-300x200.jpg 300w, https:\/\/www.piwet.pulawy.pl\/wp-content\/uploads\/2025\/09\/ART_2920-768x513.jpg 768w, https:\/\/www.piwet.pulawy.pl\/wp-content\/uploads\/2025\/09\/ART_2920-1536x1025.jpg 1536w, https:\/\/www.piwet.pulawy.pl\/wp-content\/uploads\/2025\/09\/ART_2920-2048x1367.jpg 2048w\" sizes=\"(max-width: 1024px) 100vw, 1024px\" \/><\/figure>\n\n\n\n<p><\/p>\n\n\n\n<p><strong>Gabloty:<\/strong><\/p>\n\n\n\n<figure class=\"wp-block-image size-large is-resized\"><img loading=\"lazy\" decoding=\"async\" width=\"1024\" height=\"684\" src=\"https:\/\/www.piwet.pulawy.pl\/wp-content\/uploads\/2025\/09\/ART_2818-1024x684.jpg\" alt=\"\" class=\"wp-image-3397\" style=\"width:694px;height:auto\" srcset=\"https:\/\/www.piwet.pulawy.pl\/wp-content\/uploads\/2025\/09\/ART_2818-1024x684.jpg 1024w, https:\/\/www.piwet.pulawy.pl\/wp-content\/uploads\/2025\/09\/ART_2818-300x200.jpg 300w, https:\/\/www.piwet.pulawy.pl\/wp-content\/uploads\/2025\/09\/ART_2818-768x513.jpg 768w, https:\/\/www.piwet.pulawy.pl\/wp-content\/uploads\/2025\/09\/ART_2818-1536x1025.jpg 1536w, https:\/\/www.piwet.pulawy.pl\/wp-content\/uploads\/2025\/09\/ART_2818-2048x1367.jpg 2048w\" sizes=\"(max-width: 1024px) 100vw, 1024px\" \/><\/figure>\n\n\n\n<p><\/p>\n\n\n\n<p><strong>Sala cateringowa:<\/strong><\/p>\n\n\n\n<figure class=\"wp-block-image size-large is-resized\"><img loading=\"lazy\" decoding=\"async\" width=\"1024\" height=\"684\" src=\"https:\/\/www.piwet.pulawy.pl\/wp-content\/uploads\/2025\/09\/ART_2689-1024x684.jpg\" alt=\"\" class=\"wp-image-3401\" style=\"width:702px;height:auto\" srcset=\"https:\/\/www.piwet.pulawy.pl\/wp-content\/uploads\/2025\/09\/ART_2689-1024x684.jpg 1024w, https:\/\/www.piwet.pulawy.pl\/wp-content\/uploads\/2025\/09\/ART_2689-300x200.jpg 300w, https:\/\/www.piwet.pulawy.pl\/wp-content\/uploads\/2025\/09\/ART_2689-768x513.jpg 768w, https:\/\/www.piwet.pulawy.pl\/wp-content\/uploads\/2025\/09\/ART_2689.jpg 1198w\" sizes=\"(max-width: 1024px) 100vw, 1024px\" \/><\/figure>\n\n\n\n<p><\/p>\n\n\n\n<p><strong>VIP-room<\/strong>:<\/p>\n\n\n\n<figure class=\"wp-block-image size-large is-resized\"><img loading=\"lazy\" decoding=\"async\" width=\"1024\" height=\"684\" src=\"https:\/\/www.piwet.pulawy.pl\/wp-content\/uploads\/2025\/09\/ART_2641-1024x684.jpg\" alt=\"\" class=\"wp-image-3403\" style=\"width:701px;height:auto\" srcset=\"https:\/\/www.piwet.pulawy.pl\/wp-content\/uploads\/2025\/09\/ART_2641-1024x684.jpg 1024w, https:\/\/www.piwet.pulawy.pl\/wp-content\/uploads\/2025\/09\/ART_2641-300x200.jpg 300w, https:\/\/www.piwet.pulawy.pl\/wp-content\/uploads\/2025\/09\/ART_2641-768x513.jpg 768w, https:\/\/www.piwet.pulawy.pl\/wp-content\/uploads\/2025\/09\/ART_2641.jpg 1198w\" sizes=\"(max-width: 1024px) 100vw, 1024px\" \/><\/figure>\n\n\n\n<p><\/p>\n\n\n\n<figure class=\"wp-block-image size-large is-resized\"><img loading=\"lazy\" decoding=\"async\" width=\"1024\" height=\"684\" src=\"https:\/\/www.piwet.pulawy.pl\/wp-content\/uploads\/2025\/09\/ART_2656-1024x684.jpg\" alt=\"\" class=\"wp-image-3404\" style=\"width:702px;height:auto\" srcset=\"https:\/\/www.piwet.pulawy.pl\/wp-content\/uploads\/2025\/09\/ART_2656-1024x684.jpg 1024w, https:\/\/www.piwet.pulawy.pl\/wp-content\/uploads\/2025\/09\/ART_2656-300x200.jpg 300w, https:\/\/www.piwet.pulawy.pl\/wp-content\/uploads\/2025\/09\/ART_2656-768x513.jpg 768w, https:\/\/www.piwet.pulawy.pl\/wp-content\/uploads\/2025\/09\/ART_2656.jpg 1198w\" sizes=\"(max-width: 1024px) 100vw, 1024px\" \/><\/figure>\n\n\n\n<p><\/p>\n","protected":false},"excerpt":{"rendered":"<p>Tel.&nbsp;81 889&nbsp;34&nbsp;69, &nbsp;81 889&nbsp;31 19Mail: wckp@piwet.pulawy.pl Wynajem powierzchni w WCKP: Wynajem sali wyk\u0142adowej (auli) 3000 z\u0142 za 1 dzie\u0144360 z\u0142\/h Wynajem sali laboratoryjnej z cz\u0119\u015bci\u0105 wyk\u0142adow\u0105 1800 z\u0142 za 1 dzie\u0144,240 z\u0142\/h Wynajem sali seminaryjnej 1800 z\u0142 za 1 dzie\u0144,240 z\u0142\/h Wynajem powierzchni reklamowej w gablocie 3000 z\u0142 za rok300 z\u0142 za miesi\u0105c100 z\u0142 za [&hellip;]<\/p>\n","protected":false},"author":2,"featured_media":0,"parent":0,"menu_order":0,"comment_status":"closed","ping_status":"closed","template":"fullwidth-page.php","meta":{"footnotes":""},"class_list":["post-652","page","type-page","status-publish","hentry"],"rttpg_featured_image_url":null,"rttpg_author":{"display_name":"Marta Antas","author_link":"https:\/\/www.piwet.pulawy.pl\/en\/author\/mantas\/"},"rttpg_comment":0,"rttpg_category":false,"rttpg_excerpt":"Tel.&nbsp;81 889&nbsp;34&nbsp;69, &nbsp;81 889&nbsp;31 19Mail: wckp@piwet.pulawy.pl Wynajem powierzchni w WCKP: Wynajem sali wyk\u0142adowej (auli) 3000 z\u0142 za 1 dzie\u0144360 z\u0142\/h Wynajem sali laboratoryjnej z cz\u0119\u015bci\u0105 wyk\u0142adow\u0105 1800 z\u0142 za 1 dzie\u0144,240 z\u0142\/h Wynajem sali seminaryjnej 1800 z\u0142 za 1 dzie\u0144,240 z\u0142\/h Wynajem powierzchni reklamowej w gablocie 3000 z\u0142 za rok300 z\u0142 za miesi\u0105c100 z\u0142 za&hellip;","_links":{"self":[{"href":"https:\/\/www.piwet.pulawy.pl\/en\/wp-json\/wp\/v2\/pages\/652","targetHints":{"allow":["GET"]}}],"collection":[{"href":"https:\/\/www.piwet.pulawy.pl\/en\/wp-json\/wp\/v2\/pages"}],"about":[{"href":"https:\/\/www.piwet.pulawy.pl\/en\/wp-json\/wp\/v2\/types\/page"}],"author":[{"embeddable":true,"href":"https:\/\/www.piwet.pulawy.pl\/en\/wp-json\/wp\/v2\/users\/2"}],"replies":[{"embeddable":true,"href":"https:\/\/www.piwet.pulawy.pl\/en\/wp-json\/wp\/v2\/comments?post=652"}],"version-history":[{"count":14,"href":"https:\/\/www.piwet.pulawy.pl\/en\/wp-json\/wp\/v2\/pages\/652\/revisions"}],"predecessor-version":[{"id":4084,"href":"https:\/\/www.piwet.pulawy.pl\/en\/wp-json\/wp\/v2\/pages\/652\/revisions\/4084"}],"wp:attachment":[{"href":"https:\/\/www.piwet.pulawy.pl\/en\/wp-json\/wp\/v2\/media?parent=652"}],"curies":[{"name":"wp","href":"https:\/\/api.w.org\/{rel}","templated":true}]}}