{"id":638,"date":"2025-05-05T14:39:14","date_gmt":"2025-05-05T12:39:14","guid":{"rendered":"https:\/\/172.25.0.6\/?page_id=638"},"modified":"2025-11-05T14:01:13","modified_gmt":"2025-11-05T13:01:13","slug":"szkolenia-odr","status":"publish","type":"page","link":"https:\/\/www.piwet.pulawy.pl\/en\/szkolenia-odr\/","title":{"rendered":"Szkolenia ODR"},"content":{"rendered":"\n<p class=\"has-medium-font-size\"><strong>Szkolenia ODR<\/strong><\/p>\n\n\n\n<p style=\"font-size:18px\"><a href=\"https:\/\/wckp-szkol-odr.piwet.pulawy.pl\/\" target=\"_blank\" rel=\"noopener\">Rejestracja na szkolenie ODR<\/a><\/p>\n\n\n\n<p>Noclegi: tel. <a href=\"tel:818893270\">81 889 32 70<\/a><\/p>\n\n\n\n<p><a href=\"mailto:hotel@piwet.pulawy.pl\">hotel@piwet.pulawy.pl<\/a><\/p>\n\n\n\n<figure class=\"wp-block-table\"><table class=\"has-fixed-layout\"><thead><tr><th>Lp.<\/th><th>Temat<\/th><th>Czas szkolenia (dni)<\/th><th>Osoba odpowiedzialna<\/th><th>Termin<\/th><\/tr><\/thead><tbody><tr><td>1<\/td><td><a href=\"https:\/\/www.piwet.pulawy.pl\/wp-content\/uploads\/2025\/10\/Program_zoonozy_profilaktyka_-6-7.11.2025.docx\" target=\"_blank\" rel=\"noreferrer noopener\">Zoonozy. Profilaktyka i zwalczanie wybranych chor\u00f3b zaka\u017anych zwierz\u0105t. Prowadzenie dzia\u0142alno\u015bci upowszechnieniowej, prowadzenie wsp\u00f3\u0142pracy i wymiana wiedzy z praktyk\u0105 w ramach systemu AKIS<\/a><\/td><td>2<\/td><td>prof. dr hab. Miros\u0142aw Polak<\/td><td><a href=\"https:\/\/wckp.piwet.pulawy.pl\/zaw\/lista.php?id=848893862\" target=\"_blank\" rel=\"noreferrer noopener\">2025-11-06&nbsp;&#8211;&nbsp;2025-11-07<\/a><br><br><a href=\"https:\/\/wckp-szkol-odr.piwet.pulawy.pl\/?cmd=sel|2047\" target=\"_blank\" rel=\"noreferrer noopener\">Rejestracja<\/a><\/td><\/tr><tr><td>2<\/td><td><a href=\"https:\/\/www.piwet.pulawy.pl\/wp-content\/uploads\/2025\/10\/Program_choroby-koni-i-bydla_6-7.10.2025.docx\" target=\"_blank\" rel=\"noreferrer noopener\">Choroby byd\u0142a. Choroby koni. Prowadzenie dzia\u0142alno\u015bci upowszechnieniowej, prowadzenie wsp\u00f3\u0142pracy i wymiana wiedzy z praktyk\u0105 w ramach systemu AKIS<\/a><\/td><td>2<\/td><td>prof. dr hab. Miros\u0142aw Polak<\/td><td><a href=\"https:\/\/wckp.piwet.pulawy.pl\/zaw\/lista.php?id=236500862\" target=\"_blank\" rel=\"noreferrer noopener\">2025-10-06&nbsp;&#8211;&nbsp;2025-10-07<\/a><\/td><\/tr><tr><td>3<\/td><td><a href=\"https:\/\/www.piwet.pulawy.pl\/wp-content\/uploads\/2025\/10\/Program_choroby-pszczol_wybrane-inwazje-pasozytnicze-zwierzat_17-18.11.2025.docx\" target=\"_blank\" rel=\"noreferrer noopener\">Choroby i zatrucia pszcz\u00f3\u0142. Wybrane inwazje paso\u017cytnicze zwierz\u0105t. Prowadzenie dzia\u0142alno\u015bci upowszechnieniowej, prowadzenie wsp\u00f3\u0142pracy i wymiana wiedzy z praktyk\u0105 w ramach systemu AKIS.<\/a><\/td><td>2<\/td><td>prof. dr hab. Miros\u0142aw Polak<\/td><td><a href=\"https:\/\/wckp.piwet.pulawy.pl\/zaw\/lista.php?id=677762862\" target=\"_blank\" rel=\"noreferrer noopener\">2025-11-17&nbsp;&#8211;&nbsp;2025-11-18<\/a><br><br><a href=\"https:\/\/wckp-szkol-odr.piwet.pulawy.pl\/index.php?cmd=sel|2046\" target=\"_blank\" rel=\"noreferrer noopener\">Rejestracja<\/a><\/td><\/tr><tr><td>4<\/td><td><a href=\"https:\/\/www.piwet.pulawy.pl\/wp-content\/uploads\/2025\/10\/Program_antybiotykoopornosc_bioasekuracja_23-24.10.2025.docx\" target=\"_blank\" rel=\"noreferrer noopener\">Antybiotykooporno\u015b\u0107 . Bioasekuracja ferm \u015bwi\u0144 i drobiu oraz wybrane jednostki chorobowe o znaczeniu ekonomicznym. Prowadzenie dzia\u0142alno\u015bci upowszechnieniowej, prowadzenie wsp\u00f3\u0142pracy i wymiana wiedzy z praktyk\u0105 w ramach systemu AKIS.<\/a><\/td><td>2<\/td><td>prof. dr hab. Miros\u0142aw Polak<\/td><td><a href=\"https:\/\/wckp.piwet.pulawy.pl\/zaw\/lista.php?id=407631862\" target=\"_blank\" rel=\"noreferrer noopener\">2025-10-23&nbsp;&#8211;&nbsp;2025-10-24<\/a><br><br><br><a href=\"https:\/\/wckp-szkol-odr.piwet.pulawy.pl\/index.php?cmd=sel|2045\" target=\"_blank\" rel=\"noreferrer noopener\">Rejestracja<\/a><\/td><\/tr><tr><td>5<\/td><td><a href=\"https:\/\/wckp.piwet.pulawy.pl\/read_file_case2.php?par1=60wTEdl82WGUTnp9WaNW_G8_NS4HT-J84pu3DIrPC00&amp;par2=T&amp;par3=BYFZ3VF2Lzu9ik9QHn0dBhWZFkAdkbDSwCpJnE-a_DI\" target=\"_blank\" rel=\"noopener\">Poprawa konkurencyjno\u015bci produkcji zwierz\u0119cej w Polsce &#8211; panel dla pracownik\u00f3w ODR<\/a><\/td><td>2<\/td><td>prof. dr hab. Miros\u0142aw P. Polak<\/td><td><a href=\"https:\/\/wckp.piwet.pulawy.pl\/zaw\/lista.php?id=884953152\" target=\"_blank\" rel=\"noreferrer noopener\">2025-11-27&nbsp;&#8211;&nbsp;2025-11-28<\/a><br><br><a href=\"https:\/\/wckp-szkol-odr.piwet.pulawy.pl\/index.php?cmd=sel|1917\" target=\"_blank\" rel=\"noreferrer noopener\">Rejestracja<\/a><\/td><\/tr><\/tbody><\/table><\/figure>\n\n\n\n<p><\/p>\n","protected":false},"excerpt":{"rendered":"<p>Szkolenia ODR Rejestracja na szkolenie ODR Noclegi: tel. 81 889 32 70 hotel@piwet.pulawy.pl Lp. Temat Czas szkolenia (dni) Osoba odpowiedzialna Termin 1 Zoonozy. Profilaktyka i zwalczanie wybranych chor\u00f3b zaka\u017anych zwierz\u0105t. Prowadzenie dzia\u0142alno\u015bci upowszechnieniowej, prowadzenie wsp\u00f3\u0142pracy i wymiana wiedzy z praktyk\u0105 w ramach systemu AKIS 2 prof. dr hab. Miros\u0142aw Polak 2025-11-06&nbsp;&#8211;&nbsp;2025-11-07 Rejestracja 2 Choroby byd\u0142a. [&hellip;]<\/p>\n","protected":false},"author":2,"featured_media":0,"parent":0,"menu_order":0,"comment_status":"closed","ping_status":"closed","template":"fullwidth-page.php","meta":{"footnotes":""},"class_list":["post-638","page","type-page","status-publish","hentry"],"rttpg_featured_image_url":null,"rttpg_author":{"display_name":"Marta Antas","author_link":"https:\/\/www.piwet.pulawy.pl\/en\/author\/mantas\/"},"rttpg_comment":0,"rttpg_category":false,"rttpg_excerpt":"Szkolenia ODR Rejestracja na szkolenie ODR Noclegi: tel. 81 889 32 70 hotel@piwet.pulawy.pl Lp. Temat Czas szkolenia (dni) Osoba odpowiedzialna Termin 1 Zoonozy. Profilaktyka i zwalczanie wybranych chor\u00f3b zaka\u017anych zwierz\u0105t. Prowadzenie dzia\u0142alno\u015bci upowszechnieniowej, prowadzenie wsp\u00f3\u0142pracy i wymiana wiedzy z praktyk\u0105 w ramach systemu AKIS 2 prof. dr hab. Miros\u0142aw Polak 2025-11-06&nbsp;&#8211;&nbsp;2025-11-07 Rejestracja 2 Choroby byd\u0142a.&hellip;","_links":{"self":[{"href":"https:\/\/www.piwet.pulawy.pl\/en\/wp-json\/wp\/v2\/pages\/638","targetHints":{"allow":["GET"]}}],"collection":[{"href":"https:\/\/www.piwet.pulawy.pl\/en\/wp-json\/wp\/v2\/pages"}],"about":[{"href":"https:\/\/www.piwet.pulawy.pl\/en\/wp-json\/wp\/v2\/types\/page"}],"author":[{"embeddable":true,"href":"https:\/\/www.piwet.pulawy.pl\/en\/wp-json\/wp\/v2\/users\/2"}],"replies":[{"embeddable":true,"href":"https:\/\/www.piwet.pulawy.pl\/en\/wp-json\/wp\/v2\/comments?post=638"}],"version-history":[{"count":28,"href":"https:\/\/www.piwet.pulawy.pl\/en\/wp-json\/wp\/v2\/pages\/638\/revisions"}],"predecessor-version":[{"id":3866,"href":"https:\/\/www.piwet.pulawy.pl\/en\/wp-json\/wp\/v2\/pages\/638\/revisions\/3866"}],"wp:attachment":[{"href":"https:\/\/www.piwet.pulawy.pl\/en\/wp-json\/wp\/v2\/media?parent=638"}],"curies":[{"name":"wp","href":"https:\/\/api.w.org\/{rel}","templated":true}]}}