{"id":636,"date":"2025-05-05T14:39:03","date_gmt":"2025-05-05T12:39:03","guid":{"rendered":"https:\/\/172.25.0.6\/?page_id=636"},"modified":"2026-01-21T12:13:00","modified_gmt":"2026-01-21T11:13:00","slug":"szkolenia-pib","status":"publish","type":"page","link":"https:\/\/www.piwet.pulawy.pl\/en\/szkolenia-pib\/","title":{"rendered":"Szkolenia PIB"},"content":{"rendered":"\n<h1 class=\"wp-block-heading has-medium-font-size\">Szkolenia PIB<\/h1>\n\n\n\n<h2 class=\"wp-block-heading\" style=\"font-size:18px\"><a href=\"https:\/\/www.piwet.pulawy.pl\/wp-content\/uploads\/2025\/12\/OFERTA.pdf\" target=\"_blank\" rel=\"noreferrer noopener\">OFERTA<\/a><\/h2>\n\n\n\n<p style=\"font-size:18px\"><strong><br>Rejestracja na szkolenia PIB odb\u0119dzie si\u0119 12 stycznia 2026 o godz. 10.00<\/strong><\/p>\n\n\n\n<p style=\"font-size:18px\"><br>Zg\u0142oszenia wy\u0142\u0105cznie w formie elektronicznej<br>Z jednego loginu i has\u0142a mo\u017ce korzysta\u0107 wy\u0142\u0105cznie jeden u\u017cytkownik<br>Rejestracja wy\u0142\u0105cznie z poziomu WIW, GrIW, WOMP<\/p>\n\n\n\n<p style=\"font-size:18px\"><a href=\"https:\/\/wckp-szkol-pib.piwet.pulawy.pl\/\" target=\"_blank\" rel=\"noreferrer noopener\">Rejestracja na szkolenie PIB<\/a><\/p>\n\n\n\n<p>Noclegi: tel. <a href=\"tel:818893270\">81 889 32 70<\/a><\/p>\n\n\n\n<p><a href=\"mailto:hotel@piwet.pulawy.pl\">hotel@piwet.pulawy.pl<\/a><\/p>\n\n\n\n<figure id=\"wckp_pib\" class=\"wp-block-table is-style-stripes\"><table><thead><tr><th>Nr. tematu<\/th><th>Temat<\/th><th>Czas szkolenia (dni)<\/th><th>Koordynator szkolenia<\/th><th>Termin<\/th><\/tr><\/thead><tbody><tr><td><\/td><td><\/td><td><\/td><td><\/td><td><\/td><\/tr><\/tbody><\/table><\/figure>\n","protected":false},"excerpt":{"rendered":"<p>Szkolenia PIB OFERTA Rejestracja na szkolenia PIB odb\u0119dzie si\u0119 12 stycznia 2026 o godz. 10.00 Zg\u0142oszenia wy\u0142\u0105cznie w formie elektronicznejZ jednego loginu i has\u0142a mo\u017ce korzysta\u0107 wy\u0142\u0105cznie jeden u\u017cytkownikRejestracja wy\u0142\u0105cznie z poziomu WIW, GrIW, WOMP Rejestracja na szkolenie PIB Noclegi: tel. 81 889 32 70 hotel@piwet.pulawy.pl Nr. tematu Temat Czas szkolenia (dni) Koordynator szkolenia Termin<\/p>\n","protected":false},"author":2,"featured_media":0,"parent":0,"menu_order":0,"comment_status":"closed","ping_status":"closed","template":"fullwidth-page.php","meta":{"footnotes":""},"class_list":["post-636","page","type-page","status-publish","hentry"],"rttpg_featured_image_url":null,"rttpg_author":{"display_name":"Marta Antas","author_link":"https:\/\/www.piwet.pulawy.pl\/en\/author\/mantas\/"},"rttpg_comment":0,"rttpg_category":false,"rttpg_excerpt":"Szkolenia PIB OFERTA Rejestracja na szkolenia PIB odb\u0119dzie si\u0119 12 stycznia 2026 o godz. 10.00 Zg\u0142oszenia wy\u0142\u0105cznie w formie elektronicznejZ jednego loginu i has\u0142a mo\u017ce korzysta\u0107 wy\u0142\u0105cznie jeden u\u017cytkownikRejestracja wy\u0142\u0105cznie z poziomu WIW, GrIW, WOMP Rejestracja na szkolenie PIB Noclegi: tel. 81 889 32 70 hotel@piwet.pulawy.pl Nr. tematu Temat Czas szkolenia (dni) Koordynator szkolenia Termin","_links":{"self":[{"href":"https:\/\/www.piwet.pulawy.pl\/en\/wp-json\/wp\/v2\/pages\/636","targetHints":{"allow":["GET"]}}],"collection":[{"href":"https:\/\/www.piwet.pulawy.pl\/en\/wp-json\/wp\/v2\/pages"}],"about":[{"href":"https:\/\/www.piwet.pulawy.pl\/en\/wp-json\/wp\/v2\/types\/page"}],"author":[{"embeddable":true,"href":"https:\/\/www.piwet.pulawy.pl\/en\/wp-json\/wp\/v2\/users\/2"}],"replies":[{"embeddable":true,"href":"https:\/\/www.piwet.pulawy.pl\/en\/wp-json\/wp\/v2\/comments?post=636"}],"version-history":[{"count":23,"href":"https:\/\/www.piwet.pulawy.pl\/en\/wp-json\/wp\/v2\/pages\/636\/revisions"}],"predecessor-version":[{"id":4161,"href":"https:\/\/www.piwet.pulawy.pl\/en\/wp-json\/wp\/v2\/pages\/636\/revisions\/4161"}],"wp:attachment":[{"href":"https:\/\/www.piwet.pulawy.pl\/en\/wp-json\/wp\/v2\/media?parent=636"}],"curies":[{"name":"wp","href":"https:\/\/api.w.org\/{rel}","templated":true}]}}