{"id":628,"date":"2025-05-05T14:37:06","date_gmt":"2025-05-05T12:37:06","guid":{"rendered":"https:\/\/172.25.0.6\/?page_id=628"},"modified":"2025-12-03T08:41:09","modified_gmt":"2025-12-03T07:41:09","slug":"krajowy-plan-odbudowy-kpo","status":"publish","type":"page","link":"https:\/\/www.piwet.pulawy.pl\/en\/krajowy-plan-odbudowy-kpo\/","title":{"rendered":"Krajowy Plan Odbudowy KPO"},"content":{"rendered":"\n<figure class=\"wp-block-image size-full is-resized\"><img fetchpriority=\"high\" decoding=\"async\" width=\"729\" height=\"123\" src=\"https:\/\/www.piwet.pulawy.pl\/wp-content\/uploads\/2025\/06\/KPO.png\" alt=\"\" class=\"wp-image-1827\" style=\"width:730px;height:auto\" srcset=\"https:\/\/www.piwet.pulawy.pl\/wp-content\/uploads\/2025\/06\/KPO.png 729w, https:\/\/www.piwet.pulawy.pl\/wp-content\/uploads\/2025\/06\/KPO-300x51.png 300w\" sizes=\"(max-width: 729px) 100vw, 729px\" \/><\/figure>\n\n\n\n<p><strong>\u201e<\/strong><strong>Modernizacja zwierz\u0119tarni do\u015bwiadczalnej klasy ABSL3 i laboratorium klasy BSL3+ PIWet-PIB w Pu\u0142awach w celu podniesienia standardu bezpiecze\u0144stwa biologicznego.\u201d<\/strong><\/p>\n\n\n\n<p>PIWet-PIB informuje, i\u017c w ramach programu&nbsp;<strong>Krajowy Plan Odbudowy i Zwi\u0119kszania Odporno\u015bci<\/strong>&nbsp;w grudniu 2023 r. podpisa\u0142 z MRiRW umow\u0119 o obj\u0119cie bezzwrotnym wsparciem z planu rozwojowego. Wsparcie zosta\u0142o przyznane w ramach inwestycji A2.4.1 \u201eInwestycje w rozbudow\u0119 potencja\u0142u badawczego dla cz\u0119\u015bci inwestycji: budowa lub modernizacja laboratori\u00f3w instytut\u00f3w\u201d.&nbsp;<\/p>\n\n\n\n<p>W ramach inwestycji zaplanowano modernizacj\u0119 zwierz\u0119tarni do\u015bwiadczalnej klasy ABSL3 i modernizacj\u0119 laboratorium klasy BSL3+, w celu osi\u0105gni\u0119cia wysokiego standardu bezpiecze\u0144stwa biologicznego, niezb\u0119dnego do pracy z wysoce patogennymi zarazkami takimi jak: wirus klasycznego i afryka\u0144skiego pomoru \u015bwi\u0144, wirus ptasiej grypy, wirus w\u015bcieklizny czy wirus SARS-CoV-2 oraz bakterii wywo\u0142uj\u0105cych w\u0105glik czy gor\u0105czk\u0119 Q.<br><br>PIWet-PIB posiada status krajowego laboratorium referencyjnego, gdzie prowadzi si\u0119 badania w 138 kierunkach, z kt\u00f3rych 82 dotyczy chor\u00f3b zaka\u017anych zwierz\u0105t i chor\u00f3b odzwierz\u0119cych, a 56 dotyczy kierunk\u00f3w bada\u0144 w zakresie jako\u015bci sanitarnej \u017cywno\u015bci pochodzenia zwierz\u0119cego i pasz. Aby umo\u017cliwi\u0107 dalsze bezpieczne funkcjonowanie obiekt\u00f3w o wysokim stopniu&nbsp; bezpiecze\u0144stwa biologicznego, nale\u017cy zmodernizowa\u0107 obiekty Instytutu. Nowoczesna infrastruktura badawcza&nbsp; (laboratoria i zwierz\u0119tarnia) b\u0119d\u0105 pomocne w dzia\u0142aniach d\u0142ugofalowych, dla budowy trwa\u0142ej konkurencyjno\u015bci agrogospodarki w d\u0142u\u017cszym przedziale czasowym.<\/p>\n\n\n\n<p><strong>Nazwa zadania<\/strong><\/p>\n\n\n\n<p>Modernizacja zwierz\u0119tarni do\u015bwiadczalnej klasy ABSL3 i laboratorium klasy BSL3+ PIWet-PIB w Pu\u0142awach w celu podniesienia standardu bezpiecze\u0144stwa biologicznego.<\/p>\n\n\n\n<p><strong>Dofinansowanie<\/strong><\/p>\n\n\n\n<p>53&nbsp;713&nbsp;658,53&nbsp;z\u0142<\/p>\n\n\n\n<p><strong>Ca\u0142kowita warto\u015b\u0107<\/strong><\/p>\n\n\n\n<p>68 580 574,95 z\u0142<\/p>\n\n\n\n<p><strong>Podpisanie um\u00f3w na realizacj\u0119 inwestycji w ramach KPO<\/strong><\/p>\n\n\n\n<p>W dniu 26.04.2024 r. zosta\u0142a podpisana umowa na zaprojektowanie i wykonanie rob\u00f3t budowlanych dot. Modernizacji zwierz\u0119tarni do\u015bwiadczalnej klasy ABSL3 i laboratorium klasy BSL3+ Pa\u0144stwowego Instytutu Weterynaryjnego &#8211; Pa\u0144stwowego Instytutu Badawczego w Pu\u0142awach w celu podniesienia standardu bezpiecze\u0144stwa biologicznego.<\/p>\n\n\n\n<p>Wykonawcami wy\u017cej wymienionych inwestycji s\u0105:<\/p>\n\n\n\n<p>&#8211; w cz\u0119\u015bci zwi\u0105zanej z modernizacj\u0105 zwierz\u0119tarni \u2013 HT Lab Tec GmbH z siedzib\u0105 w Heideck, Niemcy<\/p>\n\n\n\n<p>&#8211; w cz\u0119\u015bci zwi\u0105zanej z modernizacj\u0105 laboratorium \u2013 My Home Polska Sp. z o.o. Sp. k. z siedzib\u0105 we Wroc\u0142awiu.<\/p>\n\n\n\n<p>Zako\u0144czenie ca\u0142ego projektu nast\u0105pi 31.12.2025 r.<\/p>\n\n\n\n<p>Znacz\u0105ca cz\u0119\u015b\u0107 inwestycji zostanie sfinansowana ze \u015brodk\u00f3w Krajowego Planu Odbudowy i Zwi\u0119kszenia Odporno\u015bci NextGenerationEU zadanie nr A2.4.1 \u2013 nr umowy PIWET.KPOD.01.19-IP.04-0010\/23.<\/p>\n\n\n\n<p class=\"has-text-color has-link-color wp-elements-c4458ae6711081d281dbb38cb3a69bcc\" style=\"color:#1a8314\">26 listopada 2025 r. w PIWet-PIB odby\u0142o si\u0119 uroczyste otwarcie zmodernizowanej zwierz\u0119tarni do\u015bwiadczalnej klasy ABSL3 i laboratorium klasy BSL3+.\u00a0 Link do wydarzenia: <a href=\"https:\/\/www.piwet.pulawy.pl\/otwarcie-zmodernizowanych-obiektow\/\">https:\/\/www.piwet.pulawy.pl\/otwarcie-zmodernizowanych-obiektow\/<\/a><\/p>\n\n\n\n<p><\/p>\n\n\n\n<figure class=\"wp-block-image size-full\"><img decoding=\"async\" width=\"729\" height=\"123\" src=\"https:\/\/www.piwet.pulawy.pl\/wp-content\/uploads\/2025\/06\/KPO-1.png\" alt=\"\" class=\"wp-image-1829\" srcset=\"https:\/\/www.piwet.pulawy.pl\/wp-content\/uploads\/2025\/06\/KPO-1.png 729w, https:\/\/www.piwet.pulawy.pl\/wp-content\/uploads\/2025\/06\/KPO-1-300x51.png 300w\" sizes=\"(max-width: 729px) 100vw, 729px\" \/><\/figure>\n\n\n\n<p><\/p>\n","protected":false},"excerpt":{"rendered":"<p>\u201eModernizacja zwierz\u0119tarni do\u015bwiadczalnej klasy ABSL3 i laboratorium klasy BSL3+ PIWet-PIB w Pu\u0142awach w celu podniesienia standardu bezpiecze\u0144stwa biologicznego.\u201d PIWet-PIB informuje, i\u017c w ramach programu&nbsp;Krajowy Plan Odbudowy i Zwi\u0119kszania Odporno\u015bci&nbsp;w grudniu 2023 r. podpisa\u0142 z MRiRW umow\u0119 o obj\u0119cie bezzwrotnym wsparciem z planu rozwojowego. Wsparcie zosta\u0142o przyznane w ramach inwestycji A2.4.1 \u201eInwestycje w rozbudow\u0119 potencja\u0142u badawczego [&hellip;]<\/p>\n","protected":false},"author":2,"featured_media":0,"parent":0,"menu_order":0,"comment_status":"closed","ping_status":"closed","template":"fullwidth-page.php","meta":{"footnotes":""},"class_list":["post-628","page","type-page","status-publish","hentry"],"rttpg_featured_image_url":null,"rttpg_author":{"display_name":"Marta Antas","author_link":"https:\/\/www.piwet.pulawy.pl\/en\/author\/mantas\/"},"rttpg_comment":0,"rttpg_category":false,"rttpg_excerpt":"\u201eModernizacja zwierz\u0119tarni do\u015bwiadczalnej klasy ABSL3 i laboratorium klasy BSL3+ PIWet-PIB w Pu\u0142awach w celu podniesienia standardu bezpiecze\u0144stwa biologicznego.\u201d PIWet-PIB informuje, i\u017c w ramach programu&nbsp;Krajowy Plan Odbudowy i Zwi\u0119kszania Odporno\u015bci&nbsp;w grudniu 2023 r. podpisa\u0142 z MRiRW umow\u0119 o obj\u0119cie bezzwrotnym wsparciem z planu rozwojowego. Wsparcie zosta\u0142o przyznane w ramach inwestycji A2.4.1 \u201eInwestycje w rozbudow\u0119 potencja\u0142u badawczego&hellip;","_links":{"self":[{"href":"https:\/\/www.piwet.pulawy.pl\/en\/wp-json\/wp\/v2\/pages\/628","targetHints":{"allow":["GET"]}}],"collection":[{"href":"https:\/\/www.piwet.pulawy.pl\/en\/wp-json\/wp\/v2\/pages"}],"about":[{"href":"https:\/\/www.piwet.pulawy.pl\/en\/wp-json\/wp\/v2\/types\/page"}],"author":[{"embeddable":true,"href":"https:\/\/www.piwet.pulawy.pl\/en\/wp-json\/wp\/v2\/users\/2"}],"replies":[{"embeddable":true,"href":"https:\/\/www.piwet.pulawy.pl\/en\/wp-json\/wp\/v2\/comments?post=628"}],"version-history":[{"count":8,"href":"https:\/\/www.piwet.pulawy.pl\/en\/wp-json\/wp\/v2\/pages\/628\/revisions"}],"predecessor-version":[{"id":3954,"href":"https:\/\/www.piwet.pulawy.pl\/en\/wp-json\/wp\/v2\/pages\/628\/revisions\/3954"}],"wp:attachment":[{"href":"https:\/\/www.piwet.pulawy.pl\/en\/wp-json\/wp\/v2\/media?parent=628"}],"curies":[{"name":"wp","href":"https:\/\/api.w.org\/{rel}","templated":true}]}}