{"id":590,"date":"2025-05-05T14:25:56","date_gmt":"2025-05-05T12:25:56","guid":{"rendered":"https:\/\/172.25.0.6\/?page_id=590"},"modified":"2026-01-19T16:03:15","modified_gmt":"2026-01-19T15:03:15","slug":"produkcja-materialow-odniesienia","status":"publish","type":"page","link":"https:\/\/www.piwet.pulawy.pl\/en\/produkcja-materialow-odniesienia\/","title":{"rendered":"Produkcja materia\u0142\u00f3w odniesienia CRM"},"content":{"rendered":"\n<p class=\"has-text-color has-link-color wp-elements-5c4581c35cce00b74cf85119b05bdffd\" style=\"color:#1a8314;font-size:20px\"><strong>Produkcja materia\u0142\u00f3w odniesienia CRM<\/strong><\/p>\n\n\n\n<p>Us\u0142ugi w zakresie produkcji certyfikowanych materia\u0142\u00f3w odniesienia (CRM) \u015bwiadczone s\u0105 na podstawie zlece\u0144 podpisywanych i przedk\u0142adanych przez klient\u00f3w. Materia\u0142y odniesienia produkowane s\u0105 zgodnie z wymaganiami normy PN-EN ISO 17034:2017-03 &#8220;Og\u00f3lne wymagania dotycz\u0105ce kompetencji producent\u00f3w materia\u0142\u00f3w odniesienia&#8221;.<\/p>\n\n\n\n<p>Zlecenie wykonania certyfikowanego materia\u0142u odniesienia\u00a0\u00a0<a href=\"https:\/\/www.piwet.pulawy.pl\/wp-content\/uploads\/2026\/01\/I-07_PIWet_PO-04_F-01-5.docx\" target=\"_blank\" rel=\"noreferrer noopener\">Formularz zlecenia<\/a><\/p>\n\n\n\n<div id=\"pricelist\" class=\"wp-block-group\"><div class=\"wp-block-group__inner-container is-layout-constrained wp-block-group-is-layout-constrained\">\n<p class=\"has-text-color has-link-color wp-elements-f656f52bc48fab943fb450e31f76e7d3\" style=\"color:#1a8314;font-size:20px\"><strong><strong>Cennik<\/strong><\/strong><\/p>\n\n\n\n<div class=\"input-group mb-3\">\n  <span class=\"input-group-text\" style=\"background-color: #1a8314; color: #fff;\"><i class=\"fa fa-search\" aria-hidden=\"true\"><\/i><\/span>\n  <input id=\"search-field\" style=\"width:1%;\" class=\"form-control\" placeholder=\"Wpisz szukan\u0105 fraz\u0119 aby przefiltrowa\u0107 list\u0119\" type=\"text\" value=\"\" data-tmp_keywords=\"pozostale uslugi\/produkcja materialow odniesienia\" aria-label=\"Szukaj\" aria-description=\"Wyszukiwarka pozycji cennika. Wpisz szukan\u0105 fraz\u0119 aby przefiltrowa\u0107 list\u0119 pozycji planu\">\n<\/div>\n\n\n\n<figure id=\"pricelistTable\" class=\"wp-block-table is-style-stripes\"><table><thead><tr><th>Pozycja cennika<\/th><th>Nazwa<\/th><th>Akredytacja<\/th><th>Cena brutto<\/th><th>Cena badania ekspresowego<\/th><\/tr><\/thead><tbody><tr><td><\/td><td><\/td><td><\/td><td><\/td><td><\/td><\/tr><\/tbody><\/table><\/figure>\n<\/div><\/div>\n\n\n\n<div class=\"modal fade\" id=\"pricelistModal\" tabindex=\"-1\" aria-labelledby=\"ekran ze szczeg\u00f3\u0142ami pozycji cennika\" aria-hidden=\"true\"><div class=\"modal-dialog modal-lg\"><div class=\"modal-content\"><div class=\"modal-header\"><h5 class=\"modal-title\" id=\"pricelistModalLabel\"><\/h5><span type=\"button\" class=\"btn-close\" data-bs-dismiss=\"modal\" aria-label=\"Zamknij okno dialogowe\"><i class=\"fa-solid fa-xmark fa-xl\"><\/i><\/span><\/div><div class=\"modal-body\">\n<dl class=\"row\">\n  <dt class=\"col-sm-3\">Numer pozycji<\/dt>\n  <dd id=\"pricelistPosition\" class=\"col-sm-9\"><\/dd>\n\n  <dt class=\"col-sm-3\">Pe\u0142na nazwa<\/dt>\n  <dd id=\"pricelistName\" class=\"col-sm-9\"><\/dd>\n\n  <dt class=\"col-sm-3\">Metoda<\/dt>\n  <dd id=\"pricelistSymbol\" class=\"col-sm-9\"><\/dd>\n\n  <dt class=\"col-sm-3 text-truncate\">Cena<\/dt>\n  <dd id=\"pricelistPrice\" class=\"col-sm-9\"><\/dd>\n\n  <dt class=\"col-sm-3\">Termin wykonania<\/dt>\n  <dd id=\"pricelistTime\" class=\"col-sm-9\"><\/dd>\n  \n  <dt class=\"col-sm-3\">Cena badania ekspresowego<\/dt>\n  <dd id=\"pricelistPriceExpress\" class=\"col-sm-9\"><\/dd>\n  \n  <dt class=\"col-sm-3\">Termin wykonania badania ekspresowego<\/dt>\n  <dd id=\"pricelistTimeExpress\" class=\"col-sm-9\"><\/dd>\n  \n  <dt class=\"col-sm-3\">Opis<\/dt>\n  <dd id=\"pricelistDescription\" class=\"col-sm-9\"><\/dd>\n  \n  <dt class=\"col-sm-3\">Mo\u017cliwe kierunki bada\u0144<\/dt>\n  <dd id=\"pricelistDirections\" class=\"col-sm-9\"><\/dd>\n  \n  <dt class=\"col-sm-3\">Rodzaj pr\u00f3bki<\/dt>\n  <dd id=\"pricelistMatrixes\" class=\"col-sm-9\"><\/dd>\n  \n  <dt class=\"col-sm-3\">Gatunki<\/dt>\n  <dd id=\"pricelistSpecies\" class=\"col-sm-9\"><\/dd>\n  \n  <dt class=\"col-sm-3\">Kontakt<\/dt>\n  <dd id=\"pricelistContact\" class=\"col-sm-9\"><\/dd>\n<\/dl>\n      <\/div><\/div><\/div><\/div>\n","protected":false},"excerpt":{"rendered":"<p>Produkcja materia\u0142\u00f3w odniesienia CRM Us\u0142ugi w zakresie produkcji certyfikowanych materia\u0142\u00f3w odniesienia (CRM) \u015bwiadczone s\u0105 na podstawie zlece\u0144 podpisywanych i przedk\u0142adanych przez klient\u00f3w. Materia\u0142y odniesienia produkowane s\u0105 zgodnie z wymaganiami normy PN-EN ISO 17034:2017-03 &#8220;Og\u00f3lne wymagania dotycz\u0105ce kompetencji producent\u00f3w materia\u0142\u00f3w odniesienia&#8221;. Zlecenie wykonania certyfikowanego materia\u0142u odniesienia\u00a0\u00a0Formularz zlecenia Cennik Pozycja cennika Nazwa Akredytacja Cena brutto Cena badania [&hellip;]<\/p>\n","protected":false},"author":2,"featured_media":0,"parent":0,"menu_order":0,"comment_status":"closed","ping_status":"closed","template":"fullwidth-page.php","meta":{"footnotes":""},"class_list":["post-590","page","type-page","status-publish","hentry"],"rttpg_featured_image_url":null,"rttpg_author":{"display_name":"Marta Antas","author_link":"https:\/\/www.piwet.pulawy.pl\/en\/author\/mantas\/"},"rttpg_comment":0,"rttpg_category":false,"rttpg_excerpt":"Produkcja materia\u0142\u00f3w odniesienia CRM Us\u0142ugi w zakresie produkcji certyfikowanych materia\u0142\u00f3w odniesienia (CRM) \u015bwiadczone s\u0105 na podstawie zlece\u0144 podpisywanych i przedk\u0142adanych przez klient\u00f3w. Materia\u0142y odniesienia produkowane s\u0105 zgodnie z wymaganiami normy PN-EN ISO 17034:2017-03 &#8220;Og\u00f3lne wymagania dotycz\u0105ce kompetencji producent\u00f3w materia\u0142\u00f3w odniesienia&#8221;. Zlecenie wykonania certyfikowanego materia\u0142u odniesienia\u00a0\u00a0Formularz zlecenia Cennik Pozycja cennika Nazwa Akredytacja Cena brutto Cena badania&hellip;","_links":{"self":[{"href":"https:\/\/www.piwet.pulawy.pl\/en\/wp-json\/wp\/v2\/pages\/590","targetHints":{"allow":["GET"]}}],"collection":[{"href":"https:\/\/www.piwet.pulawy.pl\/en\/wp-json\/wp\/v2\/pages"}],"about":[{"href":"https:\/\/www.piwet.pulawy.pl\/en\/wp-json\/wp\/v2\/types\/page"}],"author":[{"embeddable":true,"href":"https:\/\/www.piwet.pulawy.pl\/en\/wp-json\/wp\/v2\/users\/2"}],"replies":[{"embeddable":true,"href":"https:\/\/www.piwet.pulawy.pl\/en\/wp-json\/wp\/v2\/comments?post=590"}],"version-history":[{"count":19,"href":"https:\/\/www.piwet.pulawy.pl\/en\/wp-json\/wp\/v2\/pages\/590\/revisions"}],"predecessor-version":[{"id":4132,"href":"https:\/\/www.piwet.pulawy.pl\/en\/wp-json\/wp\/v2\/pages\/590\/revisions\/4132"}],"wp:attachment":[{"href":"https:\/\/www.piwet.pulawy.pl\/en\/wp-json\/wp\/v2\/media?parent=590"}],"curies":[{"name":"wp","href":"https:\/\/api.w.org\/{rel}","templated":true}]}}