{"id":578,"date":"2025-05-05T14:21:02","date_gmt":"2025-05-05T12:21:02","guid":{"rendered":"https:\/\/172.25.0.6\/?page_id=578"},"modified":"2025-07-29T10:07:42","modified_gmt":"2025-07-29T08:07:42","slug":"badania-przedkliniczne-produktow-leczniczych","status":"publish","type":"page","link":"https:\/\/www.piwet.pulawy.pl\/en\/badania-przedkliniczne-produktow-leczniczych\/","title":{"rendered":"Badania przedkliniczne produkt\u00f3w leczniczych"},"content":{"rendered":"\n<div id=\"pricelist\" class=\"wp-block-group\"><div class=\"wp-block-group__inner-container is-layout-constrained wp-block-group-is-layout-constrained\">\n<p class=\"has-text-color has-link-color wp-elements-c1174943d725700b4d5b71af2e676085\" style=\"color:#1a8314;font-size:20px\"><strong>Badania przedkliniczne produkt\u00f3w leczniczych<\/strong><\/p>\n\n\n\n<p style=\"font-size:16px\">Pracujemy nad now\u0105 wersj\u0105 tej podstrony, aby jak najlepiej przedstawi\u0107 nasz\u0105 ofert\u0119.<br>Wkr\u00f3tce pojawi\u0105 si\u0119 tu szczeg\u00f3\u0142owe informacje.<br>Dzi\u0119kujemy za wyrozumia\u0142o\u015b\u0107 i zapraszamy do kontaktu bezpo\u015bredniego.<\/p>\n\n\n\n<p style=\"font-size:16px\"><\/p>\n\n\n\n<p class=\"has-text-color has-link-color wp-elements-279d835a5c2d2207b04080c918e2e78d\" style=\"color:#1a8314;font-size:20px\"><strong>Cennik<\/strong><\/p>\n\n\n\n<div class=\"input-group mb-3\">\n  <span class=\"input-group-text\" style=\"background-color: #1a8314; color: #fff;\"><i class=\"fa fa-search\" aria-hidden=\"true\"><\/i><\/span>\n  <input id=\"search-field\" style=\"width:1%;\" class=\"form-control\" placeholder=\"Wpisz szukan\u0105 fraz\u0119 aby przefiltrowa\u0107 list\u0119\" type=\"text\" value=\"\" data-tmp_keywords=\"produkty lecznicze weterynaryjne\/badania przedkliniczne\" aria-label=\"Szukaj\" aria-description=\"Wyszukiwarka pozycji cennika. Wpisz szukan\u0105 fraz\u0119 aby przefiltrowa\u0107 list\u0119 pozycji planu\">\n<\/div>\n\n\n\n<figure id=\"pricelistTable\" class=\"wp-block-table is-style-stripes\"><table><thead><tr><th>Pozycja cennika<\/th><th>Nazwa<\/th><th>Akredytacja<\/th><th>Cena brutto<\/th><th>Cena badania ekspresowego<\/th><\/tr><\/thead><tbody><tr><td><\/td><td><\/td><td><\/td><td><\/td><td><\/td><\/tr><\/tbody><\/table><\/figure>\n<\/div><\/div>\n\n\n\n<div class=\"modal fade\" id=\"pricelistModal\" tabindex=\"-1\" aria-labelledby=\"ekran ze szczeg\u00f3\u0142ami pozycji cennika\" aria-hidden=\"true\"><div class=\"modal-dialog modal-lg\"><div class=\"modal-content\"><div class=\"modal-header\"><h5 class=\"modal-title\" id=\"pricelistModalLabel\"><\/h5><span type=\"button\" class=\"btn-close\" data-bs-dismiss=\"modal\" aria-label=\"Zamknij okno dialogowe\"><i class=\"fa-solid fa-xmark fa-xl\"><\/i><\/span><\/div><div class=\"modal-body\">\n<dl class=\"row\">\n  <dt class=\"col-sm-3\">Numer pozycji<\/dt>\n  <dd id=\"pricelistPosition\" class=\"col-sm-9\"><\/dd>\n\n  <dt class=\"col-sm-3\">Pe\u0142na nazwa<\/dt>\n  <dd id=\"pricelistName\" class=\"col-sm-9\"><\/dd>\n\n  <dt class=\"col-sm-3\">Metoda<\/dt>\n  <dd id=\"pricelistSymbol\" class=\"col-sm-9\"><\/dd>\n\n  <dt class=\"col-sm-3 text-truncate\">Cena<\/dt>\n  <dd id=\"pricelistPrice\" class=\"col-sm-9\"><\/dd>\n\n  <dt class=\"col-sm-3\">Termin wykonania<\/dt>\n  <dd id=\"pricelistTime\" class=\"col-sm-9\"><\/dd>\n  \n  <dt class=\"col-sm-3\">Cena badania ekspresowego<\/dt>\n  <dd id=\"pricelistPriceExpress\" class=\"col-sm-9\"><\/dd>\n  \n  <dt class=\"col-sm-3\">Termin wykonania badania ekspresowego<\/dt>\n  <dd id=\"pricelistTimeExpress\" class=\"col-sm-9\"><\/dd>\n  \n  <dt class=\"col-sm-3\">Opis<\/dt>\n  <dd id=\"pricelistDescription\" class=\"col-sm-9\"><\/dd>\n  \n  <dt class=\"col-sm-3\">Mo\u017cliwe kierunki bada\u0144<\/dt>\n  <dd id=\"pricelistDirections\" class=\"col-sm-9\"><\/dd>\n  \n  <dt class=\"col-sm-3\">Rodzaj pr\u00f3bki<\/dt>\n  <dd id=\"pricelistMatrixes\" class=\"col-sm-9\"><\/dd>\n  \n  <dt class=\"col-sm-3\">Gatunki<\/dt>\n  <dd id=\"pricelistSpecies\" class=\"col-sm-9\"><\/dd>\n  \n  <dt class=\"col-sm-3\">Kontakt<\/dt>\n  <dd id=\"pricelistContact\" class=\"col-sm-9\"><\/dd>\n<\/dl>\n      <\/div><\/div><\/div><\/div>\n","protected":false},"excerpt":{"rendered":"<p>Badania przedkliniczne produkt\u00f3w leczniczych Pracujemy nad now\u0105 wersj\u0105 tej podstrony, aby jak najlepiej przedstawi\u0107 nasz\u0105 ofert\u0119.Wkr\u00f3tce pojawi\u0105 si\u0119 tu szczeg\u00f3\u0142owe informacje.Dzi\u0119kujemy za wyrozumia\u0142o\u015b\u0107 i zapraszamy do kontaktu bezpo\u015bredniego. Cennik Pozycja cennika Nazwa Akredytacja Cena brutto Cena badania ekspresowego Numer pozycji Pe\u0142na nazwa Metoda Cena Termin wykonania Cena badania ekspresowego Termin wykonania badania ekspresowego Opis Mo\u017cliwe [&hellip;]<\/p>\n","protected":false},"author":2,"featured_media":0,"parent":0,"menu_order":0,"comment_status":"closed","ping_status":"closed","template":"fullwidth-page.php","meta":{"footnotes":""},"class_list":["post-578","page","type-page","status-publish","hentry"],"rttpg_featured_image_url":null,"rttpg_author":{"display_name":"Marta Antas","author_link":"https:\/\/www.piwet.pulawy.pl\/en\/author\/mantas\/"},"rttpg_comment":0,"rttpg_category":false,"rttpg_excerpt":"Badania przedkliniczne produkt\u00f3w leczniczych Pracujemy nad now\u0105 wersj\u0105 tej podstrony, aby jak najlepiej przedstawi\u0107 nasz\u0105 ofert\u0119.Wkr\u00f3tce pojawi\u0105 si\u0119 tu szczeg\u00f3\u0142owe informacje.Dzi\u0119kujemy za wyrozumia\u0142o\u015b\u0107 i zapraszamy do kontaktu bezpo\u015bredniego. Cennik Pozycja cennika Nazwa Akredytacja Cena brutto Cena badania ekspresowego Numer pozycji Pe\u0142na nazwa Metoda Cena Termin wykonania Cena badania ekspresowego Termin wykonania badania ekspresowego Opis Mo\u017cliwe&hellip;","_links":{"self":[{"href":"https:\/\/www.piwet.pulawy.pl\/en\/wp-json\/wp\/v2\/pages\/578","targetHints":{"allow":["GET"]}}],"collection":[{"href":"https:\/\/www.piwet.pulawy.pl\/en\/wp-json\/wp\/v2\/pages"}],"about":[{"href":"https:\/\/www.piwet.pulawy.pl\/en\/wp-json\/wp\/v2\/types\/page"}],"author":[{"embeddable":true,"href":"https:\/\/www.piwet.pulawy.pl\/en\/wp-json\/wp\/v2\/users\/2"}],"replies":[{"embeddable":true,"href":"https:\/\/www.piwet.pulawy.pl\/en\/wp-json\/wp\/v2\/comments?post=578"}],"version-history":[{"count":12,"href":"https:\/\/www.piwet.pulawy.pl\/en\/wp-json\/wp\/v2\/pages\/578\/revisions"}],"predecessor-version":[{"id":2333,"href":"https:\/\/www.piwet.pulawy.pl\/en\/wp-json\/wp\/v2\/pages\/578\/revisions\/2333"}],"wp:attachment":[{"href":"https:\/\/www.piwet.pulawy.pl\/en\/wp-json\/wp\/v2\/media?parent=578"}],"curies":[{"name":"wp","href":"https:\/\/api.w.org\/{rel}","templated":true}]}}