{"id":508,"date":"2025-05-05T13:53:20","date_gmt":"2025-05-05T11:53:20","guid":{"rendered":"https:\/\/172.25.0.6\/?page_id=508"},"modified":"2026-04-21T13:37:58","modified_gmt":"2026-04-21T11:37:58","slug":"oferty-pracy","status":"publish","type":"page","link":"https:\/\/www.piwet.pulawy.pl\/en\/oferty-pracy\/","title":{"rendered":"Oferty pracy"},"content":{"rendered":"\n<p class=\"has-medium-font-size\"><strong>Aktualne og\u0142oszenia:<\/strong><\/p>\n\n\n\n<p style=\"font-size:18px\">21.04.2026 <a href=\"https:\/\/www.piwet.pulawy.pl\/wp-content\/uploads\/2026\/04\/Rzemieslnik-chlodniarz-K_M-PIWet-PIB.docx\" target=\"_blank\" rel=\"noreferrer noopener\">Rzemie\u015blnik &#8211; ch\u0142odniarz (K\/M) w Dziale Technicznym<\/a><\/p>\n\n\n\n<p style=\"font-size:18px\">17.04.2026 <a href=\"https:\/\/www.piwet.pulawy.pl\/wp-content\/uploads\/2026\/04\/PIWet-PIB_Rzemieslnik-hydraulik-K_M.docx\" target=\"_blank\" rel=\"noreferrer noopener\">Rzemie\u015blnik &#8211; hydraulik (K\/M) w Dziale Technicznym<\/a><\/p>\n\n\n\n<p style=\"font-size:18px\">25.03.2026 <a href=\"https:\/\/www.piwet.pulawy.pl\/wp-content\/uploads\/2026\/03\/PIWet-PIB-ogloszenie-o-konkursie-CD.pdf\" target=\"_blank\" rel=\"noreferrer noopener\">KONKURS na funkcj\u0119 kierownika (K\/M) Centrum Do\u015bwiadczalnego<\/a><\/p>\n\n\n\n<p><strong>DLA KANDYDAT\u00d3W:<\/strong><\/p>\n\n\n\n<p class=\"has-text-color has-link-color wp-elements-6a5fa68ba033e48e24cc50d1e831a5ed\" style=\"color:#1a8314\"><a href=\"https:\/\/www.piwet.pulawy.pl\/klauzula-informacyjna\/\">Klauzula informacyjna<\/a><\/p>\n\n\n\n<p class=\"has-text-color has-link-color wp-elements-65810b31a2947cb3a4d36b043f2a83b3\" style=\"color:#1a8314\"><a href=\"https:\/\/www.piwet.pulawy.pl\/zglaszanie-naruszen\/\">Zg\u0142aszanie narusze\u0144<\/a><\/p>\n\n\n\n<p><a href=\"https:\/\/www.piwet.pulawy.pl\/wp-content\/uploads\/2025\/07\/Zalacznik-do-Zarzadzenia-Nr-34_2024-Dyrektora-PIWet-PIB-z-dnia-26-sierpnia-2024-r.-Regulamin-zgloszen-wewnetrznych-1.pdf\">Regulamin zg\u0142osze\u0144 wewn\u0119trznych<\/a> (plik PDF, 1.9MB)<\/p>\n\n\n\n<p><\/p>\n","protected":false},"excerpt":{"rendered":"<p>Aktualne og\u0142oszenia: 21.04.2026 Rzemie\u015blnik &#8211; ch\u0142odniarz (K\/M) w Dziale Technicznym 17.04.2026 Rzemie\u015blnik &#8211; hydraulik (K\/M) w Dziale Technicznym 25.03.2026 KONKURS na funkcj\u0119 kierownika (K\/M) Centrum Do\u015bwiadczalnego DLA KANDYDAT\u00d3W: Klauzula informacyjna Zg\u0142aszanie narusze\u0144 Regulamin zg\u0142osze\u0144 wewn\u0119trznych (plik PDF, 1.9MB)<\/p>\n","protected":false},"author":2,"featured_media":0,"parent":0,"menu_order":0,"comment_status":"closed","ping_status":"closed","template":"fullwidth-page.php","meta":{"footnotes":""},"class_list":["post-508","page","type-page","status-publish","hentry"],"rttpg_featured_image_url":null,"rttpg_author":{"display_name":"Marta Antas","author_link":"https:\/\/www.piwet.pulawy.pl\/en\/author\/mantas\/"},"rttpg_comment":0,"rttpg_category":" <a href=\"https:\/\/www.piwet.pulawy.pl\/?taxonomy=translation_priority&#038;term=opcjonalne\" rel=\"tag\">Opcjonalne<\/a>","rttpg_excerpt":"Aktualne og\u0142oszenia: 21.04.2026 Rzemie\u015blnik &#8211; ch\u0142odniarz (K\/M) w Dziale Technicznym 17.04.2026 Rzemie\u015blnik &#8211; hydraulik (K\/M) w Dziale Technicznym 25.03.2026 KONKURS na funkcj\u0119 kierownika (K\/M) Centrum Do\u015bwiadczalnego DLA KANDYDAT\u00d3W: Klauzula informacyjna Zg\u0142aszanie narusze\u0144 Regulamin zg\u0142osze\u0144 wewn\u0119trznych (plik PDF, 1.9MB)","_links":{"self":[{"href":"https:\/\/www.piwet.pulawy.pl\/en\/wp-json\/wp\/v2\/pages\/508","targetHints":{"allow":["GET"]}}],"collection":[{"href":"https:\/\/www.piwet.pulawy.pl\/en\/wp-json\/wp\/v2\/pages"}],"about":[{"href":"https:\/\/www.piwet.pulawy.pl\/en\/wp-json\/wp\/v2\/types\/page"}],"author":[{"embeddable":true,"href":"https:\/\/www.piwet.pulawy.pl\/en\/wp-json\/wp\/v2\/users\/2"}],"replies":[{"embeddable":true,"href":"https:\/\/www.piwet.pulawy.pl\/en\/wp-json\/wp\/v2\/comments?post=508"}],"version-history":[{"count":83,"href":"https:\/\/www.piwet.pulawy.pl\/en\/wp-json\/wp\/v2\/pages\/508\/revisions"}],"predecessor-version":[{"id":5085,"href":"https:\/\/www.piwet.pulawy.pl\/en\/wp-json\/wp\/v2\/pages\/508\/revisions\/5085"}],"wp:attachment":[{"href":"https:\/\/www.piwet.pulawy.pl\/en\/wp-json\/wp\/v2\/media?parent=508"}],"curies":[{"name":"wp","href":"https:\/\/api.w.org\/{rel}","templated":true}]}}