{"id":498,"date":"2025-05-05T13:42:47","date_gmt":"2025-05-05T11:42:47","guid":{"rendered":"https:\/\/172.25.0.6\/?page_id=498"},"modified":"2025-08-21T10:19:54","modified_gmt":"2025-08-21T08:19:54","slug":"szkoly-doktorskie-3","status":"publish","type":"page","link":"https:\/\/www.piwet.pulawy.pl\/en\/szkoly-doktorskie-3\/","title":{"rendered":"Szko\u0142y doktorskie"},"content":{"rendered":"\n<p><a href=\"https:\/\/www.piwet.pulawy.pl\/szkola-doktorska-nauk-o-zwierzetach-i-bezpieczenstwie-zywnosci\/\" target=\"_blank\" rel=\"noreferrer noopener\">Szko\u0142a Doktorska Nauk o Zwierz\u0119tach i Bezpiecze\u0144stwie \u017bywno\u015bci<\/a><\/p>\n\n\n\n<ol class=\"wp-block-list\"><\/ol>\n\n\n\n<ol class=\"wp-block-list\"><\/ol>\n\n\n\n<p><a href=\"https:\/\/www.piwet.pulawy.pl\/interdyscyplinarna-szkola-doktorska-nauk-rolniczych\/\" target=\"_blank\" rel=\"noreferrer noopener\">Interdyscyplinarna Szko\u0142a Doktorska Nauk Rolniczych<\/a><\/p>\n\n\n\n<p><\/p>\n","protected":false},"excerpt":{"rendered":"<p>Szko\u0142a Doktorska Nauk o Zwierz\u0119tach i Bezpiecze\u0144stwie \u017bywno\u015bci Interdyscyplinarna Szko\u0142a Doktorska Nauk Rolniczych<\/p>\n","protected":false},"author":2,"featured_media":0,"parent":0,"menu_order":0,"comment_status":"closed","ping_status":"closed","template":"","meta":{"footnotes":""},"class_list":["post-498","page","type-page","status-publish","hentry"],"rttpg_featured_image_url":null,"rttpg_author":{"display_name":"Marta Antas","author_link":"https:\/\/www.piwet.pulawy.pl\/en\/author\/mantas\/"},"rttpg_comment":0,"rttpg_category":false,"rttpg_excerpt":"Szko\u0142a Doktorska Nauk o Zwierz\u0119tach i Bezpiecze\u0144stwie \u017bywno\u015bci Interdyscyplinarna Szko\u0142a Doktorska Nauk Rolniczych","_links":{"self":[{"href":"https:\/\/www.piwet.pulawy.pl\/en\/wp-json\/wp\/v2\/pages\/498","targetHints":{"allow":["GET"]}}],"collection":[{"href":"https:\/\/www.piwet.pulawy.pl\/en\/wp-json\/wp\/v2\/pages"}],"about":[{"href":"https:\/\/www.piwet.pulawy.pl\/en\/wp-json\/wp\/v2\/types\/page"}],"author":[{"embeddable":true,"href":"https:\/\/www.piwet.pulawy.pl\/en\/wp-json\/wp\/v2\/users\/2"}],"replies":[{"embeddable":true,"href":"https:\/\/www.piwet.pulawy.pl\/en\/wp-json\/wp\/v2\/comments?post=498"}],"version-history":[{"count":9,"href":"https:\/\/www.piwet.pulawy.pl\/en\/wp-json\/wp\/v2\/pages\/498\/revisions"}],"predecessor-version":[{"id":3259,"href":"https:\/\/www.piwet.pulawy.pl\/en\/wp-json\/wp\/v2\/pages\/498\/revisions\/3259"}],"wp:attachment":[{"href":"https:\/\/www.piwet.pulawy.pl\/en\/wp-json\/wp\/v2\/media?parent=498"}],"curies":[{"name":"wp","href":"https:\/\/api.w.org\/{rel}","templated":true}]}}