{"id":4961,"date":"2026-04-14T12:24:37","date_gmt":"2026-04-14T10:24:37","guid":{"rendered":"https:\/\/www.piwet.pulawy.pl\/?page_id=4961"},"modified":"2026-04-14T13:39:13","modified_gmt":"2026-04-14T11:39:13","slug":"osiagniecia-dzialow-badawczych-w-2025r","status":"publish","type":"page","link":"https:\/\/www.piwet.pulawy.pl\/en\/osiagniecia-dzialow-badawczych-w-2025r\/","title":{"rendered":"Osi\u0105gni\u0119cia Dzia\u0142\u00f3w Badawczych w 2025r."},"content":{"rendered":"\n<p class=\"has-medium-font-size\"><em>Materia\u0142y z I Sesji Naukowej &#8221; Najwa\u017cniejsze osi\u0105gni\u0119cia Dzia\u0142\u00f3w Badawczych PIWet-PIB w 2025 roku&#8221;, kt\u00f3ra odby\u0142a si\u0119 27 marca 2026r.<\/em><\/p>\n\n\n\n<p class=\"has-text-color has-link-color has-medium-font-size wp-elements-15713d5499d01727b9feb3f586a73d54\" style=\"color:#1a213e\"><strong>Dzia\u0142 Wirusologii i Chor\u00f3b Wirusowych Zwierz\u0105t<\/strong><\/p>\n\n\n\n<p><a href=\"https:\/\/www.piwet.pulawy.pl\/wp-content\/uploads\/2026\/04\/dr-Aneta-Pluta-Identyfikacja-nowych-promotorowR-NA-III-w-klastrze-miRNA-wirusa-bialaczki-bydla-na-podstawie-miedzytaksonomicznej-analizy-malych-niekodujacych-RNA.pdf\" target=\"_blank\" rel=\"noreferrer noopener\">dr Aneta Pluta &#8211; Identyfikacja nowych promotor\u00f3w RNA III w klastrze miRNA wirusa bia\u0142aczki byd\u0142a na podstawie mi\u0119dzy taksonomicznej analizy ma\u0142ych niekoduj\u0105cych RNA<\/a><\/p>\n\n\n\n<p class=\"has-text-color has-link-color has-medium-font-size wp-elements-dcecbeec2a31d1111515cde7463b7875\" style=\"color:#1a213e\"><strong>Dzia\u0142 Bakteriologii i Chor\u00f3b Bakteryjnych Zwierz\u0105t <\/strong><\/p>\n\n\n\n<p><a href=\"https:\/\/www.piwet.pulawy.pl\/wp-content\/uploads\/2026\/04\/Prof.-dr-hab.-Krzysztof-Szulowski-Dzial-Bakteriologii-i-Chorob-Bakteryjnych-Zwierzat-Dzialalnosc-i-osiagniecia-Dzialu-w-2025-r.pdf\" target=\"_blank\" rel=\"noreferrer noopener\">Prof. dr hab. Krzysztof Szulowski &#8211; Dzia\u0142 Bakteriologii i Chor\u00f3b Bakteryjnych Zwierz\u0105t Dzia\u0142alno\u015b\u0107 i osi\u0105gni\u0119cia Dzia\u0142u w 2025 r.<\/a><\/p>\n\n\n\n<p><a href=\"https:\/\/www.piwet.pulawy.pl\/wp-content\/uploads\/2026\/04\/dr-Magdalenia-Skarzynska-Wdrozenie-monitoringu-opornosci-bakterii-na-srodki-przeciwdrobnoustrojowe-oparciu-o-model-Escherichia-coli-izolowanych-od-zwierzat.pdf\" target=\"_blank\" rel=\"noreferrer noopener\">dr Magdalena Skar\u017cy\u0144ska &#8211; Wdro\u017cenie monitoringu oporno\u015bci bakterii na \u015brodki przeciwdrobnoustrojowe oparciu o model Escherichia coli izolowanych od zwierz\u0105t<\/a><\/p>\n\n\n\n<p><a href=\"https:\/\/www.piwet.pulawy.pl\/wp-content\/uploads\/2026\/04\/Prof.-dr.-hab.-Dariusz-Wasyl-Udoskonalenie-diagnostyki-Salmonella-na-potrzeby-urzedowego-nadzoru-nad-bezpieczenstwem-zywnosci-pochodzenia-zwierzecego.pdf\" target=\"_blank\" rel=\"noreferrer noopener\">Prof. dr. hab. Dariusz Wasyl &#8211; Udoskonalenie diagnostyki Salmonella na potrzeby urz\u0119dowego nadzoru nad bezpiecze\u0144stwem \u017cywno\u015bci pochodzenia zwierz\u0119cego<\/a><\/p>\n\n\n\n<p><a href=\"https:\/\/www.piwet.pulawy.pl\/wp-content\/uploads\/2026\/04\/dr-Agnieszka-Kedrak-Jablonska-Wyzwania-diagnostyczne-w-wykrywaniu-i-identyfikacji-niebezpiecznych-patogenow.pdf\" target=\"_blank\" rel=\"noreferrer noopener\">dr Agnieszka K\u0119drak-Jab\u0142o\u0144ska &#8211; Wyzwania diagnostyczne w wykrywaniu i identyfikacji niebezpiecznych patogen\u00f3w<\/a><\/p>\n\n\n\n<p class=\"has-text-color has-link-color has-medium-font-size wp-elements-fad08601a564a62f4e56e5897fcef6ff\" style=\"color:#1a213e\"><strong>Dzia\u0142 Parazytologii i Chor\u00f3b Inwazyjnych, Chor\u00f3b Pszcz\u00f3\u0142 i Chor\u00f3b Zwierz\u0105t Wodnych<\/strong><\/p>\n\n\n\n<p><a href=\"https:\/\/www.piwet.pulawy.pl\/wp-content\/uploads\/2026\/04\/dr-hab.-Jacek-Sroka-prof.-instytutu-Okreslenie-glownych-zrodel-zarazenia-Toxoplasma-gondii-dla-ludzi-w-Europie-wraz-z-ocena-wystepowania-profili-genetycznych-pasozyta.pdf\" target=\"_blank\" rel=\"noreferrer noopener\">dr hab. Jacek Sroka , prof. instytutu &#8211; Okre\u015blenie g\u0142\u00f3wnych \u017ar\u00f3de\u0142 zara\u017cenia Toxoplasma gondii dla ludzi w Europie wraz z ocen\u0105 wyst\u0119powania profili genetycznych paso\u017cyta<\/a><\/p>\n\n\n\n<p class=\"has-text-color has-link-color has-medium-font-size wp-elements-9ab989dd7b8eb11e19030bc2c4fc74d9\" style=\"color:#1a213e\"><strong>Dzia\u0142 Bada\u0144 Mikrobiologicznych \u017bywno\u015bci i Pasz<\/strong><\/p>\n\n\n\n<p><a href=\"https:\/\/www.piwet.pulawy.pl\/wp-content\/uploads\/2026\/04\/Prof.-dr-hab.-Jacek-Osek-Dzialalnosc-i-osiagniecia-Dzialu-Badan-Mikrobiologicznych-Zywnosci-i-Pasz-DBM-w-2025-r.pdf\" target=\"_blank\" rel=\"noreferrer noopener\">Prof. dr hab. Jacek Osek &#8211; Dzia\u0142alno\u015b\u0107 i osi\u0105gni\u0119cia Dzia\u0142u Bada\u0144 Mikrobiologicznych \u017bywno\u015bci i Pasz (DBM) w 2025 r.<\/a><\/p>\n\n\n\n<p><a href=\"https:\/\/www.piwet.pulawy.pl\/wp-content\/uploads\/2026\/04\/dr-hab.-Tomasz-Grenda-Clostridium-spp.-w-ujeciu-One-Health.pdf\" target=\"_blank\" rel=\"noreferrer noopener\">dr hab. Tomasz Grenda &#8211; Clostridium spp. w uj\u0119ciu One Health<\/a><\/p>\n\n\n\n<p><a href=\"https:\/\/www.piwet.pulawy.pl\/wp-content\/uploads\/2026\/04\/prof.-dr-hab.-Artur-Rzezutka-Bezpieczenstwo-wirusologiczne-zywnosci-w-swietle-badan-prowadzonych-w-PIWet-PIB.pdf\" target=\"_blank\" rel=\"noreferrer noopener\">Prof. dr hab. Artur Rze\u017cutka &#8211; Bezpiecze\u0144stwo wirusologiczne \u017cywno\u015bci w \u015bwietle bada\u0144 prowadzonych w PIWet- PIB<\/a><\/p>\n\n\n\n<p><a href=\"https:\/\/www.piwet.pulawy.pl\/wp-content\/uploads\/2026\/04\/mgr-Marzena-Pawul-Gruba-Ocena-narazenia-konsumentow-serow-dojrzewajacych-na-aminy-biogenne.pdf\" target=\"_blank\" rel=\"noreferrer noopener\">mgr Marzena Pawul-Gruba &#8211; Ocena nara\u017cenia konsument\u00f3w ser\u00f3w dojrzewaj\u0105cych na aminy biogenne<\/a><\/p>\n\n\n\n<p class=\"has-text-color has-link-color has-medium-font-size wp-elements-eb3303189d11a4d9d6b20a211a246483\" style=\"color:#1a213e\"><strong>Dzia\u0142 Bada\u0144 Chemicznych \u017bywno\u015bci i Pasz<\/strong><\/p>\n\n\n\n<p><a href=\"https:\/\/www.piwet.pulawy.pl\/wp-content\/uploads\/2026\/04\/Prof.-dr-hab.-Piotr-Jedziniak-Dzial-Badan-Chemicznych-Zywnosci-i-Pasz-\u2013.pdf\" target=\"_blank\" rel=\"noreferrer noopener\">Prof. dr hab. Piotr Jedziniak &#8211; Dzia\u0142 Bada\u0144 Chemicznych \u017bywno\u015bci i Pasz <\/a><\/p>\n\n\n\n<p><a href=\"https:\/\/www.piwet.pulawy.pl\/wp-content\/uploads\/2026\/04\/mgr-Ewelina-Nowacka-Kozak-Nieinwazyjne-metody-kontroli-stosowania-substancji-przeciwbakteryjnych-u-swin.pdf\" target=\"_blank\" rel=\"noreferrer noopener\">mgr Ewelina Nowacka-Kozak &#8211; Nieinwazyjne metody kontroli stosowania substancji przeciwbakteryjnych u \u015bwi\u0144<\/a><\/p>\n\n\n\n<p><a href=\"https:\/\/www.piwet.pulawy.pl\/wp-content\/uploads\/2026\/04\/dr-hab.-inz.-Szczepan-Mikolajczyk-Narazenie-ludzi-i-zwierzat-na-zwiazki-perfluoroalkilowe-PFAS.pdf\" target=\"_blank\" rel=\"noreferrer noopener\">dr hab. in\u017c. Szczepan Miko\u0142ajczyk &#8211; Nara\u017cenie ludzi i zwierz\u0105t na zwi\u0105zki perfluoroalkilowe (PFAS)<\/a><\/p>\n\n\n\n<p class=\"has-text-color has-link-color has-medium-font-size wp-elements-3a3c7a40d43f30472a0027508b2a3119\" style=\"color:#1a213e\"><strong>Dzia\u0142 Kontroli Produkt\u00f3w Leczniczych Weterynaryjnych<\/strong><\/p>\n\n\n\n<p><a href=\"https:\/\/www.piwet.pulawy.pl\/wp-content\/uploads\/2026\/04\/mgr-inz.-Ewa-Borzym-Osiagniecia-strategia-na-przyszlosc-Dzialu-Kontroli-Produktow-Leczniczych-Weterynaryjnych.pdf\" target=\"_blank\" rel=\"noreferrer noopener\">mgr in\u017c. Ewa Borzym &#8211; Osi\u0105gni\u0119cia, strategia na przysz\u0142o\u015b\u0107 Dzia\u0142u Kontroli Produkt\u00f3w Leczniczych Weterynaryjnych<\/a><\/p>\n\n\n\n<p><a href=\"https:\/\/www.piwet.pulawy.pl\/wp-content\/uploads\/2026\/04\/dr-Katarzyna-Pasik-Sekwencjonowanie-wysokoprzepustowe-HTS-w-kontroli-jakosci-szczepionek-weterynaryjnych-opracowanie-metody-i-jej-znaczenie-dla-standardow-farmakopealny.pdf\" target=\"_blank\" rel=\"noreferrer noopener\">dr Katarzyna Pasik &#8211; Sekwencjonowanie wysokoprzepustowe (HTS) w kontroli jako\u015bci szczepionek weterynaryjnych opracowanie metody i jej znaczenie dla standard\u00f3w farmakopealnych<\/a><\/p>\n\n\n\n<p><a href=\"https:\/\/www.piwet.pulawy.pl\/wp-content\/uploads\/2026\/04\/dr-Ilona-Materek-Oprogramowanie-informatyczne-umozliwiajace-gromadzenie-danych-na-temat-stosowania-PWPL-u-zwierzat-w-Polsce-Wyroznienie-Ministra-Rolnictwa-i-Rozwoju-Wsi.pdf\" target=\"_blank\" rel=\"noreferrer noopener\">dr Ilona Materek &#8211; Oprogramowanie informatyczne umo\u017cliwiaj\u0105ce gromadzenie danych na temat stosowania PWPL u zwierz\u0105t w Polsce Wyr\u00f3\u017cnienie Ministra Rolnictwa i Rozwoju Wsi<\/a><\/p>\n\n\n\n<p class=\"has-text-color has-link-color has-medium-font-size wp-elements-3bfe560d9f2830fe9b0433dfb924fa4b\" style=\"color:#1a213e\"><strong>Dzia\u0142 Naukowego Wsparcia Potencja\u0142u Badawczego<\/strong><\/p>\n\n\n\n<p><a href=\"https:\/\/www.piwet.pulawy.pl\/wp-content\/uploads\/2026\/04\/dr-Magdalena-Wasiak-Dzialalnosc-i-osiagniecia-Dzialu-Naukowego-Wsparcia-Potencjalu-Badawczego.pdf\" target=\"_blank\" rel=\"noreferrer noopener\">dr Magdalena Wasiak &#8211; Dzia\u0142alno\u015b\u0107 i osi\u0105gni\u0119cia Dzia\u0142u Naukowego Wsparcia Potencja\u0142u Badawczego<\/a><\/p>\n\n\n\n<p><a href=\"https:\/\/www.piwet.pulawy.pl\/wp-content\/uploads\/2026\/04\/dr-hab.-Magdalena-Materniak-Kornas-Badania-transkryptomicznemetoda-mikromacierzyz-uzyciem-platformy-firmy-Agilentpozwalajace-na-analize-ekspresji-genow.pdf\" target=\"_blank\" rel=\"noreferrer noopener\">dr hab. Magdalena Materniak-Kornas &#8211; Badania transkryptomiczne metod\u0105 mikromacierzy z u\u017cyciem platformy firmy Agilent pozwalaj\u0105ce na analiz\u0119 ekspresji gen\u00f3w u zwierz\u0105t gospodarskich<\/a><\/p>\n\n\n\n<p><a href=\"https:\/\/www.piwet.pulawy.pl\/wp-content\/uploads\/2026\/04\/dr-Anna-Kycko-Badania-histopatologiczne-w-PIWet-PIB.pdf\" target=\"_blank\" rel=\"noreferrer noopener\">dr Anna Kycko &#8211; Badania histopatologiczne w PIWet-PIB<\/a><\/p>\n\n\n\n<p><\/p>\n","protected":false},"excerpt":{"rendered":"<p>Materia\u0142y z I Sesji Naukowej &#8221; Najwa\u017cniejsze osi\u0105gni\u0119cia Dzia\u0142\u00f3w Badawczych PIWet-PIB w 2025 roku&#8221;, kt\u00f3ra odby\u0142a si\u0119 27 marca 2026r. Dzia\u0142 Wirusologii i Chor\u00f3b Wirusowych Zwierz\u0105t dr Aneta Pluta &#8211; Identyfikacja nowych promotor\u00f3w RNA III w klastrze miRNA wirusa bia\u0142aczki byd\u0142a na podstawie mi\u0119dzy taksonomicznej analizy ma\u0142ych niekoduj\u0105cych RNA Dzia\u0142 Bakteriologii i Chor\u00f3b Bakteryjnych Zwierz\u0105t [&hellip;]<\/p>\n","protected":false},"author":2,"featured_media":0,"parent":0,"menu_order":0,"comment_status":"closed","ping_status":"closed","template":"fullwidth-page.php","meta":{"footnotes":""},"class_list":["post-4961","page","type-page","status-publish","hentry"],"rttpg_featured_image_url":null,"rttpg_author":{"display_name":"Marta Antas","author_link":"https:\/\/www.piwet.pulawy.pl\/en\/author\/mantas\/"},"rttpg_comment":0,"rttpg_category":" <a href=\"https:\/\/www.piwet.pulawy.pl\/?taxonomy=translation_priority&#038;term=opcjonalne\" rel=\"tag\">Opcjonalne<\/a>","rttpg_excerpt":"Materia\u0142y z I Sesji Naukowej &#8221; Najwa\u017cniejsze osi\u0105gni\u0119cia Dzia\u0142\u00f3w Badawczych PIWet-PIB w 2025 roku&#8221;, kt\u00f3ra odby\u0142a si\u0119 27 marca 2026r. Dzia\u0142 Wirusologii i Chor\u00f3b Wirusowych Zwierz\u0105t dr Aneta Pluta &#8211; Identyfikacja nowych promotor\u00f3w RNA III w klastrze miRNA wirusa bia\u0142aczki byd\u0142a na podstawie mi\u0119dzy taksonomicznej analizy ma\u0142ych niekoduj\u0105cych RNA Dzia\u0142 Bakteriologii i Chor\u00f3b Bakteryjnych Zwierz\u0105t&hellip;","_links":{"self":[{"href":"https:\/\/www.piwet.pulawy.pl\/en\/wp-json\/wp\/v2\/pages\/4961","targetHints":{"allow":["GET"]}}],"collection":[{"href":"https:\/\/www.piwet.pulawy.pl\/en\/wp-json\/wp\/v2\/pages"}],"about":[{"href":"https:\/\/www.piwet.pulawy.pl\/en\/wp-json\/wp\/v2\/types\/page"}],"author":[{"embeddable":true,"href":"https:\/\/www.piwet.pulawy.pl\/en\/wp-json\/wp\/v2\/users\/2"}],"replies":[{"embeddable":true,"href":"https:\/\/www.piwet.pulawy.pl\/en\/wp-json\/wp\/v2\/comments?post=4961"}],"version-history":[{"count":10,"href":"https:\/\/www.piwet.pulawy.pl\/en\/wp-json\/wp\/v2\/pages\/4961\/revisions"}],"predecessor-version":[{"id":5003,"href":"https:\/\/www.piwet.pulawy.pl\/en\/wp-json\/wp\/v2\/pages\/4961\/revisions\/5003"}],"wp:attachment":[{"href":"https:\/\/www.piwet.pulawy.pl\/en\/wp-json\/wp\/v2\/media?parent=4961"}],"curies":[{"name":"wp","href":"https:\/\/api.w.org\/{rel}","templated":true}]}}