{"id":4801,"date":"2025-06-02T11:24:01","date_gmt":"2025-06-02T09:24:01","guid":{"rendered":"https:\/\/www.piwet.pulawy.pl\/horizon-europe-programme-eu4h-2022-dga-ms-iba-setting-up-a-coordinated-surveillance-under-the-one-health-approach-oh4surveillance-january-1-2024-december-31-2026\/"},"modified":"2026-03-10T11:44:53","modified_gmt":"2026-03-10T10:44:53","slug":"horizon-europe-programme-eu4h-2022-dga-ms-iba-setting-up-a-coordinated-surveillance-under-the-one-health-approach-oh4surveillance-january-1-2024-december-31-2026","status":"publish","type":"page","link":"https:\/\/www.piwet.pulawy.pl\/en\/horizon-europe-programme-eu4h-2022-dga-ms-iba-setting-up-a-coordinated-surveillance-under-the-one-health-approach-oh4surveillance-january-1-2024-december-31-2026\/","title":{"rendered":"Horizon Europe Programme EU4H-2022-DGA-MS-IBA &#8220;Setting up a coordinated surveillance under the One Health approach (OH4Surveillance)&#8221; January 1, 2024 \u2013 December 31, 2026"},"content":{"rendered":"\n<p class=\"has-text-color has-link-color wp-elements-eff87383f669ddfe7e95b7c0ca03082c\" style=\"color:#1a8314;font-size:16px\"><strong>Horizon Europe Programme EU4H-2022-DGA-MS-IBA &#8220;Setting up a coordinated surveillance under the One Health approach (OH4Surveillance)&#8221;<\/strong> January 1, 2024 \u2013 December 31, 2026<\/p>\n\n<p style=\"font-size:16px\"><strong>Project coordinator at NVRI: <\/strong> Professor Miros\u0142aw P. Polak, DVM, PhD, ScD Monika Szyma\u0144ska-Czerwi\u0144skam, DVM, PhD, ScD Professor Krzysztof Niemczuk, DVM, PhD, ScD, Jacek Karamon, DVM, PhD, ScD, Kinga Urbaniak PhD,  Professor Artur Rze\u017cutka, DVM, PhD, ScD Ma\u0142gorzata Kwa\u015bnik, PhD<\/p>\n\n<p style=\"font-size:16px\"><strong>Funding:<\/strong> \u20ac690,596.40 <\/p>\n\n<p style=\"font-size:16px\"><strong>Project link:<\/strong> <a href=\"https:\/\/en.ssi.dk\/surveillance-and-preparedness\/international-coorporation\/oh4surveillance\" target=\"_blank\" rel=\"noopener\">https:\/\/en.ssi.dk\/surveillance-and-preparedness\/international-coorporation\/oh4surveillance<\/a><\/p>\n\n<p><\/p>\n","protected":false},"excerpt":{"rendered":"<p>Horizon Europe Programme EU4H-2022-DGA-MS-IBA &#8220;Setting up a coordinated surveillance under the One Health approach (OH4Surveillance)&#8221; January 1, 2024 \u2013 December 31, 2026 Project coordinator at NVRI: Professor Miros\u0142aw P. Polak, DVM, PhD, ScD Monika Szyma\u0144ska-Czerwi\u0144skam, DVM, PhD, ScD Professor Krzysztof Niemczuk, DVM, PhD, ScD, Jacek Karamon, DVM, PhD, ScD, Kinga Urbaniak PhD, Professor Artur Rze\u017cutka, [&hellip;]<\/p>\n","protected":false},"author":2,"featured_media":0,"parent":0,"menu_order":0,"comment_status":"closed","ping_status":"closed","template":"fullwidth-page.php","meta":{"footnotes":""},"class_list":["post-4801","page","type-page","status-publish","hentry"],"rttpg_featured_image_url":null,"rttpg_author":{"display_name":"Marta Antas","author_link":"https:\/\/www.piwet.pulawy.pl\/en\/author\/mantas\/"},"rttpg_comment":0,"rttpg_category":false,"rttpg_excerpt":"Horizon Europe Programme EU4H-2022-DGA-MS-IBA &#8220;Setting up a coordinated surveillance under the One Health approach (OH4Surveillance)&#8221; January 1, 2024 \u2013 December 31, 2026 Project coordinator at NVRI: Professor Miros\u0142aw P. Polak, DVM, PhD, ScD Monika Szyma\u0144ska-Czerwi\u0144skam, DVM, PhD, ScD Professor Krzysztof Niemczuk, DVM, PhD, ScD, Jacek Karamon, DVM, PhD, ScD, Kinga Urbaniak PhD, Professor Artur Rze\u017cutka,&hellip;","_links":{"self":[{"href":"https:\/\/www.piwet.pulawy.pl\/en\/wp-json\/wp\/v2\/pages\/4801","targetHints":{"allow":["GET"]}}],"collection":[{"href":"https:\/\/www.piwet.pulawy.pl\/en\/wp-json\/wp\/v2\/pages"}],"about":[{"href":"https:\/\/www.piwet.pulawy.pl\/en\/wp-json\/wp\/v2\/types\/page"}],"author":[{"embeddable":true,"href":"https:\/\/www.piwet.pulawy.pl\/en\/wp-json\/wp\/v2\/users\/2"}],"replies":[{"embeddable":true,"href":"https:\/\/www.piwet.pulawy.pl\/en\/wp-json\/wp\/v2\/comments?post=4801"}],"version-history":[{"count":1,"href":"https:\/\/www.piwet.pulawy.pl\/en\/wp-json\/wp\/v2\/pages\/4801\/revisions"}],"predecessor-version":[{"id":4802,"href":"https:\/\/www.piwet.pulawy.pl\/en\/wp-json\/wp\/v2\/pages\/4801\/revisions\/4802"}],"wp:attachment":[{"href":"https:\/\/www.piwet.pulawy.pl\/en\/wp-json\/wp\/v2\/media?parent=4801"}],"curies":[{"name":"wp","href":"https:\/\/api.w.org\/{rel}","templated":true}]}}