{"id":4770,"date":"2025-05-05T14:39:53","date_gmt":"2025-05-05T12:39:53","guid":{"rendered":"https:\/\/www.piwet.pulawy.pl\/price-list\/"},"modified":"2026-03-10T11:35:25","modified_gmt":"2026-03-10T10:35:25","slug":"price-list","status":"publish","type":"page","link":"https:\/\/www.piwet.pulawy.pl\/en\/price-list\/","title":{"rendered":"Price List"},"content":{"rendered":"\n<div class=\"wp-block-group is-nowrap is-layout-flex wp-container-core-group-is-layout-ad2f72ca wp-block-group-is-layout-flex\">\n<figure class=\"wp-block-image size-full is-resized\"><a href=\"https:\/\/www.piwet.pulawy.pl\/wp-content\/uploads\/2025\/09\/Offer National Veterinary Research Institute in Poland.pdf\"><img fetchpriority=\"high\" decoding=\"async\" width=\"452\" height=\"635\" src=\"https:\/\/www.piwet.pulawy.pl\/wp-content\/uploads\/2025\/09\/image.png\" alt=\"\" class=\"wp-image-3378\" style=\"width:232px;height:auto\" srcset=\"https:\/\/www.piwet.pulawy.pl\/wp-content\/uploads\/2025\/09\/image.png 452w, https:\/\/www.piwet.pulawy.pl\/wp-content\/uploads\/2025\/09\/image-214x300.png 214w\" sizes=\"(max-width: 452px) 100vw, 452px\" \/><\/a><\/figure>\n\n\n\n<p><\/p>\n\n\n\n<p><strong>OFERTA<br\/>Pa\u0144stwowego Instytutu Weterynaryjnego &#8211; <br\/>Pa\u0144stwowego Instytutu Badawczego <\/strong><br\/>(Pu\u0142awy, lipiec 2025)<br\/><\/p>\n<\/div>\n\n<p><\/p>\n\n<div id=\"pricelist\" class=\"wp-block-group\"><div class=\"wp-block-group__inner-container is-layout-constrained wp-block-group-is-layout-constrained\">\n<div class=\"input-group mb-3\">\n  <span class=\"input-group-text\" style=\"background-color: #1a8314; color: #fff;\"><i class=\"fa fa-search\" aria-hidden=\"true\"><\/i><\/span>\n  <input id=\"search-field\" style=\"width:1%;\" class=\"form-control\" placeholder=\"Enter a search phrase to filter the list\" type=\"text\" value=\"\" data-tmp_keywords=\"\" aria-label=\"Szukaj\" aria-description=\"Wyszukiwarka pozycji cennika. Wpisz szukan\u0105 fraz\u0119 aby przefiltrowa\u0107 list\u0119 pozycji planu\"\/>\n<\/div>\n\n\n\n<figure id=\"pricelistTable\" class=\"wp-block-table is-style-stripes\"><table><thead><tr><th>Price List Item<\/th><th>Name<\/th><th>Accreditation<\/th><th>Gross Price<\/th><th>Express Test Price<\/th><\/tr><\/thead><tbody><tr><td><\/td><td><\/td><td><\/td><td><\/td><td><\/td><\/tr><\/tbody><\/table><\/figure>\n<\/div><\/div>\n\n<div class=\"modal fade\" id=\"pricelistModal\" tabindex=\"-1\" aria-labelledby=\"ekran ze szczeg\u00f3\u0142ami pozycji cennika\" aria-hidden=\"true\"><div class=\"modal-dialog modal-lg\"><div class=\"modal-content\"><div class=\"modal-header\"><h5 class=\"modal-title\" id=\"pricelistModalLabel\"><\/h5><span type=\"button\" class=\"btn-close\" data-bs-dismiss=\"modal\" aria-label=\"Zamknij okno dialogowe\"><i class=\"fa-solid fa-xmark fa-xl\"><\/i><\/span><\/div><div class=\"modal-body\">\n<dl class=\"row\">\n  <dt class=\"col-sm-3\">Item Number<\/dt>\n  <dd id=\"pricelistPosition\" class=\"col-sm-9\"><\/dd>\n\n  <dt class=\"col-sm-3\">Full Name<\/dt>\n  <dd id=\"pricelistName\" class=\"col-sm-9\"><\/dd>\n\n  <dt class=\"col-sm-3\">Method<\/dt>\n  <dd id=\"pricelistSymbol\" class=\"col-sm-9\"><\/dd>\n\n  <dt class=\"col-sm-3 text-truncate\">Price<\/dt>\n  <dd id=\"pricelistPrice\" class=\"col-sm-9\"><\/dd>\n\n  <dt class=\"col-sm-3\">Completion Time<\/dt>\n  <dd id=\"pricelistTime\" class=\"col-sm-9\"><\/dd>\n  \n  <dt class=\"col-sm-3\">Express Test Price<\/dt>\n  <dd id=\"pricelistPriceExpress\" class=\"col-sm-9\"><\/dd>\n  \n  <dt class=\"col-sm-3\">Express Test Completion Time<\/dt>\n  <dd id=\"pricelistTimeExpress\" class=\"col-sm-9\"><\/dd>\n  \n  <dt class=\"col-sm-3\">Description<\/dt>\n  <dd id=\"pricelistDescription\" class=\"col-sm-9\"><\/dd>\n  \n  <dt class=\"col-sm-3\">Possible Testing Directions<\/dt>\n  <dd id=\"pricelistDirections\" class=\"col-sm-9\"><\/dd>\n  \n  <dt class=\"col-sm-3\">Sample Type<\/dt>\n  <dd id=\"pricelistMatrixes\" class=\"col-sm-9\"><\/dd>\n  \n  <dt class=\"col-sm-3\">Species<\/dt>\n  <dd id=\"pricelistSpecies\" class=\"col-sm-9\"><\/dd>\n  \n  <dt class=\"col-sm-3\">Contact<\/dt>\n  <dd id=\"pricelistContact\" class=\"col-sm-9\"><\/dd>\n<\/dl>\n      <\/div><\/div><\/div><\/div>\n\n<p><\/p>\n","protected":false},"excerpt":{"rendered":"<p>OFERTAPa\u0144stwowego Instytutu Weterynaryjnego &#8211; Pa\u0144stwowego Instytutu Badawczego (Pu\u0142awy, lipiec 2025) Price List Item Name Accreditation Gross Price Express Test Price Item Number Full Name Method Price Completion Time Express Test Price Express Test Completion Time Description Possible Testing Directions Sample Type Species Contact<\/p>\n","protected":false},"author":2,"featured_media":0,"parent":0,"menu_order":0,"comment_status":"closed","ping_status":"closed","template":"fullwidth-page.php","meta":{"footnotes":""},"class_list":["post-4770","page","type-page","status-publish","hentry"],"rttpg_featured_image_url":null,"rttpg_author":{"display_name":"Marta Antas","author_link":"https:\/\/www.piwet.pulawy.pl\/en\/author\/mantas\/"},"rttpg_comment":0,"rttpg_category":false,"rttpg_excerpt":"OFERTAPa\u0144stwowego Instytutu Weterynaryjnego &#8211; Pa\u0144stwowego Instytutu Badawczego (Pu\u0142awy, lipiec 2025) Price List Item Name Accreditation Gross Price Express Test Price Item Number Full Name Method Price Completion Time Express Test Price Express Test Completion Time Description Possible Testing Directions Sample Type Species Contact","_links":{"self":[{"href":"https:\/\/www.piwet.pulawy.pl\/en\/wp-json\/wp\/v2\/pages\/4770","targetHints":{"allow":["GET"]}}],"collection":[{"href":"https:\/\/www.piwet.pulawy.pl\/en\/wp-json\/wp\/v2\/pages"}],"about":[{"href":"https:\/\/www.piwet.pulawy.pl\/en\/wp-json\/wp\/v2\/types\/page"}],"author":[{"embeddable":true,"href":"https:\/\/www.piwet.pulawy.pl\/en\/wp-json\/wp\/v2\/users\/2"}],"replies":[{"embeddable":true,"href":"https:\/\/www.piwet.pulawy.pl\/en\/wp-json\/wp\/v2\/comments?post=4770"}],"version-history":[{"count":6,"href":"https:\/\/www.piwet.pulawy.pl\/en\/wp-json\/wp\/v2\/pages\/4770\/revisions"}],"predecessor-version":[{"id":4796,"href":"https:\/\/www.piwet.pulawy.pl\/en\/wp-json\/wp\/v2\/pages\/4770\/revisions\/4796"}],"wp:attachment":[{"href":"https:\/\/www.piwet.pulawy.pl\/en\/wp-json\/wp\/v2\/media?parent=4770"}],"curies":[{"name":"wp","href":"https:\/\/api.w.org\/{rel}","templated":true}]}}