{"id":4620,"date":"2025-09-01T13:43:32","date_gmt":"2025-09-01T11:43:32","guid":{"rendered":"https:\/\/www.piwet.pulawy.pl\/conferences\/"},"modified":"2026-03-10T12:05:20","modified_gmt":"2026-03-10T11:05:20","slug":"conferences","status":"publish","type":"page","link":"https:\/\/www.piwet.pulawy.pl\/en\/conferences\/","title":{"rendered":"Conferences"},"content":{"rendered":"<figure><\/figure>\n<hr>\n<p><img fetchpriority=\"high\" decoding=\"async\" class=\"wp-image-4727 alignleft\" src=\"https:\/\/www.piwet.pulawy.pl\/wp-content\/uploads\/2026\/03\/parazyty-300x300.png\" alt=\"\" width=\"380\" height=\"380\" srcset=\"https:\/\/www.piwet.pulawy.pl\/wp-content\/uploads\/2026\/03\/parazyty-300x300.png 300w, https:\/\/www.piwet.pulawy.pl\/wp-content\/uploads\/2026\/03\/parazyty-150x150.png 150w, https:\/\/www.piwet.pulawy.pl\/wp-content\/uploads\/2026\/03\/parazyty.png 605w\" sizes=\"(max-width: 380px) 100vw, 380px\" \/><\/p>\n<h2><\/h2>\n<h2><\/h2>\n<h2><\/h2>\n<h2><\/h2>\n<h2><\/h2>\n<h2><\/h2>\n<h2><\/h2>\n<h2><strong>10th PARASITOLOGICAL <\/strong><strong>CONFERENCE<\/strong><\/h2>\n<h4><strong>&#8220;Parasites at wildlife-domestic interface: Challenges for public health&#8221;<\/strong><\/h4>\n<h3>07-08.10.2026<\/h3>\n<p>Postgraduate education in Pu\u0142awy has existed practically since the establishment of the Institute.<\/p>\n<ol>\n<li>Partyzant\u00f3w 57, 24-100 Pu\u0142awy<\/li>\n<\/ol>\n<p><a href=\"http:\/\/www.konferencjaparazyty2026.pl\" target=\"_blank\" rel=\"noopener\">www.konferencjaparazyty2026.pl<\/a><\/p>\n<p>Project financed from the state budget, awarded by the Minister of Science and Higher Education under the Science Vectors Program.<\/p>\n<p>Grant amount: PLN 218,526.00, total project value: PLN 273,526.00.<\/p>\n<p><!--more--><img decoding=\"async\" class=\"alignnone size-full wp-image-4738\" src=\"https:\/\/www.piwet.pulawy.pl\/wp-content\/uploads\/2026\/03\/Slajd1.png\" alt=\"\" width=\"1280\" height=\"192\" srcset=\"https:\/\/www.piwet.pulawy.pl\/wp-content\/uploads\/2026\/03\/Slajd1.png 1280w, https:\/\/www.piwet.pulawy.pl\/wp-content\/uploads\/2026\/03\/Slajd1-300x45.png 300w, https:\/\/www.piwet.pulawy.pl\/wp-content\/uploads\/2026\/03\/Slajd1-1024x154.png 1024w, https:\/\/www.piwet.pulawy.pl\/wp-content\/uploads\/2026\/03\/Slajd1-768x115.png 768w\" sizes=\"(max-width: 1280px) 100vw, 1280px\" \/><\/p>\n<hr>\n<figure><\/figure>\n<figure><a tabindex=\"-1\" href=\"https:\/\/iom2026.conference.pl\/en\" target=\"_blank\" rel=\"noopener\"><img decoding=\"async\" class=\"alignleft\" src=\"https:\/\/www.piwet.pulawy.pl\/wp-content\/uploads\/2025\/09\/Konferencja-mykoplazy-3.jpg\" alt=\"\" width=\"401\" height=\"535\"><\/a><\/figure>\n<h3><\/h3>\n<h3><\/h3>\n<h3><\/h3>\n<h3><\/h3>\n<p><!--more--><\/p>\n<h3><a href=\"https:\/\/iom2026.conference.pl\/en\" target=\"_blank\" rel=\"noopener\">26th Congress of the International Organization for Mycoplasmology (IOM)<\/a><\/h3>\n<p>Krak\u00f3w, July 6-10, 2026<\/p>\n","protected":false},"excerpt":{"rendered":"<p>10th PARASITOLOGICAL CONFERENCE &#8220;Parasites at wildlife-domestic interface: Challenges for public health&#8221; 07-08.10.2026 Postgraduate education in Pu\u0142awy has existed practically since the establishment of the Institute. Partyzant\u00f3w 57, 24-100 Pu\u0142awy www.konferencjaparazyty2026.pl Project financed from the state budget, awarded by the Minister of Science and Higher Education under the Science Vectors Program. Grant amount: PLN 218,526.00, total [&hellip;]<\/p>\n","protected":false},"author":2,"featured_media":0,"parent":0,"menu_order":0,"comment_status":"closed","ping_status":"closed","template":"fullwidth-page.php","meta":{"footnotes":""},"class_list":["post-4620","page","type-page","status-publish","hentry"],"rttpg_featured_image_url":null,"rttpg_author":{"display_name":"Marta Antas","author_link":"https:\/\/www.piwet.pulawy.pl\/en\/author\/mantas\/"},"rttpg_comment":0,"rttpg_category":" <a href=\"https:\/\/www.piwet.pulawy.pl\/en\/?taxonomy=translation_priority&#038;term=optional\" rel=\"tag\">Optional<\/a>","rttpg_excerpt":"10th PARASITOLOGICAL CONFERENCE &#8220;Parasites at wildlife-domestic interface: Challenges for public health&#8221; 07-08.10.2026 Postgraduate education in Pu\u0142awy has existed practically since the establishment of the Institute. Partyzant\u00f3w 57, 24-100 Pu\u0142awy www.konferencjaparazyty2026.pl Project financed from the state budget, awarded by the Minister of Science and Higher Education under the Science Vectors Program. Grant amount: PLN 218,526.00, total&hellip;","_links":{"self":[{"href":"https:\/\/www.piwet.pulawy.pl\/en\/wp-json\/wp\/v2\/pages\/4620","targetHints":{"allow":["GET"]}}],"collection":[{"href":"https:\/\/www.piwet.pulawy.pl\/en\/wp-json\/wp\/v2\/pages"}],"about":[{"href":"https:\/\/www.piwet.pulawy.pl\/en\/wp-json\/wp\/v2\/types\/page"}],"author":[{"embeddable":true,"href":"https:\/\/www.piwet.pulawy.pl\/en\/wp-json\/wp\/v2\/users\/2"}],"replies":[{"embeddable":true,"href":"https:\/\/www.piwet.pulawy.pl\/en\/wp-json\/wp\/v2\/comments?post=4620"}],"version-history":[{"count":2,"href":"https:\/\/www.piwet.pulawy.pl\/en\/wp-json\/wp\/v2\/pages\/4620\/revisions"}],"predecessor-version":[{"id":4816,"href":"https:\/\/www.piwet.pulawy.pl\/en\/wp-json\/wp\/v2\/pages\/4620\/revisions\/4816"}],"wp:attachment":[{"href":"https:\/\/www.piwet.pulawy.pl\/en\/wp-json\/wp\/v2\/media?parent=4620"}],"curies":[{"name":"wp","href":"https:\/\/api.w.org\/{rel}","templated":true}]}}