{"id":4600,"date":"2025-05-13T12:30:04","date_gmt":"2025-05-13T10:30:04","guid":{"rendered":"https:\/\/www.piwet.pulawy.pl\/wckp\/"},"modified":"2026-02-27T09:41:01","modified_gmt":"2026-02-27T08:41:01","slug":"wckp","status":"publish","type":"page","link":"https:\/\/www.piwet.pulawy.pl\/en\/wckp\/","title":{"rendered":"WCKP"},"content":{"rendered":"\n<p class=\"has-text-color has-link-color wp-elements-12bb0a942450d418626839975aa5c501\" style=\"color:#1a8314\">Veterinary Centre of Postgraduate Training<\/p>\n\n<p class=\"has-medium-font-size\"><strong>Postgraduate education in Pu\u0142awy has existed practically since the establishment of the Institute.<\/strong><\/p>\n\n<p>Initially, training for veterinarians was conducted sporadically in the premises of individual scientific departments. These training sessions mainly concerned: microbiology, parasitology, poultry and fish diseases, and food hygiene. According to collected data, between 1951 and 1961, 26 courses were conducted, attended by 543 veterinarians.   <\/p>\n\n<p>Organized forms of veterinary service training at the Institute began in 1962 after the establishment of a position for organizing and coordinating training. Veterinarian Kazimierz Rzeszowski was appointed to this position and was responsible for organizing training until 1971. At that time, the Institute&#8217;s departments and laboratories independently conducted classes for course participants. Between 1962 and 1971, a total of 97 courses were held, attended by groups of 15 to 45 veterinarians, with course duration ranging from 6 to 36 days.       <\/p>\n\n<p>The lack of accommodation facilities and adequate technical infrastructure did not allow for the development of training activities that would meet the growing needs of the veterinary service. Consequently, a decision was made to build a proper Training Center. The Central Training and Professional Development Center for Veterinary Service of the Veterinary Institute in Pu\u0142awy commenced its training activities on September 7, 1971. Veterinarian Zbigniew S\u0142u\u017cewski became the Center&#8217;s director, while Dr. Antoni Teklinski became the head of the Personnel Development Department.      <\/p>\n\n<p>In 1974, as a result of organizational changes, the Center changed its name to the Central Veterinary Personnel Training Center. Associate Professor Antoni Tekli\u0144ski was appointed as the Center&#8217;s director. Between 1980 and 1987, Stefan Drozdowski, PhD served as the Center&#8217;s director, followed by Stanis\u0142aw Tereszczuk, PhD until 1992.    Professor Stanis\u0142aw Tereszczuk. Between 1992 and 1998, the position of Center director was held by Associate Professor  Tadeusz Wijaszka, DVM, PdH, who expanded the Center&#8217;s scope of activities to include conducting specialization training.<\/p>\n\n<p>In 1994, the Central Veterinary Personnel Training Center was renamed the Veterinary Postgraduate Education Center. <\/p>\n\n<p>In subsequent years, VCPT was directed by Dr. Jerzy Krasucki (1998-2002), Dr. Adam Dzier\u017cawski (2002-2006), Dr. Katarzyna Szymanek (2006-2023), and currently by Joanna Stachyra-Wolska, M.Sc.<\/p>\n\n<p class=\"has-medium-font-size\"><strong>Scope of Activities<\/strong><\/p>\n\n<ul class=\"wp-block-list\">\n<li>organizing training sessions, seminars, courses, etc.<\/li>\n\n\n\n<li>developing programs and plans for professional development of veterinarians and veterinary inspection personnel<\/li>\n\n\n\n<li>administrative and technical support for postgraduate studies<\/li>\n\n\n\n<li>organizing national and international scientific conferences in veterinary medicine and related fields<\/li>\n\n\n\n<li>cooperation with domestic and foreign research centers, veterinary inspection authorities, and other entities in organizing training sessions and conferences<\/li>\n<\/ul>\n\n<p class=\"has-medium-font-size\"><strong>Contact<\/strong><\/p>\n\n<p><strong>National Veterinary Research Institute <br\/>Veterinary Postgraduate Education Center<\/strong><br\/>Aleja Partyzant\u00f3w 57<br\/>24-100 Pu\u0142awy<br\/>Tax ID: 716-00-10-761 <\/p>\n\n<p><strong>Bank account number:<\/strong> 35 2030 0045 1110 0000 0053 1520<br\/><strong>Email: <\/strong>wckp@piwet.pulawy.pl<\/p>\n\n<p><strong>Head: Joanna Stachyra-Wolska, M.Sc. <\/strong>tel. 81 889 31 19<br\/>Accounting tel. + 48 81 889 34 69<br\/>Training tel.   81 889 33 43  <\/p>\n\n<p><strong>HOTEL &#8211; reception<br\/><\/strong>tel. +48 81 889 32 70<br\/>Email: hotel@piwet.pulawy.pl <\/p>\n\n<p><strong>Commission for Veterinary Specialization<\/strong><br\/>Secretariat tel. 81 889 32 34<br\/><\/p>\n\n<p><a href=\"http:\/\/www.pkp.pl\/\" target=\"_blank\" rel=\"noopener\">train schedule<\/a><strong> <\/strong><a href=\"http:\/\/www.rozklady.com.pl\/\" target=\"_blank\" rel=\"noopener\">bus schedule<\/a><\/p>\n\n<p><\/p>\n\n<p><\/p>\n\n<figure class=\"wp-block-image size-full is-resized\"><img fetchpriority=\"high\" decoding=\"async\" width=\"699\" height=\"467\" src=\"https:\/\/www.piwet.pulawy.pl\/wp-content\/uploads\/2025\/07\/ART_2727-2.jpg\" alt=\"\" class=\"wp-image-2213\" style=\"width:840px;height:auto\" srcset=\"https:\/\/www.piwet.pulawy.pl\/wp-content\/uploads\/2025\/07\/ART_2727-2.jpg 699w, https:\/\/www.piwet.pulawy.pl\/wp-content\/uploads\/2025\/07\/ART_2727-2-300x200.jpg 300w\" sizes=\"(max-width: 699px) 100vw, 699px\" \/><\/figure>\n\n<p><\/p>\n\n<figure class=\"wp-block-image size-full is-resized\"><img decoding=\"async\" width=\"699\" height=\"467\" src=\"https:\/\/www.piwet.pulawy.pl\/wp-content\/uploads\/2025\/07\/ART_2741.jpg\" alt=\"\" class=\"wp-image-2215\" style=\"width:840px;height:auto\" srcset=\"https:\/\/www.piwet.pulawy.pl\/wp-content\/uploads\/2025\/07\/ART_2741.jpg 699w, https:\/\/www.piwet.pulawy.pl\/wp-content\/uploads\/2025\/07\/ART_2741-300x200.jpg 300w\" sizes=\"(max-width: 699px) 100vw, 699px\" \/><\/figure>\n\n<p><\/p>\n\n<figure class=\"wp-block-image size-full is-resized\"><img decoding=\"async\" width=\"699\" height=\"467\" src=\"https:\/\/www.piwet.pulawy.pl\/wp-content\/uploads\/2025\/07\/ART_2720.jpg\" alt=\"\" class=\"wp-image-2217\" style=\"width:840px;height:auto\" srcset=\"https:\/\/www.piwet.pulawy.pl\/wp-content\/uploads\/2025\/07\/ART_2720.jpg 699w, https:\/\/www.piwet.pulawy.pl\/wp-content\/uploads\/2025\/07\/ART_2720-300x200.jpg 300w\" sizes=\"(max-width: 699px) 100vw, 699px\" \/><\/figure>\n","protected":false},"excerpt":{"rendered":"<p>Veterinary Centre of Postgraduate Training Postgraduate education in Pu\u0142awy has existed practically since the establishment of the Institute. Initially, training for veterinarians was conducted sporadically in the premises of individual scientific departments. These training sessions mainly concerned: microbiology, parasitology, poultry and fish diseases, and food hygiene. According to collected data, between 1951 and 1961, 26 [&hellip;]<\/p>\n","protected":false},"author":2,"featured_media":0,"parent":0,"menu_order":0,"comment_status":"closed","ping_status":"closed","template":"fullwidth-page.php","meta":{"footnotes":""},"class_list":["post-4600","page","type-page","status-publish","hentry"],"rttpg_featured_image_url":null,"rttpg_author":{"display_name":"Marta Antas","author_link":"https:\/\/www.piwet.pulawy.pl\/en\/author\/mantas\/"},"rttpg_comment":0,"rttpg_category":false,"rttpg_excerpt":"Veterinary Centre of Postgraduate Training Postgraduate education in Pu\u0142awy has existed practically since the establishment of the Institute. Initially, training for veterinarians was conducted sporadically in the premises of individual scientific departments. These training sessions mainly concerned: microbiology, parasitology, poultry and fish diseases, and food hygiene. According to collected data, between 1951 and 1961, 26&hellip;","_links":{"self":[{"href":"https:\/\/www.piwet.pulawy.pl\/en\/wp-json\/wp\/v2\/pages\/4600","targetHints":{"allow":["GET"]}}],"collection":[{"href":"https:\/\/www.piwet.pulawy.pl\/en\/wp-json\/wp\/v2\/pages"}],"about":[{"href":"https:\/\/www.piwet.pulawy.pl\/en\/wp-json\/wp\/v2\/types\/page"}],"author":[{"embeddable":true,"href":"https:\/\/www.piwet.pulawy.pl\/en\/wp-json\/wp\/v2\/users\/2"}],"replies":[{"embeddable":true,"href":"https:\/\/www.piwet.pulawy.pl\/en\/wp-json\/wp\/v2\/comments?post=4600"}],"version-history":[{"count":1,"href":"https:\/\/www.piwet.pulawy.pl\/en\/wp-json\/wp\/v2\/pages\/4600\/revisions"}],"predecessor-version":[{"id":4610,"href":"https:\/\/www.piwet.pulawy.pl\/en\/wp-json\/wp\/v2\/pages\/4600\/revisions\/4610"}],"wp:attachment":[{"href":"https:\/\/www.piwet.pulawy.pl\/en\/wp-json\/wp\/v2\/media?parent=4600"}],"curies":[{"name":"wp","href":"https:\/\/api.w.org\/{rel}","templated":true}]}}