{"id":455,"date":"2025-04-30T07:50:58","date_gmt":"2025-04-30T05:50:58","guid":{"rendered":"https:\/\/172.25.0.6\/?page_id=455"},"modified":"2025-08-04T16:12:16","modified_gmt":"2025-08-04T14:12:16","slug":"hr-excellence-in-research","status":"publish","type":"page","link":"https:\/\/www.piwet.pulawy.pl\/en\/hr-excellence-in-research\/","title":{"rendered":"HR Excellence in Research"},"content":{"rendered":"\n<figure class=\"wp-block-image size-full is-resized\"><img fetchpriority=\"high\" decoding=\"async\" width=\"430\" height=\"309\" src=\"https:\/\/172.25.0.6\/wp-content\/uploads\/2025\/04\/image-12.png\" alt=\"\" class=\"wp-image-457\" style=\"width:299px;height:auto\" srcset=\"https:\/\/www.piwet.pulawy.pl\/wp-content\/uploads\/2025\/04\/image-12.png 430w, https:\/\/www.piwet.pulawy.pl\/wp-content\/uploads\/2025\/04\/image-12-300x216.png 300w\" sizes=\"(max-width: 430px) 100vw, 430px\" \/><\/figure>\n\n\n\n<p><strong>Europejska Karta Naukowca <\/strong>oraz <strong>Kodeks Post\u0119powania przy rekrutacji pracownik\u00f3w naukowych<\/strong> opisuje prawa i obowi\u0105zki, jakim podlegaj\u0105 zar\u00f3wno naukowcy, jak i instytucje ich zatrudniaj\u0105ce oraz organizacje zapewniaj\u0105ce finansowanie bada\u0144 naukowych oraz zasady rekrutacji naukowc\u00f3w, kt\u00f3rych instytucje-pracodawcy powinny przestrzega\u0107, zapewniaj\u0105c r\u00f3wne traktowanie pracownikom naukowym zatrudnianym w Europie.<\/p>\n\n\n\n<p><a href=\"http:\/\/cdn5.euraxess.org\/sites\/default\/files\/domains\/pl\/karta_i_kodeks_broszura_pl.pdf\" target=\"_blank\" rel=\"noreferrer noopener\">Europejska Karta Naukowca<\/a> (plik PDF, 867kB)<\/p>\n\n\n\n<p><a href=\"http:\/\/cdn5.euraxess.org\/sites\/default\/files\/domains\/pl\/karta_i_kodeks_broszura_pl.pdf\" target=\"_blank\" rel=\"noreferrer noopener\">Kodeks Post\u0119powania przy rekrutacji pracownik\u00f3w naukowych<\/a> (plik PDF, 867kB)<\/p>\n\n\n\n<p><a href=\"https:\/\/www.piwet.pulawy.pl\/wp-content\/uploads\/2025\/08\/Deklaracja-poparcia-dla-zapisow-Karty-i-Kodeksu-podpisana-przez-Dyrektora-PIWet-PIB.pdf\">Deklaracja poparcia dla zapis\u00f3w Karty i Kodeksu podpisana przez Dyrektora PIWet-PIB<\/a> (plik PDF, 246kB)<\/p>\n\n\n\n<p><a href=\"https:\/\/www.piwet.pulawy.pl\/wp-content\/uploads\/2025\/08\/Zalacznik-do-Zarzadzenia-Nr-49_2024-Dyrektora-PIWet-PIB-z-dnia-4-listopada-2024-r.-Regulamin-zatrudniania-na-stanowiska-naukowe-i-badawczo-technic-.pdf\">Zasady rekrutacji na stanowiska naukowe w Pa\u0144stwowym Instytucie Weterynaryjnym \u2014 Pa\u0144stwowym Instytucie Badawczym (Zarz\u0105dzenie nr 49\/2024) <\/a>(plik PDF, 5MB)<\/p>\n\n\n\n<p><a href=\"https:\/\/www.piwet.pulawy.pl\/wp-content\/uploads\/2025\/08\/Zalacznik-do-Zarzadzenia-nr-50_2024-Dyrektora-PIWet-PIB-w-Pulawach-z-dnia-4-listopada-2024-r.-Regulamin-awansowania-pracownikow-zatrudnionych-na-.pdf\">Regulamin awansowania na stanowiska naukowe w Pa\u0144stwowym Instytucie Weterynaryjnym \u2014 Pa\u0144stwowym Instytucie Badawczymw Pu\u0142awach (Zarz\u0105dzenie 50\/2024) <\/a>(plik PDF, 2MB)<\/p>\n\n\n\n<p><a href=\"https:\/\/www.piwet.pulawy.pl\/wp-content\/uploads\/2025\/08\/Polityka-otwartych-przejrzystych-i-opartych-o-kompetencje-kandydata-zasad-rekrutacji-OTM-R-dla-pracownikow-naukowych-w-Panstwowym-Instytucie-Weterynaryjnym-\u2014-Panstwowym-Instytucie-Badawczym.pdf\">Polityka otwartych przejrzystych i opartych o kompetencje kandydata zasad rekrutacji (OTM-R) dla pracownik\u00f3w naukowych w Pa\u0144stwowym Instytucie Weterynaryjnym\u00a0\u2014\u00a0Pa\u0144stwowym Instytucie Badawczym <\/a>(plik PDF, 62.1kB)<\/p>\n\n\n\n<p><a href=\"https:\/\/euraxess.ec.europa.eu\/jobs\/hrs4r#show_POLAND\" target=\"_blank\" rel=\"noreferrer noopener\">Lista polskich instytucji, kt\u00f3re otrzyma\u0142y wyr\u00f3\u017cnienia HR<\/a><\/p>\n\n\n\n<p style=\"font-size:16px\"><\/p>\n","protected":false},"excerpt":{"rendered":"<p>Europejska Karta Naukowca oraz Kodeks Post\u0119powania przy rekrutacji pracownik\u00f3w naukowych opisuje prawa i obowi\u0105zki, jakim podlegaj\u0105 zar\u00f3wno naukowcy, jak i instytucje ich zatrudniaj\u0105ce oraz organizacje zapewniaj\u0105ce finansowanie bada\u0144 naukowych oraz zasady rekrutacji naukowc\u00f3w, kt\u00f3rych instytucje-pracodawcy powinny przestrzega\u0107, zapewniaj\u0105c r\u00f3wne traktowanie pracownikom naukowym zatrudnianym w Europie. Europejska Karta Naukowca (plik PDF, 867kB) Kodeks Post\u0119powania przy rekrutacji [&hellip;]<\/p>\n","protected":false},"author":2,"featured_media":0,"parent":0,"menu_order":0,"comment_status":"closed","ping_status":"closed","template":"fullwidth-page.php","meta":{"footnotes":""},"class_list":["post-455","page","type-page","status-publish","hentry"],"rttpg_featured_image_url":null,"rttpg_author":{"display_name":"Marta Antas","author_link":"https:\/\/www.piwet.pulawy.pl\/en\/author\/mantas\/"},"rttpg_comment":0,"rttpg_category":false,"rttpg_excerpt":"Europejska Karta Naukowca oraz Kodeks Post\u0119powania przy rekrutacji pracownik\u00f3w naukowych opisuje prawa i obowi\u0105zki, jakim podlegaj\u0105 zar\u00f3wno naukowcy, jak i instytucje ich zatrudniaj\u0105ce oraz organizacje zapewniaj\u0105ce finansowanie bada\u0144 naukowych oraz zasady rekrutacji naukowc\u00f3w, kt\u00f3rych instytucje-pracodawcy powinny przestrzega\u0107, zapewniaj\u0105c r\u00f3wne traktowanie pracownikom naukowym zatrudnianym w Europie. Europejska Karta Naukowca (plik PDF, 867kB) Kodeks Post\u0119powania przy rekrutacji&hellip;","_links":{"self":[{"href":"https:\/\/www.piwet.pulawy.pl\/en\/wp-json\/wp\/v2\/pages\/455","targetHints":{"allow":["GET"]}}],"collection":[{"href":"https:\/\/www.piwet.pulawy.pl\/en\/wp-json\/wp\/v2\/pages"}],"about":[{"href":"https:\/\/www.piwet.pulawy.pl\/en\/wp-json\/wp\/v2\/types\/page"}],"author":[{"embeddable":true,"href":"https:\/\/www.piwet.pulawy.pl\/en\/wp-json\/wp\/v2\/users\/2"}],"replies":[{"embeddable":true,"href":"https:\/\/www.piwet.pulawy.pl\/en\/wp-json\/wp\/v2\/comments?post=455"}],"version-history":[{"count":12,"href":"https:\/\/www.piwet.pulawy.pl\/en\/wp-json\/wp\/v2\/pages\/455\/revisions"}],"predecessor-version":[{"id":2663,"href":"https:\/\/www.piwet.pulawy.pl\/en\/wp-json\/wp\/v2\/pages\/455\/revisions\/2663"}],"wp:attachment":[{"href":"https:\/\/www.piwet.pulawy.pl\/en\/wp-json\/wp\/v2\/media?parent=455"}],"curies":[{"name":"wp","href":"https:\/\/api.w.org\/{rel}","templated":true}]}}