{"id":4466,"date":"2025-05-19T15:01:34","date_gmt":"2025-05-19T13:01:34","guid":{"rendered":"https:\/\/www.piwet.pulawy.pl\/department-of-bacteriology-and-bacterial-animal-diseases-department-description\/"},"modified":"2026-02-26T11:06:43","modified_gmt":"2026-02-26T10:06:43","slug":"department-of-bacteriology-and-bacterial-animal-diseases-department-description","status":"publish","type":"page","link":"https:\/\/www.piwet.pulawy.pl\/en\/department-of-bacteriology-and-bacterial-animal-diseases-department-description\/","title":{"rendered":"Department of Bacteriology and Bacterial Animal Diseases &#8211; department description"},"content":{"rendered":"\n<figure class=\"wp-block-image size-large is-resized\"><img fetchpriority=\"high\" decoding=\"async\" width=\"1024\" height=\"341\" src=\"https:\/\/172.25.0.6\/wp-content\/uploads\/2025\/05\/DBB-1-1024x341.jpg\" alt=\"\" class=\"wp-image-1020\" style=\"width:490px;height:auto\" srcset=\"https:\/\/www.piwet.pulawy.pl\/wp-content\/uploads\/2025\/05\/DBB-1-1024x341.jpg 1024w, https:\/\/www.piwet.pulawy.pl\/wp-content\/uploads\/2025\/05\/DBB-1-300x100.jpg 300w, https:\/\/www.piwet.pulawy.pl\/wp-content\/uploads\/2025\/05\/DBB-1-768x256.jpg 768w, https:\/\/www.piwet.pulawy.pl\/wp-content\/uploads\/2025\/05\/DBB-1-1536x511.jpg 1536w, https:\/\/www.piwet.pulawy.pl\/wp-content\/uploads\/2025\/05\/DBB-1.jpg 1790w\" sizes=\"(max-width: 1024px) 100vw, 1024px\" \/><\/figure>\n\n<p><\/p>\n\n<p style=\"font-size:16px\"><strong>Head: Professor Krzysztof Szulowski, DVM, PhD, ScD<\/strong><br\/>email: <a href=\"mailto:kszjanow@piwet.pulawy.pl\">kszjanow@piwet.pulawy.pl<\/a> <br\/>tel: <a href=\"tel:818893019\">81 889 30 19<\/a><\/p>\n\n<p style=\"font-size:16px\"><strong>Deputy Head: Professor Dariusz Bednarek, DVM, PhD, ScD<\/strong><br\/>email: <a href=\"mailto:dbednarek@piwet.pulawy.pl\">dbednarek@piwet.pulawy.pl<\/a> <br\/>tel: <a href=\"tel:818893098\">81 889 30 98<\/a><\/p>\n\n<p style=\"font-size:16px\">Secretariat<br\/>email: <a href=\"mailto:malgorzata.zarzycka@piwet.pulawy.pl\">malgorzata.zarzycka@piwet.pulawy.pl<\/a> <br\/>tel: <a href=\"tel:818893017\">81 889 3017<\/a><\/p>\n\n<p style=\"font-size:16px\"><strong>Research profile of the Department:<\/strong><br\/>Research on the diagnosis, control, and epidemiology of bacterial diseases of animals, including zoonoses; studies on bacterial resistance to antimicrobial agents; development and improvement of research methods \u2013 serological, microbiological, and molecular \u2013 in the field of bacterial diseases of animals. <br\/>Reference activities in the diagnosis of salmonellosis (in the aspect of zoonotic diseases), brucellosis, bovine tuberculosis, paratuberculosis, anthrax, listeriosis, glanders, tularemia, contagious equine metritis, Q fever, chlamydiosis, blackleg in cattle, contagious bovine pleuropneumonia, contagious agalactia of sheep and goats, borreliosis, avian mycoplasmosis, leptospirosis, antimicrobial resistance: Salmonella spp. and Escherichia coli.<br\/>Service activities: serological testing for bacterial diseases of animals: brucellosis, glanders, listeriosis, paratuberculosis, mycoplasmoses of cattle, poultry, swine, avian ornithobacteriosis, canine borreliosis, leptospirosis, detection of bacterial pathogens in biological material from animals, detection of genetic material of bacterial pathogens.<br\/>Activities for OMCL purposes: preliminary batch control of immunological veterinary medicinal products, including tuberculins, qualitative testing of immunological veterinary medicinal products in the area of biological testing \u2013 sterility, qualitative testing of tuberculins.<br\/>Preparation of opinions for in vitro diagnostic devices used in veterinary medicine, expert assessments, risk assessment reports for public administration authorities.<br\/>Participation in expert and international bodies.<br\/>Training and educational activities: training in bacterial diseases of animals and antimicrobial resistance for veterinary inspection staff and agricultural advisory centers, training of students and pupils (summer and vocational internships) in laboratory diagnostics of bacterial diseases, scientific supervision of doctoral candidates.<\/p>\n\n<p style=\"font-size:20px\"><strong><strong><u>Research Teams<\/u><\/strong><\/strong><\/p>\n\n<p style=\"font-size:16px\"><strong>Multi-species Animal Diseases<\/strong><br\/>Team Leader: Agnieszka K\u0119drak-Jab\u0142o\u0144ska, DVM, PhD<br\/>email: <a href=\"mailto:akedrak@piwet.pulawy.pl\">akedrak@piwet.pulawy.pl<\/a> <br\/>tel: <a href=\"tel:818893026\">81 889 3026<\/a><br\/>Research profile of the team:<br\/>Research on the diagnosis, control, and epidemiology of bacterial diseases of animals, including brucellosis, listeriosis, anthrax, bovine tuberculosis, bovine paratuberculosis, glanders, contagious equine metritis, and tularemia.<\/p>\n\n<p style=\"font-size:16px\"><strong>Salmonellosis and Antimicrobial Resistance<\/strong><br\/>Team Leader: Professor Dariusz Wasyl,DVM, PhD, ScD<br\/>email: <a href=\"mailto:wasyl@piwet.pulawy.pl\">wasyl@piwet.pulawy.pl<\/a><br\/>tel: <a href=\"tel:818893020\">81 889 3020<\/a><br\/>Research profile of the team:<br\/>Research on the diagnosis and epidemiology of Salmonella infections and antimicrobial-resistant bacteria in a One Health approach, with a focus on zoonotic and environmental aspects.<\/p>\n\n<p style=\"font-size:16px\">Diseases of Cattle and Poultry<br\/>Team Leader: Grzegorz Tomczyk, DVM, PhD, ScD, Professor of the Institute <br\/>email: <a href=\"mailto:gtomczyk@piwet.pulawy.pl\">gtomczyk@piwet.pulawy.pl<\/a> <br\/>tel: <a href=\"tel:818893066\">81 889 3066<\/a><br\/>Research profile of the team:<br\/>Research on the diagnosis, control, and epidemiology of Q fever, chlamydiosis, blackleg in cattle, borreliosis, tick-borne encephalitis, monocytic ehrlichiosis, granulocytic anaplasmosis, contagious bovine pleuropneumonia (CBPP), contagious agalactia of sheep and goats (CA), bovine respiratory disease complex (BRDC), and infections caused by Mycoplasma bovis and other mycoplasmas of domestic and wild ruminants, as well as bacterial diseases of birds, including mycoplasmoses of the respiratory, reproductive, and locomotor systems of poultry.<\/p>\n\n<p><\/p>\n\n<p style=\"font-size:16px\"><strong>Swine Diseases<\/strong><br\/>Team Leader: Jacek \u017bmudzki, DVM, PhD, ScD, Professor of the Institute <br\/>email: <a href=\"mailto:jaca@piwet.pulawy.pl\">jaca@piwet.pulawy.pl<\/a> <br\/>tel: <a href=\"tel:818893041\">81 889 3041<\/a><br\/>Research profile of the team:<br\/>Research on the epidemiology, diagnosis, prevention, and control of bacterial diseases of swine, including leptospirosis and other bacterial infections of pigs: Lawsonia intracellularis, Brachyspira hyodysenteriae, Mycoplasma hyopneumoniae, Glaesserella parasuis (Haemophilus parasuis), Escherichia coli, Pasteurella multocida, Clostridium perfringens, Bordetella bronchiseptica, Erysipelothrix rhusiopathiae, Actinobacillus pleuropneumoniae, Streptococcus suis, Salmonella spp.<\/p>\n\n<p><\/p>\n","protected":false},"excerpt":{"rendered":"<p>Head: Professor Krzysztof Szulowski, DVM, PhD, ScDemail: kszjanow@piwet.pulawy.pl tel: 81 889 30 19 Deputy Head: Professor Dariusz Bednarek, DVM, PhD, ScDemail: dbednarek@piwet.pulawy.pl tel: 81 889 30 98 Secretariatemail: malgorzata.zarzycka@piwet.pulawy.pl tel: 81 889 3017 Research profile of the Department:Research on the diagnosis, control, and epidemiology of bacterial diseases of animals, including zoonoses; studies on bacterial resistance [&hellip;]<\/p>\n","protected":false},"author":2,"featured_media":0,"parent":0,"menu_order":0,"comment_status":"closed","ping_status":"closed","template":"fullwidth-page.php","meta":{"footnotes":""},"class_list":["post-4466","page","type-page","status-publish","hentry"],"rttpg_featured_image_url":null,"rttpg_author":{"display_name":"Marta Antas","author_link":"https:\/\/www.piwet.pulawy.pl\/en\/author\/mantas\/"},"rttpg_comment":0,"rttpg_category":false,"rttpg_excerpt":"Head: Professor Krzysztof Szulowski, DVM, PhD, ScDemail: kszjanow@piwet.pulawy.pl tel: 81 889 30 19 Deputy Head: Professor Dariusz Bednarek, DVM, PhD, ScDemail: dbednarek@piwet.pulawy.pl tel: 81 889 30 98 Secretariatemail: malgorzata.zarzycka@piwet.pulawy.pl tel: 81 889 3017 Research profile of the Department:Research on the diagnosis, control, and epidemiology of bacterial diseases of animals, including zoonoses; studies on bacterial resistance&hellip;","_links":{"self":[{"href":"https:\/\/www.piwet.pulawy.pl\/en\/wp-json\/wp\/v2\/pages\/4466","targetHints":{"allow":["GET"]}}],"collection":[{"href":"https:\/\/www.piwet.pulawy.pl\/en\/wp-json\/wp\/v2\/pages"}],"about":[{"href":"https:\/\/www.piwet.pulawy.pl\/en\/wp-json\/wp\/v2\/types\/page"}],"author":[{"embeddable":true,"href":"https:\/\/www.piwet.pulawy.pl\/en\/wp-json\/wp\/v2\/users\/2"}],"replies":[{"embeddable":true,"href":"https:\/\/www.piwet.pulawy.pl\/en\/wp-json\/wp\/v2\/comments?post=4466"}],"version-history":[{"count":3,"href":"https:\/\/www.piwet.pulawy.pl\/en\/wp-json\/wp\/v2\/pages\/4466\/revisions"}],"predecessor-version":[{"id":4474,"href":"https:\/\/www.piwet.pulawy.pl\/en\/wp-json\/wp\/v2\/pages\/4466\/revisions\/4474"}],"wp:attachment":[{"href":"https:\/\/www.piwet.pulawy.pl\/en\/wp-json\/wp\/v2\/media?parent=4466"}],"curies":[{"name":"wp","href":"https:\/\/api.w.org\/{rel}","templated":true}]}}