{"id":4457,"date":"2025-05-29T10:08:14","date_gmt":"2025-05-29T08:08:14","guid":{"rendered":"https:\/\/www.piwet.pulawy.pl\/80th-anniversary-of-piwet-pib\/"},"modified":"2026-02-25T12:15:55","modified_gmt":"2026-02-25T11:15:55","slug":"80th-anniversary-of-piwet-pib","status":"publish","type":"page","link":"https:\/\/www.piwet.pulawy.pl\/en\/80th-anniversary-of-piwet-pib\/","title":{"rendered":"80th Anniversary of PIWet-PIB"},"content":{"rendered":"\n<figure class=\"wp-block-image size-full\"><img fetchpriority=\"high\" decoding=\"async\" width=\"969\" height=\"395\" src=\"https:\/\/www.piwet.pulawy.pl\/wp-content\/uploads\/2025\/05\/image-12.png\" alt=\"\" class=\"wp-image-1294\" srcset=\"https:\/\/www.piwet.pulawy.pl\/wp-content\/uploads\/2025\/05\/image-12.png 969w, https:\/\/www.piwet.pulawy.pl\/wp-content\/uploads\/2025\/05\/image-12-300x122.png 300w, https:\/\/www.piwet.pulawy.pl\/wp-content\/uploads\/2025\/05\/image-12-768x313.png 768w\" sizes=\"(max-width: 969px) 100vw, 969px\" \/><\/figure>\n\n<p><\/p>\n\n<p>On June 6, 2025, celebrations were held for the 80th anniversary of the establishment of the National Veterinary Research Institute in Pu\u0142awy. <\/p>\n\n<p>The Jubilee was held under the honorary patronage of the President of the Republic of Poland, on whose behalf Professor Dariusz Dudek Dariusz Dudek, Advisor to the President, awarded 14 employees of the Institute with Crosses of Merit: The Gold Cross of Merit was awarded to: Professor Krzysztof Kwiatek and Professor Andrzej Posyniak. <strong>The Silver Cross of Merit was awarded to<\/strong>: Professor Dariusz Jan Bednarek Professor Tomasz Cencek Professor Miros\u0142aw Pawe\u0142 Polak Professor Micha\u0142 Reichert Professor Jerzy Rola and Dr. Grzegorz Tomczyk, Institute Professor<strong>. The Bronze Cross of Merit was awarded to: <\/strong>  Professor Katarzyna Doma\u0144ska-Blicharz, Dr. Wojciech Kozdru\u0144, Institute Professor, Dr. Jolanta Gra\u017cyna Rola, Institute Professor   Professor Artur Rze\u017cutka, Dr. Krzysztof \u015amietanka, Institute Professor, and Prof.  dr hab. Dariusz Wasyl.<\/p>\n\n<p>Dr. Czes\u0142aw Siekierski \u2013 Minister of Agriculture and Rural Development, participated in the celebrations. The Minister thanked the employees of PIWet-PIB for their dedication and hard work, which has a real impact on the food and health safety of all Poles. He wished the Institute many more years of success, innovation, and development \u2013 to continue to be a model of professionalism and pioneering scientific activity. On the occasion of the jubilee, the head of the Ministry of Agriculture awarded the <strong>honorary badge &#8220;Meritorious for Agriculture&#8221;<\/strong> to 14 PIWet-PIB employees: Dr. Jan \u017belazny, M.Sc. Ma\u0142gorzata B\u0105k, Dr. Ma\u0142gorzata Lisiowska, Dr. Marcin Smreczak, Institute Professor, Dr. Magdalena Larska, Institute Professor, Dr. Andrzej Fitzner, Institute Professor, Dr. Marzena Rola-\u0141uszczak, Institute Professor, Dr. Katarzyna Podg\u00f3rska, Dr. Jacek Karamon, Institute Professor, Prof.                  dr hab. Kamila Mitrowska, M.Sc. Wac\u0142aw Dutkiewicz, M.Sc. Agata Wawer, M.Sc. Monika Banaszek-Urban, and Eng. Adrian Skorupski. The Director of the Institute, Prof.     dr hab. Stanis\u0142aw Winiarczyk, delivered a lecture on the history, present day, and the plans and challenges facing the institution. The Director honored employees with the longest tenure with diplomas of recognition. <\/p>\n\n<p>The ceremony was an opportunity to open the Institute&#8217;s newest investment \u2013 a conventional animal facility, which was inaugurated by the Secretary of State at the Ministry of Agriculture and Rural Development, Jacek Czerniak. The ceremony was also attended by the Director of the Department of Food Safety and Veterinary Medicine at the Ministry of Agriculture and Rural Development, Wojciech Wojtyra, the Deputy Director of the Department of Innovation, Digitalization, and Knowledge Transfer, Marcin Tomaszewski, as well as Dr. Krzysztof Ja\u017cd\u017cewski, the Chief Veterinary Officer, and numerous representatives of provincial and local authorities. Representatives of the National Chamber of Veterinary Medicine and Faculties of Veterinary Medicine from all over Poland were also present.  <\/p>\n\n<p>A lecture on food safety in the context of changes occurring in the modern world was delivered by EFSA representative Dr. Frank Verdonck.<\/p>\n\n<p><\/p>\n\n<p><\/p>\n\n<p style=\"font-size:16px\"><\/p>\n\n<figure class=\"wp-block-gallery has-nested-images columns-default is-cropped wp-block-gallery-1 is-layout-flex wp-block-gallery-is-layout-flex\">\n<figure class=\"wp-block-image size-large\"><img decoding=\"async\" width=\"1024\" height=\"683\" data-id=\"1871\" src=\"https:\/\/www.piwet.pulawy.pl\/wp-content\/uploads\/2025\/06\/wn.file_.00005107.51b6c874fec4e4df55a63c1efe24199295f2589e-1024x683.jpg\" alt=\"\" class=\"wp-image-1871\" srcset=\"https:\/\/www.piwet.pulawy.pl\/wp-content\/uploads\/2025\/06\/wn.file_.00005107.51b6c874fec4e4df55a63c1efe24199295f2589e-1024x683.jpg 1024w, https:\/\/www.piwet.pulawy.pl\/wp-content\/uploads\/2025\/06\/wn.file_.00005107.51b6c874fec4e4df55a63c1efe24199295f2589e-300x200.jpg 300w, https:\/\/www.piwet.pulawy.pl\/wp-content\/uploads\/2025\/06\/wn.file_.00005107.51b6c874fec4e4df55a63c1efe24199295f2589e-768x512.jpg 768w, https:\/\/www.piwet.pulawy.pl\/wp-content\/uploads\/2025\/06\/wn.file_.00005107.51b6c874fec4e4df55a63c1efe24199295f2589e-1536x1024.jpg 1536w, https:\/\/www.piwet.pulawy.pl\/wp-content\/uploads\/2025\/06\/wn.file_.00005107.51b6c874fec4e4df55a63c1efe24199295f2589e-2048x1366.jpg 2048w\" sizes=\"(max-width: 1024px) 100vw, 1024px\" \/><\/figure>\n\n\n\n<figure class=\"wp-block-image size-large\"><img decoding=\"async\" width=\"683\" height=\"1024\" data-id=\"1893\" src=\"https:\/\/www.piwet.pulawy.pl\/wp-content\/uploads\/2025\/06\/wn.file_.00005110.18e25c1d6c53fda1695ce0edbe739497fec0af11-1-683x1024.jpg\" alt=\"\" class=\"wp-image-1893\" srcset=\"https:\/\/www.piwet.pulawy.pl\/wp-content\/uploads\/2025\/06\/wn.file_.00005110.18e25c1d6c53fda1695ce0edbe739497fec0af11-1-683x1024.jpg 683w, https:\/\/www.piwet.pulawy.pl\/wp-content\/uploads\/2025\/06\/wn.file_.00005110.18e25c1d6c53fda1695ce0edbe739497fec0af11-1-200x300.jpg 200w, https:\/\/www.piwet.pulawy.pl\/wp-content\/uploads\/2025\/06\/wn.file_.00005110.18e25c1d6c53fda1695ce0edbe739497fec0af11-1-768x1152.jpg 768w, https:\/\/www.piwet.pulawy.pl\/wp-content\/uploads\/2025\/06\/wn.file_.00005110.18e25c1d6c53fda1695ce0edbe739497fec0af11-1-1024x1536.jpg 1024w, https:\/\/www.piwet.pulawy.pl\/wp-content\/uploads\/2025\/06\/wn.file_.00005110.18e25c1d6c53fda1695ce0edbe739497fec0af11-1.jpg 1167w\" sizes=\"(max-width: 683px) 100vw, 683px\" \/><\/figure>\n<\/figure>\n\n<p><\/p>\n\n<figure class=\"wp-block-gallery has-nested-images columns-default is-cropped wp-block-gallery-2 is-layout-flex wp-block-gallery-is-layout-flex\">\n<figure class=\"wp-block-image size-large\"><img loading=\"lazy\" decoding=\"async\" width=\"1024\" height=\"683\" data-id=\"1872\" src=\"https:\/\/www.piwet.pulawy.pl\/wp-content\/uploads\/2025\/06\/wn.file_.00005109.94f50977cfadb6b1d53fa2fcab084332d424d2b8-1024x683.jpg\" alt=\"\" class=\"wp-image-1872\" srcset=\"https:\/\/www.piwet.pulawy.pl\/wp-content\/uploads\/2025\/06\/wn.file_.00005109.94f50977cfadb6b1d53fa2fcab084332d424d2b8-1024x683.jpg 1024w, https:\/\/www.piwet.pulawy.pl\/wp-content\/uploads\/2025\/06\/wn.file_.00005109.94f50977cfadb6b1d53fa2fcab084332d424d2b8-300x200.jpg 300w, https:\/\/www.piwet.pulawy.pl\/wp-content\/uploads\/2025\/06\/wn.file_.00005109.94f50977cfadb6b1d53fa2fcab084332d424d2b8-768x512.jpg 768w, https:\/\/www.piwet.pulawy.pl\/wp-content\/uploads\/2025\/06\/wn.file_.00005109.94f50977cfadb6b1d53fa2fcab084332d424d2b8-1536x1024.jpg 1536w, https:\/\/www.piwet.pulawy.pl\/wp-content\/uploads\/2025\/06\/wn.file_.00005109.94f50977cfadb6b1d53fa2fcab084332d424d2b8-2048x1366.jpg 2048w\" sizes=\"(max-width: 1024px) 100vw, 1024px\" \/><\/figure>\n\n\n\n<figure class=\"wp-block-image size-large\"><img loading=\"lazy\" decoding=\"async\" width=\"1024\" height=\"683\" data-id=\"1874\" src=\"https:\/\/www.piwet.pulawy.pl\/wp-content\/uploads\/2025\/06\/wn.file_.00005111.ec6de4c24a50e4788b61a9b4346f8f3315afc723-1024x683.jpg\" alt=\"\" class=\"wp-image-1874\" srcset=\"https:\/\/www.piwet.pulawy.pl\/wp-content\/uploads\/2025\/06\/wn.file_.00005111.ec6de4c24a50e4788b61a9b4346f8f3315afc723-1024x683.jpg 1024w, https:\/\/www.piwet.pulawy.pl\/wp-content\/uploads\/2025\/06\/wn.file_.00005111.ec6de4c24a50e4788b61a9b4346f8f3315afc723-300x200.jpg 300w, https:\/\/www.piwet.pulawy.pl\/wp-content\/uploads\/2025\/06\/wn.file_.00005111.ec6de4c24a50e4788b61a9b4346f8f3315afc723-768x512.jpg 768w, https:\/\/www.piwet.pulawy.pl\/wp-content\/uploads\/2025\/06\/wn.file_.00005111.ec6de4c24a50e4788b61a9b4346f8f3315afc723-1536x1024.jpg 1536w, https:\/\/www.piwet.pulawy.pl\/wp-content\/uploads\/2025\/06\/wn.file_.00005111.ec6de4c24a50e4788b61a9b4346f8f3315afc723-2048x1366.jpg 2048w\" sizes=\"(max-width: 1024px) 100vw, 1024px\" \/><\/figure>\n<\/figure>\n\n<p><\/p>\n\n<p><\/p>\n\n<figure class=\"wp-block-gallery has-nested-images columns-default is-cropped wp-block-gallery-3 is-layout-flex wp-block-gallery-is-layout-flex\">\n<figure class=\"wp-block-image size-large\"><img loading=\"lazy\" decoding=\"async\" width=\"1024\" height=\"683\" data-id=\"1888\" src=\"https:\/\/www.piwet.pulawy.pl\/wp-content\/uploads\/2025\/06\/wn.file_.00005123.10594093386de500e04b3fdabcce7ec3ff556dc5-1024x683.jpg\" alt=\"\" class=\"wp-image-1888\" srcset=\"https:\/\/www.piwet.pulawy.pl\/wp-content\/uploads\/2025\/06\/wn.file_.00005123.10594093386de500e04b3fdabcce7ec3ff556dc5-1024x683.jpg 1024w, https:\/\/www.piwet.pulawy.pl\/wp-content\/uploads\/2025\/06\/wn.file_.00005123.10594093386de500e04b3fdabcce7ec3ff556dc5-300x200.jpg 300w, https:\/\/www.piwet.pulawy.pl\/wp-content\/uploads\/2025\/06\/wn.file_.00005123.10594093386de500e04b3fdabcce7ec3ff556dc5-768x512.jpg 768w, https:\/\/www.piwet.pulawy.pl\/wp-content\/uploads\/2025\/06\/wn.file_.00005123.10594093386de500e04b3fdabcce7ec3ff556dc5-1536x1024.jpg 1536w, https:\/\/www.piwet.pulawy.pl\/wp-content\/uploads\/2025\/06\/wn.file_.00005123.10594093386de500e04b3fdabcce7ec3ff556dc5-2048x1366.jpg 2048w\" sizes=\"(max-width: 1024px) 100vw, 1024px\" \/><\/figure>\n\n\n\n<figure class=\"wp-block-image size-large\"><img loading=\"lazy\" decoding=\"async\" width=\"1024\" height=\"683\" data-id=\"1875\" src=\"https:\/\/www.piwet.pulawy.pl\/wp-content\/uploads\/2025\/06\/wn.file_.00005112.b3138eb871419a1b90f7f275251f38b8ee2ae5bd-1024x683.jpg\" alt=\"\" class=\"wp-image-1875\" srcset=\"https:\/\/www.piwet.pulawy.pl\/wp-content\/uploads\/2025\/06\/wn.file_.00005112.b3138eb871419a1b90f7f275251f38b8ee2ae5bd-1024x683.jpg 1024w, https:\/\/www.piwet.pulawy.pl\/wp-content\/uploads\/2025\/06\/wn.file_.00005112.b3138eb871419a1b90f7f275251f38b8ee2ae5bd-300x200.jpg 300w, https:\/\/www.piwet.pulawy.pl\/wp-content\/uploads\/2025\/06\/wn.file_.00005112.b3138eb871419a1b90f7f275251f38b8ee2ae5bd-768x512.jpg 768w, https:\/\/www.piwet.pulawy.pl\/wp-content\/uploads\/2025\/06\/wn.file_.00005112.b3138eb871419a1b90f7f275251f38b8ee2ae5bd-1536x1024.jpg 1536w, https:\/\/www.piwet.pulawy.pl\/wp-content\/uploads\/2025\/06\/wn.file_.00005112.b3138eb871419a1b90f7f275251f38b8ee2ae5bd-2048x1366.jpg 2048w\" sizes=\"(max-width: 1024px) 100vw, 1024px\" \/><\/figure>\n<\/figure>\n\n<p><\/p>\n\n<p><\/p>\n\n<figure class=\"wp-block-gallery has-nested-images columns-default is-cropped wp-block-gallery-4 is-layout-flex wp-block-gallery-is-layout-flex\">\n<figure class=\"wp-block-image size-large\"><img loading=\"lazy\" decoding=\"async\" width=\"1024\" height=\"683\" data-id=\"1878\" src=\"https:\/\/www.piwet.pulawy.pl\/wp-content\/uploads\/2025\/06\/wn.file_.00005113.72a63f72e856d8ded49ee65077238a4ec8b5b453-1024x683.jpg\" alt=\"\" class=\"wp-image-1878\" srcset=\"https:\/\/www.piwet.pulawy.pl\/wp-content\/uploads\/2025\/06\/wn.file_.00005113.72a63f72e856d8ded49ee65077238a4ec8b5b453-1024x683.jpg 1024w, https:\/\/www.piwet.pulawy.pl\/wp-content\/uploads\/2025\/06\/wn.file_.00005113.72a63f72e856d8ded49ee65077238a4ec8b5b453-300x200.jpg 300w, https:\/\/www.piwet.pulawy.pl\/wp-content\/uploads\/2025\/06\/wn.file_.00005113.72a63f72e856d8ded49ee65077238a4ec8b5b453-768x512.jpg 768w, https:\/\/www.piwet.pulawy.pl\/wp-content\/uploads\/2025\/06\/wn.file_.00005113.72a63f72e856d8ded49ee65077238a4ec8b5b453-1536x1024.jpg 1536w, https:\/\/www.piwet.pulawy.pl\/wp-content\/uploads\/2025\/06\/wn.file_.00005113.72a63f72e856d8ded49ee65077238a4ec8b5b453-2048x1366.jpg 2048w\" sizes=\"(max-width: 1024px) 100vw, 1024px\" \/><\/figure>\n\n\n\n<figure class=\"wp-block-image size-large\"><img loading=\"lazy\" decoding=\"async\" width=\"1024\" height=\"683\" data-id=\"1879\" src=\"https:\/\/www.piwet.pulawy.pl\/wp-content\/uploads\/2025\/06\/wn.file_.00005114.ff46fb9456929dcae605bc34e61129cc8c9b98ed-1024x683.jpg\" alt=\"\" class=\"wp-image-1879\" srcset=\"https:\/\/www.piwet.pulawy.pl\/wp-content\/uploads\/2025\/06\/wn.file_.00005114.ff46fb9456929dcae605bc34e61129cc8c9b98ed-1024x683.jpg 1024w, https:\/\/www.piwet.pulawy.pl\/wp-content\/uploads\/2025\/06\/wn.file_.00005114.ff46fb9456929dcae605bc34e61129cc8c9b98ed-300x200.jpg 300w, https:\/\/www.piwet.pulawy.pl\/wp-content\/uploads\/2025\/06\/wn.file_.00005114.ff46fb9456929dcae605bc34e61129cc8c9b98ed-768x512.jpg 768w, https:\/\/www.piwet.pulawy.pl\/wp-content\/uploads\/2025\/06\/wn.file_.00005114.ff46fb9456929dcae605bc34e61129cc8c9b98ed-1536x1024.jpg 1536w, https:\/\/www.piwet.pulawy.pl\/wp-content\/uploads\/2025\/06\/wn.file_.00005114.ff46fb9456929dcae605bc34e61129cc8c9b98ed-2048x1366.jpg 2048w\" sizes=\"(max-width: 1024px) 100vw, 1024px\" \/><\/figure>\n<\/figure>\n\n<p><\/p>\n\n<figure class=\"wp-block-gallery has-nested-images columns-default is-cropped wp-block-gallery-5 is-layout-flex wp-block-gallery-is-layout-flex\">\n<figure class=\"wp-block-image size-large\"><img loading=\"lazy\" decoding=\"async\" width=\"1024\" height=\"854\" data-id=\"1880\" src=\"https:\/\/www.piwet.pulawy.pl\/wp-content\/uploads\/2025\/06\/wn.file_.00005115.d1c43a764c6793b50456cfb30df44434359f1b06-1024x854.jpg\" alt=\"\" class=\"wp-image-1880\" srcset=\"https:\/\/www.piwet.pulawy.pl\/wp-content\/uploads\/2025\/06\/wn.file_.00005115.d1c43a764c6793b50456cfb30df44434359f1b06-1024x854.jpg 1024w, https:\/\/www.piwet.pulawy.pl\/wp-content\/uploads\/2025\/06\/wn.file_.00005115.d1c43a764c6793b50456cfb30df44434359f1b06-300x250.jpg 300w, https:\/\/www.piwet.pulawy.pl\/wp-content\/uploads\/2025\/06\/wn.file_.00005115.d1c43a764c6793b50456cfb30df44434359f1b06-768x641.jpg 768w, https:\/\/www.piwet.pulawy.pl\/wp-content\/uploads\/2025\/06\/wn.file_.00005115.d1c43a764c6793b50456cfb30df44434359f1b06-1536x1281.jpg 1536w, https:\/\/www.piwet.pulawy.pl\/wp-content\/uploads\/2025\/06\/wn.file_.00005115.d1c43a764c6793b50456cfb30df44434359f1b06-2048x1708.jpg 2048w\" sizes=\"(max-width: 1024px) 100vw, 1024px\" \/><\/figure>\n\n\n\n<figure class=\"wp-block-image size-large\"><img loading=\"lazy\" decoding=\"async\" width=\"1024\" height=\"683\" data-id=\"1881\" src=\"https:\/\/www.piwet.pulawy.pl\/wp-content\/uploads\/2025\/06\/wn.file_.00005116.3fa79e5d234b35dc7ebdf6b9c4661bf621e96f8d-1024x683.jpg\" alt=\"\" class=\"wp-image-1881\" srcset=\"https:\/\/www.piwet.pulawy.pl\/wp-content\/uploads\/2025\/06\/wn.file_.00005116.3fa79e5d234b35dc7ebdf6b9c4661bf621e96f8d-1024x683.jpg 1024w, https:\/\/www.piwet.pulawy.pl\/wp-content\/uploads\/2025\/06\/wn.file_.00005116.3fa79e5d234b35dc7ebdf6b9c4661bf621e96f8d-300x200.jpg 300w, https:\/\/www.piwet.pulawy.pl\/wp-content\/uploads\/2025\/06\/wn.file_.00005116.3fa79e5d234b35dc7ebdf6b9c4661bf621e96f8d-768x512.jpg 768w, https:\/\/www.piwet.pulawy.pl\/wp-content\/uploads\/2025\/06\/wn.file_.00005116.3fa79e5d234b35dc7ebdf6b9c4661bf621e96f8d-1536x1024.jpg 1536w, https:\/\/www.piwet.pulawy.pl\/wp-content\/uploads\/2025\/06\/wn.file_.00005116.3fa79e5d234b35dc7ebdf6b9c4661bf621e96f8d-2048x1366.jpg 2048w\" sizes=\"(max-width: 1024px) 100vw, 1024px\" \/><\/figure>\n<\/figure>\n\n<p><\/p>\n\n<figure class=\"wp-block-gallery has-nested-images columns-default is-cropped wp-block-gallery-6 is-layout-flex wp-block-gallery-is-layout-flex\">\n<figure class=\"wp-block-image size-large\"><img loading=\"lazy\" decoding=\"async\" width=\"1024\" height=\"683\" data-id=\"1882\" src=\"https:\/\/www.piwet.pulawy.pl\/wp-content\/uploads\/2025\/06\/wn.file_.00005117.4aa80d7f5db8cfbbfa490f3791870533904d9cf1-1024x683.jpg\" alt=\"\" class=\"wp-image-1882\" srcset=\"https:\/\/www.piwet.pulawy.pl\/wp-content\/uploads\/2025\/06\/wn.file_.00005117.4aa80d7f5db8cfbbfa490f3791870533904d9cf1-1024x683.jpg 1024w, https:\/\/www.piwet.pulawy.pl\/wp-content\/uploads\/2025\/06\/wn.file_.00005117.4aa80d7f5db8cfbbfa490f3791870533904d9cf1-300x200.jpg 300w, https:\/\/www.piwet.pulawy.pl\/wp-content\/uploads\/2025\/06\/wn.file_.00005117.4aa80d7f5db8cfbbfa490f3791870533904d9cf1-768x512.jpg 768w, https:\/\/www.piwet.pulawy.pl\/wp-content\/uploads\/2025\/06\/wn.file_.00005117.4aa80d7f5db8cfbbfa490f3791870533904d9cf1-1536x1024.jpg 1536w, https:\/\/www.piwet.pulawy.pl\/wp-content\/uploads\/2025\/06\/wn.file_.00005117.4aa80d7f5db8cfbbfa490f3791870533904d9cf1-2048x1366.jpg 2048w\" sizes=\"(max-width: 1024px) 100vw, 1024px\" \/><\/figure>\n\n\n\n<figure class=\"wp-block-image size-large\"><img loading=\"lazy\" decoding=\"async\" width=\"1024\" height=\"683\" data-id=\"1883\" src=\"https:\/\/www.piwet.pulawy.pl\/wp-content\/uploads\/2025\/06\/wn.file_.00005118.d5a52f7444942265bbb2edc4a66e0696202bf086-1024x683.jpg\" alt=\"\" class=\"wp-image-1883\" srcset=\"https:\/\/www.piwet.pulawy.pl\/wp-content\/uploads\/2025\/06\/wn.file_.00005118.d5a52f7444942265bbb2edc4a66e0696202bf086-1024x683.jpg 1024w, https:\/\/www.piwet.pulawy.pl\/wp-content\/uploads\/2025\/06\/wn.file_.00005118.d5a52f7444942265bbb2edc4a66e0696202bf086-300x200.jpg 300w, https:\/\/www.piwet.pulawy.pl\/wp-content\/uploads\/2025\/06\/wn.file_.00005118.d5a52f7444942265bbb2edc4a66e0696202bf086-768x512.jpg 768w, https:\/\/www.piwet.pulawy.pl\/wp-content\/uploads\/2025\/06\/wn.file_.00005118.d5a52f7444942265bbb2edc4a66e0696202bf086-1536x1024.jpg 1536w, https:\/\/www.piwet.pulawy.pl\/wp-content\/uploads\/2025\/06\/wn.file_.00005118.d5a52f7444942265bbb2edc4a66e0696202bf086-2048x1366.jpg 2048w\" sizes=\"(max-width: 1024px) 100vw, 1024px\" \/><\/figure>\n<\/figure>\n\n<p><\/p>\n\n<figure class=\"wp-block-gallery has-nested-images columns-default is-cropped wp-block-gallery-7 is-layout-flex wp-block-gallery-is-layout-flex\">\n<figure class=\"wp-block-image size-large\"><img loading=\"lazy\" decoding=\"async\" width=\"1024\" height=\"683\" data-id=\"1884\" src=\"https:\/\/www.piwet.pulawy.pl\/wp-content\/uploads\/2025\/06\/wn.file_.00005119.df66df636bd528fbd5c52038dd6917a7a8b1f805-1024x683.jpg\" alt=\"\" class=\"wp-image-1884\" srcset=\"https:\/\/www.piwet.pulawy.pl\/wp-content\/uploads\/2025\/06\/wn.file_.00005119.df66df636bd528fbd5c52038dd6917a7a8b1f805-1024x683.jpg 1024w, https:\/\/www.piwet.pulawy.pl\/wp-content\/uploads\/2025\/06\/wn.file_.00005119.df66df636bd528fbd5c52038dd6917a7a8b1f805-300x200.jpg 300w, https:\/\/www.piwet.pulawy.pl\/wp-content\/uploads\/2025\/06\/wn.file_.00005119.df66df636bd528fbd5c52038dd6917a7a8b1f805-768x512.jpg 768w, https:\/\/www.piwet.pulawy.pl\/wp-content\/uploads\/2025\/06\/wn.file_.00005119.df66df636bd528fbd5c52038dd6917a7a8b1f805-1536x1024.jpg 1536w, https:\/\/www.piwet.pulawy.pl\/wp-content\/uploads\/2025\/06\/wn.file_.00005119.df66df636bd528fbd5c52038dd6917a7a8b1f805-2048x1366.jpg 2048w\" sizes=\"(max-width: 1024px) 100vw, 1024px\" \/><\/figure>\n\n\n\n<figure class=\"wp-block-image size-large\"><img loading=\"lazy\" decoding=\"async\" width=\"1024\" height=\"683\" data-id=\"1885\" src=\"https:\/\/www.piwet.pulawy.pl\/wp-content\/uploads\/2025\/06\/wn.file_.00005120.ec7aea454ced430b95207e1b1dde62f4eb60e13a-1024x683.jpg\" alt=\"\" class=\"wp-image-1885\" srcset=\"https:\/\/www.piwet.pulawy.pl\/wp-content\/uploads\/2025\/06\/wn.file_.00005120.ec7aea454ced430b95207e1b1dde62f4eb60e13a-1024x683.jpg 1024w, https:\/\/www.piwet.pulawy.pl\/wp-content\/uploads\/2025\/06\/wn.file_.00005120.ec7aea454ced430b95207e1b1dde62f4eb60e13a-300x200.jpg 300w, https:\/\/www.piwet.pulawy.pl\/wp-content\/uploads\/2025\/06\/wn.file_.00005120.ec7aea454ced430b95207e1b1dde62f4eb60e13a-768x512.jpg 768w, https:\/\/www.piwet.pulawy.pl\/wp-content\/uploads\/2025\/06\/wn.file_.00005120.ec7aea454ced430b95207e1b1dde62f4eb60e13a-1536x1024.jpg 1536w, https:\/\/www.piwet.pulawy.pl\/wp-content\/uploads\/2025\/06\/wn.file_.00005120.ec7aea454ced430b95207e1b1dde62f4eb60e13a-2048x1366.jpg 2048w\" sizes=\"(max-width: 1024px) 100vw, 1024px\" \/><\/figure>\n<\/figure>\n\n<p><\/p>\n\n<p><\/p>\n\n<figure class=\"wp-block-gallery has-nested-images columns-default is-cropped wp-block-gallery-8 is-layout-flex wp-block-gallery-is-layout-flex\"><\/figure>\n\n<figure class=\"wp-block-gallery has-nested-images columns-default is-cropped wp-block-gallery-9 is-layout-flex wp-block-gallery-is-layout-flex\">\n<figure class=\"wp-block-image size-large\"><img loading=\"lazy\" decoding=\"async\" width=\"1024\" height=\"683\" data-id=\"1887\" src=\"https:\/\/www.piwet.pulawy.pl\/wp-content\/uploads\/2025\/06\/wn.file_.00005122.36c48a4786eafadfbd56ad840ec7cba38d1e4367-1024x683.jpg\" alt=\"\" class=\"wp-image-1887\" srcset=\"https:\/\/www.piwet.pulawy.pl\/wp-content\/uploads\/2025\/06\/wn.file_.00005122.36c48a4786eafadfbd56ad840ec7cba38d1e4367-1024x683.jpg 1024w, https:\/\/www.piwet.pulawy.pl\/wp-content\/uploads\/2025\/06\/wn.file_.00005122.36c48a4786eafadfbd56ad840ec7cba38d1e4367-300x200.jpg 300w, https:\/\/www.piwet.pulawy.pl\/wp-content\/uploads\/2025\/06\/wn.file_.00005122.36c48a4786eafadfbd56ad840ec7cba38d1e4367-768x512.jpg 768w, https:\/\/www.piwet.pulawy.pl\/wp-content\/uploads\/2025\/06\/wn.file_.00005122.36c48a4786eafadfbd56ad840ec7cba38d1e4367-1536x1024.jpg 1536w, https:\/\/www.piwet.pulawy.pl\/wp-content\/uploads\/2025\/06\/wn.file_.00005122.36c48a4786eafadfbd56ad840ec7cba38d1e4367-2048x1366.jpg 2048w\" sizes=\"(max-width: 1024px) 100vw, 1024px\" \/><\/figure>\n\n\n\n<figure class=\"wp-block-image size-large\"><img loading=\"lazy\" decoding=\"async\" width=\"1024\" height=\"683\" data-id=\"1886\" src=\"https:\/\/www.piwet.pulawy.pl\/wp-content\/uploads\/2025\/06\/wn.file_.00005121.1a46245771102986256d3007e7c6fa04f51e3a15-1024x683.jpg\" alt=\"\" class=\"wp-image-1886\" srcset=\"https:\/\/www.piwet.pulawy.pl\/wp-content\/uploads\/2025\/06\/wn.file_.00005121.1a46245771102986256d3007e7c6fa04f51e3a15-1024x683.jpg 1024w, https:\/\/www.piwet.pulawy.pl\/wp-content\/uploads\/2025\/06\/wn.file_.00005121.1a46245771102986256d3007e7c6fa04f51e3a15-300x200.jpg 300w, https:\/\/www.piwet.pulawy.pl\/wp-content\/uploads\/2025\/06\/wn.file_.00005121.1a46245771102986256d3007e7c6fa04f51e3a15-768x512.jpg 768w, https:\/\/www.piwet.pulawy.pl\/wp-content\/uploads\/2025\/06\/wn.file_.00005121.1a46245771102986256d3007e7c6fa04f51e3a15-1536x1024.jpg 1536w, https:\/\/www.piwet.pulawy.pl\/wp-content\/uploads\/2025\/06\/wn.file_.00005121.1a46245771102986256d3007e7c6fa04f51e3a15-2048x1366.jpg 2048w\" sizes=\"(max-width: 1024px) 100vw, 1024px\" \/><\/figure>\n<\/figure>\n\n<p><\/p>\n\n<figure class=\"wp-block-image\"><img loading=\"lazy\" decoding=\"async\" width=\"1024\" height=\"683\" src=\"https:\/\/www.piwet.pulawy.pl\/wp-content\/uploads\/2025\/06\/wn.file_.00005124.f88269a2d0ad75d2ed6a16e785dc7eb334799276-1024x683.jpg\" alt=\"\" class=\"wp-image-1889\" srcset=\"https:\/\/www.piwet.pulawy.pl\/wp-content\/uploads\/2025\/06\/wn.file_.00005124.f88269a2d0ad75d2ed6a16e785dc7eb334799276-1024x683.jpg 1024w, https:\/\/www.piwet.pulawy.pl\/wp-content\/uploads\/2025\/06\/wn.file_.00005124.f88269a2d0ad75d2ed6a16e785dc7eb334799276-300x200.jpg 300w, https:\/\/www.piwet.pulawy.pl\/wp-content\/uploads\/2025\/06\/wn.file_.00005124.f88269a2d0ad75d2ed6a16e785dc7eb334799276-768x512.jpg 768w, https:\/\/www.piwet.pulawy.pl\/wp-content\/uploads\/2025\/06\/wn.file_.00005124.f88269a2d0ad75d2ed6a16e785dc7eb334799276-1536x1024.jpg 1536w, https:\/\/www.piwet.pulawy.pl\/wp-content\/uploads\/2025\/06\/wn.file_.00005124.f88269a2d0ad75d2ed6a16e785dc7eb334799276-2048x1366.jpg 2048w\" sizes=\"(max-width: 1024px) 100vw, 1024px\" \/><\/figure>\n\n<p><\/p>\n\n<figure class=\"wp-block-gallery has-nested-images columns-default is-cropped wp-block-gallery-10 is-layout-flex wp-block-gallery-is-layout-flex\"><\/figure>\n\n<p><\/p>\n\n<figure class=\"wp-block-image\"><img loading=\"lazy\" decoding=\"async\" width=\"1024\" height=\"683\" src=\"https:\/\/www.piwet.pulawy.pl\/wp-content\/uploads\/2025\/06\/wn.file_.00005127.639520ebf6f1d416ab86828dc373b4ec290626ed-1024x683.jpg\" alt=\"\" class=\"wp-image-1894\" srcset=\"https:\/\/www.piwet.pulawy.pl\/wp-content\/uploads\/2025\/06\/wn.file_.00005127.639520ebf6f1d416ab86828dc373b4ec290626ed-1024x683.jpg 1024w, https:\/\/www.piwet.pulawy.pl\/wp-content\/uploads\/2025\/06\/wn.file_.00005127.639520ebf6f1d416ab86828dc373b4ec290626ed-300x200.jpg 300w, https:\/\/www.piwet.pulawy.pl\/wp-content\/uploads\/2025\/06\/wn.file_.00005127.639520ebf6f1d416ab86828dc373b4ec290626ed-768x512.jpg 768w, https:\/\/www.piwet.pulawy.pl\/wp-content\/uploads\/2025\/06\/wn.file_.00005127.639520ebf6f1d416ab86828dc373b4ec290626ed-1536x1024.jpg 1536w, https:\/\/www.piwet.pulawy.pl\/wp-content\/uploads\/2025\/06\/wn.file_.00005127.639520ebf6f1d416ab86828dc373b4ec290626ed-2048x1366.jpg 2048w\" sizes=\"(max-width: 1024px) 100vw, 1024px\" \/><\/figure>\n","protected":false},"excerpt":{"rendered":"<p>On June 6, 2025, celebrations were held for the 80th anniversary of the establishment of the National Veterinary Research Institute in Pu\u0142awy. The Jubilee was held under the honorary patronage of the President of the Republic of Poland, on whose behalf Professor Dariusz Dudek Dariusz Dudek, Advisor to the President, awarded 14 employees of the [&hellip;]<\/p>\n","protected":false},"author":2,"featured_media":0,"parent":0,"menu_order":0,"comment_status":"closed","ping_status":"closed","template":"fullwidth-page.php","meta":{"footnotes":""},"class_list":["post-4457","page","type-page","status-publish","hentry"],"rttpg_featured_image_url":null,"rttpg_author":{"display_name":"Marta Antas","author_link":"https:\/\/www.piwet.pulawy.pl\/en\/author\/mantas\/"},"rttpg_comment":0,"rttpg_category":false,"rttpg_excerpt":"On June 6, 2025, celebrations were held for the 80th anniversary of the establishment of the National Veterinary Research Institute in Pu\u0142awy. The Jubilee was held under the honorary patronage of the President of the Republic of Poland, on whose behalf Professor Dariusz Dudek Dariusz Dudek, Advisor to the President, awarded 14 employees of the&hellip;","_links":{"self":[{"href":"https:\/\/www.piwet.pulawy.pl\/en\/wp-json\/wp\/v2\/pages\/4457","targetHints":{"allow":["GET"]}}],"collection":[{"href":"https:\/\/www.piwet.pulawy.pl\/en\/wp-json\/wp\/v2\/pages"}],"about":[{"href":"https:\/\/www.piwet.pulawy.pl\/en\/wp-json\/wp\/v2\/types\/page"}],"author":[{"embeddable":true,"href":"https:\/\/www.piwet.pulawy.pl\/en\/wp-json\/wp\/v2\/users\/2"}],"replies":[{"embeddable":true,"href":"https:\/\/www.piwet.pulawy.pl\/en\/wp-json\/wp\/v2\/comments?post=4457"}],"version-history":[{"count":1,"href":"https:\/\/www.piwet.pulawy.pl\/en\/wp-json\/wp\/v2\/pages\/4457\/revisions"}],"predecessor-version":[{"id":4460,"href":"https:\/\/www.piwet.pulawy.pl\/en\/wp-json\/wp\/v2\/pages\/4457\/revisions\/4460"}],"wp:attachment":[{"href":"https:\/\/www.piwet.pulawy.pl\/en\/wp-json\/wp\/v2\/media?parent=4457"}],"curies":[{"name":"wp","href":"https:\/\/api.w.org\/{rel}","templated":true}]}}