{"id":4441,"date":"2025-04-14T09:38:39","date_gmt":"2025-04-14T07:38:39","guid":{"rendered":"https:\/\/www.piwet.pulawy.pl\/about-the-institute\/management\/"},"modified":"2026-03-11T11:27:12","modified_gmt":"2026-03-11T10:27:12","slug":"management","status":"publish","type":"page","link":"https:\/\/www.piwet.pulawy.pl\/en\/about-the-institute\/management\/","title":{"rendered":"Management"},"content":{"rendered":"\n<div class=\"wp-block-group is-nowrap is-layout-flex wp-container-core-group-is-layout-ad2f72ca wp-block-group-is-layout-flex\">\n<figure class=\"wp-block-image size-full is-resized figure-img\"><img fetchpriority=\"high\" decoding=\"async\" width=\"430\" height=\"653\" src=\"https:\/\/www.piwet.pulawy.pl\/wp-content\/uploads\/2025\/05\/Prof-Winiarczyk.jpg\" alt=\"\" class=\"wp-image-1429\" style=\"width:134px;height:auto\" srcset=\"https:\/\/www.piwet.pulawy.pl\/wp-content\/uploads\/2025\/05\/Prof-Winiarczyk.jpg 430w, https:\/\/www.piwet.pulawy.pl\/wp-content\/uploads\/2025\/05\/Prof-Winiarczyk-198x300.jpg 198w\" sizes=\"(max-width: 430px) 100vw, 430px\" \/><\/figure>\n\n\n\n<div class=\"wp-block-group is-vertical is-layout-flex wp-container-core-group-is-layout-8cf370e7 wp-block-group-is-layout-flex\">\n<p style=\"font-size:17px;font-style:normal;font-weight:400\"><strong>DIRECTOR GENERAL<\/strong><\/p>\n\n\n\n<p style=\"font-size:17px;font-style:normal;font-weight:400\">Professor Stanis\u0142aw Winiarczyk, DVM, PhD, ScD, Dr h.c.<\/p>\n<\/div>\n<\/div>\n\n<p><\/p>\n\n<div class=\"wp-block-group is-nowrap is-layout-flex wp-container-core-group-is-layout-ad2f72ca wp-block-group-is-layout-flex\">\n<figure class=\"wp-block-image size-full is-resized figure-img\"><img decoding=\"async\" width=\"387\" height=\"577\" src=\"https:\/\/www.piwet.pulawy.pl\/wp-content\/uploads\/2025\/05\/Prof.-Polak-1.jpg\" alt=\"\" class=\"wp-image-1436\" style=\"width:133px;height:auto\" srcset=\"https:\/\/www.piwet.pulawy.pl\/wp-content\/uploads\/2025\/05\/Prof.-Polak-1.jpg 387w, https:\/\/www.piwet.pulawy.pl\/wp-content\/uploads\/2025\/05\/Prof.-Polak-1-201x300.jpg 201w\" sizes=\"(max-width: 387px) 100vw, 387px\" \/><\/figure>\n\n\n\n<div class=\"wp-block-group is-vertical is-layout-flex wp-container-core-group-is-layout-8cf370e7 wp-block-group-is-layout-flex\">\n<h5 class=\"wp-block-heading has-text-color has-link-color wp-elements-fe69c44c46504ad7e02d04651f3378c0\" style=\"color:#1a213e;font-size:17px;font-style:normal;font-weight:400\"><strong>DEPUTY DIRECTOR FOR RESEARCH <\/strong><\/h5>\n\n\n\n<p class=\"has-text-color has-link-color wp-elements-80a4bbc88b8d61147c2286bbda627ebc\" style=\"color:#1a213e;font-size:17px\">Professor Miros\u0142aw P. Polak, DVM, PhD, ScD<\/p>\n<\/div>\n<\/div>\n\n<p><\/p>\n\n<div class=\"wp-block-group is-nowrap is-layout-flex wp-container-core-group-is-layout-ad2f72ca wp-block-group-is-layout-flex\">\n<figure class=\"wp-block-image size-full is-resized figure-img\"><img decoding=\"async\" width=\"492\" height=\"640\" src=\"https:\/\/www.piwet.pulawy.pl\/wp-content\/uploads\/2025\/05\/Dyr-sosnowka-Tkaczyk.jpg\" alt=\"\" class=\"wp-image-1431\" style=\"width:133px;height:auto\" srcset=\"https:\/\/www.piwet.pulawy.pl\/wp-content\/uploads\/2025\/05\/Dyr-sosnowka-Tkaczyk.jpg 492w, https:\/\/www.piwet.pulawy.pl\/wp-content\/uploads\/2025\/05\/Dyr-sosnowka-Tkaczyk-231x300.jpg 231w\" sizes=\"(max-width: 492px) 100vw, 492px\" \/><\/figure>\n\n\n\n<div class=\"wp-block-group is-vertical is-layout-flex wp-container-core-group-is-layout-8cf370e7 wp-block-group-is-layout-flex\">\n<h5 class=\"wp-block-heading\" style=\"font-size:17px;font-style:normal;font-weight:400\"><strong>DEPUTY DIRECTOR FOR COOPERATION AND DEVELOPMENT <\/strong><\/h5>\n\n\n\n<p style=\"font-size:17px\">Ewa Sosn\u00f3wka-Tkaczyk, MSc, MBA<\/p>\n<\/div>\n<\/div>\n\n<div class=\"wp-block-group is-nowrap is-layout-flex wp-container-core-group-is-layout-ad2f72ca wp-block-group-is-layout-flex\">\n<h5 class=\"wp-block-heading\" style=\"font-size:17px;font-style:normal;font-weight:400\"><\/h5>\n<\/div>\n\n<p><\/p>\n\n<div class=\"wp-block-group is-nowrap is-layout-flex wp-container-core-group-is-layout-ad2f72ca wp-block-group-is-layout-flex\">\n<figure class=\"wp-block-image size-full is-resized figure-img\"><img loading=\"lazy\" decoding=\"async\" width=\"504\" height=\"646\" src=\"https:\/\/www.piwet.pulawy.pl\/wp-content\/uploads\/2025\/05\/M.Bak_.jpg\" alt=\"\" class=\"wp-image-1432\" style=\"width:133px;height:auto\" srcset=\"https:\/\/www.piwet.pulawy.pl\/wp-content\/uploads\/2025\/05\/M.Bak_.jpg 504w, https:\/\/www.piwet.pulawy.pl\/wp-content\/uploads\/2025\/05\/M.Bak_-234x300.jpg 234w\" sizes=\"(max-width: 504px) 100vw, 504px\" \/><\/figure>\n\n\n\n<p><strong>CHIEF ACCOUNTANT<\/strong><br\/>Ma\u0142gorzata B\u0105k, MSc<\/p>\n<\/div>\n\n<p><\/p>\n\n<p style=\"font-size:17px;font-style:normal;font-weight:400\"><strong>MANAGEMENT SECRETARIAT<\/strong><\/p>\n\n<p style=\"font-size:17px\">Tel: + 48 <a href=\"tel:+48%2081%20889%2032%2063\">81 889<\/a> <a href=\"tel:+48%2081%20889%2032%2063\">32 63<\/a><br\/><a href=\"https:\/\/www.piwet.pulawy.pl\/o_nas\/+48%2081%20889%2032%2065\">+48 81 889 32 65<\/a><br\/><a href=\"tel:818893320\">+48 81 889 33 20<\/a> <\/p>\n\n<p style=\"font-size:17px\"><a href=\"mailto:sekretariat@piwet.pulawy.pl\">sekretariat@piwet.pulawy.pl<\/a><\/p>\n\n<p><\/p>\n","protected":false},"excerpt":{"rendered":"<p>DIRECTOR GENERAL Professor Stanis\u0142aw Winiarczyk, DVM, PhD, ScD, Dr h.c. DEPUTY DIRECTOR FOR RESEARCH Professor Miros\u0142aw P. Polak, DVM, PhD, ScD DEPUTY DIRECTOR FOR COOPERATION AND DEVELOPMENT Ewa Sosn\u00f3wka-Tkaczyk, MSc, MBA CHIEF ACCOUNTANTMa\u0142gorzata B\u0105k, MSc MANAGEMENT SECRETARIAT Tel: + 48 81 889 32 63+48 81 889 32 65+48 81 889 33 20 sekretariat@piwet.pulawy.pl<\/p>\n","protected":false},"author":2,"featured_media":0,"parent":4323,"menu_order":0,"comment_status":"closed","ping_status":"closed","template":"fullwidth-page.php","meta":{"footnotes":""},"class_list":["post-4441","page","type-page","status-publish","hentry"],"rttpg_featured_image_url":null,"rttpg_author":{"display_name":"Marta Antas","author_link":"https:\/\/www.piwet.pulawy.pl\/en\/author\/mantas\/"},"rttpg_comment":0,"rttpg_category":false,"rttpg_excerpt":"DIRECTOR GENERAL Professor Stanis\u0142aw Winiarczyk, DVM, PhD, ScD, Dr h.c. DEPUTY DIRECTOR FOR RESEARCH Professor Miros\u0142aw P. Polak, DVM, PhD, ScD DEPUTY DIRECTOR FOR COOPERATION AND DEVELOPMENT Ewa Sosn\u00f3wka-Tkaczyk, MSc, MBA CHIEF ACCOUNTANTMa\u0142gorzata B\u0105k, MSc MANAGEMENT SECRETARIAT Tel: + 48 81 889 32 63+48 81 889 32 65+48 81 889 33 20 sekretariat@piwet.pulawy.pl","_links":{"self":[{"href":"https:\/\/www.piwet.pulawy.pl\/en\/wp-json\/wp\/v2\/pages\/4441","targetHints":{"allow":["GET"]}}],"collection":[{"href":"https:\/\/www.piwet.pulawy.pl\/en\/wp-json\/wp\/v2\/pages"}],"about":[{"href":"https:\/\/www.piwet.pulawy.pl\/en\/wp-json\/wp\/v2\/types\/page"}],"author":[{"embeddable":true,"href":"https:\/\/www.piwet.pulawy.pl\/en\/wp-json\/wp\/v2\/users\/2"}],"replies":[{"embeddable":true,"href":"https:\/\/www.piwet.pulawy.pl\/en\/wp-json\/wp\/v2\/comments?post=4441"}],"version-history":[{"count":7,"href":"https:\/\/www.piwet.pulawy.pl\/en\/wp-json\/wp\/v2\/pages\/4441\/revisions"}],"predecessor-version":[{"id":4832,"href":"https:\/\/www.piwet.pulawy.pl\/en\/wp-json\/wp\/v2\/pages\/4441\/revisions\/4832"}],"up":[{"embeddable":true,"href":"https:\/\/www.piwet.pulawy.pl\/en\/wp-json\/wp\/v2\/pages\/4323"}],"wp:attachment":[{"href":"https:\/\/www.piwet.pulawy.pl\/en\/wp-json\/wp\/v2\/media?parent=4441"}],"curies":[{"name":"wp","href":"https:\/\/api.w.org\/{rel}","templated":true}]}}