{"id":4155,"date":"2026-01-20T12:05:18","date_gmt":"2026-01-20T11:05:18","guid":{"rendered":"https:\/\/www.piwet.pulawy.pl\/?page_id=4155"},"modified":"2026-01-20T12:05:35","modified_gmt":"2026-01-20T11:05:35","slug":"choroba-niebieskiego-jezyka-bluetongue-bt","status":"publish","type":"page","link":"https:\/\/www.piwet.pulawy.pl\/en\/choroba-niebieskiego-jezyka-bluetongue-bt\/","title":{"rendered":"Choroba niebieskiego j\u0119zyka &#8211; Bluetongue (BT)"},"content":{"rendered":"\n<p style=\"font-size:22px\"><strong>Choroba niebieskiego j\u0119zyka &#8211; Bluetongue (BT)<\/strong><\/p>\n\n\n\n<p style=\"font-size:18px\"><a href=\"https:\/\/wdev.piwet.pulawy.pl\/wp-content\/uploads\/2026\/01\/Choroba-niebieskiego-jezyka-PIWet-PIB-18.11.2025.pdf\" target=\"_blank\" rel=\"noreferrer noopener\">Ulotka informacyjna PIWet-PIB na temat choroby niebieskiego j\u0119zyka do pobrania<\/a> <\/p>\n\n\n\n<p style=\"font-size:18px\"><a href=\"https:\/\/www.wetgiw.gov.pl\/nadzor-weterynaryjny\/przepisy-prawne-dotyczace-choroby-niebieskiego-jezyka\" target=\"_blank\" rel=\"noopener\">Przepisy prawne dotycz\u0105ce choroby niebieskiego j\u0119zyka<\/a> (GIW)<\/p>\n\n\n\n<p style=\"font-size:18px\"><a href=\"https:\/\/www.wetgiw.gov.pl\/nadzor-weterynaryjny\/bt-w-polsce-mapa-obszary-ogniska\" target=\"_blank\" rel=\"noopener\">BT w Polsce &#8211; mapa, obszary, ogniska<\/a> (GIW)<\/p>\n\n\n\n<p style=\"font-size:18px\">Informacje o aktualnej sytuacji epizootycznej w Unii Europejskiej dost\u0119pne s\u0105&nbsp;<a href=\"https:\/\/ec.europa.eu\/food\/animals\/animal-diseases\/control-measures\/bluetongue_en\" target=\"_blank\" rel=\"noopener\">tutaj<\/a>.<\/p>\n\n\n\n<p style=\"font-size:18px\"><a href=\"https:\/\/www.piwet.pulawy.pl\/bydlo\/\" target=\"_blank\" rel=\"noreferrer noopener\">Cennik bada\u0144 (wyszukaj &#8220;choroba niebieskiego j\u0119zyka&#8221;)<\/a><\/p>\n\n\n\n<p style=\"font-size:18px\"><a href=\"https:\/\/www.piwet.pulawy.pl\/zlec-badanie\/\" target=\"_blank\" rel=\"noreferrer noopener\">Formularze zlecenia badania <\/a><\/p>\n\n\n\n<p><\/p>\n","protected":false},"excerpt":{"rendered":"<p>Choroba niebieskiego j\u0119zyka &#8211; Bluetongue (BT) Ulotka informacyjna PIWet-PIB na temat choroby niebieskiego j\u0119zyka do pobrania Przepisy prawne dotycz\u0105ce choroby niebieskiego j\u0119zyka (GIW) BT w Polsce &#8211; mapa, obszary, ogniska (GIW) Informacje o aktualnej sytuacji epizootycznej w Unii Europejskiej dost\u0119pne s\u0105&nbsp;tutaj. Cennik bada\u0144 (wyszukaj &#8220;choroba niebieskiego j\u0119zyka&#8221;) Formularze zlecenia badania<\/p>\n","protected":false},"author":2,"featured_media":0,"parent":0,"menu_order":0,"comment_status":"closed","ping_status":"closed","template":"fullwidth-page.php","meta":{"footnotes":""},"class_list":["post-4155","page","type-page","status-publish","hentry"],"rttpg_featured_image_url":null,"rttpg_author":{"display_name":"Marta Antas","author_link":"https:\/\/www.piwet.pulawy.pl\/en\/author\/mantas\/"},"rttpg_comment":0,"rttpg_category":false,"rttpg_excerpt":"Choroba niebieskiego j\u0119zyka &#8211; Bluetongue (BT) Ulotka informacyjna PIWet-PIB na temat choroby niebieskiego j\u0119zyka do pobrania Przepisy prawne dotycz\u0105ce choroby niebieskiego j\u0119zyka (GIW) BT w Polsce &#8211; mapa, obszary, ogniska (GIW) Informacje o aktualnej sytuacji epizootycznej w Unii Europejskiej dost\u0119pne s\u0105&nbsp;tutaj. Cennik bada\u0144 (wyszukaj &#8220;choroba niebieskiego j\u0119zyka&#8221;) Formularze zlecenia badania","_links":{"self":[{"href":"https:\/\/www.piwet.pulawy.pl\/en\/wp-json\/wp\/v2\/pages\/4155","targetHints":{"allow":["GET"]}}],"collection":[{"href":"https:\/\/www.piwet.pulawy.pl\/en\/wp-json\/wp\/v2\/pages"}],"about":[{"href":"https:\/\/www.piwet.pulawy.pl\/en\/wp-json\/wp\/v2\/types\/page"}],"author":[{"embeddable":true,"href":"https:\/\/www.piwet.pulawy.pl\/en\/wp-json\/wp\/v2\/users\/2"}],"replies":[{"embeddable":true,"href":"https:\/\/www.piwet.pulawy.pl\/en\/wp-json\/wp\/v2\/comments?post=4155"}],"version-history":[{"count":1,"href":"https:\/\/www.piwet.pulawy.pl\/en\/wp-json\/wp\/v2\/pages\/4155\/revisions"}],"predecessor-version":[{"id":4156,"href":"https:\/\/www.piwet.pulawy.pl\/en\/wp-json\/wp\/v2\/pages\/4155\/revisions\/4156"}],"wp:attachment":[{"href":"https:\/\/www.piwet.pulawy.pl\/en\/wp-json\/wp\/v2\/media?parent=4155"}],"curies":[{"name":"wp","href":"https:\/\/api.w.org\/{rel}","templated":true}]}}