{"id":400,"date":"2025-04-16T12:13:31","date_gmt":"2025-04-16T10:13:31","guid":{"rendered":"https:\/\/172.25.0.6\/?page_id=400"},"modified":"2026-01-14T13:46:31","modified_gmt":"2026-01-14T12:46:31","slug":"pozywki","status":"publish","type":"page","link":"https:\/\/www.piwet.pulawy.pl\/en\/oferta\/pozywki\/","title":{"rendered":"Po\u017cywki"},"content":{"rendered":"\n<div id=\"pricelist\" class=\"wp-block-group\"><div class=\"wp-block-group__inner-container is-layout-constrained wp-block-group-is-layout-constrained\">\n<p class=\"has-text-color has-link-color wp-elements-57c9715c4d074fa6dc6e3963ec84d6d4\" style=\"color:#1a8314;font-size:20px\"><strong><strong>Po\u017cywki<\/strong><\/strong><\/p>\n\n\n\n<p>W celu zam\u00f3wienia po\u017cywki prosimy o kontakt:<\/p>\n\n\n\n<p>zamow-pozywki@piwet.pulawy.pl<\/p>\n\n\n\n<p>tel: 81 889 30 09<\/p>\n\n\n\n<p>Na specjalne zam\u00f3wienie mo\u017cemy przygotowa\u0107 wiele innych po\u017cywek, dopasowanych do indywidualnych potrzeb laboratori\u00f3w \u2013 wystarczy kontakt mailowy lub telefoniczny.<\/p>\n\n\n\n<p><\/p>\n\n\n\n<div class=\"input-group mb-3\">\n  <span class=\"input-group-text\" style=\"background-color: #1a8314; color: #fff;\"><i class=\"fa fa-search\" aria-hidden=\"true\"><\/i><\/span>\n  <input id=\"search-field\" style=\"width:1%;\" class=\"form-control\" placeholder=\"Wpisz szukan\u0105 fraz\u0119 aby przefiltrowa\u0107 list\u0119\" type=\"text\" value=\"\" data-tmp_keywords=\"pozostale uslugi\/pozywki\" aria-label=\"Szukaj\" aria-description=\"Wyszukiwarka pozycji cennika. Wpisz szukan\u0105 fraz\u0119 aby przefiltrowa\u0107 list\u0119 pozycji planu\">\n<\/div>\n\n\n\n<figure id=\"pricelistTable\" class=\"wp-block-table is-style-stripes\"><table><thead><tr><th>Pozycja cennika<\/th><th>Nazwa<\/th><th>Akredytacja<\/th><th>Cena brutto<\/th><th>Cena badania ekspresowego<\/th><\/tr><\/thead><tbody><tr><td><\/td><td><\/td><td><\/td><td><\/td><td><\/td><\/tr><\/tbody><\/table><\/figure>\n<\/div><\/div>\n\n\n\n<div class=\"modal fade\" id=\"pricelistModal\" tabindex=\"-1\" aria-labelledby=\"ekran ze szczeg\u00f3\u0142ami pozycji cennika\" aria-hidden=\"true\"><div class=\"modal-dialog modal-lg\"><div class=\"modal-content\"><div class=\"modal-header\"><h5 class=\"modal-title\" id=\"pricelistModalLabel\"><\/h5><span type=\"button\" class=\"btn-close\" data-bs-dismiss=\"modal\" aria-label=\"Zamknij okno dialogowe\"><i class=\"fa-solid fa-xmark fa-xl\"><\/i><\/span><\/div><div class=\"modal-body\">\n<dl class=\"row\">\n  <dt class=\"col-sm-3\">Numer pozycji<\/dt>\n  <dd id=\"pricelistPosition\" class=\"col-sm-9\"><\/dd>\n\n  <dt class=\"col-sm-3\">Pe\u0142na nazwa<\/dt>\n  <dd id=\"pricelistName\" class=\"col-sm-9\"><\/dd>\n\n  <dt class=\"col-sm-3\">Metoda<\/dt>\n  <dd id=\"pricelistSymbol\" class=\"col-sm-9\"><\/dd>\n\n  <dt class=\"col-sm-3 text-truncate\">Cena<\/dt>\n  <dd id=\"pricelistPrice\" class=\"col-sm-9\"><\/dd>\n\n  <dt class=\"col-sm-3\">Termin wykonania<\/dt>\n  <dd id=\"pricelistTime\" class=\"col-sm-9\"><\/dd>\n  \n  <dt class=\"col-sm-3\">Cena badania ekspresowego<\/dt>\n  <dd id=\"pricelistPriceExpress\" class=\"col-sm-9\"><\/dd>\n  \n  <dt class=\"col-sm-3\">Termin wykonania badania ekspresowego<\/dt>\n  <dd id=\"pricelistTimeExpress\" class=\"col-sm-9\"><\/dd>\n  \n  <dt class=\"col-sm-3\">Opis<\/dt>\n  <dd id=\"pricelistDescription\" class=\"col-sm-9\"><\/dd>\n  \n  <dt class=\"col-sm-3\">Mo\u017cliwe kierunki bada\u0144<\/dt>\n  <dd id=\"pricelistDirections\" class=\"col-sm-9\"><\/dd>\n  \n  <dt class=\"col-sm-3\">Rodzaj pr\u00f3bki<\/dt>\n  <dd id=\"pricelistMatrixes\" class=\"col-sm-9\"><\/dd>\n  \n  <dt class=\"col-sm-3\">Gatunki<\/dt>\n  <dd id=\"pricelistSpecies\" class=\"col-sm-9\"><\/dd>\n  \n  <dt class=\"col-sm-3\">Kontakt<\/dt>\n  <dd id=\"pricelistContact\" class=\"col-sm-9\"><\/dd>\n<\/dl>\n      <\/div><\/div><\/div><\/div>\n","protected":false},"excerpt":{"rendered":"<p>Po\u017cywki W celu zam\u00f3wienia po\u017cywki prosimy o kontakt: zamow-pozywki@piwet.pulawy.pl tel: 81 889 30 09 Na specjalne zam\u00f3wienie mo\u017cemy przygotowa\u0107 wiele innych po\u017cywek, dopasowanych do indywidualnych potrzeb laboratori\u00f3w \u2013 wystarczy kontakt mailowy lub telefoniczny. Pozycja cennika Nazwa Akredytacja Cena brutto Cena badania ekspresowego Numer pozycji Pe\u0142na nazwa Metoda Cena Termin wykonania Cena badania ekspresowego Termin wykonania [&hellip;]<\/p>\n","protected":false},"author":2,"featured_media":0,"parent":64,"menu_order":0,"comment_status":"closed","ping_status":"closed","template":"fullwidth-page.php","meta":{"footnotes":""},"class_list":["post-400","page","type-page","status-publish","hentry"],"rttpg_featured_image_url":null,"rttpg_author":{"display_name":"Marta Antas","author_link":"https:\/\/www.piwet.pulawy.pl\/en\/author\/mantas\/"},"rttpg_comment":0,"rttpg_category":false,"rttpg_excerpt":"Po\u017cywki W celu zam\u00f3wienia po\u017cywki prosimy o kontakt: zamow-pozywki@piwet.pulawy.pl tel: 81 889 30 09 Na specjalne zam\u00f3wienie mo\u017cemy przygotowa\u0107 wiele innych po\u017cywek, dopasowanych do indywidualnych potrzeb laboratori\u00f3w \u2013 wystarczy kontakt mailowy lub telefoniczny. Pozycja cennika Nazwa Akredytacja Cena brutto Cena badania ekspresowego Numer pozycji Pe\u0142na nazwa Metoda Cena Termin wykonania Cena badania ekspresowego Termin wykonania&hellip;","_links":{"self":[{"href":"https:\/\/www.piwet.pulawy.pl\/en\/wp-json\/wp\/v2\/pages\/400","targetHints":{"allow":["GET"]}}],"collection":[{"href":"https:\/\/www.piwet.pulawy.pl\/en\/wp-json\/wp\/v2\/pages"}],"about":[{"href":"https:\/\/www.piwet.pulawy.pl\/en\/wp-json\/wp\/v2\/types\/page"}],"author":[{"embeddable":true,"href":"https:\/\/www.piwet.pulawy.pl\/en\/wp-json\/wp\/v2\/users\/2"}],"replies":[{"embeddable":true,"href":"https:\/\/www.piwet.pulawy.pl\/en\/wp-json\/wp\/v2\/comments?post=400"}],"version-history":[{"count":14,"href":"https:\/\/www.piwet.pulawy.pl\/en\/wp-json\/wp\/v2\/pages\/400\/revisions"}],"predecessor-version":[{"id":4098,"href":"https:\/\/www.piwet.pulawy.pl\/en\/wp-json\/wp\/v2\/pages\/400\/revisions\/4098"}],"up":[{"embeddable":true,"href":"https:\/\/www.piwet.pulawy.pl\/en\/wp-json\/wp\/v2\/pages\/64"}],"wp:attachment":[{"href":"https:\/\/www.piwet.pulawy.pl\/en\/wp-json\/wp\/v2\/media?parent=400"}],"curies":[{"name":"wp","href":"https:\/\/api.w.org\/{rel}","templated":true}]}}