{"id":3846,"date":"2025-10-28T15:18:29","date_gmt":"2025-10-28T14:18:29","guid":{"rendered":"https:\/\/www.piwet.pulawy.pl\/?page_id=3846"},"modified":"2025-11-21T12:25:48","modified_gmt":"2025-11-21T11:25:48","slug":"skargi","status":"publish","type":"page","link":"https:\/\/www.piwet.pulawy.pl\/en\/skargi\/","title":{"rendered":"Skargi"},"content":{"rendered":"\n<h3 class=\"wp-block-heading\"><strong>Skargi<\/strong><\/h3>\n\n\n\n<p>Zastrze\u017cenia dotycz\u0105ce dzia\u0142alno\u015bci <strong>Pa\u0144stwowego Instytutu Weterynaryjnego \u2014 Pa\u0144stwowego Instytutu Badawczego (PIWet-PIB)<\/strong> mo\u017cna zg\u0142asza\u0107:<\/p>\n\n\n\n<h4 class=\"wp-block-heading\">W formie pisemnej<\/h4>\n\n\n\n<p>na adres:<br><strong>Pa\u0144stwowy Instytut Weterynaryjny \u2014 Pa\u0144stwowy Instytut Badawczy<\/strong><br>Sekretariat<br>Al. Partyzant\u00f3w 57, 24-100 Pu\u0142awy<br>z dopiskiem: <strong>\u201eSKARGA\u201d<\/strong><\/p>\n\n\n\n<h4 class=\"wp-block-heading\">W formie ustnej<\/h4>\n\n\n\n<p>(osobi\u015bcie lub telefonicznie) w Sekretariacie Dyrektora PIWet-PIB<br>w godzinach pracy Instytutu:<br><strong>poniedzia\u0142ek \u2013 pi\u0105tek, 7:00\u201315:00<\/strong><\/p>\n\n\n\n<p>tel. <strong>+48 81 889 32 63<\/strong><br>tel. <strong>+48 81 889 32 65<\/strong><\/p>\n\n\n\n<p><\/p>\n\n\n\n<p><\/p>\n","protected":false},"excerpt":{"rendered":"<p>Skargi Zastrze\u017cenia dotycz\u0105ce dzia\u0142alno\u015bci Pa\u0144stwowego Instytutu Weterynaryjnego \u2014 Pa\u0144stwowego Instytutu Badawczego (PIWet-PIB) mo\u017cna zg\u0142asza\u0107: W formie pisemnej na adres:Pa\u0144stwowy Instytut Weterynaryjny \u2014 Pa\u0144stwowy Instytut BadawczySekretariatAl. Partyzant\u00f3w 57, 24-100 Pu\u0142awyz dopiskiem: \u201eSKARGA\u201d W formie ustnej (osobi\u015bcie lub telefonicznie) w Sekretariacie Dyrektora PIWet-PIBw godzinach pracy Instytutu:poniedzia\u0142ek \u2013 pi\u0105tek, 7:00\u201315:00 tel. +48 81 889 32 63tel. +48 81 [&hellip;]<\/p>\n","protected":false},"author":2,"featured_media":0,"parent":0,"menu_order":0,"comment_status":"closed","ping_status":"closed","template":"fullwidth-page.php","meta":{"footnotes":""},"class_list":["post-3846","page","type-page","status-publish","hentry"],"rttpg_featured_image_url":null,"rttpg_author":{"display_name":"Marta Antas","author_link":"https:\/\/www.piwet.pulawy.pl\/en\/author\/mantas\/"},"rttpg_comment":0,"rttpg_category":false,"rttpg_excerpt":"Skargi Zastrze\u017cenia dotycz\u0105ce dzia\u0142alno\u015bci Pa\u0144stwowego Instytutu Weterynaryjnego \u2014 Pa\u0144stwowego Instytutu Badawczego (PIWet-PIB) mo\u017cna zg\u0142asza\u0107: W formie pisemnej na adres:Pa\u0144stwowy Instytut Weterynaryjny \u2014 Pa\u0144stwowy Instytut BadawczySekretariatAl. Partyzant\u00f3w 57, 24-100 Pu\u0142awyz dopiskiem: \u201eSKARGA\u201d W formie ustnej (osobi\u015bcie lub telefonicznie) w Sekretariacie Dyrektora PIWet-PIBw godzinach pracy Instytutu:poniedzia\u0142ek \u2013 pi\u0105tek, 7:00\u201315:00 tel. +48 81 889 32 63tel. +48 81&hellip;","_links":{"self":[{"href":"https:\/\/www.piwet.pulawy.pl\/en\/wp-json\/wp\/v2\/pages\/3846","targetHints":{"allow":["GET"]}}],"collection":[{"href":"https:\/\/www.piwet.pulawy.pl\/en\/wp-json\/wp\/v2\/pages"}],"about":[{"href":"https:\/\/www.piwet.pulawy.pl\/en\/wp-json\/wp\/v2\/types\/page"}],"author":[{"embeddable":true,"href":"https:\/\/www.piwet.pulawy.pl\/en\/wp-json\/wp\/v2\/users\/2"}],"replies":[{"embeddable":true,"href":"https:\/\/www.piwet.pulawy.pl\/en\/wp-json\/wp\/v2\/comments?post=3846"}],"version-history":[{"count":3,"href":"https:\/\/www.piwet.pulawy.pl\/en\/wp-json\/wp\/v2\/pages\/3846\/revisions"}],"predecessor-version":[{"id":3896,"href":"https:\/\/www.piwet.pulawy.pl\/en\/wp-json\/wp\/v2\/pages\/3846\/revisions\/3896"}],"wp:attachment":[{"href":"https:\/\/www.piwet.pulawy.pl\/en\/wp-json\/wp\/v2\/media?parent=3846"}],"curies":[{"name":"wp","href":"https:\/\/api.w.org\/{rel}","templated":true}]}}