{"id":3763,"date":"2025-10-15T11:23:22","date_gmt":"2025-10-15T09:23:22","guid":{"rendered":"https:\/\/www.piwet.pulawy.pl\/?page_id=3763"},"modified":"2025-10-15T11:23:22","modified_gmt":"2025-10-15T09:23:22","slug":"pair-pandemic-information-to-support-rapid-response","status":"publish","type":"page","link":"https:\/\/www.piwet.pulawy.pl\/en\/pair-pandemic-information-to-support-rapid-response\/","title":{"rendered":"PAIR (PAndemic Information to support rapid Response)"},"content":{"rendered":"\n<figure class=\"wp-block-image size-full\"><img fetchpriority=\"high\" decoding=\"async\" width=\"362\" height=\"174\" src=\"https:\/\/www.piwet.pulawy.pl\/wp-content\/uploads\/2025\/10\/image.png\" alt=\"\" class=\"wp-image-3764\" srcset=\"https:\/\/www.piwet.pulawy.pl\/wp-content\/uploads\/2025\/10\/image.png 362w, https:\/\/www.piwet.pulawy.pl\/wp-content\/uploads\/2025\/10\/image-300x144.png 300w\" sizes=\"(max-width: 362px) 100vw, 362px\" \/><\/figure>\n\n\n\n<p>PAIR (PAndemic Information to support rapid Response) to pi\u0119cioletni projekt finansowany przez UE, koordynowany przez Uniwersytet Kopenhaski, kt\u00f3rego celem jest wzmocnienie modelu One Health poprzez opracowanie innowacyjnych narz\u0119dzi diagnostycznych i modelowania epidemiologicznego. W\u015br\u00f3d partner\u00f3w projektu znajduje si\u0119 Pa\u0144stwowy Instytut Weterynaryjny-Pa\u0144stwowy Instytut Badawczy (PIWet).<br>W projekcie bierze udzia\u0142 20 partner\u00f3w z 7 r\u00f3\u017cnych kraj\u00f3w. Celem PAIR jest zwi\u0119kszenie zdolno\u015bci reagowania w krajach europejskich na przysz\u0142e pandemie poprzez integracj\u0119 zaawansowanych system\u00f3w diagnostycznych POC oraz modeli epidemiologicznych i prognostycznych RISK opartych na sztucznej inteligencji i uczeniu maszynowym.<br>Rola PIWet w projekcie to testowanie opracowanego narz\u0119dzia diagnostycznego do wykrywania wirus\u00f3w grypy oraz beta-koronawirus\u00f3w w pr\u00f3bkach od zwierz\u0105t.<br>Pandemia SARS-CoV-2 pokaza\u0142a dramatyczny wp\u0142yw pandemii na zdrowie publiczne. Podkre\u015bli\u0142a r\u00f3wnie\u017c potrzeb\u0119 przejrzystego, szybkiego i \u015bwiadomego podejmowania decyzji aby adekwatnie reagowa\u0107 na sytuacje zagro\u017cenia zdrowia publicznego. Zasadnicze znaczenie dla poprawy procesu podejmowania decyzji i wzmocnienia zaufania publicznego ma posiadanie wiarygodnych narz\u0119dzi diagnostycznych i prognostycznych, kt\u00f3re w szybki spos\u00f3b dostarcz\u0105 niezb\u0119dnych informacji.<br>PAIR podejmuje to wyzwanie, uruchamiaj\u0105c dwa innowacyjne, wsp\u00f3\u0142dzia\u0142aj\u0105ce ze sob\u0105 narz\u0119dzia:<br>PANPOC, opracowanie aparatu POC do szybkiego wykrywania wirus\u00f3w RNA uk\u0142adu oddechowego o potencjale pandemicznym w pr\u00f3bkach od ludzi, zwierz\u0119cych i \u015brodowiskowych;<br>PANRISK, model epidemiologiczny oparty na przetwarzaniu danych pochodz\u0105cych z nadzoru diagnostycznego i bada\u0144 genetycznych z wykorzystaniem sztucznej inteligencji i uczenia maszynowego. Model b\u0119dzie przetwarza\u0142 zar\u00f3wno dane z og\u00f3lnodost\u0119pnych zasob\u00f3w internetowych, jak i wyniki analiz przeprowadzonych przez partner\u00f3w projektu. Na podstawie tych danych, przestrzennej (mapowanie geograficzne) i czasowej obecno\u015bci i ewolucji wirus\u00f3w docelowych, PANRISK umo\u017cliwi ocen\u0119 ryzyka pandemii.<br>Narz\u0119dzia PANPOC i PANRISK zostan\u0105 zwalidowane poprzez ich bezpo\u015brednie wykorzystanie przez lekarzy weterynarii i laboratoria kliniczno-diagnostyczne w Danii, Francji, \u0141otwie, Hiszpanii, W\u0142oszech i Polsce. W tym kontek\u015bcie Dzia\u0142 Wirusologii i Chor\u00f3b Wirusowych Zwierz\u0105t PIWet-PIB b\u0119dzie wsp\u00f3\u0142pracowa\u0142 nad walidacj\u0105 aparatu PANPOC w dziedzinie weterynarii, jako docelowym narz\u0119dziu terenowym do wykrywania odzwierz\u0119cych wirus\u00f3w grypy i beta-koronawirusa w pr\u00f3bkach zwierz\u0105t gatunk\u00f3w hodowlanych i dzikich.<br>Projekt ten uzyska\u0142 finansowanie Unii Europejskiej ramach programu ramowego w zakresie bada\u0144 naukowych i innowacji \u201eHoryzont Europa\u201d (2021-2027) nr 101133191.<\/p>\n","protected":false},"excerpt":{"rendered":"<p>PAIR (PAndemic Information to support rapid Response) to pi\u0119cioletni projekt finansowany przez UE, koordynowany przez Uniwersytet Kopenhaski, kt\u00f3rego celem jest wzmocnienie modelu One Health poprzez opracowanie innowacyjnych narz\u0119dzi diagnostycznych i modelowania epidemiologicznego. W\u015br\u00f3d partner\u00f3w projektu znajduje si\u0119 Pa\u0144stwowy Instytut Weterynaryjny-Pa\u0144stwowy Instytut Badawczy (PIWet).W projekcie bierze udzia\u0142 20 partner\u00f3w z 7 r\u00f3\u017cnych kraj\u00f3w. Celem PAIR jest [&hellip;]<\/p>\n","protected":false},"author":2,"featured_media":0,"parent":0,"menu_order":0,"comment_status":"closed","ping_status":"closed","template":"fullwidth-page.php","meta":{"footnotes":""},"class_list":["post-3763","page","type-page","status-publish","hentry"],"rttpg_featured_image_url":null,"rttpg_author":{"display_name":"Marta Antas","author_link":"https:\/\/www.piwet.pulawy.pl\/en\/author\/mantas\/"},"rttpg_comment":0,"rttpg_category":false,"rttpg_excerpt":"PAIR (PAndemic Information to support rapid Response) to pi\u0119cioletni projekt finansowany przez UE, koordynowany przez Uniwersytet Kopenhaski, kt\u00f3rego celem jest wzmocnienie modelu One Health poprzez opracowanie innowacyjnych narz\u0119dzi diagnostycznych i modelowania epidemiologicznego. W\u015br\u00f3d partner\u00f3w projektu znajduje si\u0119 Pa\u0144stwowy Instytut Weterynaryjny-Pa\u0144stwowy Instytut Badawczy (PIWet).W projekcie bierze udzia\u0142 20 partner\u00f3w z 7 r\u00f3\u017cnych kraj\u00f3w. Celem PAIR jest&hellip;","_links":{"self":[{"href":"https:\/\/www.piwet.pulawy.pl\/en\/wp-json\/wp\/v2\/pages\/3763","targetHints":{"allow":["GET"]}}],"collection":[{"href":"https:\/\/www.piwet.pulawy.pl\/en\/wp-json\/wp\/v2\/pages"}],"about":[{"href":"https:\/\/www.piwet.pulawy.pl\/en\/wp-json\/wp\/v2\/types\/page"}],"author":[{"embeddable":true,"href":"https:\/\/www.piwet.pulawy.pl\/en\/wp-json\/wp\/v2\/users\/2"}],"replies":[{"embeddable":true,"href":"https:\/\/www.piwet.pulawy.pl\/en\/wp-json\/wp\/v2\/comments?post=3763"}],"version-history":[{"count":1,"href":"https:\/\/www.piwet.pulawy.pl\/en\/wp-json\/wp\/v2\/pages\/3763\/revisions"}],"predecessor-version":[{"id":3765,"href":"https:\/\/www.piwet.pulawy.pl\/en\/wp-json\/wp\/v2\/pages\/3763\/revisions\/3765"}],"wp:attachment":[{"href":"https:\/\/www.piwet.pulawy.pl\/en\/wp-json\/wp\/v2\/media?parent=3763"}],"curies":[{"name":"wp","href":"https:\/\/api.w.org\/{rel}","templated":true}]}}