{"id":3555,"date":"2025-09-16T11:39:35","date_gmt":"2025-09-16T09:39:35","guid":{"rendered":"https:\/\/www.piwet.pulawy.pl\/?page_id=3555"},"modified":"2026-02-24T14:27:42","modified_gmt":"2026-02-24T13:27:42","slug":"akis-wymiana-wiedzy-z-praktyka","status":"publish","type":"page","link":"https:\/\/www.piwet.pulawy.pl\/en\/akis-wymiana-wiedzy-z-praktyka\/","title":{"rendered":"AKIS &#8211; wymiana wiedzy z praktyk\u0105"},"content":{"rendered":"\n<p style=\"font-size:20px\"><strong>AKIS &#8211; wymiana wiedzy z praktyk\u0105<\/strong><\/p>\n\n\n\n<p><a href=\"https:\/\/www.piwet.pulawy.pl\/biuletyn-odr\/\" target=\"_blank\" rel=\"noreferrer noopener\">Biuletyny ODR<\/a><\/p>\n\n\n\n<p>Pa\u0144stwowy Instytut Weterynaryjny \u2013 Pa\u0144stwowy Instytut Badawczy w&nbsp;Pu\u0142awach serdecznie zaprasza na szkolenia specjalistyczne<\/p>\n\n\n\n<p><strong>Szkolenia:<\/strong><\/p>\n\n\n\n<ol class=\"wp-block-list\">\n<li><a href=\"https:\/\/web.piwet.pulawy.pl\/uploads\/docs\/szkolenia%20dla%20ODR-propozycje%20tematow%20zakladow%20naukowych%202021-tematycznie.docx\" target=\"_blank\" rel=\"noreferrer noopener\">Zakres tematyczny szkole\u0144 oferowanych dla doradc\u00f3w ODR<\/a><\/li>\n\n\n\n<li>Przes\u0142anie propozycji tematyki przysz\u0142ych szkole\u0144: <br><a href=\"mailto:ppolak@piwet.pulawy.pl\">ppolak@piwet.pulawy.pl<\/a>   <br><a href=\"mailto:maria.muller@piwet.pulawy.pl\">maria.muller@piwet.pulawy.pl<\/a><\/li>\n<\/ol>\n\n\n\n<p><strong>Odbiorcy:<\/strong><\/p>\n\n\n\n<ol class=\"wp-block-list\">\n<li><a href=\"https:\/\/www.cdr.gov.pl\/informacje-branzowe\/osrodki-doradztwa-rolniczego\" target=\"_blank\" rel=\"noreferrer noopener\">Doradcy O\u015brodk\u00f3w Doradztwa Rolniczego<\/a>&nbsp;(ODR)<\/li>\n\n\n\n<li><a href=\"https:\/\/www.cdr.gov.pl\/\" target=\"_blank\" rel=\"noreferrer noopener\">Doradcy Centrum Doradztwa Rolniczego<\/a>&nbsp;(CDR)<\/li>\n\n\n\n<li>Rolnicy i hodowcy zwierz\u0105t<\/li>\n<\/ol>\n\n\n\n<p><strong>Forma szkole\u0144<\/strong>:<\/p>\n\n\n\n<ol class=\"wp-block-list\">\n<li>Szkolenia stacjonarne w siedzibie PIWet-PIB w auli Weterynaryjnego Centrum Kszta\u0142cenia Podyplomowego (<a href=\"https:\/\/wckp.piwet.pulawy.pl\/\" target=\"_blank\" rel=\"noreferrer noopener\">WCKP<\/a>)<\/li>\n\n\n\n<li>Szkolenia online w postaci webinar\u00f3w<\/li>\n\n\n\n<li>Udzia\u0142 naszych ekspert\u00f3w w szkoleniach organizowanych na zaproszenie innych jednostek (ODR, CDR)<\/li>\n<\/ol>\n\n\n\n<h4 class=\"wp-block-heading\">KONTAKT<\/h4>\n\n\n\n<p><a href=\"mailto:AKIS.ODR@piwet.pulawy.pl\">&nbsp;AKIS.ODR@piwet.pulawy.pl<\/a><br><a href=\"tel: +48 81 8893123\">&nbsp;+48 81 8893123<\/a><br><a href=\"tel: +48 81 8893357\">&nbsp;+48 81 8893357<\/a><br><a href=\"tel: +48 81 8893305\">&nbsp;+48 81 8893305<\/a><\/p>\n\n\n\n<h2 class=\"wp-block-heading\"><\/h2>\n\n\n\n<figure class=\"wp-block-image size-full\"><img fetchpriority=\"high\" decoding=\"async\" width=\"350\" height=\"233\" src=\"https:\/\/www.piwet.pulawy.pl\/wp-content\/uploads\/2025\/09\/image-5.png\" alt=\"\" class=\"wp-image-3560\" srcset=\"https:\/\/www.piwet.pulawy.pl\/wp-content\/uploads\/2025\/09\/image-5.png 350w, https:\/\/www.piwet.pulawy.pl\/wp-content\/uploads\/2025\/09\/image-5-300x200.png 300w\" sizes=\"(max-width: 350px) 100vw, 350px\" \/><\/figure>\n\n\n\n<p><\/p>\n\n\n\n<figure class=\"wp-block-image size-full\"><img decoding=\"async\" width=\"350\" height=\"233\" src=\"https:\/\/www.piwet.pulawy.pl\/wp-content\/uploads\/2025\/09\/image-6.png\" alt=\"\" class=\"wp-image-3561\" srcset=\"https:\/\/www.piwet.pulawy.pl\/wp-content\/uploads\/2025\/09\/image-6.png 350w, https:\/\/www.piwet.pulawy.pl\/wp-content\/uploads\/2025\/09\/image-6-300x200.png 300w\" sizes=\"(max-width: 350px) 100vw, 350px\" \/><\/figure>\n\n\n\n<p><\/p>\n\n\n\n<figure class=\"wp-block-image size-full\"><img decoding=\"async\" width=\"350\" height=\"233\" src=\"https:\/\/www.piwet.pulawy.pl\/wp-content\/uploads\/2025\/09\/image-7.png\" alt=\"\" class=\"wp-image-3562\" srcset=\"https:\/\/www.piwet.pulawy.pl\/wp-content\/uploads\/2025\/09\/image-7.png 350w, https:\/\/www.piwet.pulawy.pl\/wp-content\/uploads\/2025\/09\/image-7-300x200.png 300w\" sizes=\"(max-width: 350px) 100vw, 350px\" \/><\/figure>\n\n\n\n<p><\/p>\n\n\n\n<figure class=\"wp-block-image size-full\"><img loading=\"lazy\" decoding=\"async\" width=\"350\" height=\"233\" src=\"https:\/\/www.piwet.pulawy.pl\/wp-content\/uploads\/2025\/09\/image-8.png\" alt=\"\" class=\"wp-image-3563\" srcset=\"https:\/\/www.piwet.pulawy.pl\/wp-content\/uploads\/2025\/09\/image-8.png 350w, https:\/\/www.piwet.pulawy.pl\/wp-content\/uploads\/2025\/09\/image-8-300x200.png 300w\" sizes=\"(max-width: 350px) 100vw, 350px\" \/><\/figure>\n","protected":false},"excerpt":{"rendered":"<p>AKIS &#8211; wymiana wiedzy z praktyk\u0105 Biuletyny ODR Pa\u0144stwowy Instytut Weterynaryjny \u2013 Pa\u0144stwowy Instytut Badawczy w&nbsp;Pu\u0142awach serdecznie zaprasza na szkolenia specjalistyczne Szkolenia: Odbiorcy: Forma szkole\u0144: KONTAKT &nbsp;AKIS.ODR@piwet.pulawy.pl&nbsp;+48 81 8893123&nbsp;+48 81 8893357&nbsp;+48 81 8893305<\/p>\n","protected":false},"author":2,"featured_media":0,"parent":0,"menu_order":0,"comment_status":"closed","ping_status":"closed","template":"","meta":{"footnotes":""},"class_list":["post-3555","page","type-page","status-publish","hentry"],"rttpg_featured_image_url":null,"rttpg_author":{"display_name":"Marta Antas","author_link":"https:\/\/www.piwet.pulawy.pl\/en\/author\/mantas\/"},"rttpg_comment":0,"rttpg_category":" <a href=\"https:\/\/www.piwet.pulawy.pl\/?taxonomy=translation_priority&#038;term=opcjonalne\" rel=\"tag\">Opcjonalne<\/a>","rttpg_excerpt":"AKIS &#8211; wymiana wiedzy z praktyk\u0105 Biuletyny ODR Pa\u0144stwowy Instytut Weterynaryjny \u2013 Pa\u0144stwowy Instytut Badawczy w&nbsp;Pu\u0142awach serdecznie zaprasza na szkolenia specjalistyczne Szkolenia: Odbiorcy: Forma szkole\u0144: KONTAKT &nbsp;AKIS.ODR@piwet.pulawy.pl&nbsp;+48 81 8893123&nbsp;+48 81 8893357&nbsp;+48 81 8893305","_links":{"self":[{"href":"https:\/\/www.piwet.pulawy.pl\/en\/wp-json\/wp\/v2\/pages\/3555","targetHints":{"allow":["GET"]}}],"collection":[{"href":"https:\/\/www.piwet.pulawy.pl\/en\/wp-json\/wp\/v2\/pages"}],"about":[{"href":"https:\/\/www.piwet.pulawy.pl\/en\/wp-json\/wp\/v2\/types\/page"}],"author":[{"embeddable":true,"href":"https:\/\/www.piwet.pulawy.pl\/en\/wp-json\/wp\/v2\/users\/2"}],"replies":[{"embeddable":true,"href":"https:\/\/www.piwet.pulawy.pl\/en\/wp-json\/wp\/v2\/comments?post=3555"}],"version-history":[{"count":6,"href":"https:\/\/www.piwet.pulawy.pl\/en\/wp-json\/wp\/v2\/pages\/3555\/revisions"}],"predecessor-version":[{"id":4300,"href":"https:\/\/www.piwet.pulawy.pl\/en\/wp-json\/wp\/v2\/pages\/3555\/revisions\/4300"}],"wp:attachment":[{"href":"https:\/\/www.piwet.pulawy.pl\/en\/wp-json\/wp\/v2\/media?parent=3555"}],"curies":[{"name":"wp","href":"https:\/\/api.w.org\/{rel}","templated":true}]}}