{"id":347,"date":"2025-04-14T14:44:33","date_gmt":"2025-04-14T12:44:33","guid":{"rendered":"http:\/\/172.25.0.6\/?page_id=347"},"modified":"2025-08-08T11:21:04","modified_gmt":"2025-08-08T09:21:04","slug":"347-2","status":"publish","type":"page","link":"https:\/\/www.piwet.pulawy.pl\/en\/nauka\/347-2\/","title":{"rendered":"PTTOKs Oddzia\u0142 Lubelski"},"content":{"rendered":"\n<p><em><strong>Polskie Towarzystwo Toksykologiczne oddzia\u0142 lubelski<\/strong><\/em><\/p>\n\n\n\n<p><strong>Przewodnicz\u0105cy:<\/strong> dr Ma\u0142gorzata Warenik-Bany<br>tel.: <a href=\"tel:818893420\">81 889 34 20<\/a><br>email: <a href=\"mailto:malgorzata.warenik@piwet.pulawy.pl\">malgorzata.warenik@piwet.pulawy.pl<\/a><\/p>\n\n\n\n<p><strong>Wiceprzewodnicz\u0105cy:<\/strong> dr in\u017c. Szczepan Miko\u0142ajczyk<br>tel.: <a href=\"tel:818893360\">81 889 33 60<\/a><br>email: <a href=\"mailto:szczepan.mikolajczyk@piwet.pulawy.pl\">szczepan.mikolajczyk@piwet.pulawy.pl<\/a><\/p>\n\n\n\n<p><strong>Sekretarz: <\/strong>dr Sebastian Maszewski<br>tel.: <a href=\"tel:818893332\">81 889 33 32<\/a><br>email: <a href=\"mailto:sebastian.maszewski@piwet.pulawy.pl\">sebastian.maszewski@piwet.pulawy.pl<\/a><\/p>\n\n\n\n<p><strong>Skarbnik:<\/strong> dr Sylwia Stypu\u0142a-Tr\u0119bas<br>tel.: <a href=\"tel:818893246\">81 889 32 46<\/a><br>email: <a href=\"mailto:sylwia@piwet.pulawy.pl\">sylwia@piwet.pulawy.pl<\/a><\/p>\n","protected":false},"excerpt":{"rendered":"<p>Polskie Towarzystwo Toksykologiczne oddzia\u0142 lubelski Przewodnicz\u0105cy: dr Ma\u0142gorzata Warenik-Banytel.: 81 889 34 20email: malgorzata.warenik@piwet.pulawy.pl Wiceprzewodnicz\u0105cy: dr in\u017c. Szczepan Miko\u0142ajczyktel.: 81 889 33 60email: szczepan.mikolajczyk@piwet.pulawy.pl Sekretarz: dr Sebastian Maszewskitel.: 81 889 33 32email: sebastian.maszewski@piwet.pulawy.pl Skarbnik: dr Sylwia Stypu\u0142a-Tr\u0119bastel.: 81 889 32 46email: sylwia@piwet.pulawy.pl<\/p>\n","protected":false},"author":2,"featured_media":0,"parent":70,"menu_order":0,"comment_status":"closed","ping_status":"closed","template":"fullwidth-page.php","meta":{"footnotes":""},"class_list":["post-347","page","type-page","status-publish","hentry"],"rttpg_featured_image_url":null,"rttpg_author":{"display_name":"Marta Antas","author_link":"https:\/\/www.piwet.pulawy.pl\/en\/author\/mantas\/"},"rttpg_comment":0,"rttpg_category":false,"rttpg_excerpt":"Polskie Towarzystwo Toksykologiczne oddzia\u0142 lubelski Przewodnicz\u0105cy: dr Ma\u0142gorzata Warenik-Banytel.: 81 889 34 20email: malgorzata.warenik@piwet.pulawy.pl Wiceprzewodnicz\u0105cy: dr in\u017c. Szczepan Miko\u0142ajczyktel.: 81 889 33 60email: szczepan.mikolajczyk@piwet.pulawy.pl Sekretarz: dr Sebastian Maszewskitel.: 81 889 33 32email: sebastian.maszewski@piwet.pulawy.pl Skarbnik: dr Sylwia Stypu\u0142a-Tr\u0119bastel.: 81 889 32 46email: sylwia@piwet.pulawy.pl","_links":{"self":[{"href":"https:\/\/www.piwet.pulawy.pl\/en\/wp-json\/wp\/v2\/pages\/347","targetHints":{"allow":["GET"]}}],"collection":[{"href":"https:\/\/www.piwet.pulawy.pl\/en\/wp-json\/wp\/v2\/pages"}],"about":[{"href":"https:\/\/www.piwet.pulawy.pl\/en\/wp-json\/wp\/v2\/types\/page"}],"author":[{"embeddable":true,"href":"https:\/\/www.piwet.pulawy.pl\/en\/wp-json\/wp\/v2\/users\/2"}],"replies":[{"embeddable":true,"href":"https:\/\/www.piwet.pulawy.pl\/en\/wp-json\/wp\/v2\/comments?post=347"}],"version-history":[{"count":4,"href":"https:\/\/www.piwet.pulawy.pl\/en\/wp-json\/wp\/v2\/pages\/347\/revisions"}],"predecessor-version":[{"id":2966,"href":"https:\/\/www.piwet.pulawy.pl\/en\/wp-json\/wp\/v2\/pages\/347\/revisions\/2966"}],"up":[{"embeddable":true,"href":"https:\/\/www.piwet.pulawy.pl\/en\/wp-json\/wp\/v2\/pages\/70"}],"wp:attachment":[{"href":"https:\/\/www.piwet.pulawy.pl\/en\/wp-json\/wp\/v2\/media?parent=347"}],"curies":[{"name":"wp","href":"https:\/\/api.w.org\/{rel}","templated":true}]}}