{"id":335,"date":"2025-04-14T14:32:07","date_gmt":"2025-04-14T12:32:07","guid":{"rendered":"http:\/\/172.25.0.6\/?page_id=335"},"modified":"2026-04-02T15:39:36","modified_gmt":"2026-04-02T13:39:36","slug":"ptnw-wydarzenia","status":"publish","type":"page","link":"https:\/\/www.piwet.pulawy.pl\/en\/nauka\/ptnw-oddzial-w-pulawach\/ptnw-wydarzenia\/","title":{"rendered":"PTNW Wydarzenia"},"content":{"rendered":"\n<figure class=\"wp-block-image size-large\"><img decoding=\"async\" src=\"https:\/\/www.piwet.pulawy.pl\/lims-files\/wn.file\/wn.file.00005311.07906bd1b15a6b99ddba06f348809e93ac109966.png\" alt=\"\"\/><\/figure>\n\n\n\n<hr class=\"wp-block-separator has-alpha-channel-opacity\"\/>\n\n\n\n<p>Najszczersze wyrazy wsp\u00f3\u0142czucia oraz s\u0142owa wsparcia z powodu \u015bmierci dr. Artura Jab\u0142o\u0144skiego, cz\u0142onka Zarz\u0105du Polskiego Towarzystwa Nauk Weterynaryjnych Oddzia\u0142 w Pu\u0142awach w kadencji 2024-2027, sk\u0142ada<\/p>\n\n\n\n<p> <em>Zarz\u0105d Polskiego Towarzystwa Nauk Weterynaryjnych Oddzia\u0142 w Pu\u0142awach.<\/em><\/p>\n\n\n\n<hr class=\"wp-block-separator has-alpha-channel-opacity\"\/>\n\n\n\n<p>Wzorem ubieg\u0142ych lat, Zarz\u0105d G\u0142\u00f3wny PTNW wystosowa\u0142 pro\u015bb\u0119 do Zarz\u0105du PTNW o. Pu\u0142awy o nadsy\u0142anie wniosk\u00f3w o nagrody doroczne PTNW za rok 2025. W zwi\u0105zku z tym zach\u0119cam Pa\u0144stwa do sk\u0142adania wniosk\u00f3w do Zarz\u0105du PTNW o. Pu\u0142awy. Wnioski nale\u017cy sk\u0142ada\u0107 wy\u0142\u0105cznie w wersji elektronicznej na adres katarzyna.dudek@piwet.pulawy.pl z kopi\u0105 na adres szczepan.mikolajczyk@piwet.pulawy.pl oraz malgorzata.warenik@piwet.pulawy.pl. Poprawnie przygotowany wniosek powinien zawiera\u0107: uzasadnienie (bez podpisu), wype\u0142nion\u0105 tabel\u0119 (w za\u0142\u0105czeniu) oraz kopi\u0119 pracy (plik pdf). Uprzejmie prosz\u0119 o sk\u0142adanie wniosk\u00f3w w nieprzekraczalnym terminie do dn. 16 lutego 2026 r.<\/p>\n\n\n\n<p><a href=\"https:\/\/www.piwet.pulawy.pl\/lims-files\/wn.file\/wn.file.00005296.307ed7abe34f490d4a1c374b2855fee99ec5bad8.docx\">Tabela do wnioskow o nagrody doroczne ZG PTNW-2025<\/a><\/p>\n\n\n\n<p><a href=\"https:\/\/www.piwet.pulawy.pl\/lims-files\/wn.file\/wn.file.00005297.71e05ea3aebfd5b2272ac3ad3f626502b47656e1.pdf\">Regulamin-Komisji-Nagrod-Dorocznych-2025.pdf<\/a><\/p>\n\n\n\n<p class=\"has-text-align-right has-small-font-size\">Z wyrazami szacunku<br>dr hab. Katarzyna Dudek, prof. instytutu<br>Przewodnicz\u0105ca PTNW o. Pu\u0142awy<\/p>\n\n\n\n<hr class=\"wp-block-separator has-alpha-channel-opacity\"\/>\n\n\n\n<p>Szanowni Pa\u0144stwo,<\/p>\n\n\n\n<p>W imieniu Prezesa Zarz\u0105du G\u0142\u00f3wnego PTNW Pana prof. dr. hab. Jaros\u0142awa Kaby oraz Pani prof. dr hab. Urszuli Pas\u0142awskiej serdecznie zapraszam do wzi\u0119cia udzia\u0142u w sympozjum pt. <strong>&#8220;Biomateria\u0142y w medycynie i kosmetologii&#8221;<\/strong>, kt\u00f3re odb\u0119dzie si\u0119 w dniu 4 lutego br. Szczeg\u00f3\u0142y dotycz\u0105ce sympozjum w za\u0142\u0105czonym dokumencie.<\/p>\n\n\n\n<figure class=\"wp-block-image size-full\"><img fetchpriority=\"high\" decoding=\"async\" width=\"469\" height=\"771\" src=\"https:\/\/www.piwet.pulawy.pl\/wp-content\/uploads\/2026\/01\/image-2.png\" alt=\"\" class=\"wp-image-4118\" srcset=\"https:\/\/www.piwet.pulawy.pl\/wp-content\/uploads\/2026\/01\/image-2.png 469w, https:\/\/www.piwet.pulawy.pl\/wp-content\/uploads\/2026\/01\/image-2-182x300.png 182w\" sizes=\"(max-width: 469px) 100vw, 469px\" \/><\/figure>\n\n\n\n<p><\/p>\n\n\n\n<p><\/p>\n\n\n\n<p class=\"has-text-align-right\" style=\"font-size:13px\">Z wyrazami szacunku<br>dr hab. Katarzyna Dudek, prof. instytutu<br>Przewodnicz\u0105ca PTNW o. Pu\u0142awy<\/p>\n\n\n\n<p><\/p>\n\n\n\n<hr class=\"wp-block-separator has-alpha-channel-opacity\"\/>\n\n\n\n<figure class=\"wp-block-image size-large\"><img decoding=\"async\" width=\"1024\" height=\"1024\" src=\"https:\/\/www.piwet.pulawy.pl\/wp-content\/uploads\/2025\/12\/PTNW-zyczenia-1024x1024.png\" alt=\"\" class=\"wp-image-4064\" srcset=\"https:\/\/www.piwet.pulawy.pl\/wp-content\/uploads\/2025\/12\/PTNW-zyczenia-1024x1024.png 1024w, https:\/\/www.piwet.pulawy.pl\/wp-content\/uploads\/2025\/12\/PTNW-zyczenia-300x300.png 300w, https:\/\/www.piwet.pulawy.pl\/wp-content\/uploads\/2025\/12\/PTNW-zyczenia-150x150.png 150w, https:\/\/www.piwet.pulawy.pl\/wp-content\/uploads\/2025\/12\/PTNW-zyczenia-768x768.png 768w, https:\/\/www.piwet.pulawy.pl\/wp-content\/uploads\/2025\/12\/PTNW-zyczenia.png 1500w\" sizes=\"(max-width: 1024px) 100vw, 1024px\" \/><\/figure>\n\n\n\n<hr class=\"wp-block-separator has-alpha-channel-opacity\"\/>\n\n\n\n<p>Szanowni Pa\u0144stwo,<\/p>\n\n\n\n<p>W imieniu Prezesa Zarz\u0105du G\u0142\u00f3wnego PTNW Pana prof. dr. hab. Jaros\u0142awa Kaby serdecznie zapraszam do wzi\u0119cia udzia\u0142u w sympozjum online pt. &#8220;Anthelmintic resistance in small ruminants&#8221;, kt\u00f3re odb\u0119dzie si\u0119 28.11.2025 r. w godzinach 13:00-17:00 (CET). W trakcie sympozjum zaprezentowane zostan\u0105 dwa wyk\u0142ady:<\/p>\n\n\n\n<p>13:00-15:00 &#8211; Anthelmintic resistance in small ruminants \u2013 diagnosis and control \u2013 prof. MVDr., DrSc. Mari\u00e1n V\u00e1rady, Insti tute of Parasitology, Slovak Academy of Sciences<\/p>\n\n\n\n<p>15:00-17:00 &#8211; The use of molecular diagnostics to improve anthelmintic resistance surveillance and sustainable drug use in small ruminants \u2013 prospects and challenges (practical presentation of MinION portable nanopore sequencing device), Dr. Alistair Antonopoulos, School of Biodiversity, One Health and Veterinary Medicine, University of Glasgow\/Kreavet, Kruibeke, Belgium<\/p>\n\n\n\n<p>Sympozjum dost\u0119pne b\u0119dzie za po\u015brednictwem MS TEAMS pod linkiem:<br><a href=\"https:\/\/teams.microsoft.com\/l\/meetup-join\/19%3ameeting_ZDdjNTc4NGYtZGUxOC00ZDdiLWE5ODAtODcwYTA0MDc2NDQw%40thread.v2\/0?context=%7b%22Tid%22%3a%2270f92b42-1dd3-41a9-ae0e-01cbe47cbc79%22%2c%22Oid%22%3a%2235686864-9547-4e0a-b9a2-eaa635d85f43%22%7d\" target=\"_blank\" rel=\"noopener\">https:\/\/teams.microsoft.com\/l\/meetup-join\/19%3ameeting_ZDdjNTc4NGYtZGUxOC00ZDdiLWE5ODAtODcwYTA0MDc2NDQw%40thread.v2\/0?context=%7b%22Tid%22%3a%2270f92b42-1dd3-41a9-ae0e-01cbe47cbc79%22%2c%22Oid%22%3a%2235686864-9547-4e0a-b9a2-eaa635d85f43%22%7d<\/a><\/p>\n\n\n\n<p>Organizatorami sympozjum s\u0105:<br>TOINEN PRO ART FUND ACJA oraz SPARC project &#8211; Sustainable Parasi! te Control in Grazing Ruminants<br>Environmental impact of anthelmintics in livestock and alternatives to minimize their use ENVIRANT &#8211; COST ACTION<br>European College of Small Ruminant Health Management<br>Polskie Towarzystwo Nauk Weterynaryjnych<br>Polish Parasitological Society<br>Division of Veterianry Epidemiology and Economics, Warsaw University of Life Science<\/p>\n\n\n\n<p>Zastosowanie metabolomiki do wykrywania lekooporno\u015bci nicieni \u017co\u0142\u0105dkowo-jelitowych na leki z grupy benzimidazoli u k\u00f3z &#8211; projekt ICRAD<\/p>\n\n\n\n<p class=\"has-text-align-right has-small-font-size\"><br>Z wyrazami szacunku<br>dr hab. Katarzyna Dudek, prof. instytutu<br>Przewodnicz\u0105ca PTNW o. Pu\u0142awy<\/p>\n\n\n\n<hr class=\"wp-block-separator has-alpha-channel-opacity\"\/>\n\n\n\n<p><\/p>\n\n\n\n<p><strong>Szanowni Pa\u0144stwo<\/strong>,<br><br>W imieniu Zarz\u0105du Polskiego Towarzystwa Nauk Weterynaryjnych o. Pu\u0142awy serdecznie zapraszam na spotkanie naukowe, podczas kt\u00f3rego wyk\u0142ad wyg\u0142osi Pan mgr Sebastian Korfel, psycholog i certyfikowany psychoterapeuta CBT, CFT, ACT.<br>Tytu\u0142 wyk\u0142adu:<br><strong>\u201eCi, kt\u00f3rzy nios\u0105 \u015bwiat\u0142o: depresja, samotno\u015b\u0107 i wypalenie w\u015br\u00f3d lekarzy weterynarii, pracownik\u00f3w laboratori\u00f3w, instytucji naukowych oraz zawod\u00f3w pokrewnych zwi\u0105zanych z opiek\u0105 nad<br>zwierz\u0119tami&#8221;<\/strong><br>Spotkanie odb\u0119dzie si\u0119 w dniu <strong><em>9 grudnia 2025 r., o godz. 12:00<\/em><\/strong> w Sali Konferencyjnej Pa\u0144stwowego Instytutu Weterynaryjnego-Pa\u0144stwowego Instytutu Badawczego w Pu\u0142awach (A1.13), al. Partyzant\u00f3w 57.<\/p>\n\n\n\n<p><a href=\"https:\/\/www.piwet.pulawy.pl\/wp-content\/uploads\/2025\/11\/Zaproszenie-PTNW.pdf\" target=\"_blank\" rel=\"noreferrer noopener\">Skan zaproszenia (plik PDF, 491 KB)<\/a><\/p>\n\n\n\n<p class=\"has-text-align-right has-small-font-size\">Z wyrazami szacunku,<br>dr hab. Katarzyna Dudek, profesor instytutu<br>Przewodnicz\u0105ca PTNW o. Pu\u0142awy<\/p>\n\n\n\n<hr class=\"wp-block-separator has-alpha-channel-opacity\"\/>\n\n\n\n<p><\/p>\n\n\n\n<p><strong>Szanowni Pa\u0144stwo<\/strong>,<\/p>\n\n\n\n<p>W imieniu Komitetu Organizacyjnego serdecznie zapraszam Pa\u0144stwa do udzia\u0142u w <strong>26. Biennial Congress of the International Organization for Mycoplasmology (IOM),<\/strong> kt\u00f3ry odb\u0119dzie si\u0119 w Krakowie w dniach <strong><em>6\u201310 lipca 2026 roku<\/em>.<\/strong> To presti\u017cowe wydarzenie zgromadzi naukowc\u00f3w i ekspert\u00f3w z ca\u0142ego \u015bwiata. Po raz pierwszy w historii Kongres odb\u0119dzie si\u0119 w Polsce, co podkre\u015bla rosn\u0105c\u0105 rol\u0119 Europy \u015arodkowo-Wschodniej w tej dziedzinie bada\u0144. Uczestnik\u00f3w cze kaj\u0105 inspiruj\u0105ce wyk\u0142ady, dyskusje i okazje do wsp\u00f3\u0142pracy naukowej w zakresie bada\u0144 nad mykoplazmami.<\/p>\n\n\n\n<p>Serdecznie zapraszamy do Krakowa na to wyj\u0105tkowe wydarzenie.<\/p>\n\n\n\n<p>Zach\u0119camy do odwiedzenia strony internetowej pod adresem: https:\/\/iom2026.conference.pl\/, gdzie znajdziecie Pa\u0144stwo szczeg\u00f3\u0142owe informacje na temat Kongresu.<\/p>\n\n\n\n<p class=\"has-text-align-right has-small-font-size\">Z wyrazami szacunku,<br>dr hab. Katarzyna Dudek, profesor instytutu<br>Przewodnicz\u0105ca PTNW o. Pu\u0142awy<\/p>\n\n\n\n<hr class=\"wp-block-separator has-alpha-channel-opacity\"\/>\n\n\n\n<div class=\"wp-block-query is-layout-flow wp-block-query-is-layout-flow\"><\/div>\n\n\n\n<p><\/p>\n","protected":false},"excerpt":{"rendered":"<p>Najszczersze wyrazy wsp\u00f3\u0142czucia oraz s\u0142owa wsparcia z powodu \u015bmierci dr. Artura Jab\u0142o\u0144skiego, cz\u0142onka Zarz\u0105du Polskiego Towarzystwa Nauk Weterynaryjnych Oddzia\u0142 w Pu\u0142awach w kadencji 2024-2027, sk\u0142ada Zarz\u0105d Polskiego Towarzystwa Nauk Weterynaryjnych Oddzia\u0142 w Pu\u0142awach. Wzorem ubieg\u0142ych lat, Zarz\u0105d G\u0142\u00f3wny PTNW wystosowa\u0142 pro\u015bb\u0119 do Zarz\u0105du PTNW o. Pu\u0142awy o nadsy\u0142anie wniosk\u00f3w o nagrody doroczne PTNW za rok [&hellip;]<\/p>\n","protected":false},"author":2,"featured_media":0,"parent":330,"menu_order":0,"comment_status":"closed","ping_status":"closed","template":"elementor_theme","meta":{"footnotes":""},"class_list":["post-335","page","type-page","status-publish","hentry"],"rttpg_featured_image_url":null,"rttpg_author":{"display_name":"Marta Antas","author_link":"https:\/\/www.piwet.pulawy.pl\/en\/author\/mantas\/"},"rttpg_comment":0,"rttpg_category":" <a href=\"https:\/\/www.piwet.pulawy.pl\/?taxonomy=translation_priority&#038;term=opcjonalne\" rel=\"tag\">Opcjonalne<\/a>","rttpg_excerpt":"Najszczersze wyrazy wsp\u00f3\u0142czucia oraz s\u0142owa wsparcia z powodu \u015bmierci dr. Artura Jab\u0142o\u0144skiego, cz\u0142onka Zarz\u0105du Polskiego Towarzystwa Nauk Weterynaryjnych Oddzia\u0142 w Pu\u0142awach w kadencji 2024-2027, sk\u0142ada Zarz\u0105d Polskiego Towarzystwa Nauk Weterynaryjnych Oddzia\u0142 w Pu\u0142awach. Wzorem ubieg\u0142ych lat, Zarz\u0105d G\u0142\u00f3wny PTNW wystosowa\u0142 pro\u015bb\u0119 do Zarz\u0105du PTNW o. Pu\u0142awy o nadsy\u0142anie wniosk\u00f3w o nagrody doroczne PTNW za rok&hellip;","_links":{"self":[{"href":"https:\/\/www.piwet.pulawy.pl\/en\/wp-json\/wp\/v2\/pages\/335","targetHints":{"allow":["GET"]}}],"collection":[{"href":"https:\/\/www.piwet.pulawy.pl\/en\/wp-json\/wp\/v2\/pages"}],"about":[{"href":"https:\/\/www.piwet.pulawy.pl\/en\/wp-json\/wp\/v2\/types\/page"}],"author":[{"embeddable":true,"href":"https:\/\/www.piwet.pulawy.pl\/en\/wp-json\/wp\/v2\/users\/2"}],"replies":[{"embeddable":true,"href":"https:\/\/www.piwet.pulawy.pl\/en\/wp-json\/wp\/v2\/comments?post=335"}],"version-history":[{"count":30,"href":"https:\/\/www.piwet.pulawy.pl\/en\/wp-json\/wp\/v2\/pages\/335\/revisions"}],"predecessor-version":[{"id":4905,"href":"https:\/\/www.piwet.pulawy.pl\/en\/wp-json\/wp\/v2\/pages\/335\/revisions\/4905"}],"up":[{"embeddable":true,"href":"https:\/\/www.piwet.pulawy.pl\/en\/wp-json\/wp\/v2\/pages\/330"}],"wp:attachment":[{"href":"https:\/\/www.piwet.pulawy.pl\/en\/wp-json\/wp\/v2\/media?parent=335"}],"curies":[{"name":"wp","href":"https:\/\/api.w.org\/{rel}","templated":true}]}}