{"id":333,"date":"2025-04-14T14:31:47","date_gmt":"2025-04-14T12:31:47","guid":{"rendered":"http:\/\/172.25.0.6\/?page_id=333"},"modified":"2025-08-06T14:29:26","modified_gmt":"2025-08-06T12:29:26","slug":"ptnw-czlonkostwo","status":"publish","type":"page","link":"https:\/\/www.piwet.pulawy.pl\/en\/nauka\/ptnw-oddzial-w-pulawach\/ptnw-czlonkostwo\/","title":{"rendered":"PTNW Cz\u0142onkostwo"},"content":{"rendered":"\n<p><\/p>\n\n\n\n<p>Sk\u0142adka cz\u0142onkowska wynosi 90 z\u0142 \/ rok<\/p>\n\n\n\n<p>Dane do przelewu: BNP Paribas<\/p>\n\n\n\n<p>Nr rachunku: 55 1600 1462 1826 6639 1000 0001<\/p>\n\n\n\n<p><a href=\"https:\/\/www.piwet.pulawy.pl\/wp-content\/uploads\/2025\/08\/Deklaracja-czlonkowska-PTNW.docx\" target=\"_blank\" rel=\"noreferrer noopener\">Deklaracja cz\u0142onkowska PTNW<\/a> (plik WORD, 15kB)<\/p>\n\n\n\n<p><a href=\"https:\/\/www.piwet.pulawy.pl\/wp-content\/uploads\/2025\/08\/Zmiana-danych-osobowych-PTNW.docx\" target=\"_blank\" rel=\"noreferrer noopener\">Formularz aktualizacji danych osobowych<\/a> (plik WORD, 14kB)<\/p>\n\n\n\n<p><a href=\"https:\/\/www.piwet.pulawy.pl\/wp-content\/uploads\/2025\/08\/RODO-PTNW.pdf\" target=\"_blank\" rel=\"noreferrer noopener\">PTNW &#8211; klauzula informacyjna &#8211; RODO<\/a> (plik PDF, 120kB)<\/p>\n\n\n\n<p><\/p>\n","protected":false},"excerpt":{"rendered":"<p>Sk\u0142adka cz\u0142onkowska wynosi 90 z\u0142 \/ rok Dane do przelewu: BNP Paribas Nr rachunku: 55 1600 1462 1826 6639 1000 0001 Deklaracja cz\u0142onkowska PTNW (plik WORD, 15kB) Formularz aktualizacji danych osobowych (plik WORD, 14kB) PTNW &#8211; klauzula informacyjna &#8211; RODO (plik PDF, 120kB)<\/p>\n","protected":false},"author":2,"featured_media":0,"parent":330,"menu_order":0,"comment_status":"closed","ping_status":"closed","template":"","meta":{"footnotes":""},"class_list":["post-333","page","type-page","status-publish","hentry"],"rttpg_featured_image_url":null,"rttpg_author":{"display_name":"Marta Antas","author_link":"https:\/\/www.piwet.pulawy.pl\/en\/author\/mantas\/"},"rttpg_comment":0,"rttpg_category":false,"rttpg_excerpt":"Sk\u0142adka cz\u0142onkowska wynosi 90 z\u0142 \/ rok Dane do przelewu: BNP Paribas Nr rachunku: 55 1600 1462 1826 6639 1000 0001 Deklaracja cz\u0142onkowska PTNW (plik WORD, 15kB) Formularz aktualizacji danych osobowych (plik WORD, 14kB) PTNW &#8211; klauzula informacyjna &#8211; RODO (plik PDF, 120kB)","_links":{"self":[{"href":"https:\/\/www.piwet.pulawy.pl\/en\/wp-json\/wp\/v2\/pages\/333","targetHints":{"allow":["GET"]}}],"collection":[{"href":"https:\/\/www.piwet.pulawy.pl\/en\/wp-json\/wp\/v2\/pages"}],"about":[{"href":"https:\/\/www.piwet.pulawy.pl\/en\/wp-json\/wp\/v2\/types\/page"}],"author":[{"embeddable":true,"href":"https:\/\/www.piwet.pulawy.pl\/en\/wp-json\/wp\/v2\/users\/2"}],"replies":[{"embeddable":true,"href":"https:\/\/www.piwet.pulawy.pl\/en\/wp-json\/wp\/v2\/comments?post=333"}],"version-history":[{"count":11,"href":"https:\/\/www.piwet.pulawy.pl\/en\/wp-json\/wp\/v2\/pages\/333\/revisions"}],"predecessor-version":[{"id":2847,"href":"https:\/\/www.piwet.pulawy.pl\/en\/wp-json\/wp\/v2\/pages\/333\/revisions\/2847"}],"up":[{"embeddable":true,"href":"https:\/\/www.piwet.pulawy.pl\/en\/wp-json\/wp\/v2\/pages\/330"}],"wp:attachment":[{"href":"https:\/\/www.piwet.pulawy.pl\/en\/wp-json\/wp\/v2\/media?parent=333"}],"curies":[{"name":"wp","href":"https:\/\/api.w.org\/{rel}","templated":true}]}}