{"id":330,"date":"2025-04-14T14:26:05","date_gmt":"2025-04-14T12:26:05","guid":{"rendered":"http:\/\/172.25.0.6\/?page_id=330"},"modified":"2026-04-16T13:21:16","modified_gmt":"2026-04-16T11:21:16","slug":"ptnw-oddzial-w-pulawach","status":"publish","type":"page","link":"https:\/\/www.piwet.pulawy.pl\/en\/nauka\/ptnw-oddzial-w-pulawach\/","title":{"rendered":"PTNW Oddzia\u0142 w Pu\u0142awach"},"content":{"rendered":"\n<p><em><strong>Polskie Towarzystwo Nauk Weterynaryjnych Oddzia\u0142 w Pu\u0142awach<\/strong><\/em><\/p>\n\n\n\n<p><strong>Przewodnicz\u0105cy:<\/strong> dr hab. Katarzyna Dudek, prof. instytutu<br>tel.: <a href=\"http:\/\/81 889 31 96\">81 889 31 96<\/a><br>email: <a href=\"mailto:katarzyna.dudek@piwet.pulawy.pl\">katarzyna.dudek@piwet.pulawy.pl<\/a><\/p>\n\n\n\n<p><strong>Wiceprzewodnicz\u0105cy:<\/strong> dr Ma\u0142gorzata Warenik-Bany<br>tel.: <a href=\"tel:818893420\">81 889 34 20<\/a><br>email: <a href=\"mailto:malgorzata.warenik@piwet.pulawy.pl\">malgorzata.warenik@piwet.pulawy.pl<\/a><\/p>\n\n\n\n<p><strong>Sekretarz:<\/strong> dr in\u017c. Szczepan Miko\u0142ajczyk<br>tel.: <a href=\"tel:818893151\">81 889 31 51<\/a><br>email: <a href=\"mailto:szczepan.mikolajczyk@piwet.pulawy.pl\">szczepan.mikolajczyk@piwet.pulawy.pl<\/a><\/p>\n\n\n\n<p><strong>Skarbnik:<\/strong> dr Anna Weiner<br>tel.: <a href=\"tel:818893081\">81 889 30 81<\/a><br>email: <a href=\"mailto:anna.weiner@piwet.pulawy.pl\">anna.weiner@piwet.pulawy.pl<\/a><\/p>\n\n\n\n<p><\/p>\n\n\n\n<p><\/p>\n","protected":false},"excerpt":{"rendered":"<p>Polskie Towarzystwo Nauk Weterynaryjnych Oddzia\u0142 w Pu\u0142awach Przewodnicz\u0105cy: dr hab. Katarzyna Dudek, prof. instytututel.: 81 889 31 96email: katarzyna.dudek@piwet.pulawy.pl Wiceprzewodnicz\u0105cy: dr Ma\u0142gorzata Warenik-Banytel.: 81 889 34 20email: malgorzata.warenik@piwet.pulawy.pl Sekretarz: dr in\u017c. Szczepan Miko\u0142ajczyktel.: 81 889 31 51email: szczepan.mikolajczyk@piwet.pulawy.pl Skarbnik: dr Anna Weinertel.: 81 889 30 81email: anna.weiner@piwet.pulawy.pl<\/p>\n","protected":false},"author":2,"featured_media":0,"parent":70,"menu_order":0,"comment_status":"closed","ping_status":"closed","template":"fullwidth-page.php","meta":{"footnotes":""},"class_list":["post-330","page","type-page","status-publish","hentry"],"rttpg_featured_image_url":null,"rttpg_author":{"display_name":"Marta Antas","author_link":"https:\/\/www.piwet.pulawy.pl\/en\/author\/mantas\/"},"rttpg_comment":0,"rttpg_category":" <a href=\"https:\/\/www.piwet.pulawy.pl\/?taxonomy=translation_priority&#038;term=opcjonalne\" rel=\"tag\">Opcjonalne<\/a>","rttpg_excerpt":"Polskie Towarzystwo Nauk Weterynaryjnych Oddzia\u0142 w Pu\u0142awach Przewodnicz\u0105cy: dr hab. Katarzyna Dudek, prof. instytututel.: 81 889 31 96email: katarzyna.dudek@piwet.pulawy.pl Wiceprzewodnicz\u0105cy: dr Ma\u0142gorzata Warenik-Banytel.: 81 889 34 20email: malgorzata.warenik@piwet.pulawy.pl Sekretarz: dr in\u017c. Szczepan Miko\u0142ajczyktel.: 81 889 31 51email: szczepan.mikolajczyk@piwet.pulawy.pl Skarbnik: dr Anna Weinertel.: 81 889 30 81email: anna.weiner@piwet.pulawy.pl","_links":{"self":[{"href":"https:\/\/www.piwet.pulawy.pl\/en\/wp-json\/wp\/v2\/pages\/330","targetHints":{"allow":["GET"]}}],"collection":[{"href":"https:\/\/www.piwet.pulawy.pl\/en\/wp-json\/wp\/v2\/pages"}],"about":[{"href":"https:\/\/www.piwet.pulawy.pl\/en\/wp-json\/wp\/v2\/types\/page"}],"author":[{"embeddable":true,"href":"https:\/\/www.piwet.pulawy.pl\/en\/wp-json\/wp\/v2\/users\/2"}],"replies":[{"embeddable":true,"href":"https:\/\/www.piwet.pulawy.pl\/en\/wp-json\/wp\/v2\/comments?post=330"}],"version-history":[{"count":3,"href":"https:\/\/www.piwet.pulawy.pl\/en\/wp-json\/wp\/v2\/pages\/330\/revisions"}],"predecessor-version":[{"id":5060,"href":"https:\/\/www.piwet.pulawy.pl\/en\/wp-json\/wp\/v2\/pages\/330\/revisions\/5060"}],"up":[{"embeddable":true,"href":"https:\/\/www.piwet.pulawy.pl\/en\/wp-json\/wp\/v2\/pages\/70"}],"wp:attachment":[{"href":"https:\/\/www.piwet.pulawy.pl\/en\/wp-json\/wp\/v2\/media?parent=330"}],"curies":[{"name":"wp","href":"https:\/\/api.w.org\/{rel}","templated":true}]}}