{"id":3266,"date":"2025-08-21T10:59:10","date_gmt":"2025-08-21T08:59:10","guid":{"rendered":"https:\/\/www.piwet.pulawy.pl\/?page_id=3266"},"modified":"2025-08-21T11:26:22","modified_gmt":"2025-08-21T09:26:22","slug":"rekrutacja-szkola-doktorska-nauk-rolniczych","status":"publish","type":"page","link":"https:\/\/www.piwet.pulawy.pl\/en\/rekrutacja-szkola-doktorska-nauk-rolniczych\/","title":{"rendered":"Rekrutacja &#8211; Szko\u0142a Doktorska Nauk Rolniczych"},"content":{"rendered":"\n<p>Na podstawie art. 200 Ustawy z dnia 20 lipca 2018 r. Prawo o szkolnictwie wy\u017cszym i nauce (Dz. U. z 2018, poz. 1668 z p\u00f3\u017an. zm.) oraz na podstawie art. 291 ustawy z dnia 3 lipca 2018 r. Przepisy wprowadzaj\u0105ce ustaw\u0119 \u2013Prawo o szkolnictwie wy\u017cszym i nauce (Dz. U. 2018 poz. 1669 z p\u00f3\u017an. zm.) oraz Umowy z dnia 16 marca 2020 r. o utworzeniu szko\u0142y doktorskiej pn. \u201eInterdyscyplinarna Szko\u0142a Doktorska Nauk Rolniczych\u201d zawartej pomi\u0119dzy: Instytutem Rozrodu Zwierz\u0105t i Bada\u0144 \u017bywno\u015bci Polskiej Akademii Nauk (IRZiB\u017b PAN) w Olsztynie, Pa\u0144stwowym Instytutem Weterynaryjnym \u2013 Pa\u0144stwowym Instytutem Badawczym (PIWet-PIB)w Pu\u0142awach oraz Instytutem Agrofizyki im. Bohdana Dobrza\u0144skiego Polskiej Akademii Nauk (IA PAN) w Lublinie oraz Zasad Rekrutacji do Interdyscyplinarnej Szko\u0142y Doktorskiej Nauk Rolniczych<br><br>Dyrektor Interdyscyplinarnej Szko\u0142y Doktorskiej og\u0142asza:<br>rekrutacj\u0119 do Interdyscyplinarnej Szko\u0142y Doktorskiej Nauk Rolniczych w dyscyplinach naukowych: zootechnika i rybactwo, technologia \u017cywno\u015bci i \u017cywienie, weterynaria, rolnictwo i ogrodnictwo, zgodnie z przyj\u0119tymi limitami:<br><br><strong><u>IRZiBZ PAN Olsztyn<\/u><\/strong><br>\u2022 zootechnika i rybactwo \u2013 3 doktorant\u00f3w<br>\u2022 technologia \u017cywno\u015bci i \u017cywienie \u2013 3 doktorant\u00f3w<br><strong><u>PIWET-PIB Pu\u0142awy<\/u><\/strong><br>\u2022 weterynaria \u2013 1 doktorant<br><strong><u>IA PAN Lublin<\/u><\/strong><br>\u2022 rolnictwo i ogrodnictwo \u2013 2 doktorant\u00f3w<br><br>Rekrutacja prowadzona b\u0119dzie do poszczeg\u00f3lnych temat\u00f3w badawczych og\u0142oszonych na stronach internetowych Instytut\u00f3w:<\/p>\n\n\n\n<ul class=\"wp-block-list\">\n<li><a href=\"https:\/\/www.piwet.pulawy.pl\/wp-content\/uploads\/2025\/08\/PAn-Olsztyn-2.pdf\" target=\"_blank\" rel=\"noreferrer noopener\">IRZiBZ PAN Olsztyn\u00a0<\/a>(plik PDf, 31,7kB)<a href=\"https:\/\/www.piwet.pulawy.pl\/lims-files\/wn.file\/wn.file.00002986.71c0186acf3f622ff5df4a828f0adc5b2e9ba9f4.pdf\"><\/a><\/li>\n\n\n\n<li><a href=\"https:\/\/www.piwet.pulawy.pl\/wp-content\/uploads\/2025\/08\/PIWet-PIB.pdf\" target=\"_blank\" rel=\"noreferrer noopener\">PIWET-PIB Pu\u0142awy\u00a0<\/a>(plik PDF, 200kB)<a href=\"https:\/\/www.piwet.pulawy.pl\/lims-files\/wn.file\/wn.file.00003045.658b2bc48b8df2dfa64c5caef9eee4e59fe07ac1.pdf\"><\/a><\/li>\n\n\n\n<li><a href=\"https:\/\/www.piwet.pulawy.pl\/wp-content\/uploads\/2025\/08\/Ia-PAN.pdf\" target=\"_blank\" rel=\"noreferrer noopener\">IA PAN Lublin\u00a0<\/a>(plik PDf, 13.9kB)<a href=\"https:\/\/www.piwet.pulawy.pl\/lims-files\/wn.file\/wn.file.00002988.ec755883f6df1b714aacb3d067bf670a59dbcb6f.pdf\"><\/a><\/li>\n<\/ul>\n\n\n\n<p>Zgodnie z Ustaw\u0105 2.0 MNiSW ka\u017cdy doktorant otrzymuje stypendium w wysoko\u015bci nie mniejszej ni\u017c 2371,70 z\u0142 (brutto)<br>Dokumenty: <a href=\"https:\/\/www.piwet.pulawy.pl\/wp-content\/uploads\/2025\/08\/PIWet-PIB.pdf\" target=\"_blank\" rel=\"noreferrer noopener\">Wykaz dokument\u00f3w niezb\u0119dnych do post\u0119powania rekrutacyjnego\u00a0<\/a>(plik PDF, 200kB)<a href=\"https:\/\/www.piwet.pulawy.pl\/lims-files\/wn.file\/wn.file.00002989.7449bf78181ea24fde9f9b7e6f3dea4e43d79806.pdf\"><\/a><\/p>\n\n\n\n<p>Nab\u00f3r i spos\u00f3b sk\u0142adania wniosk\u00f3w:<br><strong><u>IRZiBZ PAN Olsztyn<\/u><\/strong><br>Poczta tradycyjna \u2013 na adres: Interdyscyplinarna Szko\u0142a Doktorska Nauk Rolniczych, Instytut Rozrodu Zwierz\u0105t i Bada\u0144 \u017bywno\u015bci PAN, ul. Tuwima 10, 10-748 Olsztyn,&nbsp;<strong>do dnia 7 wrze\u015bnia 2020 r. do godziny 15.00<\/strong>.<br>Droga mailowa \u2013 na adres e-mail: a.andronowska@pan.olsztyn.pl do dnia&nbsp;<strong>7 wrze\u015bnia 2020 r. do godziny 15.00<\/strong>.<\/p>\n\n\n\n<p><strong><u>PIWET-PIB Pu\u0142awy<\/u><\/strong><br>Poczta tradycyjna \u2013 na adres: Interdyscyplinarna Szko\u0142a Doktorska Nauk Rolniczych, Pa\u0144stwowy Instytut Weterynaryjny-PIB, Al. Partyzant\u00f3w 57, 24-100 Pu\u0142awy,&nbsp;<strong>do dnia 7 wrze\u015bnia 2020 r. do godziny 15.00<\/strong>.<br>Droga mailowa \u2013 na adres e-mail: ppolak@piwet.pulawy.pl do dnia&nbsp;<strong>7 wrze\u015bnia 2020 r. do godziny 15.00<\/strong>.<\/p>\n\n\n\n<p><strong><u>IA PAN Lublin<\/u><\/strong><br>Poczta tradycyjna \u2013 na adres: Interdyscyplinarna Szko\u0142a Doktorska Nauk Rolniczych, Instytut Agrofizyki im. Bohdana Dobrza\u0144skiego Polskiej Akademii Nauk, ul. Do\u015bwiadczalna 4, 20-290 Lublin,&nbsp;<strong>do dnia 7 wrze\u015bnia 2020 r. do godziny 15.00<\/strong>.<br>Droga mailowa \u2013 na adres e-mail: sekretariat@ipan.lublin.pl do dnia&nbsp;<strong>7 wrze\u015bnia 2020r. do godziny 15.00<\/strong>.<\/p>\n\n\n\n<p>Harmonogram:<br>Weryfikacja wniosk\u00f3w pod wzgl\u0119dem formalnym:&nbsp;<strong>09 wrze\u015bnia 2020 r<\/strong>.<br>Rozmowy kwalifikacyjne (ewentualne zmiany terminu b\u0119d\u0105 umieszczane na stronie szko\u0142y):&nbsp;<strong>14-23 wrze\u015bnia 2020 r.<\/strong><br>Publikacja szczeg\u00f3\u0142owego harmonogramu rozm\u00f3w kwalifikacyjnych, zawieraj\u0105cego informacje o godzinie egzaminu danego kandydata:&nbsp;<strong>do 11 wrze\u015bnia 2020 r. godz. 16:00<\/strong><br>Publikacja list rankingowych:&nbsp;<strong>do 25 wrze\u015bnia 2020 r. godz. 16:00<\/strong><\/p>\n\n\n\n<p>Dokumenty do pobrania:<br><a href=\"https:\/\/www.piwet.pulawy.pl\/lims-files\/wn.file\/wn.file.00002990.abd601ff6346dad326247e13778ec1f493b9d7e8.doc\">1. Za\u0142. Nr 2 Wz\u00f3r podania<\/a> (plik WORD, 26.5kB)<br><a href=\"https:\/\/www.piwet.pulawy.pl\/lims-files\/wn.file\/wn.file.00002992.98982f260976247cefbe16d66495921b12fca106.doc\">2. Za\u0142. Nr 3 Zgoda na przetwarzanie danych osobowych do cel\u00f3w rekrutacji<\/a> (plik WORD, 31kB)<\/p>\n\n\n\n<p><br><a href=\"https:\/\/www.piwet.pulawy.pl\/lims-files\/wn.file\/wn.file.00002990.abd601ff6346dad326247e13778ec1f493b9d7e8.doc\"><\/a>\u00a0<a href=\"https:\/\/www.piwet.pulawy.pl\/lims-files\/wn.file\/wn.file.00002992.98982f260976247cefbe16d66495921b12fca106.doc\"><\/a><\/p>\n","protected":false},"excerpt":{"rendered":"<p>Na podstawie art. 200 Ustawy z dnia 20 lipca 2018 r. Prawo o szkolnictwie wy\u017cszym i nauce (Dz. U. z 2018, poz. 1668 z p\u00f3\u017an. zm.) oraz na podstawie art. 291 ustawy z dnia 3 lipca 2018 r. Przepisy wprowadzaj\u0105ce ustaw\u0119 \u2013Prawo o szkolnictwie wy\u017cszym i nauce (Dz. U. 2018 poz. 1669 z p\u00f3\u017an. zm.) [&hellip;]<\/p>\n","protected":false},"author":2,"featured_media":0,"parent":0,"menu_order":0,"comment_status":"closed","ping_status":"closed","template":"fullwidth-page.php","meta":{"footnotes":""},"class_list":["post-3266","page","type-page","status-publish","hentry"],"rttpg_featured_image_url":null,"rttpg_author":{"display_name":"Marta Antas","author_link":"https:\/\/www.piwet.pulawy.pl\/en\/author\/mantas\/"},"rttpg_comment":0,"rttpg_category":false,"rttpg_excerpt":"Na podstawie art. 200 Ustawy z dnia 20 lipca 2018 r. Prawo o szkolnictwie wy\u017cszym i nauce (Dz. U. z 2018, poz. 1668 z p\u00f3\u017an. zm.) oraz na podstawie art. 291 ustawy z dnia 3 lipca 2018 r. Przepisy wprowadzaj\u0105ce ustaw\u0119 \u2013Prawo o szkolnictwie wy\u017cszym i nauce (Dz. U. 2018 poz. 1669 z p\u00f3\u017an. zm.)&hellip;","_links":{"self":[{"href":"https:\/\/www.piwet.pulawy.pl\/en\/wp-json\/wp\/v2\/pages\/3266","targetHints":{"allow":["GET"]}}],"collection":[{"href":"https:\/\/www.piwet.pulawy.pl\/en\/wp-json\/wp\/v2\/pages"}],"about":[{"href":"https:\/\/www.piwet.pulawy.pl\/en\/wp-json\/wp\/v2\/types\/page"}],"author":[{"embeddable":true,"href":"https:\/\/www.piwet.pulawy.pl\/en\/wp-json\/wp\/v2\/users\/2"}],"replies":[{"embeddable":true,"href":"https:\/\/www.piwet.pulawy.pl\/en\/wp-json\/wp\/v2\/comments?post=3266"}],"version-history":[{"count":10,"href":"https:\/\/www.piwet.pulawy.pl\/en\/wp-json\/wp\/v2\/pages\/3266\/revisions"}],"predecessor-version":[{"id":3298,"href":"https:\/\/www.piwet.pulawy.pl\/en\/wp-json\/wp\/v2\/pages\/3266\/revisions\/3298"}],"wp:attachment":[{"href":"https:\/\/www.piwet.pulawy.pl\/en\/wp-json\/wp\/v2\/media?parent=3266"}],"curies":[{"name":"wp","href":"https:\/\/api.w.org\/{rel}","templated":true}]}}