{"id":3257,"date":"2025-08-21T10:18:13","date_gmt":"2025-08-21T08:18:13","guid":{"rendered":"https:\/\/www.piwet.pulawy.pl\/?page_id=3257"},"modified":"2026-03-02T10:14:01","modified_gmt":"2026-03-02T09:14:01","slug":"interdyscyplinarna-szkola-doktorska-nauk-rolniczych","status":"publish","type":"page","link":"https:\/\/www.piwet.pulawy.pl\/en\/interdyscyplinarna-szkola-doktorska-nauk-rolniczych\/","title":{"rendered":"Interdyscyplinarna Szko\u0142a Doktorska Nauk Rolniczych"},"content":{"rendered":"\t\t<div data-elementor-type=\"wp-page\" data-elementor-id=\"3257\" class=\"elementor elementor-3257\">\n\t\t\t\t<div class=\"elementor-element elementor-element-4bb5a394 e-flex e-con-boxed e-con e-parent\" data-id=\"4bb5a394\" data-element_type=\"container\" data-e-type=\"container\">\n\t\t\t\t\t<div class=\"e-con-inner\">\n\t\t\t\t<div class=\"elementor-element elementor-element-105ad35d elementor-widget elementor-widget-text-editor\" data-id=\"105ad35d\" data-element_type=\"widget\" data-e-type=\"widget\" data-widget_type=\"text-editor.default\">\n\t\t\t\t<div class=\"elementor-widget-container\">\n\t\t\t\t\t\t\t\t\t\n<p><strong>Utworzenie Interdyscyplinarnej Szko\u0142y Doktorskiej Nauk Rolniczych<\/strong><\/p>\n\n<p>16 marca 2020 r. Dyrektorzy 3 Instytut\u00f3w Naukowych podpisali umow\u0119 o utworzeniu i wsp\u00f3lnym prowadzeniu\u00a0<strong>Interdyscyplinarnej Szko\u0142y Doktorskiej Nauk Rolniczych<\/strong>. Szko\u0142a b\u0119dzie prowadzona przez Instytut Rozrodu Zwierz\u0105t i Bada\u0144 \u017bywno\u015bci Polskiej Akademii Nauk w Olsztynie (pe\u0142ni\u0105cy funkcj\u0119 Lidera), Instytut Agrofizyki im. Bohdana Dobrza\u0144skiego Polskiej Akademii Nauk w Lublinie oraz Pa\u0144stwowy Instytut Weterynaryjny \u2013 Pa\u0144stwowy Instytut Badawczy w Pu\u0142awach. Szko\u0142a rozpocznie swoj\u0105 dzia\u0142alno\u015b\u0107 1 pa\u017adziernika 2020 roku i b\u0119dzie kszta\u0142ci\u0142a doktorant\u00f3w w 4 dyscyplinach naukowych: zootechnika i rybactwo, technologia \u017cywno\u015bci i \u017cywienie, weterynaria oraz rolnictwo i ogrodnictwo.<\/p>\n\n<p><a href=\"https:\/\/www.piwet.pulawy.pl\/wp-content\/uploads\/2025\/08\/Zarzadzenie-15_2020.pdf\" target=\"_blank\" rel=\"noreferrer noopener\">Zarz\u0105dzenie nr 15\/2020<\/a> (plik PDF, 508kB) w sprawie utworzenia Interdyscyplinarnej Szko\u0142y Doktorskiej Nauk Rolniczych w Pa\u0144stwowym Instytucie Weterynaryjnym \u2013 Pa\u0144stwowym Instytucie Badawczym w Pu\u0142awach<\/p>\n\n<p>Funkcjonowanie\u00a0<strong>Interdyscyplinarnej Szko\u0142y Doktorskiej Nauk Rolniczych<\/strong>\u00a0regulowane jest przez nast\u0119puj\u0105ce uchwa\u0142y:<br \/>&#8211; Uchwa\u0142a Rady Naukowej PIWet-PIB w sprawie uchwalenia Regulaminu, Zasad rekrutacji oraz Programu kszta\u0142cenia w Interdyscyplinarnej Szkole Doktorskiej Nauk Rolniczych<\/p>\n\t\t\t\t\t\t\t\t<\/div>\n\t\t\t\t<\/div>\n\t\t\t\t\t<\/div>\n\t\t\t\t<\/div>\n\t\t<div class=\"elementor-element elementor-element-6df9250 e-flex e-con-boxed e-con e-parent\" data-id=\"6df9250\" data-element_type=\"container\" data-e-type=\"container\">\n\t\t\t\t\t<div class=\"e-con-inner\">\n\t\t\t\t<div class=\"elementor-element elementor-element-364dac3 elementor-widget elementor-widget-n-accordion\" data-id=\"364dac3\" data-element_type=\"widget\" data-e-type=\"widget\" data-settings=\"{&quot;default_state&quot;:&quot;expanded&quot;,&quot;max_items_expended&quot;:&quot;one&quot;,&quot;n_accordion_animation_duration&quot;:{&quot;unit&quot;:&quot;ms&quot;,&quot;size&quot;:400,&quot;sizes&quot;:[]}}\" data-widget_type=\"nested-accordion.default\">\n\t\t\t\t<div class=\"elementor-widget-container\">\n\t\t\t\t\t\t\t<div class=\"e-n-accordion\" aria-label=\"Accordion. Open links with Enter or Space, close with Escape, and navigate with Arrow Keys\">\n\t\t\t\t\t\t<details id=\"e-n-accordion-item-5690\" class=\"e-n-accordion-item\" open>\n\t\t\t\t<summary class=\"e-n-accordion-item-title\" data-accordion-index=\"1\" tabindex=\"0\" aria-expanded=\"true\" aria-controls=\"e-n-accordion-item-5690\" >\n\t\t\t\t\t<span class='e-n-accordion-item-title-header'><div class=\"e-n-accordion-item-title-text\"> Rekrutacja 2025\/2026 <\/div><\/span>\n\t\t\t\t\t\t\t<span class='e-n-accordion-item-title-icon'>\n\t\t\t<span class='e-opened' ><svg aria-hidden=\"true\" class=\"e-font-icon-svg e-fas-minus\" viewBox=\"0 0 448 512\" xmlns=\"http:\/\/www.w3.org\/2000\/svg\"><path d=\"M416 208H32c-17.67 0-32 14.33-32 32v32c0 17.67 14.33 32 32 32h384c17.67 0 32-14.33 32-32v-32c0-17.67-14.33-32-32-32z\"><\/path><\/svg><\/span>\n\t\t\t<span class='e-closed'><svg aria-hidden=\"true\" class=\"e-font-icon-svg e-fas-plus\" viewBox=\"0 0 448 512\" xmlns=\"http:\/\/www.w3.org\/2000\/svg\"><path d=\"M416 208H272V64c0-17.67-14.33-32-32-32h-32c-17.67 0-32 14.33-32 32v144H32c-17.67 0-32 14.33-32 32v32c0 17.67 14.33 32 32 32h144v144c0 17.67 14.33 32 32 32h32c17.67 0 32-14.33 32-32V304h144c17.67 0 32-14.33 32-32v-32c0-17.67-14.33-32-32-32z\"><\/path><\/svg><\/span>\n\t\t<\/span>\n\n\t\t\t\t\t\t<\/summary>\n\t\t\t\t<div role=\"region\" aria-labelledby=\"e-n-accordion-item-5690\" class=\"elementor-element elementor-element-2b33778 e-con-full e-flex e-con e-child\" data-id=\"2b33778\" data-element_type=\"container\" data-e-type=\"container\">\n\t\t<div role=\"region\" aria-labelledby=\"e-n-accordion-item-5690\" class=\"elementor-element elementor-element-9acafb9 e-flex e-con-boxed e-con e-child\" data-id=\"9acafb9\" data-element_type=\"container\" data-e-type=\"container\">\n\t\t\t\t\t<div class=\"e-con-inner\">\n\t\t\t\t<div class=\"elementor-element elementor-element-031ea21 elementor-widget elementor-widget-text-editor\" data-id=\"031ea21\" data-element_type=\"widget\" data-e-type=\"widget\" data-widget_type=\"text-editor.default\">\n\t\t\t\t<div class=\"elementor-widget-container\">\n\t\t\t\t\t\t\t\t\t<ol>\n<li><a href=\"https:\/\/www.piwet.pulawy.pl\/wp-content\/uploads\/2025\/08\/Regulamin-ISDNR-_2025.1.doc\" target=\"_blank\" rel=\"noopener\">Regulamin<\/a><\/li>\n<li><a href=\"https:\/\/www.piwet.pulawy.pl\/wp-content\/uploads\/2025\/08\/Zasady-rekrutacji-do-ISDNR_2025-1.doc\" target=\"_blank\" rel=\"noopener\">Zasady rekrutacji<\/a><\/li>\n<li><a href=\"https:\/\/www.piwet.pulawy.pl\/wp-content\/uploads\/2025\/08\/Program-Ksztalcenia-ISDNR-_2025.1.doc\" target=\"_blank\" rel=\"noopener\">Program kszta\u0142cenia<\/a><\/li>\n<li><a href=\"https:\/\/pan.olsztyn.pl\/interdyscyplinarna-szkola-doktorska-nauk-rolniczych\/rekrutacja-uzupelniajaca-do-interdyscyplinarnej-szkoly-doktorskiej-nauk-rolniczych\/\" target=\"_blank\" rel=\"noopener\">Rekrutacja uzupe\u0142niaj\u0105ca<\/a><\/li>\n<li><a href=\"https:\/\/www.piwet.pulawy.pl\/wp-content\/uploads\/2026\/03\/2025-2026-Interdyscyplinarna-Szkola-Doktorska-Nauk-Rolniczych.pdf\">Wyniki rekrutacji<\/a><\/li>\n<\/ol>\t\t\t\t\t\t\t\t<\/div>\n\t\t\t\t<\/div>\n\t\t\t\t\t<\/div>\n\t\t\t\t<\/div>\n\t\t\t\t<\/div>\n\t\t\t\t\t<\/details>\n\t\t\t\t\t\t<details id=\"e-n-accordion-item-5691\" class=\"e-n-accordion-item\" >\n\t\t\t\t<summary class=\"e-n-accordion-item-title\" data-accordion-index=\"2\" tabindex=\"-1\" aria-expanded=\"false\" aria-controls=\"e-n-accordion-item-5691\" >\n\t\t\t\t\t<span class='e-n-accordion-item-title-header'><div class=\"e-n-accordion-item-title-text\"> Rekrutacja 2024\/2025 <\/div><\/span>\n\t\t\t\t\t\t\t<span class='e-n-accordion-item-title-icon'>\n\t\t\t<span class='e-opened' ><svg aria-hidden=\"true\" class=\"e-font-icon-svg e-fas-minus\" viewBox=\"0 0 448 512\" xmlns=\"http:\/\/www.w3.org\/2000\/svg\"><path d=\"M416 208H32c-17.67 0-32 14.33-32 32v32c0 17.67 14.33 32 32 32h384c17.67 0 32-14.33 32-32v-32c0-17.67-14.33-32-32-32z\"><\/path><\/svg><\/span>\n\t\t\t<span class='e-closed'><svg aria-hidden=\"true\" class=\"e-font-icon-svg e-fas-plus\" viewBox=\"0 0 448 512\" xmlns=\"http:\/\/www.w3.org\/2000\/svg\"><path d=\"M416 208H272V64c0-17.67-14.33-32-32-32h-32c-17.67 0-32 14.33-32 32v144H32c-17.67 0-32 14.33-32 32v32c0 17.67 14.33 32 32 32h144v144c0 17.67 14.33 32 32 32h32c17.67 0 32-14.33 32-32V304h144c17.67 0 32-14.33 32-32v-32c0-17.67-14.33-32-32-32z\"><\/path><\/svg><\/span>\n\t\t<\/span>\n\n\t\t\t\t\t\t<\/summary>\n\t\t\t\t<div role=\"region\" aria-labelledby=\"e-n-accordion-item-5691\" class=\"elementor-element elementor-element-5f3c85b e-con-full e-flex e-con e-child\" data-id=\"5f3c85b\" data-element_type=\"container\" data-e-type=\"container\">\n\t\t<div role=\"region\" aria-labelledby=\"e-n-accordion-item-5691\" class=\"elementor-element elementor-element-f0b8c41 e-flex e-con-boxed e-con e-child\" data-id=\"f0b8c41\" data-element_type=\"container\" data-e-type=\"container\">\n\t\t\t\t\t<div class=\"e-con-inner\">\n\t\t\t\t<div class=\"elementor-element elementor-element-fc03468 elementor-widget elementor-widget-text-editor\" data-id=\"fc03468\" data-element_type=\"widget\" data-e-type=\"widget\" data-widget_type=\"text-editor.default\">\n\t\t\t\t<div class=\"elementor-widget-container\">\n\t\t\t\t\t\t\t\t\t<ol>\n<li><a href=\"https:\/\/www.piwet.pulawy.pl\/lims-files\/wn.file\/wn.file.00004777.0d3fa981f2e576a7ef02e0fce64799d965807ef0.doc\" target=\"_blank\" rel=\"noopener\">Regulamin<\/a><\/li>\n<li><a href=\"https:\/\/www.piwet.pulawy.pl\/lims-files\/wn.file\/wn.file.00004778.d3283df58c20ef0b724c244d001fdf465cda464e.doc\">Zasady rekrutacji\u00a0<\/a><\/li>\n<li><a href=\"https:\/\/www.piwet.pulawy.pl\/lims-files\/wn.file\/wn.file.00004779.7e898b2984e1e82b57e3dced6b5af7ebfd8b4bb3.doc\">Program Kszta\u0142cenia<\/a><\/li>\n<li><a href=\"https:\/\/www.piwet.pulawy.pl\/wp-content\/uploads\/2025\/08\/2-wyniki-rekrutacji-2020-Interdyscyplinarna-Szkola-Doktorska-Nauk-Rolniczych.pdf\" target=\"_blank\" rel=\"noreferrer noopener\">Szczeg\u00f3\u0142y rekrutacji<\/a><\/li>\n<li><a href=\"https:\/\/www.piwet.pulawy.pl\/lims-files\/wn.file\/wn.file.00003098.705d14908f1731e360bdc3f9fef6401c9b3d3a65.pdf\">Wykaz wymaganych dokument\u00f3w<\/a><\/li>\n<li><a href=\"https:\/\/www.piwet.pulawy.pl\/wp-content\/uploads\/2025\/08\/2.-wyniki-2024-Interdyscyplinarna-Szkola-Doktorska-Nauk-Rolniczych-1.pdf\">Wyniki rekrutacji<\/a><\/li>\n<\/ol>\t\t\t\t\t\t\t\t<\/div>\n\t\t\t\t<\/div>\n\t\t\t\t\t<\/div>\n\t\t\t\t<\/div>\n\t\t\t\t<\/div>\n\t\t\t\t\t<\/details>\n\t\t\t\t\t\t<details id=\"e-n-accordion-item-5692\" class=\"e-n-accordion-item\" >\n\t\t\t\t<summary class=\"e-n-accordion-item-title\" data-accordion-index=\"3\" tabindex=\"-1\" aria-expanded=\"false\" aria-controls=\"e-n-accordion-item-5692\" >\n\t\t\t\t\t<span class='e-n-accordion-item-title-header'><div class=\"e-n-accordion-item-title-text\"> Rekrutacja 2021\/2022 <\/div><\/span>\n\t\t\t\t\t\t\t<span class='e-n-accordion-item-title-icon'>\n\t\t\t<span class='e-opened' ><svg aria-hidden=\"true\" class=\"e-font-icon-svg e-fas-minus\" viewBox=\"0 0 448 512\" xmlns=\"http:\/\/www.w3.org\/2000\/svg\"><path d=\"M416 208H32c-17.67 0-32 14.33-32 32v32c0 17.67 14.33 32 32 32h384c17.67 0 32-14.33 32-32v-32c0-17.67-14.33-32-32-32z\"><\/path><\/svg><\/span>\n\t\t\t<span class='e-closed'><svg aria-hidden=\"true\" class=\"e-font-icon-svg e-fas-plus\" viewBox=\"0 0 448 512\" xmlns=\"http:\/\/www.w3.org\/2000\/svg\"><path d=\"M416 208H272V64c0-17.67-14.33-32-32-32h-32c-17.67 0-32 14.33-32 32v144H32c-17.67 0-32 14.33-32 32v32c0 17.67 14.33 32 32 32h144v144c0 17.67 14.33 32 32 32h32c17.67 0 32-14.33 32-32V304h144c17.67 0 32-14.33 32-32v-32c0-17.67-14.33-32-32-32z\"><\/path><\/svg><\/span>\n\t\t<\/span>\n\n\t\t\t\t\t\t<\/summary>\n\t\t\t\t<div role=\"region\" aria-labelledby=\"e-n-accordion-item-5692\" class=\"elementor-element elementor-element-f44075a e-flex e-con-boxed e-con e-child\" data-id=\"f44075a\" data-element_type=\"container\" data-e-type=\"container\">\n\t\t\t\t\t<div class=\"e-con-inner\">\n\t\t<div role=\"region\" aria-labelledby=\"e-n-accordion-item-5692\" class=\"elementor-element elementor-element-e0d2978 e-con-full e-flex e-con e-child\" data-id=\"e0d2978\" data-element_type=\"container\" data-e-type=\"container\">\n\t\t\t\t<div class=\"elementor-element elementor-element-dc7569d elementor-widget elementor-widget-text-editor\" data-id=\"dc7569d\" data-element_type=\"widget\" data-e-type=\"widget\" data-widget_type=\"text-editor.default\">\n\t\t\t\t<div class=\"elementor-widget-container\">\n\t\t\t\t\t\t\t\t\t<p>1. <a href=\"https:\/\/pan.olsztyn.pl\/interdyscyplinarna-szkola-doktorska-nauk-rolniczych\/rekrutacja-2021\/\" target=\"_blank\" rel=\"noopener\">Szczeg\u00f3\u0142y rekrutacji<\/a><br \/>2. <a href=\"https:\/\/www.piwet.pulawy.pl\/wp-content\/uploads\/2025\/08\/wn.file_.00003454.fd64bfd46af4c6fee8fb8dca28c6d4ebc13eaca8.pdf\" target=\"_blank\" rel=\"noreferrer noopener\">Rekrutacja uzupe\u0142niaj\u0105ca<\/a><\/p>\t\t\t\t\t\t\t\t<\/div>\n\t\t\t\t<\/div>\n\t\t\t\t<\/div>\n\t\t\t\t\t<\/div>\n\t\t\t\t<\/div>\n\t\t\t\t\t<\/details>\n\t\t\t\t\t\t<details id=\"e-n-accordion-item-5693\" class=\"e-n-accordion-item\" >\n\t\t\t\t<summary class=\"e-n-accordion-item-title\" data-accordion-index=\"4\" tabindex=\"-1\" aria-expanded=\"false\" aria-controls=\"e-n-accordion-item-5693\" >\n\t\t\t\t\t<span class='e-n-accordion-item-title-header'><div class=\"e-n-accordion-item-title-text\"> Rekrutacja 2020\/2021 <\/div><\/span>\n\t\t\t\t\t\t\t<span class='e-n-accordion-item-title-icon'>\n\t\t\t<span class='e-opened' ><svg aria-hidden=\"true\" class=\"e-font-icon-svg e-fas-minus\" viewBox=\"0 0 448 512\" xmlns=\"http:\/\/www.w3.org\/2000\/svg\"><path d=\"M416 208H32c-17.67 0-32 14.33-32 32v32c0 17.67 14.33 32 32 32h384c17.67 0 32-14.33 32-32v-32c0-17.67-14.33-32-32-32z\"><\/path><\/svg><\/span>\n\t\t\t<span class='e-closed'><svg aria-hidden=\"true\" class=\"e-font-icon-svg e-fas-plus\" viewBox=\"0 0 448 512\" xmlns=\"http:\/\/www.w3.org\/2000\/svg\"><path d=\"M416 208H272V64c0-17.67-14.33-32-32-32h-32c-17.67 0-32 14.33-32 32v144H32c-17.67 0-32 14.33-32 32v32c0 17.67 14.33 32 32 32h144v144c0 17.67 14.33 32 32 32h32c17.67 0 32-14.33 32-32V304h144c17.67 0 32-14.33 32-32v-32c0-17.67-14.33-32-32-32z\"><\/path><\/svg><\/span>\n\t\t<\/span>\n\n\t\t\t\t\t\t<\/summary>\n\t\t\t\t<div role=\"region\" aria-labelledby=\"e-n-accordion-item-5693\" class=\"elementor-element elementor-element-b19dd3d e-con-full e-flex e-con e-child\" data-id=\"b19dd3d\" data-element_type=\"container\" data-e-type=\"container\">\n\t\t<div role=\"region\" aria-labelledby=\"e-n-accordion-item-5693\" class=\"elementor-element elementor-element-d0d5872 e-flex e-con-boxed e-con e-child\" data-id=\"d0d5872\" data-element_type=\"container\" data-e-type=\"container\">\n\t\t\t\t\t<div class=\"e-con-inner\">\n\t\t\t\t<div class=\"elementor-element elementor-element-ae81a63 elementor-widget elementor-widget-text-editor\" data-id=\"ae81a63\" data-element_type=\"widget\" data-e-type=\"widget\" data-widget_type=\"text-editor.default\">\n\t\t\t\t<div class=\"elementor-widget-container\">\n\t\t\t\t\t\t\t\t\t<p>1. <a href=\"https:\/\/www.piwet.pulawy.pl\/rekrutacja-szkola-doktorska-nauk-rolniczych\/\" target=\"_blank\" rel=\"noreferrer noopener\">Szczeg\u00f3\u0142y rekrutacji<\/a><br \/>2. <a href=\"https:\/\/www.piwet.pulawy.pl\/wp-content\/uploads\/2025\/08\/PIWet-PIB.pdf\" target=\"_blank\" rel=\"noreferrer noopener\" data-type=\"link\" data-id=\"https:\/\/www.piwet.pulawy.pl\/wp-content\/uploads\/2025\/08\/PIWet-PIB.pdf\">Harmonogram<\/a><br \/>2. <a href=\"https:\/\/www.piwet.pulawy.pl\/wp-content\/uploads\/2025\/08\/2-wyniki-rekrutacji-2020-Interdyscyplinarna-Szkola-Doktorska-Nauk-Rolniczych.pdf\" target=\"_blank\" rel=\"noreferrer noopener\">Wyniki rekrutacji<\/a><br \/>3. <a href=\"https:\/\/www.piwet.pulawy.pl\/lims-files\/wn.file\/wn.file.00003143.af00ef31bb91d056c29003a554e8c818aaab34f9.pdf\" target=\"_blank\" rel=\"noreferrer noopener\">Og\u0142oszenie o konkursie na stypendium naukowe dla doktoranta<\/a><br \/>4. <a href=\"https:\/\/www.piwet.pulawy.pl\/lims-files\/wn.file\/wn.file.00003160.e6c6e48ad1b3f85be24ca852ff7965008ee0fb57.pdf\" target=\"_blank\" rel=\"noreferrer noopener\">Wynik konkursu na stypendium<\/a><\/p>\t\t\t\t\t\t\t\t<\/div>\n\t\t\t\t<\/div>\n\t\t\t\t\t<\/div>\n\t\t\t\t<\/div>\n\t\t\t\t<\/div>\n\t\t\t\t\t<\/details>\n\t\t\t\t\t<\/div>\n\t\t\t\t\t\t<\/div>\n\t\t\t\t<\/div>\n\t\t\t\t\t<\/div>\n\t\t\t\t<\/div>\n\t\t\t\t<\/div>\n\t\t","protected":false},"excerpt":{"rendered":"<p>Utworzenie Interdyscyplinarnej Szko\u0142y Doktorskiej Nauk Rolniczych 16 marca 2020 r. Dyrektorzy 3 Instytut\u00f3w Naukowych podpisali umow\u0119 o utworzeniu i wsp\u00f3lnym prowadzeniu\u00a0Interdyscyplinarnej Szko\u0142y Doktorskiej Nauk Rolniczych. Szko\u0142a b\u0119dzie prowadzona przez Instytut Rozrodu Zwierz\u0105t i Bada\u0144 \u017bywno\u015bci Polskiej Akademii Nauk w Olsztynie (pe\u0142ni\u0105cy funkcj\u0119 Lidera), Instytut Agrofizyki im. Bohdana Dobrza\u0144skiego Polskiej Akademii Nauk w Lublinie oraz Pa\u0144stwowy [&hellip;]<\/p>\n","protected":false},"author":2,"featured_media":0,"parent":0,"menu_order":0,"comment_status":"closed","ping_status":"closed","template":"","meta":{"footnotes":""},"class_list":["post-3257","page","type-page","status-publish","hentry"],"rttpg_featured_image_url":null,"rttpg_author":{"display_name":"Marta Antas","author_link":"https:\/\/www.piwet.pulawy.pl\/en\/author\/mantas\/"},"rttpg_comment":0,"rttpg_category":false,"rttpg_excerpt":"Utworzenie Interdyscyplinarnej Szko\u0142y Doktorskiej Nauk Rolniczych 16 marca 2020 r. Dyrektorzy 3 Instytut\u00f3w Naukowych podpisali umow\u0119 o utworzeniu i wsp\u00f3lnym prowadzeniu\u00a0Interdyscyplinarnej Szko\u0142y Doktorskiej Nauk Rolniczych. Szko\u0142a b\u0119dzie prowadzona przez Instytut Rozrodu Zwierz\u0105t i Bada\u0144 \u017bywno\u015bci Polskiej Akademii Nauk w Olsztynie (pe\u0142ni\u0105cy funkcj\u0119 Lidera), Instytut Agrofizyki im. Bohdana Dobrza\u0144skiego Polskiej Akademii Nauk w Lublinie oraz Pa\u0144stwowy&hellip;","_links":{"self":[{"href":"https:\/\/www.piwet.pulawy.pl\/en\/wp-json\/wp\/v2\/pages\/3257","targetHints":{"allow":["GET"]}}],"collection":[{"href":"https:\/\/www.piwet.pulawy.pl\/en\/wp-json\/wp\/v2\/pages"}],"about":[{"href":"https:\/\/www.piwet.pulawy.pl\/en\/wp-json\/wp\/v2\/types\/page"}],"author":[{"embeddable":true,"href":"https:\/\/www.piwet.pulawy.pl\/en\/wp-json\/wp\/v2\/users\/2"}],"replies":[{"embeddable":true,"href":"https:\/\/www.piwet.pulawy.pl\/en\/wp-json\/wp\/v2\/comments?post=3257"}],"version-history":[{"count":63,"href":"https:\/\/www.piwet.pulawy.pl\/en\/wp-json\/wp\/v2\/pages\/3257\/revisions"}],"predecessor-version":[{"id":4636,"href":"https:\/\/www.piwet.pulawy.pl\/en\/wp-json\/wp\/v2\/pages\/3257\/revisions\/4636"}],"wp:attachment":[{"href":"https:\/\/www.piwet.pulawy.pl\/en\/wp-json\/wp\/v2\/media?parent=3257"}],"curies":[{"name":"wp","href":"https:\/\/api.w.org\/{rel}","templated":true}]}}