{"id":3230,"date":"2025-08-21T09:47:13","date_gmt":"2025-08-21T07:47:13","guid":{"rendered":"https:\/\/www.piwet.pulawy.pl\/?page_id=3230"},"modified":"2025-08-21T10:17:35","modified_gmt":"2025-08-21T08:17:35","slug":"szkola-doktorska-nauk-o-zwierzetach-i-bezpieczenstwie-zywnosci","status":"publish","type":"page","link":"https:\/\/www.piwet.pulawy.pl\/en\/szkola-doktorska-nauk-o-zwierzetach-i-bezpieczenstwie-zywnosci\/","title":{"rendered":"Szko\u0142a Doktorska Nauk o Zwierz\u0119tach i Bezpiecze\u0144stwie \u017bywno\u015bci"},"content":{"rendered":"\n<p><strong>Utworzenie Szko\u0142y Doktorskiej Nauk o Zwierz\u0119tach i Bezpiecze\u0144stwie \u017bywno\u015bci<\/strong><\/p>\n\n\n\n<p>20 marca 2020 r. Dyrektorzy 2 Instytut\u00f3w Naukowych podpisali umow\u0119 o utworzeniu i wsp\u00f3lnym prowadzeniu&nbsp;<strong>Szko\u0142y Doktorskiej Nauk o Zwierz\u0119tach i Bezpiecze\u0144stwie \u017bywno\u015bci<\/strong>. Szko\u0142a b\u0119dzie prowadzona przez Instytut Genetyki i Hodowli Zwierz\u0105t Polskiej Akademii Nauk w Jastrz\u0119bcu (pe\u0142ni\u0105cy funkcj\u0119 Lidera), oraz Pa\u0144stwowy Instytut Weterynaryjny \u2013 Pa\u0144stwowy Instytut Badawczy w Pu\u0142awach. Szko\u0142a rozpocznie swoj\u0105 dzia\u0142alno\u015b\u0107 1 pa\u017adziernika 2020 roku i b\u0119dzie kszta\u0142ci\u0142a doktorant\u00f3w w 2 dyscyplinach naukowych: zootechnika i rybactwo oraz weterynaria.<\/p>\n\n\n\n<p><a href=\"https:\/\/www.piwet.pulawy.pl\/wp-content\/uploads\/2025\/08\/Zarzadzenie-14_2020.pdf\" target=\"_blank\" rel=\"noreferrer noopener\">Zarz\u0105dzenie nr 14\/2020<\/a> (plik PDF, 490kB) w sprawie utworzenia Szko\u0142y Doktorskiej Nauk o Zwierz\u0119tach i Bezpiecze\u0144stwie \u017bywno\u015bci w Pa\u0144stwowym Instytucie Weterynaryjnym \u2013 Pa\u0144stwowym Instytucie Badawczym w Pu\u0142awach<\/p>\n\n\n\n<p>Funkcjonowanie\u00a0<strong>Szko\u0142y Doktorskiej Nauk o Zwierz\u0119tach i Bezpiecze\u0144stwie \u017bywno\u015bci<\/strong>\u00a0regulowane jest przez nast\u0119puj\u0105ce uchwa\u0142y:<br>&#8211; Uchwa\u0142a Rady Naukowej PIWet-PIB w sprawie uchwalenia Regulaminu, Zasad rekrutacji oraz Programu kszta\u0142cenia w Szkole Doktorskiej Nauk o Zwierz\u0119tach i Bezpiecze\u0144stwie \u017bywno\u015bci<\/p>\n\n\n\n<p><a href=\"https:\/\/www.piwet.pulawy.pl\/lims-files\/wn.file\/wn.file.00002959.a12878949f4ea52703ab6a07c662b31895886cea.pdf\" target=\"_blank\" rel=\"noreferrer noopener\">Regulamin Szko\u0142y Doktorskiej Nauk o Zwierz\u0119tach i Bezpiecze\u0144stwie \u017bywno\u015bci<\/a> (plik PDF, 293kB)<\/p>\n\n\n\n<p><a href=\"https:\/\/www.piwet.pulawy.pl\/lims-files\/wn.file\/wn.file.00002960.57f386dc7f9c7ad2b5fdfbf53fe319bd36e9ef74.pdf\" target=\"_blank\" rel=\"noreferrer noopener\">Zasady Rekrutacji do Szko\u0142y Doktorskiej Nauk o Zwierz\u0119tach i Bezpiecze\u0144stwie \u017bywno\u015bci<\/a> (plik PDF, 438kB)<\/p>\n\n\n\n<p><a href=\"https:\/\/www.piwet.pulawy.pl\/lims-files\/wn.file\/wn.file.00002961.dfd4b5c596e117a65a806491048c28cde5eab606.pdf\" target=\"_blank\" rel=\"noreferrer noopener\">Program Kszta\u0142cenia w Szkole Doktorskiej Nauk o Zwierz\u0119tach i Bezpiecze\u0144stwie \u017bywno\u015bci<\/a> (plik PDF, 551kB)<\/p>\n\n\n\n<p><strong>Rekrutacja 2020\/2021:<\/strong><br>1. <a href=\"https:\/\/web.piwet.pulawy.pl\/uploads\/docs\/harmonogram_rekrutacji_podpisany.pdf\" target=\"_blank\" rel=\"noreferrer noopener\">Harmonogram<\/a> (plik PDF, 198kB)<br>2. <a href=\"https:\/\/web.piwet.pulawy.pl\/uploads\/docs\/Proponowane_tematy_doktoratow.pdf\" target=\"_blank\" rel=\"noreferrer noopener\">Rekomendowane tematy badawcze<\/a> (plik PDF, 23,5kB)<br>3. <a href=\"https:\/\/www.piwet.pulawy.pl\/lims-files\/wn.file\/wn.file.00003117.29af7ec622a8097c37380d31ca8a98c146289992.pdf\" target=\"_blank\" rel=\"noreferrer noopener\">Rekrutacja uzupe\u0142niaj\u0105ca<\/a> (plik PDF, 548kB)<br>4. <a href=\"https:\/\/www.piwet.pulawy.pl\/wp-content\/uploads\/2025\/08\/wyniki-rekrutacji-Szkola-Doktorska-Nauk-o-Zwierzetach-i-Bezpieczenstwie-Zywnosci.pdf\" data-type=\"link\" data-id=\"https:\/\/www.piwet.pulawy.pl\/wp-content\/uploads\/2025\/08\/wyniki-rekrutacji-Szkola-Doktorska-Nauk-o-Zwierzetach-i-Bezpieczenstwie-Zywnosci.pdf\" target=\"_blank\" rel=\"noreferrer noopener\">Wyniki rekrutacji <\/a>(plik PDF, 369kB)<\/p>\n\n\n\n<p><strong>Rekrutacja 2021\/2022:<\/strong><br>1. <a href=\"https:\/\/www.piwet.pulawy.pl\/wp-content\/uploads\/2025\/08\/Rekrutacja-2021_2022-harmonogram.pdf\" target=\"_blank\" rel=\"noreferrer noopener\">Harmonogram<\/a> (plik PDF, 530kB)<br>2. <a href=\"https:\/\/www.piwet.pulawy.pl\/wp-content\/uploads\/2025\/08\/Rekomendowane-tematy-badawcze-2021_2022.pdf\" data-type=\"link\" data-id=\"https:\/\/www.piwet.pulawy.pl\/wp-content\/uploads\/2025\/08\/Rekomendowane-tematy-badawcze-2021_2022.pdf\" target=\"_blank\" rel=\"noreferrer noopener\">Rekomendowane tematy badawcze<\/a> (plik PDF, 380kB)<br>3. <a href=\"https:\/\/www.piwet.pulawy.pl\/wp-content\/uploads\/2025\/08\/wyniki-rekrutacji-2021-2022.pdf\" target=\"_blank\" rel=\"noreferrer noopener\">Wyniki rekrutacji<\/a> (plik PDF, 275kB)<\/p>\n\n\n\n<p><\/p>\n","protected":false},"excerpt":{"rendered":"<p>Utworzenie Szko\u0142y Doktorskiej Nauk o Zwierz\u0119tach i Bezpiecze\u0144stwie \u017bywno\u015bci 20 marca 2020 r. Dyrektorzy 2 Instytut\u00f3w Naukowych podpisali umow\u0119 o utworzeniu i wsp\u00f3lnym prowadzeniu&nbsp;Szko\u0142y Doktorskiej Nauk o Zwierz\u0119tach i Bezpiecze\u0144stwie \u017bywno\u015bci. Szko\u0142a b\u0119dzie prowadzona przez Instytut Genetyki i Hodowli Zwierz\u0105t Polskiej Akademii Nauk w Jastrz\u0119bcu (pe\u0142ni\u0105cy funkcj\u0119 Lidera), oraz Pa\u0144stwowy Instytut Weterynaryjny \u2013 Pa\u0144stwowy Instytut [&hellip;]<\/p>\n","protected":false},"author":2,"featured_media":0,"parent":0,"menu_order":0,"comment_status":"closed","ping_status":"closed","template":"fullwidth-page.php","meta":{"footnotes":""},"class_list":["post-3230","page","type-page","status-publish","hentry"],"rttpg_featured_image_url":null,"rttpg_author":{"display_name":"Marta Antas","author_link":"https:\/\/www.piwet.pulawy.pl\/en\/author\/mantas\/"},"rttpg_comment":0,"rttpg_category":false,"rttpg_excerpt":"Utworzenie Szko\u0142y Doktorskiej Nauk o Zwierz\u0119tach i Bezpiecze\u0144stwie \u017bywno\u015bci 20 marca 2020 r. Dyrektorzy 2 Instytut\u00f3w Naukowych podpisali umow\u0119 o utworzeniu i wsp\u00f3lnym prowadzeniu&nbsp;Szko\u0142y Doktorskiej Nauk o Zwierz\u0119tach i Bezpiecze\u0144stwie \u017bywno\u015bci. Szko\u0142a b\u0119dzie prowadzona przez Instytut Genetyki i Hodowli Zwierz\u0105t Polskiej Akademii Nauk w Jastrz\u0119bcu (pe\u0142ni\u0105cy funkcj\u0119 Lidera), oraz Pa\u0144stwowy Instytut Weterynaryjny \u2013 Pa\u0144stwowy Instytut&hellip;","_links":{"self":[{"href":"https:\/\/www.piwet.pulawy.pl\/en\/wp-json\/wp\/v2\/pages\/3230","targetHints":{"allow":["GET"]}}],"collection":[{"href":"https:\/\/www.piwet.pulawy.pl\/en\/wp-json\/wp\/v2\/pages"}],"about":[{"href":"https:\/\/www.piwet.pulawy.pl\/en\/wp-json\/wp\/v2\/types\/page"}],"author":[{"embeddable":true,"href":"https:\/\/www.piwet.pulawy.pl\/en\/wp-json\/wp\/v2\/users\/2"}],"replies":[{"embeddable":true,"href":"https:\/\/www.piwet.pulawy.pl\/en\/wp-json\/wp\/v2\/comments?post=3230"}],"version-history":[{"count":19,"href":"https:\/\/www.piwet.pulawy.pl\/en\/wp-json\/wp\/v2\/pages\/3230\/revisions"}],"predecessor-version":[{"id":3256,"href":"https:\/\/www.piwet.pulawy.pl\/en\/wp-json\/wp\/v2\/pages\/3230\/revisions\/3256"}],"wp:attachment":[{"href":"https:\/\/www.piwet.pulawy.pl\/en\/wp-json\/wp\/v2\/media?parent=3230"}],"curies":[{"name":"wp","href":"https:\/\/api.w.org\/{rel}","templated":true}]}}