{"id":322,"date":"2025-04-14T14:03:13","date_gmt":"2025-04-14T12:03:13","guid":{"rendered":"http:\/\/172.25.0.6\/?page_id=322"},"modified":"2025-05-15T08:29:35","modified_gmt":"2025-05-15T06:29:35","slug":"komisja-ds-specjalizacji-lekarzy-weterynarii-kslw","status":"publish","type":"page","link":"https:\/\/www.piwet.pulawy.pl\/en\/o-instytucie\/komisja-ds-specjalizacji-lekarzy-weterynarii-kslw\/","title":{"rendered":"Komisja ds. Specjalizacji Lekarzy Weterynarii (KSLW)"},"content":{"rendered":"\n<p><a href=\"https:\/\/kslw.piwet.pulawy.pl\" target=\"_blank\" rel=\"noreferrer noopener\">https:\/\/kslw.piwet.pulawy.pl<\/a><\/p>\n\n\n\n<p><strong>PREZYDIUM KOMISJI DO SPRAW SPECJALIZACJI LEKARZY WETERYNARII:<\/strong><\/p>\n\n\n\n<p><strong>Przewodnicz\u0105cy Komisji <\/strong>&#8211; prof. dr hab. Tomasz Janowski<\/p>\n\n\n\n<p><strong>Zast\u0119pca Przewodnicz\u0105cego Komisji \u2013 <\/strong>dr n. wet. Maciej Gogulski<\/p>\n\n\n\n<p><strong>Sekretarz Komisji \u2013 <\/strong>lek. wet. Tomasz G\u00f3rski<\/p>\n\n\n\n<p>Na pocz\u0105tku lat 90-tych grupa inicjatywna z\u0142o\u017cona z przedstawicieli \u015brodowisk naukowo-akademickich oraz Krajowej Rady Lekarsko-Weterynaryjnej opracowa\u0142a zasady i schemat organizacyjny szkole\u0144 specjalizacyjnych w Polsce oraz w 1994 r. doprowadzi\u0142a do wydania przez Ministerstwo Rolnictwa i Gospodarki \u017bywno\u015bciowej rozporz\u0105dzenia zawieraj\u0105cego podstawy prawne tego systemu. Na jego mocy powo\u0142ano tak\u017ce Komisj\u0119 ds. Specjalizacji Lekarzy Weterynarii (KSLW), jako organ odpowiadaj\u0105cy za organizacj\u0119 i nadz\u00f3r nad ca\u0142ym systemem szkole\u0144 specjalizacyjnych. Pa\u0144stwowemu Instytutowi Weterynarii-PIBad (PIWet-PIBad) powierzono za\u015b pe\u0142nienie funkcji zaplecza administracyjno-finansowego.<\/p>\n\n\n\n<p>W kolejnych latach stopniowo uruchamiano kszta\u0142cenie specjalizacyjne we wszystkich obszarach medycyny weterynaryjnej, kt\u00f3re by\u0142o realizowane w krajowych Wydzia\u0142ach Medycyny Weterynaryjnych oraz PIWet-PIBad.<\/p>\n\n\n\n<p>Obecnie po cz\u0119\u015bciowych nowelizacjach rozporz\u0105dzenia w latach 2008 i 2022, w systemie szkole\u0144 specjalizacyjnych funkcjonuje 19 obszar\u00f3w kszta\u0142cenia, ciesz\u0105cych si\u0119 du\u017cym zainteresowaniem lekarzy praktyk\u00f3w oraz inspekcji weterynaryjnej.<\/p>\n\n\n\n<p>KSLW, b\u0119d\u0105ca aktualnie w swej VIII kadencji, wypromowa\u0142a \u0142\u0105cznie ok. 10.000 lekarzy specjalist\u00f3w, przyczyniaj\u0105c si\u0119 istotnie do podniesienia jako\u015bci kadr polskiej weterynarii.<\/p>\n\n\n\n<p>KSLW funkcjonuje na podstawie ustawy o zawodzie lekarza weterynarii i izbach lekarsko-weterynaryjnych z 7 grudnia 1990 r.<\/p>\n","protected":false},"excerpt":{"rendered":"<p>https:\/\/kslw.piwet.pulawy.pl PREZYDIUM KOMISJI DO SPRAW SPECJALIZACJI LEKARZY WETERYNARII: Przewodnicz\u0105cy Komisji &#8211; prof. dr hab. Tomasz Janowski Zast\u0119pca Przewodnicz\u0105cego Komisji \u2013 dr n. wet. Maciej Gogulski Sekretarz Komisji \u2013 lek. wet. Tomasz G\u00f3rski Na pocz\u0105tku lat 90-tych grupa inicjatywna z\u0142o\u017cona z przedstawicieli \u015brodowisk naukowo-akademickich oraz Krajowej Rady Lekarsko-Weterynaryjnej opracowa\u0142a zasady i schemat organizacyjny szkole\u0144 specjalizacyjnych w [&hellip;]<\/p>\n","protected":false},"author":2,"featured_media":0,"parent":69,"menu_order":0,"comment_status":"closed","ping_status":"closed","template":"fullwidth-page.php","meta":{"footnotes":""},"class_list":["post-322","page","type-page","status-publish","hentry"],"rttpg_featured_image_url":null,"rttpg_author":{"display_name":"Marta Antas","author_link":"https:\/\/www.piwet.pulawy.pl\/en\/author\/mantas\/"},"rttpg_comment":0,"rttpg_category":false,"rttpg_excerpt":"https:\/\/kslw.piwet.pulawy.pl PREZYDIUM KOMISJI DO SPRAW SPECJALIZACJI LEKARZY WETERYNARII: Przewodnicz\u0105cy Komisji &#8211; prof. dr hab. Tomasz Janowski Zast\u0119pca Przewodnicz\u0105cego Komisji \u2013 dr n. wet. Maciej Gogulski Sekretarz Komisji \u2013 lek. wet. Tomasz G\u00f3rski Na pocz\u0105tku lat 90-tych grupa inicjatywna z\u0142o\u017cona z przedstawicieli \u015brodowisk naukowo-akademickich oraz Krajowej Rady Lekarsko-Weterynaryjnej opracowa\u0142a zasady i schemat organizacyjny szkole\u0144 specjalizacyjnych w&hellip;","_links":{"self":[{"href":"https:\/\/www.piwet.pulawy.pl\/en\/wp-json\/wp\/v2\/pages\/322","targetHints":{"allow":["GET"]}}],"collection":[{"href":"https:\/\/www.piwet.pulawy.pl\/en\/wp-json\/wp\/v2\/pages"}],"about":[{"href":"https:\/\/www.piwet.pulawy.pl\/en\/wp-json\/wp\/v2\/types\/page"}],"author":[{"embeddable":true,"href":"https:\/\/www.piwet.pulawy.pl\/en\/wp-json\/wp\/v2\/users\/2"}],"replies":[{"embeddable":true,"href":"https:\/\/www.piwet.pulawy.pl\/en\/wp-json\/wp\/v2\/comments?post=322"}],"version-history":[{"count":4,"href":"https:\/\/www.piwet.pulawy.pl\/en\/wp-json\/wp\/v2\/pages\/322\/revisions"}],"predecessor-version":[{"id":869,"href":"https:\/\/www.piwet.pulawy.pl\/en\/wp-json\/wp\/v2\/pages\/322\/revisions\/869"}],"up":[{"embeddable":true,"href":"https:\/\/www.piwet.pulawy.pl\/en\/wp-json\/wp\/v2\/pages\/69"}],"wp:attachment":[{"href":"https:\/\/www.piwet.pulawy.pl\/en\/wp-json\/wp\/v2\/media?parent=322"}],"curies":[{"name":"wp","href":"https:\/\/api.w.org\/{rel}","templated":true}]}}