{"id":3214,"date":"2025-08-20T08:58:07","date_gmt":"2025-08-20T06:58:07","guid":{"rendered":"https:\/\/www.piwet.pulawy.pl\/?page_id=3214"},"modified":"2025-08-20T09:06:50","modified_gmt":"2025-08-20T07:06:50","slug":"zamowienie-publiczne","status":"publish","type":"page","link":"https:\/\/www.piwet.pulawy.pl\/en\/zamowienie-publiczne\/","title":{"rendered":"Zam\u00f3wienia Publiczne"},"content":{"rendered":"\n<p>Szanowni Pa\u0144stwo,<br><br>Informujemy, \u017ce w Pa\u0144stwowym Instytucie Weterynaryjnym &#8211; Pa\u0144stwowym Instytucie Badawczym w Pu\u0142awach post\u0119powania o udzielenie zam\u00f3wienia s\u0105 prowadzone z wykorzystaniem platformy zakupowej.<br><br>Wdro\u017cona Platforma Marketplanet e-zamawiaj\u0105cy umo\u017cliwia Pa\u0144stwu sk\u0142adanie ofert elektronicznie, w spos\u00f3b gwarantuj\u0105cy zachowanie pe\u0142nej poufno\u015bci.<br><br><strong>Wej\u015bcie na platform\u0119 odbywa si\u0119 poprzez link:<\/strong> <a href=\"https:\/\/piwet.ezamawiajacy.pl\" target=\"_blank\" rel=\"noreferrer noopener\">https:\/\/piwet.ezamawiajacy.pl<\/a><br><br>W przypadku pyta\u0144 prosimy o skorzystanie z pomocy Centrum Wsparcia Klienta Info Marketplanet, kt\u00f3re udziela wszelkich informacji zwi\u0105zanych z procesem sk\u0142adania ofert, rejestracji czy innych aspekt\u00f3w technicznych platformy, dost\u0119pne codziennie od poniedzia\u0142ku do pi\u0105tku w godz. 9:00 do 17:00. Zg\u0142oszenia mo\u017cna kierowa\u0107 pod numerem infolinii dla Wykonawc\u00f3w: +48 (22) 257 22 23.<br><br>Z powa\u017caniem,<br>Pracownicy Dzia\u0142u Zam\u00f3wie\u0144 Publicznych<br>Pa\u0144stwowy Instytut Weterynaryjny &#8211; Pa\u0144stwowy Instytut Badawczy<\/p>\n\n\n\n<h3 class=\"wp-block-heading has-text-color has-link-color wp-elements-fee3cf6b01fe9d456f1b8902ad984049\" style=\"color:#1a8314;font-size:20px\">Kontakt z Dzia\u0142em Zam\u00f3wie\u0144 Publicznych<\/h3>\n\n\n\n<p><strong>mgr Agata Wawer &#8211; Kierownik<\/strong><br>tel: <a href=\"tel:818893100\">81 889 31 00<\/a><br>mail: <a href=\"mailto:agata.wawer@piwet.pulawy.pl\">Agata.Wawer@piwet.pulawy.pl<\/a> <br>Poniedzia\u0142ek &#8211; Pi\u0105tek: 7:00 to 15:00<\/p>\n\n\n\n<p>mgr Aneta Kruk<br>tel: <a href=\"tel:818893100\">81 889 31 00<\/a><br>mail: <a href=\"mailto:aneta.kruk@piwet.pulawy.pl\">Aneta.Kruk@piwet.pulawy.pl<\/a>          <br>Poniedzia\u0142ek &#8211; Pi\u0105tek: 7:00 to 15:00<\/p>\n\n\n\n<p>mgr Sylwia Szymajda<br>tel: <a href=\"tel:818893255\">81 889 32 55<\/a><br>mail: <a href=\"mailto:sylwia.szymajda@piwet.pulawy.pl\">Sylwia.Szymajda@piwet.pulawy.pl<\/a>      <br>Poniedzia\u0142ek &#8211; Pi\u0105tek: 7:00 to 15:00<\/p>\n\n\n\n<p>mgr Anna Bogusz<br>tel: <a href=\"tel:818893350\">81 889 33 50<\/a><br>mail: <a href=\"mailto:anna.bogusz@piwet.pulawy.pl\">Anna.Bogusz@piwet.pulawy.pl<\/a>     <br>Poniedzia\u0142ek &#8211; Pi\u0105tek: 7:00 to 15:00<\/p>\n\n\n\n<p>mgr in\u017c. Aneta Mierzwa<br>tel: <a href=\"tel:818893228\">81 889 32 28<\/a><br>mail: <a href=\"mailto:aneta.mierzwa@piwet.pulawy.pl\">Aneta.Mierzwa@piwet.pulawy.pl<\/a>       <br>Poniedzia\u0142ek &#8211; Pi\u0105tek: 7:00 to 15:00<\/p>\n","protected":false},"excerpt":{"rendered":"<p>Szanowni Pa\u0144stwo, Informujemy, \u017ce w Pa\u0144stwowym Instytucie Weterynaryjnym &#8211; Pa\u0144stwowym Instytucie Badawczym w Pu\u0142awach post\u0119powania o udzielenie zam\u00f3wienia s\u0105 prowadzone z wykorzystaniem platformy zakupowej. Wdro\u017cona Platforma Marketplanet e-zamawiaj\u0105cy umo\u017cliwia Pa\u0144stwu sk\u0142adanie ofert elektronicznie, w spos\u00f3b gwarantuj\u0105cy zachowanie pe\u0142nej poufno\u015bci. Wej\u015bcie na platform\u0119 odbywa si\u0119 poprzez link: https:\/\/piwet.ezamawiajacy.pl W przypadku pyta\u0144 prosimy o skorzystanie z pomocy [&hellip;]<\/p>\n","protected":false},"author":2,"featured_media":0,"parent":0,"menu_order":0,"comment_status":"closed","ping_status":"closed","template":"fullwidth-page.php","meta":{"footnotes":""},"class_list":["post-3214","page","type-page","status-publish","hentry"],"rttpg_featured_image_url":null,"rttpg_author":{"display_name":"Marta Antas","author_link":"https:\/\/www.piwet.pulawy.pl\/en\/author\/mantas\/"},"rttpg_comment":0,"rttpg_category":false,"rttpg_excerpt":"Szanowni Pa\u0144stwo, Informujemy, \u017ce w Pa\u0144stwowym Instytucie Weterynaryjnym &#8211; Pa\u0144stwowym Instytucie Badawczym w Pu\u0142awach post\u0119powania o udzielenie zam\u00f3wienia s\u0105 prowadzone z wykorzystaniem platformy zakupowej. Wdro\u017cona Platforma Marketplanet e-zamawiaj\u0105cy umo\u017cliwia Pa\u0144stwu sk\u0142adanie ofert elektronicznie, w spos\u00f3b gwarantuj\u0105cy zachowanie pe\u0142nej poufno\u015bci. Wej\u015bcie na platform\u0119 odbywa si\u0119 poprzez link: https:\/\/piwet.ezamawiajacy.pl W przypadku pyta\u0144 prosimy o skorzystanie z pomocy&hellip;","_links":{"self":[{"href":"https:\/\/www.piwet.pulawy.pl\/en\/wp-json\/wp\/v2\/pages\/3214","targetHints":{"allow":["GET"]}}],"collection":[{"href":"https:\/\/www.piwet.pulawy.pl\/en\/wp-json\/wp\/v2\/pages"}],"about":[{"href":"https:\/\/www.piwet.pulawy.pl\/en\/wp-json\/wp\/v2\/types\/page"}],"author":[{"embeddable":true,"href":"https:\/\/www.piwet.pulawy.pl\/en\/wp-json\/wp\/v2\/users\/2"}],"replies":[{"embeddable":true,"href":"https:\/\/www.piwet.pulawy.pl\/en\/wp-json\/wp\/v2\/comments?post=3214"}],"version-history":[{"count":4,"href":"https:\/\/www.piwet.pulawy.pl\/en\/wp-json\/wp\/v2\/pages\/3214\/revisions"}],"predecessor-version":[{"id":3220,"href":"https:\/\/www.piwet.pulawy.pl\/en\/wp-json\/wp\/v2\/pages\/3214\/revisions\/3220"}],"wp:attachment":[{"href":"https:\/\/www.piwet.pulawy.pl\/en\/wp-json\/wp\/v2\/media?parent=3214"}],"curies":[{"name":"wp","href":"https:\/\/api.w.org\/{rel}","templated":true}]}}