{"id":299,"date":"2025-04-14T13:30:54","date_gmt":"2025-04-14T11:30:54","guid":{"rendered":"http:\/\/172.25.0.6\/?page_id=299"},"modified":"2026-02-11T11:44:32","modified_gmt":"2026-02-11T10:44:32","slug":"rada-naukowa","status":"publish","type":"page","link":"https:\/\/www.piwet.pulawy.pl\/en\/o-instytucie\/rada-naukowa\/","title":{"rendered":"Rada Naukowa"},"content":{"rendered":"\n<p><strong>ZAKRES DZIA\u0141ALNO\u015aCI RADY NAUKOWEJ&nbsp;<\/strong><\/p>\n\n\n\n<ol start=\"1\" class=\"wp-block-list\">\n<li>Rada jest organem stanowi\u0105cym, inicjuj\u0105cym, opiniodawczym i doradczym w zakresie dzia\u0142alno\u015bci statutowej Instytutu oraz w sprawach rozwoju kadry naukowej i badawczo-technicznej.<\/li>\n\n\n\n<li>Rada naukowa PIWet-PIB :\n<ol start=\"1\" style=\"list-style-type:lower-alpha\" class=\"wp-block-list\">\n<li>uchwala statut Instytutu;<\/li>\n\n\n\n<li>opiniuje kandydat\u00f3w na stanowiska: zast\u0119pcy dyrektora do spraw naukowych, sekretarza naukowego oraz kierownik\u00f3w kom\u00f3rek organizacyjnych, odpowiedzialnych za prowadzenie bada\u0144 naukowych;<\/li>\n\n\n\n<li>opiniuje kierunkowe plany tematyczne bada\u0144 naukowych i prac rozwojowych oraz finansowe Instytutu, a tak\u017ce roczne sprawozdania dyrektora z wykonania zada\u0144;<\/li>\n\n\n\n<li>zatwierdza perspektywiczne kierunki dzia\u0142alno\u015bci naukowej, rozwojowej i wdro\u017ceniowej;<\/li>\n\n\n\n<li>opiniuje wnioski w sprawie po\u0142\u0105czenia, podzia\u0142u, przekszta\u0142cenia lub reorganizacji Instytutu oraz sta\u0142ej wsp\u00f3\u0142pracy Instytutu z innymi osobami prawnymi;<\/li>\n\n\n\n<li>opiniuje regulamin organizacyjny Instytutu;<\/li>\n\n\n\n<li>opiniuje roczny plan finansowy;<\/li>\n\n\n\n<li>opiniuje roczne sprawozdania finansowe;<\/li>\n\n\n\n<li>opiniuje podzia\u0142 zysku Instytutu;<\/li>\n\n\n\n<li>opiniuje kwalifikacje os\u00f3b na stanowiska pracownik\u00f3w naukowych i badawczo-technicznych oraz dokonuje okresowej oceny dorobku naukowego i technicznego tych pracownik\u00f3w;<\/li>\n\n\n\n<li>opiniuje wnioski o przyznanie stypendium naukowego;<\/li>\n\n\n\n<li>przeprowadza przewody doktorskie i habilitacyjne oraz post\u0119powania o nadanie tytu\u0142u naukowego w zakresie posiadanych uprawnie\u0144;<\/li>\n\n\n\n<li>wnioskuje do dyrektora o mianowanie na stanowisko profesora lub profesora instytutu;<\/li>\n\n\n\n<li>opiniuje programy prowadzonych przez Instytut studi\u00f3w podyplomowych i doktoranckich;<\/li>\n\n\n\n<li>opiniuje regulamin zarz\u0105dzania prawami autorskimi i prawami pokrewnymi oraz prawami w\u0142asno\u015bci przemys\u0142owej oraz zasad komercjalizacji wynik\u00f3w bada\u0144 naukowych i prac rozwojowych;<\/li>\n\n\n\n<li>przypisuje poziomy Polskiej Ramy Kwalifikacji do kwalifikacji nadawanych po uko\u0144czeniu studi\u00f3w podyplomowych, o kt\u00f3rych mowa w art. 2 ust. 3 pkt 1, z uwzgl\u0119dnieniem art. 21 ustawy z dnia 22 grudnia 2015 r. o Zintegrowanym Systemie Kwalifikacji (Dz. U. z 2017 r. poz. 986);<\/li>\n\n\n\n<li>podejmuje decyzje o w\u0142\u0105czeniu do Zintegrowanego Systemu Kwalifikacji kwalifikacji nadawanych po uko\u0144czeniu studi\u00f3w podyplomowych, uwzgl\u0119dniaj\u0105c informacje, o kt\u00f3rych mowa w art. 25 ust. 2 ustawy z dnia 22 grudnia 2015 r. o Zintegrowanym Systemie Kwalifikacji;<\/li>\n\n\n\n<li>wyst\u0119puje do ministra w\u0142a\u015bciwego, o kt\u00f3rym mowa w art. 2 pkt 14 ustawy z dnia 22 grudnia 2015 r. o Zintegrowanym Systemie Kwalifikacji, z wnioskiem o w\u0142\u0105czenie do Zintegrowanego Systemu Kwalifikacji kwalifikacji nadawanych po uko\u0144czeniu innych form kszta\u0142cenia, w tym szkole\u0144 i kurs\u00f3w dokszta\u0142caj\u0105cych, o kt\u00f3rych mowa w art. 2 ust. 3 pkt 2 ustawy o instytutach badawczych.<\/li>\n<\/ol>\n<\/li>\n\n\n\n<li>Rada jest uprawniona do zajmowania stanowiska we wszystkich sprawach dotycz\u0105cych dzia\u0142alno\u015bci Instytutu.<\/li>\n\n\n\n<li>Prawo g\u0142osu w sprawach okre\u015blonych w ust. 2 pkt 10 i 11 maj\u0105 tylko cz\u0142onkowie Rady ze stopniem naukowym lub tytu\u0142em naukowym.<\/li>\n\n\n\n<li>Prawo g\u0142osu w sprawach okre\u015blonych w ust. 2 pkt 12 maj\u0105 cz\u0142onkowie Rady posiadaj\u0105cy stopie\u0144 doktora habilitowanego lub tytu\u0142 naukowy.<\/li>\n\n\n\n<li>Rada sporz\u0105dza opinie, o kt\u00f3rych mowa w ust. 2 pkt 2,3,5,7-11 w terminie nie d\u0142u\u017cszym ni\u017c 30 dni.<\/li>\n<\/ol>\n\n\n\n<p>Rada Naukowa dzia\u0142a na podstawie ustawy o instytutach badawczych i regulaminu Rady Naukowej.<\/p>\n\n\n\n<p><strong>SK\u0141AD RADY NAUKOWEJ XII KADENCJI<\/strong><\/p>\n\n\n\n<p>W sk\u0142ad Rady Naukowej XII kadencji 2026-2030 weszli wy\u0142onieni w wyniku wybor\u00f3w pracownicy PIWet-PIB oraz osoby spoza Instytutu, powo\u0142ane przez Ministra Rolnictwa i Rozwoju Wsi oraz Ministra Nauki i Szkolnictwa Wy\u017cszego.<\/p>\n\n\n\n<p><strong><em>Cz\u0142onkami Rady Naukowej obecnej kadencji zostali:<\/em><\/strong><\/p>\n\n\n\n<ol start=\"1\" class=\"wp-block-list\">\n<li><strong>prof. dr hab. Krzysztof Anusz <\/strong>\/ SGGW <\/li>\n\n\n\n<li><strong>lek. wet. Magdalena Bartosi\u0144sk<\/strong>a \/ MRiRW <\/li>\n\n\n\n<li><strong>prof. dr hab. Dariusz Bednarek<\/strong> \/ PIWet-PIB &#8211;  zast\u0119pca Przewodnicz\u0105cego Rady Naukowej <\/li>\n\n\n\n<li><strong>dr hab. Ewa Bilska-Zaj\u0105c<\/strong> \/ PIWet-PIB <\/li>\n\n\n\n<li><strong>prof. dr hab. Anna Bogucka-Kocka<\/strong> \/ U.Med. Lublin<\/li>\n\n\n\n<li><strong>prof. dr hab. Tomasz Cencek <\/strong>\/ PIWet-PIB <\/li>\n\n\n\n<li><strong>dr hab. Maciej Frant, prof. instytutu<\/strong> \/ PIWet-PIB <\/li>\n\n\n\n<li><strong>dr hab. Anna Gajda, prof. instytutu<\/strong> \/ PIWet-PIB &#8211; sekretarz Rady Naukowej <\/li>\n\n\n\n<li><strong>lek. Wet Miros\u0142aw Gniot <\/strong>\/ Izba Lek.-Wet. Wa-wa <\/li>\n\n\n\n<li><strong>lek. wet. Joanna Go\u0142\u0119biowska<\/strong> \/ CDR Brwin\u00f3w <\/li>\n\n\n\n<li><strong>dr hab. Tomasz Grenda<\/strong> \/ PIWet-PIB <\/li>\n\n\n\n<li><strong>prof. dr hab. Piotr Jedziniak<\/strong> \/ PIWet-PIB &#8211; zast\u0119pca Przewodnicz\u0105cego Rady Naukowej <\/li>\n\n\n\n<li><strong>dr hab. Jacek Karamon, prof. instytutu<\/strong> \/ PIWet-PIB <\/li>\n\n\n\n<li><strong>dr Tomasz Kiljanek<\/strong> \/ PIWet-PIB <\/li>\n\n\n\n<li><strong>dr hab. Ignacy Kitowski, prof. PANS<\/strong> \/ PANS Che\u0142m<\/li>\n\n\n\n<li><strong>prof. dr hab. Andrzej Koncicki<\/strong> \/ UWM Olsztyn &#8211; <strong>Przewodnicz\u0105cy<\/strong> <strong>Rady Naukowej <\/strong><\/li>\n\n\n\n<li><strong>prof. dr hab. Krzysztof Kubiak<\/strong> \/ UP Wroc\u0142aw <\/li>\n\n\n\n<li><strong>dr hab. Olimpia Kursa<\/strong> \/ PIWet-PIB<\/li>\n\n\n\n<li><strong>dr hab. Aleksandra Ledwo\u0144, prof. SGGW <\/strong>\/ SGGW <\/li>\n\n\n\n<li><strong>dr hab. Piotr Listos, prof. UP <\/strong>\/ UP Lublin <\/li>\n\n\n\n<li><strong>dr in\u017c. Zbigniew Sieradzki <\/strong>\/ PIWet-PIB <\/li>\n\n\n\n<li><strong>dr hab. Joanna Marchewka, prof. IGiBZ PAN<\/strong> \/ IGHZ PAN Jastrz\u0119biec <\/li>\n\n\n\n<li><strong>dr hab. Andrzej Mazur, prof. UMCS&nbsp;<\/strong> \/ UMCS Lublin <\/li>\n\n\n\n<li><strong>dr hab. Marta Mendel, prof. SGGW <\/strong>\/ SGGW <\/li>\n\n\n\n<li><strong>lek. wet. Pawe\u0142 Meye<\/strong>r \/ GLW GIW <\/li>\n\n\n\n<li><strong>dr hab. Szczepan Miko\u0142ajczyk<\/strong> \/ PIWet-PIB <\/li>\n\n\n\n<li><strong>prof. dr hab. Kamila Mitrowska<\/strong> \/ PIWet-PIB <\/li>\n\n\n\n<li><strong>dr hab. Marzena Rola-\u0141uszczak, prof. instytutu<\/strong> \/ PIWet-PIB <\/li>\n\n\n\n<li><strong>dr hab. Marcin Smreczak<\/strong>,<strong> prof. instytutu<\/strong> \/ PIWet-PIB &#8211; zast\u0119pca sekretarza Rady Naukowej<\/li>\n\n\n\n<li><strong>dr hab. Agnieszka Wiszniewska, prof. UWM<\/strong> \/ UWM Olsztyn <\/li>\n\n\n\n<li><strong>dr hab. Jaros\u0142aw Wieczorek<\/strong> \/ UR Krak\u00f3w &#8211; przedstawiciel Ministra Nauki i Szkolnictwa Wy\u017cszego<\/li>\n<\/ol>\n\n\n\n<p><em><strong>Komisja ds. Rozwoju Kadry Naukowej<\/strong><\/em><\/p>\n\n\n\n<ul class=\"wp-block-list\">\n<li>prof. dr hab. Dariusz Bednarek<\/li>\n\n\n\n<li>prof. dr hab. Kamila Mitrowska<\/li>\n\n\n\n<li>prof. dr hab. Piotr Jedziniak<\/li>\n\n\n\n<li>dr hab. Marzena Rola-\u0141uszczak, prof. inst.<\/li>\n\n\n\n<li>dr hab. Jacek Karamon, prof. inst.<\/li>\n\n\n\n<li>dr hab. Tomasz Grenda<\/li>\n\n\n\n<li>dr hab. Ewa Bilska-Zaj\u0105c<\/li>\n\n\n\n<li>dr hab. Olimpia Kursa<\/li>\n<\/ul>\n\n\n\n<p><em><strong>Komisja ds. Oceny Kwalifikacji Pracownik\u00f3w PIWet-PIB na Stanowiska Naukowe i Badawczo-Techniczne<\/strong><\/em><\/p>\n\n\n\n<ul class=\"wp-block-list\">\n<li>prof. dr hab. Dariusz Bednarek<\/li>\n\n\n\n<li>prof. dr hab. Tomasz Cencek<\/li>\n\n\n\n<li>prof. dr hab. Kamila Mitrowska<\/li>\n\n\n\n<li>dr hab. Ewa Bilska-Zaj\u0105c<\/li>\n\n\n\n<li>dr hab. in\u017c. Tomasz Grenda<\/li>\n\n\n\n<li>dr Tomasz Kiljanek<\/li>\n\n\n\n<li>dr hab. Olimpia Kursa<\/li>\n\n\n\n<li>dr hab. in\u017c. Szczepan Tomasz Miko\u0142ajczyk<\/li>\n\n\n\n<li>dr hab. Marzena Rola-\u0141uszczak, prof. inst.<\/li>\n\n\n\n<li>dr hab. Marcin Smreczak, prof. instytutu<\/li>\n<\/ul>\n\n\n\n<p><strong><em>Komisji ds. Oceny Dorobku Naukowego i Technicznego Pracownik\u00f3w Naukowych i Badawczo-Technicznych<\/em><\/strong><\/p>\n\n\n\n<ul class=\"wp-block-list\">\n<li>prof. dr hab. Tomasz Cencek<\/li>\n\n\n\n<li>dr hab. Anna Gajda, prof. inst.<\/li>\n\n\n\n<li>dr hab. Maciej Frant, prof. inst.<\/li>\n\n\n\n<li>dr hab. Szczepan Miko\u0142ajczyk<\/li>\n\n\n\n<li>dr Zbigniew Sieradzki<\/li>\n<\/ul>\n\n\n\n<p><\/p>\n","protected":false},"excerpt":{"rendered":"<p>ZAKRES DZIA\u0141ALNO\u015aCI RADY NAUKOWEJ&nbsp; Rada Naukowa dzia\u0142a na podstawie ustawy o instytutach badawczych i regulaminu Rady Naukowej. SK\u0141AD RADY NAUKOWEJ XII KADENCJI W sk\u0142ad Rady Naukowej XII kadencji 2026-2030 weszli wy\u0142onieni w wyniku wybor\u00f3w pracownicy PIWet-PIB oraz osoby spoza Instytutu, powo\u0142ane przez Ministra Rolnictwa i Rozwoju Wsi oraz Ministra Nauki i Szkolnictwa Wy\u017cszego. Cz\u0142onkami Rady [&hellip;]<\/p>\n","protected":false},"author":2,"featured_media":0,"parent":69,"menu_order":0,"comment_status":"closed","ping_status":"closed","template":"fullwidth-page.php","meta":{"footnotes":""},"class_list":["post-299","page","type-page","status-publish","hentry"],"rttpg_featured_image_url":null,"rttpg_author":{"display_name":"Marta Antas","author_link":"https:\/\/www.piwet.pulawy.pl\/en\/author\/mantas\/"},"rttpg_comment":0,"rttpg_category":false,"rttpg_excerpt":"ZAKRES DZIA\u0141ALNO\u015aCI RADY NAUKOWEJ&nbsp; Rada Naukowa dzia\u0142a na podstawie ustawy o instytutach badawczych i regulaminu Rady Naukowej. SK\u0141AD RADY NAUKOWEJ XII KADENCJI W sk\u0142ad Rady Naukowej XII kadencji 2026-2030 weszli wy\u0142onieni w wyniku wybor\u00f3w pracownicy PIWet-PIB oraz osoby spoza Instytutu, powo\u0142ane przez Ministra Rolnictwa i Rozwoju Wsi oraz Ministra Nauki i Szkolnictwa Wy\u017cszego. Cz\u0142onkami Rady&hellip;","_links":{"self":[{"href":"https:\/\/www.piwet.pulawy.pl\/en\/wp-json\/wp\/v2\/pages\/299","targetHints":{"allow":["GET"]}}],"collection":[{"href":"https:\/\/www.piwet.pulawy.pl\/en\/wp-json\/wp\/v2\/pages"}],"about":[{"href":"https:\/\/www.piwet.pulawy.pl\/en\/wp-json\/wp\/v2\/types\/page"}],"author":[{"embeddable":true,"href":"https:\/\/www.piwet.pulawy.pl\/en\/wp-json\/wp\/v2\/users\/2"}],"replies":[{"embeddable":true,"href":"https:\/\/www.piwet.pulawy.pl\/en\/wp-json\/wp\/v2\/comments?post=299"}],"version-history":[{"count":11,"href":"https:\/\/www.piwet.pulawy.pl\/en\/wp-json\/wp\/v2\/pages\/299\/revisions"}],"predecessor-version":[{"id":4268,"href":"https:\/\/www.piwet.pulawy.pl\/en\/wp-json\/wp\/v2\/pages\/299\/revisions\/4268"}],"up":[{"embeddable":true,"href":"https:\/\/www.piwet.pulawy.pl\/en\/wp-json\/wp\/v2\/pages\/69"}],"wp:attachment":[{"href":"https:\/\/www.piwet.pulawy.pl\/en\/wp-json\/wp\/v2\/media?parent=299"}],"curies":[{"name":"wp","href":"https:\/\/api.w.org\/{rel}","templated":true}]}}