{"id":2952,"date":"2025-08-08T10:00:15","date_gmt":"2025-08-08T08:00:15","guid":{"rendered":"https:\/\/www.piwet.pulawy.pl\/?page_id=2952"},"modified":"2026-04-07T14:19:43","modified_gmt":"2026-04-07T12:19:43","slug":"deklaracja-dostepnosci","status":"publish","type":"page","link":"https:\/\/www.piwet.pulawy.pl\/en\/deklaracja-dostepnosci\/","title":{"rendered":"Deklaracja dost\u0119pno\u015bci"},"content":{"rendered":"\n<a href=\"#main-content\" class=\"skip-link\">\n    Przejd\u017a do tre\u015bci g\u0142\u00f3wnej\n<\/a>\n\n<header role=\"banner\">\n    <h1 id=\"page-title\">Deklaracja dost\u0119pno\u015bci<\/h1>\n<\/header>\n\n<main\n    id=\"main-content\"\n    role=\"main\"\n    aria-labelledby=\"page-title\"\n    tabindex=\"-1\"\n>\n    <section aria-labelledby=\"section-podmiot\">\n        <h2 id=\"section-podmiot\">Podmiot publiczny<\/h2>\n\n        <p>\n            <strong id=\"a11y-podmiot\">Pa\u0144stwowy Instytut Weterynaryjny &#8211; Pa\u0144stwowy Instytut Badawczy<\/strong>  zobowi\u0105zuje si\u0119 zapewni\u0107 dost\u0119pno\u015b\u0107 swojej strony internetowej zgodnie z przepisami ustawy z dnia 4 kwietnia 2019 r. o dost\u0119pno\u015bci cyfrowej stron internetowych i aplikacji mobilnych podmiot\u00f3w publicznych.\n        <\/p>\n\n        <p>\n            <span id=\"a11y-zakres\">Deklaracja dost\u0119pno\u015bci dotyczy strony internetowej:<\/span>\n            <a id=\"a11y-url\" href=\"https:\/\/www.piwet.pulawy.pl\" aria-label=\"Strona internetowa Pa\u0144stwowego Instytutu Weterynaryjnego\">\n                <blockquote class=\"wp-embedded-content\" data-secret=\"c5FJgBb6lv\"><a href=\"https:\/\/www.piwet.pulawy.pl\/\">Home<\/a><\/blockquote><iframe class=\"wp-embedded-content\" sandbox=\"allow-scripts\" security=\"restricted\" style=\"position: absolute; visibility: hidden;\" title=\"&#8220;Home&#8221; &#8212; Pa\u0144stwowy Instytut Weterynaryjny - Pa\u0144stwowy Instytut Badawczy\" src=\"https:\/\/www.piwet.pulawy.pl\/embed\/#?secret=9ND3GSLRWs#?secret=c5FJgBb6lv\" data-secret=\"c5FJgBb6lv\" width=\"600\" height=\"338\" frameborder=\"0\" marginwidth=\"0\" marginheight=\"0\" scrolling=\"no\"><\/iframe>\n            <\/a>.\n        <\/p>\n        \n        <p>\n            Data pierwszej publikacji strony internetowej:\n            <time id=\"a11y-data-publikacja\">12 wrze\u015bnia 2022 r.<\/time>\n        <\/p>\n\n        <p>\n            Data ostatniej istotnej aktualizacji:\n            <time id=\"a11y-data-aktualizacja\">07 czerwca 2026 r.<\/time>\n        <\/p>\n    <\/section>\n    \n    \n\n    <section id=\"a11y-status\" aria-labelledby=\"section-status\">\n        <h2 id=\"section-status\">Status pod wzgl\u0119dem zgodno\u015bci<\/h2>\n\n        <p>Strona internetowa jest:<\/p>\n\n        <ul>\n            <li>cz\u0119\u015bciowo zgodna z ustaw\u0105 o dost\u0119pno\u015bci cyfrowej<\/li>\n        <\/ul>\n    <\/section>\n\n    <section aria-labelledby=\"section-niedostepne\">\n        <h2 id=\"section-niedostepne\">Tre\u015bci niedost\u0119pne<\/h2>\n\n        <p>Tre\u015bci niedost\u0119pne z powodu:<\/p>\n        <ul>\n            <li>Obrazy NIE maj\u0105 w\u0142a\u015bciwego odpowiednika tekstowego. Istotne informacje wizualne NIE istniej\u0105 w postaci tekstu<\/li>\n            <li>Strony z ograniczeniami czasowymi NIE zawieraj\u0105 mechanizm\u00f3w dostosowywania tych ogranicze\u0144<\/li>\n            <li>NIE mo\u017cna zatrzyma\u0107 dowolnej tre\u015bci, kt\u00f3ra si\u0119 porusza lub aktualizuje automatycznie<\/li>\n            <li>Niekt\u00f3re funkcjonalno\u015bci witryny wymagaj\u0105 kilku palc\u00f3w lub z\u0142o\u017conych gest\u00f3w, aby je obs\u0142ugiwa\u0107. Ta sama funkcjonalno\u015b\u0107 NIE mo\u017ce by\u0107 u\u017cywana tylko za pomoc\u0105 pojedynczych stukni\u0119\u0107 lub klikni\u0119\u0107<\/li>\n            <li>Niekt\u00f3re komponenty interaktywne NIE maj\u0105 dost\u0119pnej nazwy, roli, stanu<\/li>\n        <\/ul>\n    <\/section>\n\n    <section aria-labelledby=\"section-przygotowanie\">\n        <h2 id=\"section-przygotowanie\">Przygotowanie deklaracji dost\u0119pno\u015bci<\/h2>\n\n        <p>\n            Deklaracj\u0119 sporz\u0105dzono dnia:\n            <time id=\"a11y-data-sporzadzenie\">30 marca 2026 r.<\/time>\n        <\/p>\n\n        <p>\n            Deklaracj\u0119 ostatnio aktualizowano dnia:\n            <time id=\"a11y-data-przeglad\">07 kwietnia 2026 r.<\/time>\n        <\/p>\n\n        <p>\n            Deklaracj\u0119 sporz\u0105dzono na podstawie samooceny przeprowadzonej przez podmiot publiczny.\n        <\/p>\n    <\/section>\n\n    <section aria-labelledby=\"section-skroty\">\n        <h2 id=\"section-skroty\">Skr\u00f3ty klawiaturowe<\/h2>\n\n        <p>\n            Na stronie internetowej mo\u017cna korzysta\u0107\n            ze standardowych skr\u00f3t\u00f3w klawiaturowych przegl\u0105darki.\n        <\/p>\n    <\/section>\n\n    <section aria-labelledby=\"section-kontakt\">\n        <h2 id=\"section-kontakt\">Informacje zwrotne i dane kontaktowe<\/h2>\n\n        <p>\n            W przypadku problem\u00f3w z dost\u0119pno\u015bci\u0105 strony internetowej\n            prosimy o kontakt:\n        <\/p>\n\n        <ul>\n            <li>osoba kontaktowa: <span id=\"a11y-kontakt\">Marcin W\u0119glarz<\/span><\/li>\n            <li>\n                e-mail:\n                <a id=\"a11y-email\" href=\"mailto:marcin.weglarz@piwet.pulawy.pl\" aria-label=\"Adres e-mail do kontaktu\">\n                    marcin.weglarz@piwet.pulawy.pl\n                <\/a>\n            <\/li>\n            <li>telefon: <a id=\"a11y-telefon\" href=\"tel:818893353\">81 889 33 53<\/a><\/li>\n        <\/ul>\n    <\/section>\n\n    <section id=\"a11y-procedura\" aria-labelledby=\"section-skargi\">\n        <h2 id=\"section-skargi\">Obs\u0142uga wniosk\u00f3w i skarg<\/h2>\n\n        <p>\n            Ka\u017cdy ma prawo wyst\u0105pi\u0107 z \u017c\u0105daniem zapewnienia dost\u0119pno\u015bci cyfrowej.\n            W przypadku odmowy mo\u017cna z\u0142o\u017cy\u0107 skarg\u0119 do\n            <strong>Rzecznika Praw Obywatelskich<\/strong>.\n        <\/p>\n    <\/section>\n\n    <section id=\"a11y-architektura\" aria-labelledby=\"section-architektura\">\n        <h2 id=\"section-architektura\">Dost\u0119pno\u015b\u0107 architektoniczna<\/h2>\n\n        <p>Pa\u0144stwowy Instytut Weterynaryjny \u2014 Pa\u0144stwowy Instytut Badawczy \u2014 Aleja Partyzant\u00f3w 57 24-100 Pu\u0142awy Do budynk\u00f3w Instytutu prowadzi jedno wej\u015bcie od Alei Partyzant\u00f3w. Wej\u015bcie znajduje si\u0119 na poziomie gruntu i nie stanowi bariery dla os\u00f3b niepe\u0142nosprawnych.<\/p>\n        <p>Brama wjazdowa oraz szlaban otwierane s\u0105 na pilota przez pracownik\u00f3w sekcji ochrony. Przy budynku portierni zainstalowany jest system intercom, s\u0142u\u017c\u0105cy do komunikacji g\u0142osowej pracownika ochrony z kierowc\u0105 pojazdu. Rozwi\u0105zania te zapewniaj\u0105 osobom niepe\u0142nosprawnym bezpo\u015bredni wjazd na teren Instytutu bez konieczno\u015bci wysiadania z pojazdu.<\/p>\n        <p>Na terenie Instytutu zlokalizowane s\u0105 trzy oznakowane miejsca postojowe przeznaczone do parkowania aut, z kt\u00f3rych wy\u0142\u0105cznie korzystaj\u0105 osoby niepe\u0142nosprawne.<\/p>\n        <p>Budynek G\u0142\u00f3wny jest dostosowany dla os\u00f3b niepe\u0142nosprawnych. Budynek nie posiada schod\u00f3w na wej\u015bciu. Recepcja zlokalizowana jest po lewej stronie od wej\u015bcia. Dalsze przej\u015bcia zabezpieczone s\u0105 drzwiami z systemem kontroli dost\u0119pu, przez kt\u00f3re mo\u017ce przejecha\u0107 osoba na w\u00f3zku. Budynek wyposa\u017cony jest w windy osobowe, kt\u00f3re umo\u017cliwiaj\u0105 osobom niepe\u0142nosprawnym dost\u0119p do pomieszcze\u0144 znajduj\u0105cych si\u0119 na wy\u017cszych poziomach. W cz\u0119\u015bci korytarza na parterze w segmencie D znajduj\u0105 si\u0119 schody, kt\u00f3re mo\u017cna pokona\u0107 za pomoc\u0105 platformy przyschodowej. Pomieszczenia higieniczno-sanitarne w pe\u0142ni przystosowane dla os\u00f3b niepe\u0142nosprawnych zlokalizowane s\u0105 na wszystkich poziomach w segmencie A oraz na parterze po lewej stronie od recepcji. Budynek Weterynaryjnego Centrum Kszta\u0142cenia Podyplomowego jest w pe\u0142ni dostosowany dla os\u00f3b niepe\u0142nosprawnych. Na wej\u015bciach do obiektu znajduj\u0105 si\u0119 podjazdy dla os\u00f3b poruszaj\u0105cych si\u0119 na w\u00f3zkach. Recepcja zlokalizowana jest po prawej stronie od wej\u015bcia. W obiekcie znajduje si\u0119 pomieszczenie higieniczno-sanitarne w pe\u0142ni przystosowane dla os\u00f3b niepe\u0142nosprawnych, zlokalizowane jest w cz\u0119\u015bci szkoleniowej. W budynku zainstalowana jest winda osobowa, wyposa\u017cona w przyciski z alfabetem brajla, oraz por\u0119cze zainstalowane na dw\u00f3ch s\u0105siednich \u015bcianach na wysoko\u015bci 100cm.<\/p>\n    <\/section>\n\n    <section id=\"a11y-komunikacja\" aria-labelledby=\"section-komunikacja\">\n        <h2 id=\"section-komunikacja\">Dost\u0119pno\u015b\u0107 komunikacyjno\u2011informacyjna<\/h2>\n\n        <p>Nie posiadamy g\u0142o\u015bnik\u00f3w systemu Totupoint naprowadzaj\u0105cych d\u017awi\u0119kowo osoby niewidome i s\u0142abowidz\u0105ce. Do budynku i wszystkich jego pomieszcze\u0144 mo\u017cna wej\u015b\u0107 z psem asystuj\u0105cym i psem przewodnikiem. Nie posiadamy p\u0119tli indukcyjnych.<\/p>\n        <p>W budynku nie ma oznacze\u0144 w alfabecie brajla ani oznacze\u0144 kontrastowych lub w druku powi\u0119kszonym dla os\u00f3b niewidomych i s\u0142abowidz\u0105cych Nie ma mo\u017cliwo\u015bci skorzystania t\u0142umacza polskiego j\u0119zyka migowego (PJM).<\/p>\n    <\/section>\n<\/main>\n\n\n\n<p><\/p>\n","protected":false},"excerpt":{"rendered":"<p>Przejd\u017a do tre\u015bci g\u0142\u00f3wnej Deklaracja dost\u0119pno\u015bci Podmiot publiczny Pa\u0144stwowy Instytut Weterynaryjny &#8211; Pa\u0144stwowy Instytut Badawczy zobowi\u0105zuje si\u0119 zapewni\u0107 dost\u0119pno\u015b\u0107 swojej strony internetowej zgodnie z przepisami ustawy z dnia 4 kwietnia 2019 r. o dost\u0119pno\u015bci cyfrowej stron internetowych i aplikacji mobilnych podmiot\u00f3w publicznych. Deklaracja dost\u0119pno\u015bci dotyczy strony internetowej: Home . Data pierwszej publikacji strony internetowej: 12 [&hellip;]<\/p>\n","protected":false},"author":3,"featured_media":0,"parent":0,"menu_order":0,"comment_status":"closed","ping_status":"closed","template":"","meta":{"footnotes":""},"class_list":["post-2952","page","type-page","status-publish","hentry"],"rttpg_featured_image_url":null,"rttpg_author":{"display_name":"Marcin W\u0119glarz","author_link":"https:\/\/www.piwet.pulawy.pl\/en\/author\/mweglarz\/"},"rttpg_comment":0,"rttpg_category":" <a href=\"https:\/\/www.piwet.pulawy.pl\/?taxonomy=translation_priority&#038;term=opcjonalne\" rel=\"tag\">Opcjonalne<\/a>","rttpg_excerpt":"Przejd\u017a do tre\u015bci g\u0142\u00f3wnej Deklaracja dost\u0119pno\u015bci Podmiot publiczny Pa\u0144stwowy Instytut Weterynaryjny &#8211; Pa\u0144stwowy Instytut Badawczy zobowi\u0105zuje si\u0119 zapewni\u0107 dost\u0119pno\u015b\u0107 swojej strony internetowej zgodnie z przepisami ustawy z dnia 4 kwietnia 2019 r. o dost\u0119pno\u015bci cyfrowej stron internetowych i aplikacji mobilnych podmiot\u00f3w publicznych. Deklaracja dost\u0119pno\u015bci dotyczy strony internetowej: Home . Data pierwszej publikacji strony internetowej: 12&hellip;","_links":{"self":[{"href":"https:\/\/www.piwet.pulawy.pl\/en\/wp-json\/wp\/v2\/pages\/2952","targetHints":{"allow":["GET"]}}],"collection":[{"href":"https:\/\/www.piwet.pulawy.pl\/en\/wp-json\/wp\/v2\/pages"}],"about":[{"href":"https:\/\/www.piwet.pulawy.pl\/en\/wp-json\/wp\/v2\/types\/page"}],"author":[{"embeddable":true,"href":"https:\/\/www.piwet.pulawy.pl\/en\/wp-json\/wp\/v2\/users\/3"}],"replies":[{"embeddable":true,"href":"https:\/\/www.piwet.pulawy.pl\/en\/wp-json\/wp\/v2\/comments?post=2952"}],"version-history":[{"count":3,"href":"https:\/\/www.piwet.pulawy.pl\/en\/wp-json\/wp\/v2\/pages\/2952\/revisions"}],"predecessor-version":[{"id":4936,"href":"https:\/\/www.piwet.pulawy.pl\/en\/wp-json\/wp\/v2\/pages\/2952\/revisions\/4936"}],"wp:attachment":[{"href":"https:\/\/www.piwet.pulawy.pl\/en\/wp-json\/wp\/v2\/media?parent=2952"}],"curies":[{"name":"wp","href":"https:\/\/api.w.org\/{rel}","templated":true}]}}