{"id":2567,"date":"2025-07-31T13:23:55","date_gmt":"2025-07-31T11:23:55","guid":{"rendered":"https:\/\/www.piwet.pulawy.pl\/?page_id=2567"},"modified":"2025-08-01T10:02:00","modified_gmt":"2025-08-01T08:02:00","slug":"rzadowy-program-przeciwdzialania-korupcji","status":"publish","type":"page","link":"https:\/\/www.piwet.pulawy.pl\/en\/rzadowy-program-przeciwdzialania-korupcji\/","title":{"rendered":"Rz\u0105dowy Program Przeciwdzia\u0142ania Korupcji"},"content":{"rendered":"\n<p class=\"has-text-color has-link-color wp-elements-2222cf67cd42678b4919789ab4528c15\" style=\"color:#1a8314;font-size:20px\"><strong>Rz\u0105dowy Program Przeciwdzia\u0142ania Korupcji<\/strong><\/p>\n\n\n\n<p>Priorytetem wszystkich pracownik\u00f3w, niezale\u017cnie od zajmowanego stanowiska czy pe\u0142nionej funkcji w strukturze organizacyjnej PIWet-PIB, jest wype\u0142nianie obowi\u0105zk\u00f3w w spos\u00f3b odpowiedzialny i godny zaufania, z poszanowaniem przepis\u00f3w maj\u0105cych na celu wyeliminowa\u0107 lub ograniczy\u0107 ryzyko korupcji.<\/p>\n\n\n\n<p>Zawiadomienie o podejrzeniu wyst\u0105pienia w PIWet-PIB dzia\u0142a\u0144 nosz\u0105cych znamiona korupcji mo\u017cna zg\u0142osi\u0107 listownie na adres Instytutu:<\/p>\n\n\n\n<p>Al. Partyzant\u00f3w 57<br>24-100 Pu\u0142awy<br>z dopiskiem \u201eSygna\u0142\u201d<\/p>\n\n\n\n<p>W przypadku zg\u0142osze\u0144 anonimowych zalecane jest za\u0142\u0105czenie do zawiadomienia wszystkich dowod\u00f3w przemawiaj\u0105cych za prawdziwo\u015bci\u0105 twierdze\u0144 sygnalisty dla poparcia, \u017ce kieruje si\u0119 on dobr\u0105 wiar\u0105 i interesem publicznym.<\/p>\n\n\n\n<p><a href=\"https:\/\/www.piwet.pulawy.pl\/uploads\/docs\/Kodeks%20postepowania%20etycznego.pdf\" target=\"_blank\" rel=\"noreferrer noopener\">Kodeks post\u0119powania etycznego<\/a> (plik PDF, 820kB)<\/p>\n\n\n\n<p><a href=\"https:\/\/www.piwet.pulawy.pl\/uploads\/docs\/Kodeks%20antykorupcyjny.pdf\" target=\"_blank\" rel=\"noreferrer noopener\">Kodeks antykorupcyjny <\/a>(plik PDF, 1.0MB)<\/p>\n\n\n\n<p><a href=\"https:\/\/www.piwet.pulawy.pl\/lims-files\/wn.file\/wn.file.00003575.f88f86327f618ec0250d696b8eacb6d5bb8ae2a3.pdf\" target=\"_blank\" rel=\"noreferrer noopener\">Klauzula informacyjna <\/a>(plik PDF, 41.9kB)<\/p>\n\n\n\n<p><a href=\"https:\/\/www.piwet.pulawy.pl\/lims-files\/wn.file\/wn.file.00004290.79cfc37b50eedb165e9e1bc10c37f9c0b4f9db02.pdf\" target=\"_blank\" rel=\"noreferrer noopener\">Analiza ryzyka korupcyjnego w PIWet-PIB &#8211; kluczowe wnioski 2023 <\/a>(plik PDF, 490kB)<\/p>\n\n\n\n<p><\/p>\n\n\n\n<p><\/p>\n\n\n\n<p class=\"has-text-color has-link-color wp-elements-1166057460730254392e41041129697a\" style=\"color:#1a213e\"><em>Szanowni Pa\u0144stwo,<\/em><\/p>\n\n\n\n<p>W zwi\u0105zku ze wdro\u017con\u0105  &#8220;Polityk\u0105 antykorupcyjn\u0105 w PIWet-PIB&#8221; obowi\u0105zuj\u0105 nas \u015bci\u015ble okre\u015blone zasady polityki prezentowej.<\/p>\n\n\n\n<p><strong>Uprzejmie prosimy o nieprzesy\u0142anie okoliczno\u015bciowych upomink\u00f3w<\/strong>, chocia\u017c wiemy, \u017ce stanowi\u0105 one mi\u0142e i niezobowi\u0105zuj\u0105ce gesty z Pa\u0144stwa strony.<\/p>\n\n\n\n<p>Mamy nadziej\u0119, \u017ce nasza wsp\u00f3\u0142praca b\u0119dzie w dalszym ci\u0105gu harmonijnie si\u0119 rozwija\u0107 i b\u0119dzie satysfakcjonuj\u0105ca dla obu stron.<\/p>\n","protected":false},"excerpt":{"rendered":"<p>Rz\u0105dowy Program Przeciwdzia\u0142ania Korupcji Priorytetem wszystkich pracownik\u00f3w, niezale\u017cnie od zajmowanego stanowiska czy pe\u0142nionej funkcji w strukturze organizacyjnej PIWet-PIB, jest wype\u0142nianie obowi\u0105zk\u00f3w w spos\u00f3b odpowiedzialny i godny zaufania, z poszanowaniem przepis\u00f3w maj\u0105cych na celu wyeliminowa\u0107 lub ograniczy\u0107 ryzyko korupcji. Zawiadomienie o podejrzeniu wyst\u0105pienia w PIWet-PIB dzia\u0142a\u0144 nosz\u0105cych znamiona korupcji mo\u017cna zg\u0142osi\u0107 listownie na adres Instytutu: Al. [&hellip;]<\/p>\n","protected":false},"author":2,"featured_media":0,"parent":0,"menu_order":0,"comment_status":"closed","ping_status":"closed","template":"fullwidth-page.php","meta":{"footnotes":""},"class_list":["post-2567","page","type-page","status-publish","hentry"],"rttpg_featured_image_url":null,"rttpg_author":{"display_name":"Marta Antas","author_link":"https:\/\/www.piwet.pulawy.pl\/en\/author\/mantas\/"},"rttpg_comment":0,"rttpg_category":false,"rttpg_excerpt":"Rz\u0105dowy Program Przeciwdzia\u0142ania Korupcji Priorytetem wszystkich pracownik\u00f3w, niezale\u017cnie od zajmowanego stanowiska czy pe\u0142nionej funkcji w strukturze organizacyjnej PIWet-PIB, jest wype\u0142nianie obowi\u0105zk\u00f3w w spos\u00f3b odpowiedzialny i godny zaufania, z poszanowaniem przepis\u00f3w maj\u0105cych na celu wyeliminowa\u0107 lub ograniczy\u0107 ryzyko korupcji. Zawiadomienie o podejrzeniu wyst\u0105pienia w PIWet-PIB dzia\u0142a\u0144 nosz\u0105cych znamiona korupcji mo\u017cna zg\u0142osi\u0107 listownie na adres Instytutu: Al.&hellip;","_links":{"self":[{"href":"https:\/\/www.piwet.pulawy.pl\/en\/wp-json\/wp\/v2\/pages\/2567","targetHints":{"allow":["GET"]}}],"collection":[{"href":"https:\/\/www.piwet.pulawy.pl\/en\/wp-json\/wp\/v2\/pages"}],"about":[{"href":"https:\/\/www.piwet.pulawy.pl\/en\/wp-json\/wp\/v2\/types\/page"}],"author":[{"embeddable":true,"href":"https:\/\/www.piwet.pulawy.pl\/en\/wp-json\/wp\/v2\/users\/2"}],"replies":[{"embeddable":true,"href":"https:\/\/www.piwet.pulawy.pl\/en\/wp-json\/wp\/v2\/comments?post=2567"}],"version-history":[{"count":7,"href":"https:\/\/www.piwet.pulawy.pl\/en\/wp-json\/wp\/v2\/pages\/2567\/revisions"}],"predecessor-version":[{"id":2595,"href":"https:\/\/www.piwet.pulawy.pl\/en\/wp-json\/wp\/v2\/pages\/2567\/revisions\/2595"}],"wp:attachment":[{"href":"https:\/\/www.piwet.pulawy.pl\/en\/wp-json\/wp\/v2\/media?parent=2567"}],"curies":[{"name":"wp","href":"https:\/\/api.w.org\/{rel}","templated":true}]}}