{"id":2536,"date":"2025-07-30T15:54:43","date_gmt":"2025-07-30T13:54:43","guid":{"rendered":"https:\/\/www.piwet.pulawy.pl\/?page_id=2536"},"modified":"2025-08-08T13:12:15","modified_gmt":"2025-08-08T11:12:15","slug":"rownosc-plci","status":"publish","type":"page","link":"https:\/\/www.piwet.pulawy.pl\/en\/rownosc-plci\/","title":{"rendered":"R\u00f3wno\u015b\u0107 p\u0142ci"},"content":{"rendered":"\n<p class=\"has-text-color has-link-color wp-elements-e29d933f44feb8809bdc1fc729894d47\" style=\"color:#1a8314;font-size:20px\"><strong>R\u00f3wno\u015b\u0107 p\u0142ci<\/strong><\/p>\n\n\n\n<p>Plan R\u00f3wno\u015bci P\u0142ci Pa\u0144stwowego Instytutu Weterynaryjnego \u2013 Pa\u0144stwowego Instytutu Badawczego w Pu\u0142awach (Gender Equality Plan 2022\u20132025 for the National Veterinary Research Institute in Pu\u0142awy) zosta\u0142 opracowany z my\u015bl\u0105 o wszystkich pracownikach Instytutu. Jego g\u0142\u00f3wnym za\u0142o\u017ceniem jest d\u0105\u017cenie, aby PIWet-PIB by\u0142 instytucj\u0105 o wysokich standardach w zakresie bada\u0144 naukowych i innowacji, a przede wszystkim zapewnia\u0142 bezpieczne oraz komfortowe warunki do pracy i nauki bez wzgl\u0119du na p\u0142e\u0107.<br><br>Najistotniejszym zadaniem Planu R\u00f3wno\u015bci P\u0142ci jest promowanie, wdra\u017canie i monitorowanie pozytywnych dzia\u0142a\u0144 dotycz\u0105cych r\u00f3wno\u015bci p\u0142ci i r\u00f3\u017cnorodno\u015bci oraz wprowadzanie najwy\u017cszych standard\u00f3w maj\u0105cych na celu zapewnienie r\u00f3wnego traktowania.<br><br>Plan R\u00f3wno\u015bci P\u0142ci dla PIWet-PIB wpisuje si\u0119 r\u00f3wnie\u017c w priorytety Strategii Komisji Europejskiej na rzecz R\u00f3wno\u015bci P\u0142ci na lata 2020-2025. Jednym z cel\u00f3w tej strategii jest wzmocnienie Europejskiej Przestrzeni Badawczej (ERA) poprzez m.in. zapewnienie r\u00f3wnych szans w \u015brodowisku pracy, w kt\u00f3rym wszyscy, niezale\u017cnie od p\u0142ci, mog\u0105 rozwija\u0107 swoje talenty oraz lepsze zintegrowanie wymiaru p\u0142ci w projektach naukowych w celu poprawy jako\u015bci bada\u0144, a tak\u017ce ich znaczenia dla spo\u0142ecze\u0144stwa bazuj\u0105cego na wiedzy, technologii i innowacji.<\/p>\n\n\n\n<p><a href=\"https:\/\/www.piwet.pulawy.pl\/wp-content\/uploads\/2025\/08\/Zarzadzenie-w-sprawie-wprowadzenia-Planu-rownosci-plci-na-lata-2022-2025-dla-PIWet-PIB-1.pdf\" target=\"_blank\" rel=\"noreferrer noopener\">Zarz\u0105dzenie w sprawie wprowadzenia Planu r\u00f3wno\u015bci p\u0142ci na lata 2022-2025 dla PIWet-PIB<\/a><\/p>\n\n\n\n<ul class=\"wp-block-list\">\n<li><a href=\"https:\/\/www.piwet.pulawy.pl\/wp-content\/uploads\/2025\/08\/Plan-rownosci-plci-na-lata-2022-2025-dla-PIWet-PIB-PL.pdf\" target=\"_blank\" rel=\"noreferrer noopener\">Plan r\u00f3wno\u015bci p\u0142ci na lata 2022-2025 dla PIWet-PIB PL<\/a><\/li>\n\n\n\n<li><a href=\"https:\/\/www.piwet.pulawy.pl\/uploads\/docs\/RP\/Plan%20rownosci%20plci%20na%20lata%202022-2025%20dla%20PIWet-PIB%20EN.pdf\" target=\"_blank\" rel=\"noreferrer noopener\">P<\/a><a href=\"https:\/\/www.piwet.pulawy.pl\/wp-content\/uploads\/2025\/08\/Plan-rownosci-plci-na-lata-2022-2025-dla-PIWet-PIB-EN.pdf\" target=\"_blank\" rel=\"noreferrer noopener\">lan r\u00f3wno\u015bci p\u0142ci na lata 2022-2025 dla PIWet-PIB EN<\/a><\/li>\n<\/ul>\n\n\n\n<p><a href=\"https:\/\/www.piwet.pulawy.pl\/wp-content\/uploads\/2025\/08\/Zespol-ds.-Rownouprawnienia-w-Panstwowym-Instytucie-Weterynaryjnym-Panstwowym-Instytucie-Badawczym-w-Pulawach-1.pdf\" target=\"_blank\" rel=\"noreferrer noopener\">Zesp\u00f3\u0142 ds. R\u00f3wnouprawnienia w Pa\u0144stwowym Instytucie Weterynaryjnym \u2014 Pa\u0144stwowym Instytucie Badawczym w Pu\u0142awach<\/a><\/p>\n\n\n\n<p><\/p>\n","protected":false},"excerpt":{"rendered":"<p>R\u00f3wno\u015b\u0107 p\u0142ci Plan R\u00f3wno\u015bci P\u0142ci Pa\u0144stwowego Instytutu Weterynaryjnego \u2013 Pa\u0144stwowego Instytutu Badawczego w Pu\u0142awach (Gender Equality Plan 2022\u20132025 for the National Veterinary Research Institute in Pu\u0142awy) zosta\u0142 opracowany z my\u015bl\u0105 o wszystkich pracownikach Instytutu. Jego g\u0142\u00f3wnym za\u0142o\u017ceniem jest d\u0105\u017cenie, aby PIWet-PIB by\u0142 instytucj\u0105 o wysokich standardach w zakresie bada\u0144 naukowych i innowacji, a przede wszystkim [&hellip;]<\/p>\n","protected":false},"author":2,"featured_media":0,"parent":0,"menu_order":0,"comment_status":"closed","ping_status":"closed","template":"fullwidth-page.php","meta":{"footnotes":""},"class_list":["post-2536","page","type-page","status-publish","hentry"],"rttpg_featured_image_url":null,"rttpg_author":{"display_name":"Marta Antas","author_link":"https:\/\/www.piwet.pulawy.pl\/en\/author\/mantas\/"},"rttpg_comment":0,"rttpg_category":false,"rttpg_excerpt":"R\u00f3wno\u015b\u0107 p\u0142ci Plan R\u00f3wno\u015bci P\u0142ci Pa\u0144stwowego Instytutu Weterynaryjnego \u2013 Pa\u0144stwowego Instytutu Badawczego w Pu\u0142awach (Gender Equality Plan 2022\u20132025 for the National Veterinary Research Institute in Pu\u0142awy) zosta\u0142 opracowany z my\u015bl\u0105 o wszystkich pracownikach Instytutu. Jego g\u0142\u00f3wnym za\u0142o\u017ceniem jest d\u0105\u017cenie, aby PIWet-PIB by\u0142 instytucj\u0105 o wysokich standardach w zakresie bada\u0144 naukowych i innowacji, a przede wszystkim&hellip;","_links":{"self":[{"href":"https:\/\/www.piwet.pulawy.pl\/en\/wp-json\/wp\/v2\/pages\/2536","targetHints":{"allow":["GET"]}}],"collection":[{"href":"https:\/\/www.piwet.pulawy.pl\/en\/wp-json\/wp\/v2\/pages"}],"about":[{"href":"https:\/\/www.piwet.pulawy.pl\/en\/wp-json\/wp\/v2\/types\/page"}],"author":[{"embeddable":true,"href":"https:\/\/www.piwet.pulawy.pl\/en\/wp-json\/wp\/v2\/users\/2"}],"replies":[{"embeddable":true,"href":"https:\/\/www.piwet.pulawy.pl\/en\/wp-json\/wp\/v2\/comments?post=2536"}],"version-history":[{"count":5,"href":"https:\/\/www.piwet.pulawy.pl\/en\/wp-json\/wp\/v2\/pages\/2536\/revisions"}],"predecessor-version":[{"id":3094,"href":"https:\/\/www.piwet.pulawy.pl\/en\/wp-json\/wp\/v2\/pages\/2536\/revisions\/3094"}],"wp:attachment":[{"href":"https:\/\/www.piwet.pulawy.pl\/en\/wp-json\/wp\/v2\/media?parent=2536"}],"curies":[{"name":"wp","href":"https:\/\/api.w.org\/{rel}","templated":true}]}}