{"id":2500,"date":"2025-07-30T15:05:53","date_gmt":"2025-07-30T13:05:53","guid":{"rendered":"https:\/\/www.piwet.pulawy.pl\/?page_id=2500"},"modified":"2025-08-05T13:23:14","modified_gmt":"2025-08-05T11:23:14","slug":"koronawirus","status":"publish","type":"page","link":"https:\/\/www.piwet.pulawy.pl\/en\/koronawirus\/","title":{"rendered":"Koronawirus"},"content":{"rendered":"\n<p class=\"has-text-color has-link-color wp-elements-8dade25e0648c2ada10418d697edaca6\" style=\"color:#1a8314;font-size:20px\"><strong>Koronawirus<\/strong><\/p>\n\n\n\n<p class=\"has-text-color has-link-color wp-elements-abfa0d9db2f26f8e3e19cfa513a7361d\" style=\"color:#1a8314;font-size:20px\"><\/p>\n\n\n\n<h4 class=\"wp-block-heading\" style=\"font-size:16px\"><strong>Badania u norek:<\/strong><\/h4>\n\n\n\n<p style=\"font-size:16px\"><a href=\"https:\/\/www.gov.pl\/web\/rolnictwo\/badania-w-kierunku-koronawirusa-u-norek\" target=\"_blank\" rel=\"noopener\">Badania w kierunku koronawirusa u norek<\/a><\/p>\n\n\n\n<h4 class=\"wp-block-heading\" style=\"font-size:16px\"><strong>Nasze publikacje:<\/strong><\/h4>\n\n\n\n<p style=\"font-size:16px\"><a href=\"https:\/\/www.piwet.pulawy.pl\/wp-content\/uploads\/2025\/08\/Koronawirusy-\u2013-patogeny-wazne-z-punktu-widzenia-zdrowia-zwierzat-i-ludzi.pdf\">Doma\u0144ska-Blicharz K., Wo\u017aniakowski G., Rola J., Cuvelier \u2013 Mizak B., Or\u0142owska A., Antas M., Niemczuk K., \u015amietanka K. &#8220;Koronawirusy &#8211; patogeny wa\u017cne z punktu widzenia zdrowia zwierz\u0105t i ludzi&#8221;, \u017bycie Wet, 2020, 95(6), 347-358<\/a> (plik PDF, 565kB)<\/p>\n\n\n\n<p style=\"font-size:16px\"><br><a href=\"https:\/\/www.piwet.pulawy.pl\/wp-content\/uploads\/2025\/08\/JVR_Animal_coronaviruses_in_the_light_of_COVID-19.pdf\">Doma\u0144ska-Blicharz K., Wo\u017aniakowski G., Konopka B., Niemczuk K., Welz M., Rola J., Socha W., Or\u0142owska A., Antas M., \u015amietanka K., Cuvelier-Mizak B. \u201cAnimal coronaviruses in the light of COVID-19\u201d, J Vet Res 2020, 64, 333-345<\/a> (plik PDF, 402kB)<\/p>\n\n\n\n<p><\/p>\n","protected":false},"excerpt":{"rendered":"<p>Koronawirus Badania u norek: Badania w kierunku koronawirusa u norek Nasze publikacje: Doma\u0144ska-Blicharz K., Wo\u017aniakowski G., Rola J., Cuvelier \u2013 Mizak B., Or\u0142owska A., Antas M., Niemczuk K., \u015amietanka K. &#8220;Koronawirusy &#8211; patogeny wa\u017cne z punktu widzenia zdrowia zwierz\u0105t i ludzi&#8221;, \u017bycie Wet, 2020, 95(6), 347-358 (plik PDF, 565kB) Doma\u0144ska-Blicharz K., Wo\u017aniakowski G., Konopka B., [&hellip;]<\/p>\n","protected":false},"author":2,"featured_media":0,"parent":0,"menu_order":0,"comment_status":"closed","ping_status":"closed","template":"fullwidth-page.php","meta":{"footnotes":""},"class_list":["post-2500","page","type-page","status-publish","hentry"],"rttpg_featured_image_url":null,"rttpg_author":{"display_name":"Marta Antas","author_link":"https:\/\/www.piwet.pulawy.pl\/en\/author\/mantas\/"},"rttpg_comment":0,"rttpg_category":false,"rttpg_excerpt":"Koronawirus Badania u norek: Badania w kierunku koronawirusa u norek Nasze publikacje: Doma\u0144ska-Blicharz K., Wo\u017aniakowski G., Rola J., Cuvelier \u2013 Mizak B., Or\u0142owska A., Antas M., Niemczuk K., \u015amietanka K. &#8220;Koronawirusy &#8211; patogeny wa\u017cne z punktu widzenia zdrowia zwierz\u0105t i ludzi&#8221;, \u017bycie Wet, 2020, 95(6), 347-358 (plik PDF, 565kB) Doma\u0144ska-Blicharz K., Wo\u017aniakowski G., Konopka B.,&hellip;","_links":{"self":[{"href":"https:\/\/www.piwet.pulawy.pl\/en\/wp-json\/wp\/v2\/pages\/2500","targetHints":{"allow":["GET"]}}],"collection":[{"href":"https:\/\/www.piwet.pulawy.pl\/en\/wp-json\/wp\/v2\/pages"}],"about":[{"href":"https:\/\/www.piwet.pulawy.pl\/en\/wp-json\/wp\/v2\/types\/page"}],"author":[{"embeddable":true,"href":"https:\/\/www.piwet.pulawy.pl\/en\/wp-json\/wp\/v2\/users\/2"}],"replies":[{"embeddable":true,"href":"https:\/\/www.piwet.pulawy.pl\/en\/wp-json\/wp\/v2\/comments?post=2500"}],"version-history":[{"count":4,"href":"https:\/\/www.piwet.pulawy.pl\/en\/wp-json\/wp\/v2\/pages\/2500\/revisions"}],"predecessor-version":[{"id":2729,"href":"https:\/\/www.piwet.pulawy.pl\/en\/wp-json\/wp\/v2\/pages\/2500\/revisions\/2729"}],"wp:attachment":[{"href":"https:\/\/www.piwet.pulawy.pl\/en\/wp-json\/wp\/v2\/media?parent=2500"}],"curies":[{"name":"wp","href":"https:\/\/api.w.org\/{rel}","templated":true}]}}