{"id":2459,"date":"2025-07-30T14:41:03","date_gmt":"2025-07-30T12:41:03","guid":{"rendered":"https:\/\/www.piwet.pulawy.pl\/?page_id=2459"},"modified":"2025-08-01T10:31:06","modified_gmt":"2025-08-01T08:31:06","slug":"archiwum-konkursow-na-stanowiska-naukowe","status":"publish","type":"page","link":"https:\/\/www.piwet.pulawy.pl\/en\/archiwum-konkursow-na-stanowiska-naukowe\/","title":{"rendered":"Archiwum konkurs\u00f3w na stanowiska naukowe"},"content":{"rendered":"\n<p class=\"has-text-color has-link-color wp-elements-0b95daa51514f6641f6afbdf4778d70f\" style=\"color:#1a8314;font-size:20px\"><strong>Archiwum konkurs\u00f3w na stanowiska naukowe<\/strong><\/p>\n\n\n\n<p><\/p>\n\n\n\n<p>2025-07-23 Wpis: <strong>adiunkt w Zak\u0142adzie Farmakologii i Toksykologii (SSP-111\/8\/24)<\/strong><\/p>\n\n\n\n<p><a href=\"https:\/\/www.piwet.pulawy.pl\/aktual\/foto\/DSI_10861_Og%C5%82oszenie%20Dyrektora%20-%20adiunkt%20ZFT.pdf\" target=\"_blank\" rel=\"noreferrer noopener\">Skan og\u0142oszenia<\/a> (plik PDF, 76.6kB)<\/p>\n\n\n\n<p><a href=\"https:\/\/www.piwet.pulawy.pl\/aktual\/foto\/DSI_10861_Og%C5%82oszenie%20Dyrektora%20-%20adiunkt%20ZFT.pdf\" target=\"_blank\" rel=\"noreferrer noopener\"><\/a><\/p>\n\n\n\n<p>2024-10-25 Wpis: <strong>asystent w Zak\u0142adzie Bezpiecze\u0144stwa \u017bywno\u015bci (SSP-111\/5\/24)<\/strong><\/p>\n\n\n\n<p><a href=\"https:\/\/www.piwet.pulawy.pl\/aktual\/foto\/DSI_10834_Og%C5%82oszenie%20Dyrektora%20-%20asystent%20ZBZ-prof.%20Osek.pdf\" target=\"_blank\" rel=\"noreferrer noopener\">Skan og\u0142oszenia<\/a> (plik PDF, 75.4kB)<\/p>\n\n\n\n<p><a href=\"https:\/\/www.piwet.pulawy.pl\/aktual\/foto\/DSI_10834_wyniki%20konkursu.pdf\" target=\"_blank\" rel=\"noreferrer noopener\">Skan wyniku post\u0119powania<\/a> (plik PDF, 424kB)<\/p>\n\n\n\n<p><a href=\"https:\/\/www.piwet.pulawy.pl\/aktual\/foto\/DSI_10834_Og%C5%82oszenie%20Dyrektora%20-%20asystent%20ZBZ-prof.%20Osek.pdf\" target=\"_blank\" rel=\"noreferrer noopener\"><\/a><a href=\"https:\/\/www.piwet.pulawy.pl\/aktual\/foto\/DSI_10834_wyniki%20konkursu.pdf\" target=\"_blank\" rel=\"noreferrer noopener\"><\/a><\/p>\n\n\n\n<p>2024-10-25 Wpis: <strong>adiunkt w Zak\u0142adzie Chor\u00f3b Ryb (SSP-111\/6\/24)<\/strong><\/p>\n\n\n\n<p><a href=\"https:\/\/www.piwet.pulawy.pl\/aktual\/foto\/DSI_10835_Og%C5%82oszenie%20Dyrektora%20-%20adiunkt%20ZCHR.pdf\" target=\"_blank\" rel=\"noreferrer noopener\">Skan og\u0142oszenia<\/a> (plik PDF, 75.9kB)<\/p>\n\n\n\n<p><a href=\"https:\/\/www.piwet.pulawy.pl\/aktual\/foto\/DSI_10835_Og%C5%82oszenie%20Dyrektora%20-%20adiunkt%20ZCHR.pdf\" target=\"_blank\" rel=\"noreferrer noopener\"><\/a><a href=\"https:\/\/www.piwet.pulawy.pl\/aktual\/foto\/DSI_10835_wyniki%20konkursu.pdf\" target=\"_blank\" rel=\"noreferrer noopener\"><\/a><a href=\"https:\/\/www.piwet.pulawy.pl\/aktual\/foto\/DSI_10835_wyniki%20konkursu.pdf\" target=\"_blank\" rel=\"noreferrer noopener\">Skan wyniku post\u0119powania<\/a> (plik PDF, 419kB)<\/p>\n\n\n\n<p><\/p>\n\n\n\n<p>2024-10-25 Wpis: <strong>asystent w Zak\u0142adzie Chor\u00f3b Drobiu (SSP-111\/7\/24)<\/strong><\/p>\n\n\n\n<p><a href=\"https:\/\/www.piwet.pulawy.pl\/aktual\/foto\/DSI_10846_Og%C5%82oszenie%20Dyrektora%20-%20Asystent%20ZCHD.pdf\" target=\"_blank\" rel=\"noreferrer noopener\">Skan og\u0142oszenia<\/a> (plik PDF, 74.6kB)<\/p>\n\n\n\n<p><a href=\"https:\/\/www.piwet.pulawy.pl\/aktual\/foto\/DSI_10846_wyniki%20konkursu.pdf\" target=\"_blank\" rel=\"noreferrer noopener\">Skan wyniku post\u0119powania<\/a> (plik PDF, 415kB)<\/p>\n\n\n\n<p><a href=\"https:\/\/www.piwet.pulawy.pl\/aktual\/foto\/DSI_10846_Og%C5%82oszenie%20Dyrektora%20-%20Asystent%20ZCHD.pdf\" target=\"_blank\" rel=\"noreferrer noopener\"><\/a><a href=\"https:\/\/www.piwet.pulawy.pl\/aktual\/foto\/DSI_10846_wyniki%20konkursu.pdf\" target=\"_blank\" rel=\"noreferrer noopener\"><\/a><\/p>\n\n\n\n<p>2024-05-16 Wpis: <strong>adiunkt w Zak\u0142adzie Radiobiologii (SSP-111\/4\/24)<\/strong><\/p>\n\n\n\n<p><a href=\"https:\/\/www.piwet.pulawy.pl\/aktual\/foto\/DSI_10816_Og%C5%82oszenie%20Dyrektora%20-%20adiunkt%20POR.pdf\" target=\"_blank\" rel=\"noreferrer noopener\">Skan og\u0142oszenia<\/a> (plik PDF, 71.6kB)<\/p>\n\n\n\n<p><a href=\"https:\/\/www.piwet.pulawy.pl\/aktual\/foto\/DSI_10816_komunikat.pdf\" target=\"_blank\" rel=\"noreferrer noopener\">Skan wyniku post\u0119powania<\/a> (plik PDF, 415kB)<\/p>\n\n\n\n<p><a target=\"_blank\" href=\"https:\/\/www.piwet.pulawy.pl\/aktual\/foto\/DSI_10816_Og%C5%82oszenie%20Dyrektora%20-%20adiunkt%20POR.pdf\" rel=\"noreferrer noopener\"><\/a><a target=\"_blank\" href=\"https:\/\/www.piwet.pulawy.pl\/aktual\/foto\/DSI_10816_komunikat.pdf\" rel=\"noreferrer noopener\"><\/a><\/p>\n\n\n\n<p>2024-05-16 Wpis: <strong>asystent w Zak\u0142adzie Parazytologii i Chor\u00f3b Inwazyjnych (SSP-111\/3\/24)<\/strong><\/p>\n\n\n\n<p><a href=\"https:\/\/www.piwet.pulawy.pl\/aktual\/foto\/DSI_10810_Og%C5%82oszenie%20Dyrektora%20-%20asystent%20%20ZP.pdf\" target=\"_blank\" rel=\"noreferrer noopener\">Skan og\u0142oszenia<\/a> (plik PDF, 76.9kB)<\/p>\n\n\n\n<p><a href=\"https:\/\/www.piwet.pulawy.pl\/aktual\/foto\/DSI_10810_komunikat.pdf\" target=\"_blank\" rel=\"noreferrer noopener\">Skan wyniku post\u0119powania<\/a> (plik PDF, 428kB)<\/p>\n\n\n\n<p><a target=\"_blank\" href=\"https:\/\/www.piwet.pulawy.pl\/aktual\/foto\/DSI_10810_Og%C5%82oszenie%20Dyrektora%20-%20asystent%20%20ZP.pdf\" rel=\"noreferrer noopener\"><\/a><a target=\"_blank\" href=\"https:\/\/www.piwet.pulawy.pl\/aktual\/foto\/DSI_10810_komunikat.pdf\" rel=\"noreferrer noopener\"><\/a><\/p>\n\n\n\n<p>2024-05-16 Wpis: <strong>Profesor instytutu w Zak\u0142adzie Analiz Omicznych (SSP-111\/1\/24)<\/strong><\/p>\n\n\n\n<p><a href=\"https:\/\/www.piwet.pulawy.pl\/aktual\/foto\/DSI_10796_Og%C5%82oszenie%20Dyrektora%20-%20prof.%20instyt.%20ZAO.pdf\" target=\"_blank\" rel=\"noreferrer noopener\">Skan og\u0142oszenia<\/a> (plik PDF, 73.1kB)<\/p>\n\n\n\n<p><a href=\"https:\/\/www.piwet.pulawy.pl\/aktual\/foto\/DSI_10796_komunikat.pdf\" target=\"_blank\" rel=\"noreferrer noopener\">Skan wyniku post\u0119powania<\/a> (plik PDF, 428kB)<\/p>\n\n\n\n<p><a target=\"_blank\" href=\"https:\/\/www.piwet.pulawy.pl\/aktual\/foto\/DSI_10796_Og%C5%82oszenie%20Dyrektora%20-%20prof.%20instyt.%20ZAO.pdf\" rel=\"noreferrer noopener\"><\/a><a target=\"_blank\" href=\"https:\/\/www.piwet.pulawy.pl\/aktual\/foto\/DSI_10796_komunikat.pdf\" rel=\"noreferrer noopener\"><\/a><\/p>\n\n\n\n<p>2024-05-16 Wpis: <strong>adiunkt w Zak\u0142adzie Farmacji Weterynaryjnej (SSP-111\/2\/24)<\/strong><\/p>\n\n\n\n<p><a href=\"https:\/\/www.piwet.pulawy.pl\/aktual\/foto\/DSI_10797_Og%C5%82oszenie%20Dyrektora%20-%20adiunkt%20ZFW.pdf\" target=\"_blank\" rel=\"noreferrer noopener\">Skan og\u0142oszenia<\/a> (plik PDF, 74.3kB)<a href=\"https:\/\/www.piwet.pulawy.pl\/aktual\/foto\/DSI_10797_komunikat.pdf\" target=\"_blank\" rel=\"noreferrer noopener\"><\/a><\/p>\n\n\n\n<p><a href=\"https:\/\/www.piwet.pulawy.pl\/aktual\/foto\/DSI_10797_komunikat.pdf\" target=\"_blank\" rel=\"noreferrer noopener\">Skan wyniku post\u0119powania<\/a> (plik PDF, 420kB)<\/p>\n\n\n\n<p><\/p>\n\n\n\n<p>2022-08-22 Wpis: <strong>asystent &nbsp;w Zak\u0142adzie Chor\u00f3b Ryb (SSP-111\/5\/2022)<\/strong><\/p>\n\n\n\n<p><a target=\"_blank\" href=\"https:\/\/www.piwet.pulawy.pl\/aktual\/foto\/DSI_10627_Ogloszenie%20Dyrektora%20-%20asystent%20ZCHR_Strona_1.png\" rel=\"noreferrer noopener\">Skan og\u0142oszenia<\/a><\/p>\n\n\n\n<p><a target=\"_blank\" href=\"https:\/\/www.piwet.pulawy.pl\/aktual\/foto\/DSI_10627_Ogloszenie%20Dyrektora%20-%20asystent%20ZCHR_Strona_2.png\" rel=\"noreferrer noopener\">Skan og\u0142oszenia<\/a><\/p>\n\n\n\n<p><a target=\"_blank\" href=\"https:\/\/www.piwet.pulawy.pl\/aktual\/foto\/DSI_10627_wynik%20konkursu.pdf\" rel=\"noreferrer noopener\">Skan wyniku post\u0119powania<\/a><\/p>\n\n\n\n<p><a target=\"_blank\" href=\"https:\/\/www.piwet.pulawy.pl\/aktual\/foto\/DSI_10627_Ogloszenie%20Dyrektora%20-%20asystent%20ZCHR_Strona_1.png\" rel=\"noreferrer noopener\"><\/a><a target=\"_blank\" href=\"https:\/\/www.piwet.pulawy.pl\/aktual\/foto\/DSI_10627_Ogloszenie%20Dyrektora%20-%20asystent%20ZCHR_Strona_2.png\" rel=\"noreferrer noopener\"><\/a><a target=\"_blank\" href=\"https:\/\/www.piwet.pulawy.pl\/aktual\/foto\/DSI_10627_wynik%20konkursu.pdf\" rel=\"noreferrer noopener\"><\/a><\/p>\n\n\n\n<p>2022-08-22 Wpis: <strong>adiunkt w Zak\u0142adzie Anatomii Patologicznej (SSP-111\/4\/2022)<\/strong><\/p>\n\n\n\n<p><a target=\"_blank\" href=\"https:\/\/www.piwet.pulawy.pl\/aktual\/foto\/DSI_10622_Ogloszenie%20Dyrektora%20-%20adiunkt%20ZAP%2003.06.2022_Strona_1.png\" rel=\"noreferrer noopener\">Skan og\u0142oszenia<\/a><\/p>\n\n\n\n<p><a target=\"_blank\" href=\"https:\/\/www.piwet.pulawy.pl\/aktual\/foto\/DSI_10622_Ogloszenie%20Dyrektora%20-%20adiunkt%20ZAP%2003.06.2022_Strona_2.png\" rel=\"noreferrer noopener\">Skan og\u0142oszenia<\/a><\/p>\n\n\n\n<p><a target=\"_blank\" href=\"https:\/\/www.piwet.pulawy.pl\/aktual\/foto\/DSI_10622_wyniki%20konkursu.pdf\" rel=\"noreferrer noopener\">Skan wyniku post\u0119powania<\/a><\/p>\n\n\n\n<p><a target=\"_blank\" href=\"https:\/\/www.piwet.pulawy.pl\/aktual\/foto\/DSI_10622_Ogloszenie%20Dyrektora%20-%20adiunkt%20ZAP%2003.06.2022_Strona_1.png\" rel=\"noreferrer noopener\"><\/a><a target=\"_blank\" href=\"https:\/\/www.piwet.pulawy.pl\/aktual\/foto\/DSI_10622_Ogloszenie%20Dyrektora%20-%20adiunkt%20ZAP%2003.06.2022_Strona_2.png\" rel=\"noreferrer noopener\"><\/a><a target=\"_blank\" href=\"https:\/\/www.piwet.pulawy.pl\/aktual\/foto\/DSI_10622_wyniki%20konkursu.pdf\" rel=\"noreferrer noopener\"><\/a><\/p>\n","protected":false},"excerpt":{"rendered":"<p>Archiwum konkurs\u00f3w na stanowiska naukowe 2025-07-23 Wpis: adiunkt w Zak\u0142adzie Farmakologii i Toksykologii (SSP-111\/8\/24) Skan og\u0142oszenia (plik PDF, 76.6kB) 2024-10-25 Wpis: asystent w Zak\u0142adzie Bezpiecze\u0144stwa \u017bywno\u015bci (SSP-111\/5\/24) Skan og\u0142oszenia (plik PDF, 75.4kB) Skan wyniku post\u0119powania (plik PDF, 424kB) 2024-10-25 Wpis: adiunkt w Zak\u0142adzie Chor\u00f3b Ryb (SSP-111\/6\/24) Skan og\u0142oszenia (plik PDF, 75.9kB) Skan wyniku post\u0119powania (plik [&hellip;]<\/p>\n","protected":false},"author":2,"featured_media":0,"parent":0,"menu_order":0,"comment_status":"closed","ping_status":"closed","template":"fullwidth-page.php","meta":{"footnotes":""},"class_list":["post-2459","page","type-page","status-publish","hentry"],"rttpg_featured_image_url":null,"rttpg_author":{"display_name":"Marta Antas","author_link":"https:\/\/www.piwet.pulawy.pl\/en\/author\/mantas\/"},"rttpg_comment":0,"rttpg_category":false,"rttpg_excerpt":"Archiwum konkurs\u00f3w na stanowiska naukowe 2025-07-23 Wpis: adiunkt w Zak\u0142adzie Farmakologii i Toksykologii (SSP-111\/8\/24) Skan og\u0142oszenia (plik PDF, 76.6kB) 2024-10-25 Wpis: asystent w Zak\u0142adzie Bezpiecze\u0144stwa \u017bywno\u015bci (SSP-111\/5\/24) Skan og\u0142oszenia (plik PDF, 75.4kB) Skan wyniku post\u0119powania (plik PDF, 424kB) 2024-10-25 Wpis: adiunkt w Zak\u0142adzie Chor\u00f3b Ryb (SSP-111\/6\/24) Skan og\u0142oszenia (plik PDF, 75.9kB) Skan wyniku post\u0119powania (plik&hellip;","_links":{"self":[{"href":"https:\/\/www.piwet.pulawy.pl\/en\/wp-json\/wp\/v2\/pages\/2459","targetHints":{"allow":["GET"]}}],"collection":[{"href":"https:\/\/www.piwet.pulawy.pl\/en\/wp-json\/wp\/v2\/pages"}],"about":[{"href":"https:\/\/www.piwet.pulawy.pl\/en\/wp-json\/wp\/v2\/types\/page"}],"author":[{"embeddable":true,"href":"https:\/\/www.piwet.pulawy.pl\/en\/wp-json\/wp\/v2\/users\/2"}],"replies":[{"embeddable":true,"href":"https:\/\/www.piwet.pulawy.pl\/en\/wp-json\/wp\/v2\/comments?post=2459"}],"version-history":[{"count":8,"href":"https:\/\/www.piwet.pulawy.pl\/en\/wp-json\/wp\/v2\/pages\/2459\/revisions"}],"predecessor-version":[{"id":2606,"href":"https:\/\/www.piwet.pulawy.pl\/en\/wp-json\/wp\/v2\/pages\/2459\/revisions\/2606"}],"wp:attachment":[{"href":"https:\/\/www.piwet.pulawy.pl\/en\/wp-json\/wp\/v2\/media?parent=2459"}],"curies":[{"name":"wp","href":"https:\/\/api.w.org\/{rel}","templated":true}]}}