{"id":2405,"date":"2025-07-30T11:09:25","date_gmt":"2025-07-30T09:09:25","guid":{"rendered":"https:\/\/www.piwet.pulawy.pl\/?page_id=2405"},"modified":"2025-07-30T11:09:25","modified_gmt":"2025-07-30T09:09:25","slug":"zglaszanie-naruszen","status":"publish","type":"page","link":"https:\/\/www.piwet.pulawy.pl\/en\/zglaszanie-naruszen\/","title":{"rendered":"Zg\u0142aszanie narusze\u0144"},"content":{"rendered":"\n<p class=\"has-text-color has-link-color wp-elements-80aa0331e02813e478aa3427cc14d792\" style=\"color:#1a8314;font-size:20px\"><strong>Zg\u0142aszanie narusze\u0144<\/strong><\/p>\n\n\n\n<p><strong>Ochrona sygnalist\u00f3w<\/strong><\/p>\n\n\n\n<p>PIWet-PIB jest nowoczesnym i rozpoznawalnym instytutem badawczym w skali mi\u0119dzynarodowej. Sta\u0142y rozw\u00f3j i d\u0105\u017cenie do doskona\u0142o\u015bci wpisuje si\u0119 w cele Instytutu. Stworzony regulamin zg\u0142osze\u0144 wewn\u0119trznych ma by\u0107 skutecznym narz\u0119dziem do eliminowania i zapobiegania nieprawid\u0142owo\u015bciom, kt\u00f3re mog\u0105 mie\u0107 wp\u0142yw na jako\u015b\u0107 pracy. <br>Opracowany dokument reguluje zasady zg\u0142aszania informacji o naruszeniach prawa w kontek\u015bcie zwi\u0105zanym z prac\u0105. Ponadto okre\u015bla zasady prowadzenia wewn\u0119trznych post\u0119powa\u0144 wyja\u015bniaj\u0105cych oraz dzia\u0142a\u0144 podejmowanych po ich zako\u0144czeniu.<br>Dane os\u00f3b dokonuj\u0105cych zg\u0142oszenia s\u0105 poufne i nie podlegaj\u0105 ujawnieniu w toku post\u0119powania wyja\u015bniaj\u0105cego, bez ich wyra\u017anej i jednoznacznej zgody, chyba \u017ce takie ujawnienie jest konieczne na podstawie przepis\u00f3w powszechnie obowi\u0105zuj\u0105cych.<br>Sygnalista mo\u017ce dokona\u0107 zg\u0142oszenia anonimowo albo podaj\u0105c swoje dane personalne lub kontaktowe. W przypadku z\u0142o\u017cenia anonimowego zg\u0142oszenia, sygnalista nie jest informowany o przyj\u0119ciu zg\u0142oszenia ani o jego rozpatrzeniu. Brak danych osoby zg\u0142aszaj\u0105cej mo\u017ce utrudni\u0107 przeprowadzenie post\u0119powania wyja\u015bniaj\u0105cego, je\u015bli np. zajdzie konieczno\u015b\u0107 uzyskania dodatkowych informacji o opisanym zdarzeniu.<br>Wszelkie nieprawid\u0142owo\u015bci dotycz\u0105ce naruszenia lub zaniechania zwi\u0105zanego z funkcjonowaniem Pa\u0144stwowego Instytutu Weterynaryjnego, kt\u00f3re s\u0105 niezgodne z przepisami prawa lub regulacjami wewn\u0119trznymi mo\u017cna zg\u0142asza\u0107:<\/p>\n\n\n\n<ol class=\"wp-block-list\">\n<li>W postaci papierowej \u2014 wys\u0142ane na adres: Pa\u0144stwowy Instytut Weterynaryjny \u2014 Pa\u0144stwowy Instytut Badawczy,<br>al. Partyzant\u00f3w 57,<br>24-100 Pu\u0142awy z dopiskiem \u201ezg\u0142oszenie&#8221;<\/li>\n\n\n\n<li>Na wniosek zg\u0142aszaj\u0105cego \u2013 podczas bezpo\u015bredniego spotkania zorganizowanego w siedzibie PIWet-PIB w terminie, nie d\u0142u\u017cszym ni\u017c 7 dni, liczonych od dnia z\u0142o\u017cenia wniosku.<\/li>\n\n\n\n<li>W postaci elektronicznej \u2013 poprzez wype\u0142nienie <a href=\"https:\/\/sygnalista.piwet.pulawy.pl\/\" target=\"_blank\" rel=\"noopener\">formularza<\/a><\/li>\n<\/ol>\n\n\n\n<p><a href=\"https:\/\/www.piwet.pulawy.pl\/uploads\/docs\/Klauzula%20informacyjna.pdf\"><\/a><\/p>\n\n\n\n<p><\/p>\n","protected":false},"excerpt":{"rendered":"<p>Zg\u0142aszanie narusze\u0144 Ochrona sygnalist\u00f3w PIWet-PIB jest nowoczesnym i rozpoznawalnym instytutem badawczym w skali mi\u0119dzynarodowej. Sta\u0142y rozw\u00f3j i d\u0105\u017cenie do doskona\u0142o\u015bci wpisuje si\u0119 w cele Instytutu. Stworzony regulamin zg\u0142osze\u0144 wewn\u0119trznych ma by\u0107 skutecznym narz\u0119dziem do eliminowania i zapobiegania nieprawid\u0142owo\u015bciom, kt\u00f3re mog\u0105 mie\u0107 wp\u0142yw na jako\u015b\u0107 pracy. Opracowany dokument reguluje zasady zg\u0142aszania informacji o naruszeniach prawa w [&hellip;]<\/p>\n","protected":false},"author":2,"featured_media":0,"parent":0,"menu_order":0,"comment_status":"closed","ping_status":"closed","template":"fullwidth-page.php","meta":{"footnotes":""},"class_list":["post-2405","page","type-page","status-publish","hentry"],"rttpg_featured_image_url":null,"rttpg_author":{"display_name":"Marta Antas","author_link":"https:\/\/www.piwet.pulawy.pl\/en\/author\/mantas\/"},"rttpg_comment":0,"rttpg_category":false,"rttpg_excerpt":"Zg\u0142aszanie narusze\u0144 Ochrona sygnalist\u00f3w PIWet-PIB jest nowoczesnym i rozpoznawalnym instytutem badawczym w skali mi\u0119dzynarodowej. Sta\u0142y rozw\u00f3j i d\u0105\u017cenie do doskona\u0142o\u015bci wpisuje si\u0119 w cele Instytutu. Stworzony regulamin zg\u0142osze\u0144 wewn\u0119trznych ma by\u0107 skutecznym narz\u0119dziem do eliminowania i zapobiegania nieprawid\u0142owo\u015bciom, kt\u00f3re mog\u0105 mie\u0107 wp\u0142yw na jako\u015b\u0107 pracy. Opracowany dokument reguluje zasady zg\u0142aszania informacji o naruszeniach prawa w&hellip;","_links":{"self":[{"href":"https:\/\/www.piwet.pulawy.pl\/en\/wp-json\/wp\/v2\/pages\/2405","targetHints":{"allow":["GET"]}}],"collection":[{"href":"https:\/\/www.piwet.pulawy.pl\/en\/wp-json\/wp\/v2\/pages"}],"about":[{"href":"https:\/\/www.piwet.pulawy.pl\/en\/wp-json\/wp\/v2\/types\/page"}],"author":[{"embeddable":true,"href":"https:\/\/www.piwet.pulawy.pl\/en\/wp-json\/wp\/v2\/users\/2"}],"replies":[{"embeddable":true,"href":"https:\/\/www.piwet.pulawy.pl\/en\/wp-json\/wp\/v2\/comments?post=2405"}],"version-history":[{"count":1,"href":"https:\/\/www.piwet.pulawy.pl\/en\/wp-json\/wp\/v2\/pages\/2405\/revisions"}],"predecessor-version":[{"id":2406,"href":"https:\/\/www.piwet.pulawy.pl\/en\/wp-json\/wp\/v2\/pages\/2405\/revisions\/2406"}],"wp:attachment":[{"href":"https:\/\/www.piwet.pulawy.pl\/en\/wp-json\/wp\/v2\/media?parent=2405"}],"curies":[{"name":"wp","href":"https:\/\/api.w.org\/{rel}","templated":true}]}}