{"id":2401,"date":"2025-07-30T11:04:53","date_gmt":"2025-07-30T09:04:53","guid":{"rendered":"https:\/\/www.piwet.pulawy.pl\/?page_id=2401"},"modified":"2025-07-30T11:05:03","modified_gmt":"2025-07-30T09:05:03","slug":"klauzula-informacyjna","status":"publish","type":"page","link":"https:\/\/www.piwet.pulawy.pl\/en\/klauzula-informacyjna\/","title":{"rendered":"Klauzula informacyjna"},"content":{"rendered":"\n<p class=\"has-text-color has-link-color wp-elements-34384b24e1ec557f41b1c662df7ea6cf\" style=\"color:#1a8314;font-size:20px\"><strong>Klauzula informacyjna<\/strong><\/p>\n\n\n\n<p>Zgodnie z art. 13 Rozporz\u0105dzenia Parlamentu Europejskiego i Rady (UE) 2016\/679 z dnia 27 kwietnia 2016 r. w sprawie ochrony os\u00f3b fizycznych w zwi\u0105zku z przetwarzaniem danych osobowych i w sprawie swobodnego przep\u0142ywu takich danych oraz uchylenia dyrektywy 95\/46\/WE (og\u00f3lne rozporz\u0105dzenie o ochronie danych RODO)(Dz. Urz. UE L 119 z 04. 05. 2016)informuj\u0119, \u017ce:<\/p>\n\n\n\n<p>Administratorem Pani\/Pana danych osobowych jest Pa\u0144stwowy Instytut Weterynaryjny &#8211; Pa\u0144stwowy Instytut Badawczy (PIWet-PIB), z siedzib\u0105 w Pu\u0142awach; adres do korespondencji: ul. Partyzant\u00f3w 57, 24-100 Pu\u0142awy, adres e-mail: <a href=\"mailto:sekretariat@piwet.pulawy.pl\">sekretariat@piwet.pulawy.pl<\/a>, tel. 81&nbsp;889 30 00, fax: 81 8862595.<\/p>\n\n\n\n<p>Je\u015bli ma Pani\/Pan pytania dotycz\u0105ce sposobu i zakresu przetwarzania Pani\/Pana danych osobowych w ramach dzia\u0142ania PIWet-PIB, a tak\u017ce przys\u0142uguj\u0105cych Pani\/Panu uprawnie\u0144, mo\u017ce si\u0119 Pani\/Pan skontaktowa\u0107 si\u0119 z Inspektorem Ochrony Danych na adres poczty elektronicznej <a href=\"mailto:iod@piwet.pulawy.pl\">iod@piwet.pulawy.pl<\/a>.<\/p>\n\n\n\n<p>Administrator przetwarza Pani\/Pana dane osobowe na podstawie obowi\u0105zuj\u0105cych przepis\u00f3w prawa, w celu przeprowadzenia obecnego post\u0119powania rekrutacyjnego na wolne stanowisko (art.6 ust.1 lit. a RODO).<\/p>\n\n\n\n<p>Pani\/Pana dane osobowe b\u0119d\u0105 przechowywane przez okres nie d\u0142u\u017cszy ni\u017c 3 miesi\u0105ce po up\u0142ywie terminu sk\u0142adania ofert.&nbsp; Po up\u0142ywie tego okresu s\u0105 niszczone w spos\u00f3b uniemo\u017cliwiaj\u0105cy ich odtworzenie.<\/p>\n\n\n\n<p>Posiada Pani\/Pan prawo dost\u0119pu do tre\u015bci swoich danych osobowych (w tym prawo do uzyskania kopii tych danych) i prawo do ich sprostowania (poprawiania), usuni\u0119cia lub ograniczenia przetwarzania oraz prawo do wniesienia sprzeciwu wobec przetwarzania, a tak\u017ce prawo do przenoszenia danych (dotyczy zautomatyzowanego przetwarzania danych na podstawie Pani\/Pana zgody lub zawartej z Pani\u0105\/Panem umowy). Ka\u017cde z tych \u017c\u0105da\u0144 b\u0119dzie przez administratora rozpatrzone zgodnie z przepisami RODO i obowi\u0105zuj\u0105c\u0105 w PIWet-PIB Polityk\u0105 ochrony danych osobowych.<\/p>\n\n\n\n<p>Przys\u0142uguje Pani\/Panu prawo do cofni\u0119cia zgody w dowolnym momencie. Cofni\u0119cie to nie ma wp\u0142ywu na zgodno\u015b\u0107 z obowi\u0105zuj\u0105cym prawem przetwarzania, kt\u00f3rego dokonano na podstawie zgody przed jej cofni\u0119ciem.<\/p>\n\n\n\n<p>Podanie danych osobowych w zakresie wynikaj\u0105cym z art. 22(1) ustawy z dnia 26 czerwca 1974 r. \u2013 kodeksu pracy jest obowi\u0105zkowe, podanie danych w zakresie szerszym jest dobrowolne i wymaga wyra\u017cenia zgody na ich przetwarzanie.<\/p>\n\n\n\n<p><\/p>\n","protected":false},"excerpt":{"rendered":"<p>Klauzula informacyjna Zgodnie z art. 13 Rozporz\u0105dzenia Parlamentu Europejskiego i Rady (UE) 2016\/679 z dnia 27 kwietnia 2016 r. w sprawie ochrony os\u00f3b fizycznych w zwi\u0105zku z przetwarzaniem danych osobowych i w sprawie swobodnego przep\u0142ywu takich danych oraz uchylenia dyrektywy 95\/46\/WE (og\u00f3lne rozporz\u0105dzenie o ochronie danych RODO)(Dz. Urz. UE L 119 z 04. 05. 2016)informuj\u0119, [&hellip;]<\/p>\n","protected":false},"author":2,"featured_media":0,"parent":0,"menu_order":0,"comment_status":"closed","ping_status":"closed","template":"fullwidth-page.php","meta":{"footnotes":""},"class_list":["post-2401","page","type-page","status-publish","hentry"],"rttpg_featured_image_url":null,"rttpg_author":{"display_name":"Marta Antas","author_link":"https:\/\/www.piwet.pulawy.pl\/en\/author\/mantas\/"},"rttpg_comment":0,"rttpg_category":false,"rttpg_excerpt":"Klauzula informacyjna Zgodnie z art. 13 Rozporz\u0105dzenia Parlamentu Europejskiego i Rady (UE) 2016\/679 z dnia 27 kwietnia 2016 r. w sprawie ochrony os\u00f3b fizycznych w zwi\u0105zku z przetwarzaniem danych osobowych i w sprawie swobodnego przep\u0142ywu takich danych oraz uchylenia dyrektywy 95\/46\/WE (og\u00f3lne rozporz\u0105dzenie o ochronie danych RODO)(Dz. Urz. UE L 119 z 04. 05. 2016)informuj\u0119,&hellip;","_links":{"self":[{"href":"https:\/\/www.piwet.pulawy.pl\/en\/wp-json\/wp\/v2\/pages\/2401","targetHints":{"allow":["GET"]}}],"collection":[{"href":"https:\/\/www.piwet.pulawy.pl\/en\/wp-json\/wp\/v2\/pages"}],"about":[{"href":"https:\/\/www.piwet.pulawy.pl\/en\/wp-json\/wp\/v2\/types\/page"}],"author":[{"embeddable":true,"href":"https:\/\/www.piwet.pulawy.pl\/en\/wp-json\/wp\/v2\/users\/2"}],"replies":[{"embeddable":true,"href":"https:\/\/www.piwet.pulawy.pl\/en\/wp-json\/wp\/v2\/comments?post=2401"}],"version-history":[{"count":1,"href":"https:\/\/www.piwet.pulawy.pl\/en\/wp-json\/wp\/v2\/pages\/2401\/revisions"}],"predecessor-version":[{"id":2402,"href":"https:\/\/www.piwet.pulawy.pl\/en\/wp-json\/wp\/v2\/pages\/2401\/revisions\/2402"}],"wp:attachment":[{"href":"https:\/\/www.piwet.pulawy.pl\/en\/wp-json\/wp\/v2\/media?parent=2401"}],"curies":[{"name":"wp","href":"https:\/\/api.w.org\/{rel}","templated":true}]}}