{"id":2394,"date":"2025-07-30T09:28:31","date_gmt":"2025-07-30T07:28:31","guid":{"rendered":"https:\/\/www.piwet.pulawy.pl\/?page_id=2394"},"modified":"2025-07-30T09:28:31","modified_gmt":"2025-07-30T07:28:31","slug":"botulizm","status":"publish","type":"page","link":"https:\/\/www.piwet.pulawy.pl\/en\/botulizm\/","title":{"rendered":"Botulizm"},"content":{"rendered":"\n<p>Botulizm<\/p>\n\n\n\n<p>W za\u0142\u0105czonej KARCIE INFORMACYJNEJ znajduj\u0105 si\u0119 wskaz\u00f3wki dotycz\u0105ce rodzaju pobieranych pr\u00f3bek i warunk\u00f3w transportu do laboratorium w przypadku podejrzenia botulizmu. Uprzejmie prosimy o do\u0142\u0105czenie jej do Umowy na wykonanie bada\u0144 oraz pr\u00f3bek przesy\u0142anych do bada\u0144.<\/p>\n\n\n\n<div class=\"wp-block-file\"><a id=\"wp-block-file--media-18cbec19-9201-4c8c-9ace-b2ab8724c7f1\" href=\"https:\/\/www.piwet.pulawy.pl\/wp-content\/uploads\/2025\/07\/Karta-imnformacyjna-botulizm.docx\">Karta informacyjna  &#8211; botulizm<\/a><a href=\"https:\/\/www.piwet.pulawy.pl\/wp-content\/uploads\/2025\/07\/Karta-imnformacyjna-botulizm.docx\" class=\"wp-block-file__button wp-element-button\" download aria-describedby=\"wp-block-file--media-18cbec19-9201-4c8c-9ace-b2ab8724c7f1\">Pobierz<\/a><\/div>\n\n\n\n<p><\/p>\n","protected":false},"excerpt":{"rendered":"<p>Botulizm W za\u0142\u0105czonej KARCIE INFORMACYJNEJ znajduj\u0105 si\u0119 wskaz\u00f3wki dotycz\u0105ce rodzaju pobieranych pr\u00f3bek i warunk\u00f3w transportu do laboratorium w przypadku podejrzenia botulizmu. Uprzejmie prosimy o do\u0142\u0105czenie jej do Umowy na wykonanie bada\u0144 oraz pr\u00f3bek przesy\u0142anych do bada\u0144.<\/p>\n","protected":false},"author":2,"featured_media":0,"parent":0,"menu_order":0,"comment_status":"closed","ping_status":"closed","template":"","meta":{"footnotes":""},"class_list":["post-2394","page","type-page","status-publish","hentry"],"rttpg_featured_image_url":null,"rttpg_author":{"display_name":"Marta Antas","author_link":"https:\/\/www.piwet.pulawy.pl\/en\/author\/mantas\/"},"rttpg_comment":0,"rttpg_category":false,"rttpg_excerpt":"Botulizm W za\u0142\u0105czonej KARCIE INFORMACYJNEJ znajduj\u0105 si\u0119 wskaz\u00f3wki dotycz\u0105ce rodzaju pobieranych pr\u00f3bek i warunk\u00f3w transportu do laboratorium w przypadku podejrzenia botulizmu. Uprzejmie prosimy o do\u0142\u0105czenie jej do Umowy na wykonanie bada\u0144 oraz pr\u00f3bek przesy\u0142anych do bada\u0144.","_links":{"self":[{"href":"https:\/\/www.piwet.pulawy.pl\/en\/wp-json\/wp\/v2\/pages\/2394","targetHints":{"allow":["GET"]}}],"collection":[{"href":"https:\/\/www.piwet.pulawy.pl\/en\/wp-json\/wp\/v2\/pages"}],"about":[{"href":"https:\/\/www.piwet.pulawy.pl\/en\/wp-json\/wp\/v2\/types\/page"}],"author":[{"embeddable":true,"href":"https:\/\/www.piwet.pulawy.pl\/en\/wp-json\/wp\/v2\/users\/2"}],"replies":[{"embeddable":true,"href":"https:\/\/www.piwet.pulawy.pl\/en\/wp-json\/wp\/v2\/comments?post=2394"}],"version-history":[{"count":1,"href":"https:\/\/www.piwet.pulawy.pl\/en\/wp-json\/wp\/v2\/pages\/2394\/revisions"}],"predecessor-version":[{"id":2397,"href":"https:\/\/www.piwet.pulawy.pl\/en\/wp-json\/wp\/v2\/pages\/2394\/revisions\/2397"}],"wp:attachment":[{"href":"https:\/\/www.piwet.pulawy.pl\/en\/wp-json\/wp\/v2\/media?parent=2394"}],"curies":[{"name":"wp","href":"https:\/\/api.w.org\/{rel}","templated":true}]}}