{"id":2387,"date":"2025-07-30T09:20:44","date_gmt":"2025-07-30T07:20:44","guid":{"rendered":"https:\/\/www.piwet.pulawy.pl\/?page_id=2387"},"modified":"2025-07-30T09:21:43","modified_gmt":"2025-07-30T07:21:43","slug":"borelioza","status":"publish","type":"page","link":"https:\/\/www.piwet.pulawy.pl\/en\/borelioza\/","title":{"rendered":"Borelioza"},"content":{"rendered":"\n<p class=\"has-text-color has-link-color wp-elements-e58fac80405b6d7770f5ac192498ff67\" style=\"color:#1a8314;font-size:20px\"><strong>Borelioza<\/strong><\/p>\n\n\n\n<p>Wymagania dotycz\u0105ce materia\u0142u do badania: <\/p>\n\n\n\n<ul class=\"wp-block-list\">\n<li>kleszcza nale\u017cy umie\u015bci\u0107 w szczelnym pojemniku lub woreczku i przechowywa\u0107 w temperaturze pokojowej lub w lod\u00f3wce;<\/li>\n\n\n\n<li>kleszcz przekazany do badania nie mo\u017ce by\u0107 uszkodzony;<\/li>\n\n\n\n<li>kleszcz z widocznymi uszkodzeniami cia\u0142a jest nieprzydatny do badania.<\/li>\n<\/ul>\n\n\n\n<p>Przekazanie materia\u0142u do badania:<\/p>\n\n\n\n<p>Materia\u0142 do badania mo\u017cna dostarczy\u0107 osobi\u015bcie, wys\u0142a\u0107 kurierem lub poczt\u0105 na adres:<\/p>\n\n\n\n<p>Pa\u0144stwowy Instytut Weterynaryjny &#8211; Pa\u0144stwowy Instytut Badawczy<br>Centralny Punkt Przyj\u0119\u0107 Pr\u00f3bek<br>al. Partyzant\u00f3w 57<br>24-100 Pu\u0142awy<br>z dopiskiem:&nbsp;pr\u00f3bka do bada\u0144<\/p>\n\n\n\n<p>Do pr\u00f3bki nale\u017cy do\u0142\u0105czy\u0107 wype\u0142niony formularz <strong>Zlecenia wykonania bada\u0144<\/strong><br>W razie braku dost\u0119pu do Internetu, prosimy o do\u0142\u0105czenie w\u0142asnego pisma zawieraj\u0105cego:<br>imi\u0119 i nazwisko, adres oraz telefon kontaktowy osoby zlecaj\u0105cej badanie, a tak\u017ce rodzaj badania.<\/p>\n\n\n\n<p><strong>DOST\u0118PNE RODZAJE BADA\u0143:<\/strong>1. Badanie kleszcza w kierunku\u00a0<strong>boreliozy<\/strong>\u00a0(<em>Borrelia burgdorferi<\/em>\u00a0sensu lato) &#8211;\u00a0cena<strong> 180 z\u0142<\/strong><br>2. Badanie kleszcza w kierunku\u00a0<strong>kleszczowego zapalenia m\u00f3zgu<\/strong>\u00a0(wirus TBEV) &#8211;\u00a0cena <strong>150 z\u0142<\/strong><br>3. Badanie kleszcza w kierunku\u00a0<strong>boreliozy<\/strong>\u00a0(<em>Borrelia burgdorferi<\/em>\u00a0sensu lato) oraz\u00a0<strong>kleszczowego zapalenia m\u00f3zgu<\/strong>\u00a0(wirus TBEV) &#8211;\u00a0cena <strong>248 z\u0142<\/strong><br>4. Badanie kleszcza w kierunku tzw. panelu chor\u00f3b odkleszczowych &#8211;\u00a0cena <strong>330 z\u0142<\/strong>:<\/p>\n\n\n\n<ul class=\"wp-block-list\">\n<li><strong>boreliozy<\/strong>\u00a0(<em>Borrelia burgdorferi<\/em>\u00a0sensu lato),<\/li>\n\n\n\n<li><strong>kleszczowego zapalenia m\u00f3zgu<\/strong>\u00a0(wirus TBEV),<\/li>\n\n\n\n<li><strong>erlichiozy monocytarnej<\/strong>\u00a0(<em>Ehrlichia chaffeensis\/Ehrlichia muris<\/em>),<\/li>\n\n\n\n<li><strong>anaplazmozy granulocytarnej<\/strong>\u00a0(<em>Anaplasma phagocytophilum<\/em>).<\/li>\n<\/ul>\n\n\n\n<p><strong>OP\u0141ATA ZA WYKONANIE BADANIA<\/strong><\/p>\n\n\n\n<p>Wp\u0142aty prosimy kierowa\u0107 na konto Instytutu:<br>BG\u017b BNP PARIBAS S.A. Oddzia\u0142 w Pu\u0142awach&nbsp;<strong>35 2030 0045 111 0000000 531520<\/strong>&nbsp;lub w kasie Pa\u0144stwowego Instytutu Weterynaryjnego &#8211; Pa\u0144stwowego Instytutu Badawczego w Pu\u0142awach.<\/p>\n\n\n\n<p><strong>W tytule wp\u0142aty<\/strong>&nbsp;nale\u017cy poda\u0107&nbsp;kierunek badania oraz nazwisko i imi\u0119.<\/p>\n\n\n\n<p>Klient zobowi\u0105zany jest do dokonania op\u0142aty&nbsp;<strong>przed przekazaniem pr\u00f3bki do badania<\/strong>&nbsp;(wraz z pr\u00f3bk\u0105 nale\u017cy dostarczy\u0107 potwierdzenie wykonania przelewu lub potwierdzenie wniesienia op\u0142aty).<\/p>\n","protected":false},"excerpt":{"rendered":"<p>Borelioza Wymagania dotycz\u0105ce materia\u0142u do badania: Przekazanie materia\u0142u do badania: Materia\u0142 do badania mo\u017cna dostarczy\u0107 osobi\u015bcie, wys\u0142a\u0107 kurierem lub poczt\u0105 na adres: Pa\u0144stwowy Instytut Weterynaryjny &#8211; Pa\u0144stwowy Instytut BadawczyCentralny Punkt Przyj\u0119\u0107 Pr\u00f3bekal. Partyzant\u00f3w 5724-100 Pu\u0142awyz dopiskiem:&nbsp;pr\u00f3bka do bada\u0144 Do pr\u00f3bki nale\u017cy do\u0142\u0105czy\u0107 wype\u0142niony formularz Zlecenia wykonania bada\u0144W razie braku dost\u0119pu do Internetu, prosimy o do\u0142\u0105czenie [&hellip;]<\/p>\n","protected":false},"author":2,"featured_media":0,"parent":0,"menu_order":0,"comment_status":"closed","ping_status":"closed","template":"fullwidth-page.php","meta":{"footnotes":""},"class_list":["post-2387","page","type-page","status-publish","hentry"],"rttpg_featured_image_url":null,"rttpg_author":{"display_name":"Marta Antas","author_link":"https:\/\/www.piwet.pulawy.pl\/en\/author\/mantas\/"},"rttpg_comment":0,"rttpg_category":false,"rttpg_excerpt":"Borelioza Wymagania dotycz\u0105ce materia\u0142u do badania: Przekazanie materia\u0142u do badania: Materia\u0142 do badania mo\u017cna dostarczy\u0107 osobi\u015bcie, wys\u0142a\u0107 kurierem lub poczt\u0105 na adres: Pa\u0144stwowy Instytut Weterynaryjny &#8211; Pa\u0144stwowy Instytut BadawczyCentralny Punkt Przyj\u0119\u0107 Pr\u00f3bekal. Partyzant\u00f3w 5724-100 Pu\u0142awyz dopiskiem:&nbsp;pr\u00f3bka do bada\u0144 Do pr\u00f3bki nale\u017cy do\u0142\u0105czy\u0107 wype\u0142niony formularz Zlecenia wykonania bada\u0144W razie braku dost\u0119pu do Internetu, prosimy o do\u0142\u0105czenie&hellip;","_links":{"self":[{"href":"https:\/\/www.piwet.pulawy.pl\/en\/wp-json\/wp\/v2\/pages\/2387","targetHints":{"allow":["GET"]}}],"collection":[{"href":"https:\/\/www.piwet.pulawy.pl\/en\/wp-json\/wp\/v2\/pages"}],"about":[{"href":"https:\/\/www.piwet.pulawy.pl\/en\/wp-json\/wp\/v2\/types\/page"}],"author":[{"embeddable":true,"href":"https:\/\/www.piwet.pulawy.pl\/en\/wp-json\/wp\/v2\/users\/2"}],"replies":[{"embeddable":true,"href":"https:\/\/www.piwet.pulawy.pl\/en\/wp-json\/wp\/v2\/comments?post=2387"}],"version-history":[{"count":3,"href":"https:\/\/www.piwet.pulawy.pl\/en\/wp-json\/wp\/v2\/pages\/2387\/revisions"}],"predecessor-version":[{"id":2390,"href":"https:\/\/www.piwet.pulawy.pl\/en\/wp-json\/wp\/v2\/pages\/2387\/revisions\/2390"}],"wp:attachment":[{"href":"https:\/\/www.piwet.pulawy.pl\/en\/wp-json\/wp\/v2\/media?parent=2387"}],"curies":[{"name":"wp","href":"https:\/\/api.w.org\/{rel}","templated":true}]}}