{"id":2291,"date":"2025-07-28T15:14:11","date_gmt":"2025-07-28T13:14:11","guid":{"rendered":"https:\/\/www.piwet.pulawy.pl\/?page_id=2291"},"modified":"2025-08-05T12:43:56","modified_gmt":"2025-08-05T10:43:56","slug":"afrykanski-pomor-swin-asf","status":"publish","type":"page","link":"https:\/\/www.piwet.pulawy.pl\/en\/afrykanski-pomor-swin-asf\/","title":{"rendered":"Afryka\u0144ski pom\u00f3r \u015bwi\u0144 ASF"},"content":{"rendered":"\n<p style=\"font-size:25px\">Afryka\u0144ski pom\u00f3r \u015bwi\u0144 ASF<\/p>\n\n\n\n<p><a href=\"https:\/\/www.wetgiw.gov.pl\/nadzor-weterynaryjny\/asf-w-polsce\" target=\"_blank\" rel=\"noreferrer noopener\">Komunikaty G\u0142\u00f3wnego Lekarza Weterynarii dotycz\u0105ce afryka\u0144skiego pomoru \u015bwi\u0144<\/a><\/p>\n\n\n\n<p><a href=\"https:\/\/www.piwet.pulawy.pl\/wp-content\/uploads\/2025\/08\/Instrukcja-pobierania-i-przesylania-probek-do-badan-ASF.pdf\" target=\"_blank\" rel=\"noreferrer noopener\">Procedura pobierania i przesy\u0142ania pr\u00f3bek do laboratoryjnych bada\u0144 diagnostycznych w kierunku afryka\u0144skiego pomoru \u015bwi\u0144<\/a> (plik PDF, 438kB)<\/p>\n\n\n\n<p><strong>Materia\u0142y informacyjno-szkoleniowe do pobrania:<\/strong><br><a href=\"https:\/\/www.piwet.pulawy.pl\/wp-content\/uploads\/2025\/08\/Afrykanski-pomor-swin.pdf\" target=\"_blank\" rel=\"noreferrer noopener\">Afryka\u0144ski pom\u00f3r \u015bwi\u0144 <\/a>(plik PDF, 4 071kB)<br><a href=\"https:\/\/www.piwet.pulawy.pl\/wp-content\/uploads\/2025\/08\/ASF-Bioasekuracja-PULAWY-30.06.2017-SHORT.pdf\" target=\"_blank\" rel=\"noreferrer noopener\">ASF Bioasekuracj<\/a><a href=\"https:\/\/www.piwet.pulawy.pl\/uploads\/docs\/ASF\/konf20170629\/ASF%20Dziki.pdf\" target=\"_blank\" rel=\"noreferrer noopener\">a <\/a>(plik PDF, 1 954kB)<a href=\"https:\/\/www.piwet.pulawy.pl\/uploads\/docs\/ASF\/konf20170629\/ASF%20Dziki.pdf\" target=\"_blank\" rel=\"noreferrer noopener\"><br><\/a><a href=\"https:\/\/www.piwet.pulawy.pl\/wp-content\/uploads\/2025\/08\/ASF-Dziki-1.pdf\" target=\"_blank\" rel=\"noreferrer noopener\">ASF Dziki<\/a> (plik PDF, 2 729kB)<br><a href=\"https:\/\/www.piwet.pulawy.pl\/uploads\/docs\/ASF\/ASF%20materialy%20szkoleniowo-informacyjne%20dla%20mysliwych%20i%20lesnikow%2020.02.2014%20r..pdf\" target=\"_blank\" rel=\"noreferrer noopener\">ASF materia\u0142y szkoleniowo-informacyjne dla my\u015bliwych i le\u015bnik\u00f3w<\/a> (plik PDF, 137kB)<br><a href=\"https:\/\/www.piwet.pulawy.pl\/wp-content\/uploads\/2025\/08\/Polska-dolacza-do-EFSA-w-ogolnoeuropejskiej-kampanii_Informacja-Prasowa.docx.docx\">Polska do\u0142\u0105cza do EFSA w og\u00f3lnoeur<\/a><a href=\"https:\/\/www.piwet.pulawy.pl\/wp-content\/uploads\/2025\/08\/Polska-dolacza-do-EFSA-w-ogolnoeuropejskiej-kampanii_Informacja-Prasowa.docx.docx\" target=\"_blank\" rel=\"noreferrer noopener\">o<\/a><a href=\"https:\/\/www.piwet.pulawy.pl\/wp-content\/uploads\/2025\/08\/Polska-dolacza-do-EFSA-w-ogolnoeuropejskiej-kampanii_Informacja-Prasowa.docx.docx\">pejskiej kampanii_Informacja Prasowa<\/a> (plik WORD, 118kB)<br><a href=\"https:\/\/www.piwet.pulawy.pl\/wp-content\/uploads\/2025\/08\/EFSA-ASF-2023-Poster-A3-Digital-PL-Weterynarze.pdf\" target=\"_blank\" rel=\"noreferrer noopener\">EFSA-ASF-2023-Poster-A3-Digital-PL-Weterynarze <\/a> (plik PDF, 496kB)<br><a href=\"https:\/\/www.piwet.pulawy.pl\/wp-content\/uploads\/2025\/08\/EFSA-ASF-2023-Poster-A3-Digital-PL-Mysliwi.pdf\" target=\"_blank\" rel=\"noreferrer noopener\">EFSA-ASF-2023-Poster-A3-Digital-PL-My\u015bliwi<\/a> (plik PDF, 725kB)<br><a href=\"https:\/\/www.piwet.pulawy.pl\/wp-content\/uploads\/2025\/08\/EFSA-ASF-2023-Poster-A3-Digital-PL-Farmerzy.pdf\" target=\"_blank\" rel=\"noreferrer noopener\">EFSA-ASF-2023-Poster-A3-Digital-PL-Farmerzy<\/a> (plik PDF, 922kB)<a href=\"https:\/\/www.piwet.pulawy.pl\/lims-files\/wn.file\/wn.file.00003366.11ff2346b384b19190353d5d04521327b7486e6e.pdf\" target=\"_blank\" rel=\"noreferrer noopener\"><br><\/a><a href=\"https:\/\/www.piwet.pulawy.pl\/wp-content\/uploads\/2025\/08\/Rola-KLR-ds.-ASF-\u2013-badania-naukowe-i-epizootiologia.pdf\" target=\"_blank\" rel=\"noreferrer noopener\">Rola KLR ds. ASF &#8211; badania naukowe i epizootiologia<\/a><a href=\"https:\/\/www.piwet.pulawy.pl\/uploads\/docs\/ASF\/konf20170629\/ASF%20Bioasekuracja%20PULAWY,%2030.06.2017%20SHORT.pdf\" target=\"_blank\" rel=\"noreferrer noopener\"> <\/a>(plik PDF, 3 786kB)<\/p>\n\n\n\n<p><a href=\"https:\/\/www.piwet.pulawy.pl\/uploads\/docs\/ASF\/konf20170629\/ASF%20Bioasekuracja%20PULAWY,%2030.06.2017%20SHORT.pdf\" target=\"_blank\" rel=\"noreferrer noopener\"><br><\/a><\/p>\n\n\n\n<p><strong>Prace dotycz\u0105ce afryka\u0144skiego pomoru \u015bwi\u0144 opublikowane przez pracownik\u00f3w Krajowego Laboratorium Referencyjnego ds. ASF:<\/strong><a href=\"https:\/\/www.piwet.pulawy.pl\/lims-files\/wn.file\/wn.file.00004790.44b2c939d5bc4eeb7035959385a8d1afe5c22e6e.pdf\"><br><\/a><a href=\"https:\/\/www.piwet.pulawy.pl\/wp-content\/uploads\/2025\/08\/Wykaz-prac-nt-ASF-opublikowanych-przez-KLR-ds-ASF-2024.pdf\" target=\"_blank\" rel=\"noreferrer noopener\">Wykaz prac nt ASF opublikowanych przez KLR ds ASF, 2024<\/a> (plik PDF, 105kB)<a href=\"https:\/\/www.piwet.pulawy.pl\/lims-files\/wn.file\/wn.file.00004788.491e99987506983526dd458ddbb679814286f873.pdf\"><br><\/a><a href=\"https:\/\/www.piwet.pulawy.pl\/wp-content\/uploads\/2025\/08\/Wykaz-prac-nt-ASF-opublikowanych-przez-KLR-ds-ASF-2023.pdf\" target=\"_blank\" rel=\"noreferrer noopener\">Wykaz prac nt ASF opublikowanych przez KLR ds ASF, 2023<\/a> plik PDF, 112kB)<a href=\"https:\/\/www.piwet.pulawy.pl\/lims-files\/wn.file\/wn.file.00004169.7b74575fecc579bbcb7cfa407e84554b069d576e.pdf\"><br><\/a><a href=\"https:\/\/www.piwet.pulawy.pl\/wp-content\/uploads\/2025\/08\/Wykaz-prac-nt-ASF-opublikowanych-przez-KLR-ds-ASF-2018-2022.pdf\" target=\"_blank\" rel=\"noreferrer noopener\">Wykaz prac nt ASF opublikowanych przez KLR ds ASF, 2018-2022<\/a> (plik PDF, 418kB)<a href=\"https:\/\/www.piwet.pulawy.pl\/uploads\/docs\/ASF\/Wykaz%20prac%20nt%20ASF%20opublikowanych%20przez%20KLR%20ds%20ASF.pdf\"><br><\/a><a href=\"https:\/\/www.piwet.pulawy.pl\/wp-content\/uploads\/2025\/08\/Wykaz-prac-nt-ASF-opublikowanych-przez-KLR-ds-ASF.pdf\" target=\"_blank\" rel=\"noreferrer noopener\">Wykaz prac nt ASF opublikowanych przez KLR ds ASF<\/a> (plik PDF, 75kB)<\/p>\n\n\n\n<p><a href=\"https:\/\/www.youtube.com\/watch?v=j2Gun5SC4bc&amp;t=12s&amp;ab_channel=Pa%C5%84stwowyInstytutWeterynaryjny-Pa%C5%84stwowyInstytutBadawczy\" target=\"_blank\" rel=\"noopener\">Informacje o ASF<\/a>:<\/p>\n\n\n\n<figure class=\"wp-block-embed is-type-video is-provider-youtube wp-block-embed-youtube wp-embed-aspect-16-9 wp-has-aspect-ratio\"><div class=\"wp-block-embed__wrapper\">\n<iframe title=\"Afryka\u0144ski pom\u00f3r \u015bwi\u0144 (ASF) - spot\" width=\"1200\" height=\"675\" src=\"https:\/\/www.youtube.com\/embed\/j2Gun5SC4bc?start=12&#038;feature=oembed\" frameborder=\"0\" allow=\"accelerometer; autoplay; clipboard-write; encrypted-media; gyroscope; picture-in-picture; web-share\" referrerpolicy=\"strict-origin-when-cross-origin\" allowfullscreen><\/iframe>\n<\/div><\/figure>\n\n\n\n<p><a href=\"https:\/\/www.youtube.com\/watch?v=UQIm-7QhWkE&amp;t=2s&amp;ab_channel=Pa%C5%84stwowyInstytutWeterynaryjny-Pa%C5%84stwowyInstytutBadawczy\" target=\"_blank\" rel=\"noopener\">Bioasekuracja<\/a>:<\/p>\n\n\n\n<p><a href=\"https:\/\/www.piwet.pulawy.pl\/uploads\/docs\/ASF\/konf20170629\/ASF%20Bioasekuracja%20PULAWY,%2030.06.2017%20SHORT.pdf\" target=\"_blank\" rel=\"noreferrer noopener\"><br>ASF Bioasekuracja PU\u0141AWY, 30.06.2017 SHORT<\/a><\/p>\n\n\n\n<figure class=\"wp-block-embed is-type-video is-provider-youtube wp-block-embed-youtube wp-embed-aspect-16-9 wp-has-aspect-ratio\"><div class=\"wp-block-embed__wrapper\">\n<iframe title=\"ASF Bioasekuracja\" width=\"1200\" height=\"675\" src=\"https:\/\/www.youtube.com\/embed\/UQIm-7QhWkE?start=2&#038;feature=oembed\" frameborder=\"0\" allow=\"accelerometer; autoplay; clipboard-write; encrypted-media; gyroscope; picture-in-picture; web-share\" referrerpolicy=\"strict-origin-when-cross-origin\" allowfullscreen><\/iframe>\n<\/div><\/figure>\n\n\n\n<p><a href=\"https:\/\/www.youtube.com\/watch?v=F-MMSD7CCC4&amp;ab_channel=Pa%C5%84stwowyInstytutWeterynaryjny-Pa%C5%84stwowyInstytutBadawczy\" target=\"_blank\" rel=\"noopener\">Zasady ochrony \u015bwi\u0144 przed chorob\u0105:<\/a><\/p>\n\n\n\n<figure class=\"wp-block-embed is-type-video is-provider-youtube wp-block-embed-youtube wp-embed-aspect-16-9 wp-has-aspect-ratio\"><div class=\"wp-block-embed__wrapper\">\n<iframe title=\"Afryka\u0144ski pom\u00f3r \u015bwi\u0144 (ASF) - zasady ochrony \u015bwi\u0144 przed chorob\u0105\" width=\"1200\" height=\"675\" src=\"https:\/\/www.youtube.com\/embed\/F-MMSD7CCC4?feature=oembed\" frameborder=\"0\" allow=\"accelerometer; autoplay; clipboard-write; encrypted-media; gyroscope; picture-in-picture; web-share\" referrerpolicy=\"strict-origin-when-cross-origin\" allowfullscreen><\/iframe>\n<\/div><\/figure>\n\n\n\n<p><\/p>\n\n\n\n<p><\/p>\n\n\n\n<p><\/p>\n\n\n\n<p><\/p>\n","protected":false},"excerpt":{"rendered":"<p>Afryka\u0144ski pom\u00f3r \u015bwi\u0144 ASF Komunikaty G\u0142\u00f3wnego Lekarza Weterynarii dotycz\u0105ce afryka\u0144skiego pomoru \u015bwi\u0144 Procedura pobierania i przesy\u0142ania pr\u00f3bek do laboratoryjnych bada\u0144 diagnostycznych w kierunku afryka\u0144skiego pomoru \u015bwi\u0144 (plik PDF, 438kB) Materia\u0142y informacyjno-szkoleniowe do pobrania:Afryka\u0144ski pom\u00f3r \u015bwi\u0144 (plik PDF, 4 071kB)ASF Bioasekuracja (plik PDF, 1 954kB)ASF Dziki (plik PDF, 2 729kB)ASF materia\u0142y szkoleniowo-informacyjne dla my\u015bliwych i le\u015bnik\u00f3w [&hellip;]<\/p>\n","protected":false},"author":2,"featured_media":0,"parent":0,"menu_order":0,"comment_status":"closed","ping_status":"closed","template":"fullwidth-page.php","meta":{"footnotes":""},"class_list":["post-2291","page","type-page","status-publish","hentry"],"rttpg_featured_image_url":null,"rttpg_author":{"display_name":"Marta Antas","author_link":"https:\/\/www.piwet.pulawy.pl\/en\/author\/mantas\/"},"rttpg_comment":0,"rttpg_category":false,"rttpg_excerpt":"Afryka\u0144ski pom\u00f3r \u015bwi\u0144 ASF Komunikaty G\u0142\u00f3wnego Lekarza Weterynarii dotycz\u0105ce afryka\u0144skiego pomoru \u015bwi\u0144 Procedura pobierania i przesy\u0142ania pr\u00f3bek do laboratoryjnych bada\u0144 diagnostycznych w kierunku afryka\u0144skiego pomoru \u015bwi\u0144 (plik PDF, 438kB) Materia\u0142y informacyjno-szkoleniowe do pobrania:Afryka\u0144ski pom\u00f3r \u015bwi\u0144 (plik PDF, 4 071kB)ASF Bioasekuracja (plik PDF, 1 954kB)ASF Dziki (plik PDF, 2 729kB)ASF materia\u0142y szkoleniowo-informacyjne dla my\u015bliwych i le\u015bnik\u00f3w&hellip;","_links":{"self":[{"href":"https:\/\/www.piwet.pulawy.pl\/en\/wp-json\/wp\/v2\/pages\/2291","targetHints":{"allow":["GET"]}}],"collection":[{"href":"https:\/\/www.piwet.pulawy.pl\/en\/wp-json\/wp\/v2\/pages"}],"about":[{"href":"https:\/\/www.piwet.pulawy.pl\/en\/wp-json\/wp\/v2\/types\/page"}],"author":[{"embeddable":true,"href":"https:\/\/www.piwet.pulawy.pl\/en\/wp-json\/wp\/v2\/users\/2"}],"replies":[{"embeddable":true,"href":"https:\/\/www.piwet.pulawy.pl\/en\/wp-json\/wp\/v2\/comments?post=2291"}],"version-history":[{"count":18,"href":"https:\/\/www.piwet.pulawy.pl\/en\/wp-json\/wp\/v2\/pages\/2291\/revisions"}],"predecessor-version":[{"id":2699,"href":"https:\/\/www.piwet.pulawy.pl\/en\/wp-json\/wp\/v2\/pages\/2291\/revisions\/2699"}],"wp:attachment":[{"href":"https:\/\/www.piwet.pulawy.pl\/en\/wp-json\/wp\/v2\/media?parent=2291"}],"curies":[{"name":"wp","href":"https:\/\/api.w.org\/{rel}","templated":true}]}}