{"id":2249,"date":"2025-07-28T11:28:35","date_gmt":"2025-07-28T09:28:35","guid":{"rendered":"https:\/\/www.piwet.pulawy.pl\/?page_id=2249"},"modified":"2025-08-08T11:16:17","modified_gmt":"2025-08-08T09:16:17","slug":"informacje-dla-pszczelarzy","status":"publish","type":"page","link":"https:\/\/www.piwet.pulawy.pl\/en\/informacje-dla-pszczelarzy\/","title":{"rendered":"Informacje dla pszczelarzy"},"content":{"rendered":"\n<p class=\"has-text-color has-link-color wp-elements-026ed015f4530fa87a65a743dda7cc40\" style=\"color:#1a8314;font-size:20px\"><strong>Informacje dla pszczelarzy:<\/strong><\/p>\n\n\n\n<p><a href=\"https:\/\/www.piwet.pulawy.pl\/wp-content\/uploads\/2025\/08\/Instrukcja-pobierania-i-przesylania-probek-do-badan-1.pdf\" target=\"_blank\" rel=\"noreferrer noopener\"><br>Instrukcja pobierania i przesy\u0142ania pr\u00f3bek do bada\u0144<\/a> (plik PDF, 91kB)<\/p>\n\n\n\n<p><a href=\"https:\/\/www.piwet.pulawy.pl\/lims-files\/wn.file\/wn.file.00005049.669125eb7cb6cfbbce7485cbf3d03647268853ab.pdf\">ZATRUCIA PSZCZ\u00d3\u0141 &#8211; instrukcja pobierania i przesy\u0142ania pr\u00f3bek wraz z protoko\u0142em<\/a><\/p>\n\n\n\n<p><a href=\"https:\/\/www.piwet.pulawy.pl\/wp-content\/uploads\/2025\/08\/Zgnilesc-europejski-EFB-ulotka-EURL.pdf\">Zgnilec europejski (EFB) &#8211; ulotka EURL<\/a> (plik PDF, 1 250kB)<\/p>\n\n\n\n<p><a href=\"https:\/\/www.piwet.pulawy.pl\/wp-content\/uploads\/2025\/08\/Zgnilec-amerykanski-pszczol-AFB-ulotka-EURL-1.pdf\" target=\"_blank\" rel=\"noreferrer noopener\">Zgnilec ameryka\u0144ski pszcz\u00f3\u0142 (AFB) &#8211; ulotka EURL<\/a> (plik PDF, 459kB)<\/p>\n\n\n\n<p><a href=\"https:\/\/www.piwet.pulawy.pl\/wp-content\/uploads\/2025\/08\/Biuletyn-ODR-Numer-specjalny-2024-1.pdf\">Biuletyn ODR -Numer specjalny 2024<\/a> (plik PDF, 516kB)<\/p>\n\n\n\n<p><a href=\"https:\/\/www.piwet.pulawy.pl\/wp-content\/uploads\/2025\/08\/Vespa-velutina-ulotka_EURL.pdf\">Vespa velutina &#8211; ulotka_EURL<\/a> (plik PDF, 2 329kB)<\/p>\n\n\n\n<p><a href=\"https:\/\/www.piwet.pulawy.pl\/wp-content\/uploads\/2025\/08\/Varroa-destructor-ulotka-EURL-1.pdf\">Varroa destructor ulotka EURL<\/a> (plik PDF, 466kB)<\/p>\n\n\n\n<p><a href=\"https:\/\/www.piwet.pulawy.pl\/wp-content\/uploads\/2025\/08\/Maly-chrzaszcz-ulowy-ulotka-EURL.pdf\" target=\"_blank\" rel=\"noreferrer noopener\">Ma\u0142y chrz\u0105szcz ulowy &#8211; ulotka EURL<\/a> (plik PDF, 6MB)<\/p>\n\n\n\n<p><a href=\"https:\/\/www.piwet.pulawy.pl\/wp-content\/uploads\/2025\/08\/Tropilaelaps_ulotka_EURL.pdf\" target=\"_blank\" rel=\"noreferrer noopener\">Tropilaelaps &#8211; ulotka EURL<\/a> (plik PDF, 17MB)<\/p>\n","protected":false},"excerpt":{"rendered":"<p>Informacje dla pszczelarzy: Instrukcja pobierania i przesy\u0142ania pr\u00f3bek do bada\u0144 (plik PDF, 91kB) ZATRUCIA PSZCZ\u00d3\u0141 &#8211; instrukcja pobierania i przesy\u0142ania pr\u00f3bek wraz z protoko\u0142em Zgnilec europejski (EFB) &#8211; ulotka EURL (plik PDF, 1 250kB) Zgnilec ameryka\u0144ski pszcz\u00f3\u0142 (AFB) &#8211; ulotka EURL (plik PDF, 459kB) Biuletyn ODR -Numer specjalny 2024 (plik PDF, 516kB) Vespa velutina &#8211; [&hellip;]<\/p>\n","protected":false},"author":2,"featured_media":0,"parent":0,"menu_order":0,"comment_status":"closed","ping_status":"closed","template":"fullwidth-page.php","meta":{"footnotes":""},"class_list":["post-2249","page","type-page","status-publish","hentry"],"rttpg_featured_image_url":null,"rttpg_author":{"display_name":"Marta Antas","author_link":"https:\/\/www.piwet.pulawy.pl\/en\/author\/mantas\/"},"rttpg_comment":0,"rttpg_category":false,"rttpg_excerpt":"Informacje dla pszczelarzy: Instrukcja pobierania i przesy\u0142ania pr\u00f3bek do bada\u0144 (plik PDF, 91kB) ZATRUCIA PSZCZ\u00d3\u0141 &#8211; instrukcja pobierania i przesy\u0142ania pr\u00f3bek wraz z protoko\u0142em Zgnilec europejski (EFB) &#8211; ulotka EURL (plik PDF, 1 250kB) Zgnilec ameryka\u0144ski pszcz\u00f3\u0142 (AFB) &#8211; ulotka EURL (plik PDF, 459kB) Biuletyn ODR -Numer specjalny 2024 (plik PDF, 516kB) Vespa velutina &#8211;&hellip;","_links":{"self":[{"href":"https:\/\/www.piwet.pulawy.pl\/en\/wp-json\/wp\/v2\/pages\/2249","targetHints":{"allow":["GET"]}}],"collection":[{"href":"https:\/\/www.piwet.pulawy.pl\/en\/wp-json\/wp\/v2\/pages"}],"about":[{"href":"https:\/\/www.piwet.pulawy.pl\/en\/wp-json\/wp\/v2\/types\/page"}],"author":[{"embeddable":true,"href":"https:\/\/www.piwet.pulawy.pl\/en\/wp-json\/wp\/v2\/users\/2"}],"replies":[{"embeddable":true,"href":"https:\/\/www.piwet.pulawy.pl\/en\/wp-json\/wp\/v2\/comments?post=2249"}],"version-history":[{"count":14,"href":"https:\/\/www.piwet.pulawy.pl\/en\/wp-json\/wp\/v2\/pages\/2249\/revisions"}],"predecessor-version":[{"id":2964,"href":"https:\/\/www.piwet.pulawy.pl\/en\/wp-json\/wp\/v2\/pages\/2249\/revisions\/2964"}],"wp:attachment":[{"href":"https:\/\/www.piwet.pulawy.pl\/en\/wp-json\/wp\/v2\/media?parent=2249"}],"curies":[{"name":"wp","href":"https:\/\/api.w.org\/{rel}","templated":true}]}}