{"id":2246,"date":"2025-07-28T11:25:39","date_gmt":"2025-07-28T09:25:39","guid":{"rendered":"https:\/\/www.piwet.pulawy.pl\/?page_id=2246"},"modified":"2026-01-16T13:43:18","modified_gmt":"2026-01-16T12:43:18","slug":"komunikaty","status":"publish","type":"page","link":"https:\/\/www.piwet.pulawy.pl\/en\/komunikaty\/","title":{"rendered":"Komunikaty"},"content":{"rendered":"\n<figure class=\"wp-block-embed is-type-wp-embed is-provider-pa-stwowy-instytut-weterynaryjny-pa-stwowy-instytut-badawczy wp-block-embed-pa-stwowy-instytut-weterynaryjny-pa-stwowy-instytut-badawczy\"><div class=\"wp-block-embed__wrapper\">\n<blockquote class=\"wp-embedded-content\" data-secret=\"bYMtsICrNz\"><a href=\"https:\/\/www.piwet.pulawy.pl\/grypa-ptakow\/\">Grypa ptak\u00f3w<\/a><\/blockquote><iframe class=\"wp-embedded-content\" sandbox=\"allow-scripts\" security=\"restricted\" style=\"position: absolute; visibility: hidden;\" title=\"&#8222;Grypa ptak\u00f3w&#8221; &#8212; Pa\u0144stwowy Instytut Weterynaryjny - Pa\u0144stwowy Instytut Badawczy\" src=\"https:\/\/www.piwet.pulawy.pl\/grypa-ptakow\/embed\/#?secret=XCWcObEu8H#?secret=bYMtsICrNz\" data-secret=\"bYMtsICrNz\" width=\"600\" height=\"338\" frameborder=\"0\" marginwidth=\"0\" marginheight=\"0\" scrolling=\"no\"><\/iframe>\n<\/div><\/figure>\n\n\n\n<figure class=\"wp-block-embed is-type-wp-embed is-provider-pa-stwowy-instytut-weterynaryjny-pa-stwowy-instytut-badawczy wp-block-embed-pa-stwowy-instytut-weterynaryjny-pa-stwowy-instytut-badawczy\"><div class=\"wp-block-embed__wrapper\">\n<blockquote class=\"wp-embedded-content\" data-secret=\"mHr51SS5Kc\"><a href=\"https:\/\/www.piwet.pulawy.pl\/informacje-dla-pszczelarzy\/\">Informacje dla pszczelarzy<\/a><\/blockquote><iframe class=\"wp-embedded-content\" sandbox=\"allow-scripts\" security=\"restricted\" style=\"position: absolute; visibility: hidden;\" title=\"&#8222;Informacje dla pszczelarzy&#8221; &#8212; Pa\u0144stwowy Instytut Weterynaryjny - Pa\u0144stwowy Instytut Badawczy\" src=\"https:\/\/www.piwet.pulawy.pl\/informacje-dla-pszczelarzy\/embed\/#?secret=mEdZP06PUI#?secret=mHr51SS5Kc\" data-secret=\"mHr51SS5Kc\" width=\"600\" height=\"338\" frameborder=\"0\" marginwidth=\"0\" marginheight=\"0\" scrolling=\"no\"><\/iframe>\n<\/div><\/figure>\n\n\n\n<figure class=\"wp-block-embed is-type-wp-embed is-provider-pa-stwowy-instytut-weterynaryjny-pa-stwowy-instytut-badawczy wp-block-embed-pa-stwowy-instytut-weterynaryjny-pa-stwowy-instytut-badawczy\"><div class=\"wp-block-embed__wrapper\">\n<blockquote class=\"wp-embedded-content\" data-secret=\"QDnRBiBxd0\"><a href=\"https:\/\/www.piwet.pulawy.pl\/afrykanski-pomor-swin-asf\/\">Afryka\u0144ski pom\u00f3r \u015bwi\u0144 ASF<\/a><\/blockquote><iframe class=\"wp-embedded-content\" sandbox=\"allow-scripts\" security=\"restricted\" style=\"position: absolute; visibility: hidden;\" title=\"&#8222;Afryka\u0144ski pom\u00f3r \u015bwi\u0144 ASF&#8221; &#8212; Pa\u0144stwowy Instytut Weterynaryjny - Pa\u0144stwowy Instytut Badawczy\" src=\"https:\/\/www.piwet.pulawy.pl\/afrykanski-pomor-swin-asf\/embed\/#?secret=4p5RKTWSba#?secret=QDnRBiBxd0\" data-secret=\"QDnRBiBxd0\" width=\"600\" height=\"338\" frameborder=\"0\" marginwidth=\"0\" marginheight=\"0\" scrolling=\"no\"><\/iframe>\n<\/div><\/figure>\n\n\n\n<figure class=\"wp-block-embed is-type-wp-embed is-provider-pa-stwowy-instytut-weterynaryjny-pa-stwowy-instytut-badawczy wp-block-embed-pa-stwowy-instytut-weterynaryjny-pa-stwowy-instytut-badawczy\"><div class=\"wp-block-embed__wrapper\">\n<blockquote class=\"wp-embedded-content\" data-secret=\"2DokfStt9e\"><a href=\"https:\/\/www.piwet.pulawy.pl\/koronawirus\/\">Koronawirus<\/a><\/blockquote><iframe class=\"wp-embedded-content\" sandbox=\"allow-scripts\" security=\"restricted\" style=\"position: absolute; visibility: hidden;\" title=\"&#8222;Koronawirus&#8221; &#8212; Pa\u0144stwowy Instytut Weterynaryjny - Pa\u0144stwowy Instytut Badawczy\" src=\"https:\/\/www.piwet.pulawy.pl\/koronawirus\/embed\/#?secret=Le9wEXYvH8#?secret=2DokfStt9e\" data-secret=\"2DokfStt9e\" width=\"600\" height=\"338\" frameborder=\"0\" marginwidth=\"0\" marginheight=\"0\" scrolling=\"no\"><\/iframe>\n<\/div><\/figure>\n\n\n\n<figure class=\"wp-block-embed is-type-wp-embed is-provider-pa-stwowy-instytut-weterynaryjny-pa-stwowy-instytut-badawczy wp-block-embed-pa-stwowy-instytut-weterynaryjny-pa-stwowy-instytut-badawczy\"><div class=\"wp-block-embed__wrapper\">\n<blockquote class=\"wp-embedded-content\" data-secret=\"lz0ePZN02w\"><a href=\"https:\/\/www.piwet.pulawy.pl\/borelioza\/\">Borelioza<\/a><\/blockquote><iframe class=\"wp-embedded-content\" sandbox=\"allow-scripts\" security=\"restricted\" style=\"position: absolute; visibility: hidden;\" title=\"&#8222;Borelioza&#8221; &#8212; Pa\u0144stwowy Instytut Weterynaryjny - Pa\u0144stwowy Instytut Badawczy\" src=\"https:\/\/www.piwet.pulawy.pl\/borelioza\/embed\/#?secret=m2NQg3oA7J#?secret=lz0ePZN02w\" data-secret=\"lz0ePZN02w\" width=\"600\" height=\"338\" frameborder=\"0\" marginwidth=\"0\" marginheight=\"0\" scrolling=\"no\"><\/iframe>\n<\/div><\/figure>\n\n\n\n<figure class=\"wp-block-embed is-type-wp-embed is-provider-pa-stwowy-instytut-weterynaryjny-pa-stwowy-instytut-badawczy wp-block-embed-pa-stwowy-instytut-weterynaryjny-pa-stwowy-instytut-badawczy\"><div class=\"wp-block-embed__wrapper\">\n<blockquote class=\"wp-embedded-content\" data-secret=\"mI4X3rAsgW\"><a href=\"https:\/\/www.piwet.pulawy.pl\/botulizm\/\">Botulizm<\/a><\/blockquote><iframe class=\"wp-embedded-content\" sandbox=\"allow-scripts\" security=\"restricted\" style=\"position: absolute; visibility: hidden;\" title=\"&#8222;Botulizm&#8221; &#8212; Pa\u0144stwowy Instytut Weterynaryjny - Pa\u0144stwowy Instytut Badawczy\" src=\"https:\/\/www.piwet.pulawy.pl\/botulizm\/embed\/#?secret=lVrLRAC7Xd#?secret=mI4X3rAsgW\" data-secret=\"mI4X3rAsgW\" width=\"600\" height=\"338\" frameborder=\"0\" marginwidth=\"0\" marginheight=\"0\" scrolling=\"no\"><\/iframe>\n<\/div><\/figure>\n\n\n\n<figure class=\"wp-block-embed\"><div class=\"wp-block-embed__wrapper\">\nhttps:\/\/wdev.piwet.pulawy.pl\/choroba-niebieskiego-jezyka-bluetongue-bt\n<\/div><\/figure>\n","protected":false},"excerpt":{"rendered":"","protected":false},"author":2,"featured_media":0,"parent":0,"menu_order":0,"comment_status":"closed","ping_status":"closed","template":"","meta":{"footnotes":""},"class_list":["post-2246","page","type-page","status-publish","hentry"],"rttpg_featured_image_url":null,"rttpg_author":{"display_name":"Marta Antas","author_link":"https:\/\/www.piwet.pulawy.pl\/en\/author\/mantas\/"},"rttpg_comment":0,"rttpg_category":false,"rttpg_excerpt":null,"_links":{"self":[{"href":"https:\/\/www.piwet.pulawy.pl\/en\/wp-json\/wp\/v2\/pages\/2246","targetHints":{"allow":["GET"]}}],"collection":[{"href":"https:\/\/www.piwet.pulawy.pl\/en\/wp-json\/wp\/v2\/pages"}],"about":[{"href":"https:\/\/www.piwet.pulawy.pl\/en\/wp-json\/wp\/v2\/types\/page"}],"author":[{"embeddable":true,"href":"https:\/\/www.piwet.pulawy.pl\/en\/wp-json\/wp\/v2\/users\/2"}],"replies":[{"embeddable":true,"href":"https:\/\/www.piwet.pulawy.pl\/en\/wp-json\/wp\/v2\/comments?post=2246"}],"version-history":[{"count":11,"href":"https:\/\/www.piwet.pulawy.pl\/en\/wp-json\/wp\/v2\/pages\/2246\/revisions"}],"predecessor-version":[{"id":4114,"href":"https:\/\/www.piwet.pulawy.pl\/en\/wp-json\/wp\/v2\/pages\/2246\/revisions\/4114"}],"wp:attachment":[{"href":"https:\/\/www.piwet.pulawy.pl\/en\/wp-json\/wp\/v2\/media?parent=2246"}],"curies":[{"name":"wp","href":"https:\/\/api.w.org\/{rel}","templated":true}]}}