{"id":2244,"date":"2025-07-28T11:24:40","date_gmt":"2025-07-28T09:24:40","guid":{"rendered":"https:\/\/www.piwet.pulawy.pl\/?page_id=2244"},"modified":"2025-08-05T12:46:20","modified_gmt":"2025-08-05T10:46:20","slug":"grypa-ptakow","status":"publish","type":"page","link":"https:\/\/www.piwet.pulawy.pl\/en\/grypa-ptakow\/","title":{"rendered":"Grypa ptak\u00f3w"},"content":{"rendered":"\n<p><strong>Grypa ptak\u00f3w informacje:<\/strong><\/p>\n\n\n\n<p><a href=\"https:\/\/www.wetgiw.gov.pl\/nadzor-weterynaryjny\/grypa-ptakow\" target=\"_blank\" rel=\"noreferrer noopener\">Komunikaty G\u0142\u00f3wnego Lekarza Weterynarii dotycz\u0105ce grypy ptak\u00f3w<\/a><\/p>\n\n\n\n<p><a href=\"https:\/\/www.piwet.pulawy.pl\/wp-content\/uploads\/2025\/08\/Grypa-ptakow-informacje-ogolne.pdf\" target=\"_blank\" rel=\"noreferrer noopener\">Grypa ptak\u00f3w \u2014 informacje og\u00f3lne<\/a> (plik PDF, 726kB)<\/p>\n\n\n\n<p><a href=\"https:\/\/www.wetgiw.gov.pl\/nadzor-weterynaryjny\/hpai\" target=\"_blank\" rel=\"noreferrer noopener\">Wysoce zjadliwa grypa ptak\u00f3w w Polsce \u2014 aktualna sytuacja<\/a><\/p>\n\n\n\n<p><a href=\"https:\/\/www.wetgiw.gov.pl\/nadzor-weterynaryjny\/zasady-ochrony-drobiu-przed-grypa-ptakow\" target=\"_blank\" rel=\"noreferrer noopener\">Zasady ochrony drobiu przed chorob\u0105 (GIW)<\/a><\/p>\n\n\n\n<p><strong>Zasady bioasekuracji przy grypie ptak\u00f3w:<\/strong><\/p>\n\n\n\n<p><a href=\"https:\/\/www.wetgiw.gov.pl\/nadzor-weterynaryjny\/zasady-ochrony-drobiu-przed-grypa-ptakow\" target=\"_blank\" rel=\"noreferrer noopener\">https:\/\/www.wetgiw.gov.pl\/nadzor-weterynaryjny\/zasady-ochrony-drobiu-przed-grypa-ptakow<\/a><\/p>\n\n\n\n<p><a href=\"https:\/\/krd-ig.com.pl\/bez-kategorii\/grypa-ptakow-czy-przestrzegasz-zasad-bioasekuracji\" target=\"_blank\" rel=\"noreferrer noopener\">https:\/\/krd-ig.com.pl\/bez-kategorii\/grypa-ptakow-czy-przestrzegasz-zasad-bioasekuracji<\/a><\/p>\n\n\n\n<p><a href=\"https:\/\/www.gov.pl\/web\/rolnictwo\/wysoce-zjadliwa-grypa-ptakow-hpai-jest-grozna-dla-gospodarstw-utrzymujacych-drob\" target=\"_blank\" rel=\"noreferrer noopener\">https:\/\/www.gov.pl\/web\/rolnictwo\/wysoce-zjadliwa-grypa-ptakow-hpai-jest-grozna-dla-gospodarstw-utrzymujacych-drob<\/a><\/p>\n\n\n\n<p><\/p>\n","protected":false},"excerpt":{"rendered":"<p>Grypa ptak\u00f3w informacje: Komunikaty G\u0142\u00f3wnego Lekarza Weterynarii dotycz\u0105ce grypy ptak\u00f3w Grypa ptak\u00f3w \u2014 informacje og\u00f3lne (plik PDF, 726kB) Wysoce zjadliwa grypa ptak\u00f3w w Polsce \u2014 aktualna sytuacja Zasady ochrony drobiu przed chorob\u0105 (GIW) Zasady bioasekuracji przy grypie ptak\u00f3w: https:\/\/www.wetgiw.gov.pl\/nadzor-weterynaryjny\/zasady-ochrony-drobiu-przed-grypa-ptakow https:\/\/krd-ig.com.pl\/bez-kategorii\/grypa-ptakow-czy-przestrzegasz-zasad-bioasekuracji https:\/\/www.gov.pl\/web\/rolnictwo\/wysoce-zjadliwa-grypa-ptakow-hpai-jest-grozna-dla-gospodarstw-utrzymujacych-drob<\/p>\n","protected":false},"author":2,"featured_media":0,"parent":0,"menu_order":0,"comment_status":"closed","ping_status":"closed","template":"fullwidth-page.php","meta":{"footnotes":""},"class_list":["post-2244","page","type-page","status-publish","hentry"],"rttpg_featured_image_url":null,"rttpg_author":{"display_name":"Marta Antas","author_link":"https:\/\/www.piwet.pulawy.pl\/en\/author\/mantas\/"},"rttpg_comment":0,"rttpg_category":false,"rttpg_excerpt":"Grypa ptak\u00f3w informacje: Komunikaty G\u0142\u00f3wnego Lekarza Weterynarii dotycz\u0105ce grypy ptak\u00f3w Grypa ptak\u00f3w \u2014 informacje og\u00f3lne (plik PDF, 726kB) Wysoce zjadliwa grypa ptak\u00f3w w Polsce \u2014 aktualna sytuacja Zasady ochrony drobiu przed chorob\u0105 (GIW) Zasady bioasekuracji przy grypie ptak\u00f3w: https:\/\/www.wetgiw.gov.pl\/nadzor-weterynaryjny\/zasady-ochrony-drobiu-przed-grypa-ptakow https:\/\/krd-ig.com.pl\/bez-kategorii\/grypa-ptakow-czy-przestrzegasz-zasad-bioasekuracji https:\/\/www.gov.pl\/web\/rolnictwo\/wysoce-zjadliwa-grypa-ptakow-hpai-jest-grozna-dla-gospodarstw-utrzymujacych-drob","_links":{"self":[{"href":"https:\/\/www.piwet.pulawy.pl\/en\/wp-json\/wp\/v2\/pages\/2244","targetHints":{"allow":["GET"]}}],"collection":[{"href":"https:\/\/www.piwet.pulawy.pl\/en\/wp-json\/wp\/v2\/pages"}],"about":[{"href":"https:\/\/www.piwet.pulawy.pl\/en\/wp-json\/wp\/v2\/types\/page"}],"author":[{"embeddable":true,"href":"https:\/\/www.piwet.pulawy.pl\/en\/wp-json\/wp\/v2\/users\/2"}],"replies":[{"embeddable":true,"href":"https:\/\/www.piwet.pulawy.pl\/en\/wp-json\/wp\/v2\/comments?post=2244"}],"version-history":[{"count":5,"href":"https:\/\/www.piwet.pulawy.pl\/en\/wp-json\/wp\/v2\/pages\/2244\/revisions"}],"predecessor-version":[{"id":2703,"href":"https:\/\/www.piwet.pulawy.pl\/en\/wp-json\/wp\/v2\/pages\/2244\/revisions\/2703"}],"wp:attachment":[{"href":"https:\/\/www.piwet.pulawy.pl\/en\/wp-json\/wp\/v2\/media?parent=2244"}],"curies":[{"name":"wp","href":"https:\/\/api.w.org\/{rel}","templated":true}]}}