{"id":2195,"date":"2025-07-23T13:20:40","date_gmt":"2025-07-23T11:20:40","guid":{"rendered":"https:\/\/www.piwet.pulawy.pl\/?page_id=2195"},"modified":"2026-01-23T14:50:15","modified_gmt":"2026-01-23T13:50:15","slug":"zatrucia-zwierzat-diagnostyka-toksykologiczna","status":"publish","type":"page","link":"https:\/\/www.piwet.pulawy.pl\/en\/zatrucia-zwierzat-diagnostyka-toksykologiczna\/","title":{"rendered":"Zatrucia zwierz\u0105t &#8211; diagnostyka toksykologiczna"},"content":{"rendered":"\n<p class=\"has-text-color has-link-color wp-elements-427a595ce86bed886a062e7d8f7a6ee1\" style=\"color:#1a8314;font-size:20px\"><strong>Zatrucia zwierz\u0105t &#8211; diagnostyka toksykologiczna<\/strong><\/p>\n\n\n\n<p>Proponujemy Pa\u0144stwu wsp\u00f3\u0142prac\u0119 w oparciu o wykonanie analiz w zakresie diagnostyki toksykologicznej metodami chromatograficznymi ze spektrometri\u0105 mas. Metoda ta umo\u017cliwia identyfikacj\u0119 substancji w przypadkach podejrzenia wyst\u0105pienia zatrucia u zwierz\u0105t.<\/p>\n\n\n\n<p>Aby dowiedzie\u0107 si\u0119 wi\u0119cej lub pobra\u0107 formularz zlecenia, nale\u017cy klikn\u0105\u0107 wybrany link poni\u017cej:<a href=\"https:\/\/www.piwet.pulawy.pl\/uploads\/docs\/PO-07_F-10_20230512.docx\"><\/a><a href=\"https:\/\/www.piwet.pulawy.pl\/lims-files\/wn.file\/wn.file.00004498.f818dccfbe208dc6b2a4d61737083ac63dff2068.pdf\">&nbsp;<\/a><\/p>\n\n\n\n<p><a href=\"https:\/\/www.piwet.pulawy.pl\/wp-content\/uploads\/2026\/01\/PO-07_F-10-1.docx\" target=\"_blank\" rel=\"noreferrer noopener\">Formularz zlecenia wykonania bada\u0144 \u2013 wersja polska<\/a><br><a href=\"https:\/\/www.piwet.pulawy.pl\/wp-content\/uploads\/2026\/01\/PO-07_F-10a-3.docx\" target=\"_blank\" rel=\"noreferrer noopener\">Formularz zlecenia wykonania bada\u0144 \u2013 wersja angielska \/ English version<\/a><br><a href=\"https:\/\/www.piwet.pulawy.pl\/wp-content\/uploads\/2025\/08\/Formularz-informacyjny-\u2013-podejrzenie-zatrucia-u-zwierzeciaat.docx\">Formularz informacyjny \u2013 podejrzenie zatrucia u zwierz\u0119cia\/\u0105t<\/a> (plik WORD, 206kB)<br><a href=\"https:\/\/www.piwet.pulawy.pl\/wp-content\/uploads\/2025\/08\/Instrukcja-pobierania-probek-do-badan.pdf\">Instrukcja pobierania pr\u00f3bek do bada\u0144<\/a> (plik PDF, 1 092kB)<br><a href=\"https:\/\/isap.sejm.gov.pl\/isap.nsf\/DocDetails.xsp?id=wdu19971110724\" target=\"_blank\" rel=\"noopener\">Ustawa o ochronie zwierz\u0105t<\/a><\/p>\n\n\n\n<p>Informator prawny kierowany jest przede wszystkim do policji, prokurator\u00f3w i s\u0119dzi\u00f3w, czyli os\u00f3b odpowiedzialnych za egzekwowanie prawa. Mo\u017ce by\u0107 on r\u00f3wnie\u017c pomocnym materia\u0142em szkoleniowym dla innych podmiot\u00f3w zwi\u0105zanych z szeroko poj\u0119tym wymiarem sprawiedliwo\u015bci.<a href=\"https:\/\/www.piwet.pulawy.pl\/lims-files\/wn.file\/wn.file.00004136.6f541181bc282c67714f06143a01ab66dc16a797.pdf\">&nbsp;<\/a><\/p>\n\n\n\n<p><a href=\"https:\/\/www.piwet.pulawy.pl\/wp-content\/uploads\/2025\/08\/Ustawa-o-ochronie-zwierzat.pdf\">Ustawa o ochronie zwierz\u0105t \u2013 Informator prawny dla praktyk\u00f3w<\/a> (plik PDF, 1 092kB)<\/p>\n\n\n\n<p class=\"has-text-color has-link-color wp-elements-bd05d1f1cb4eb6951962f2ec50f10a80\" style=\"color:#1a8314\"><\/p>\n\n\n\n<p><\/p>\n","protected":false},"excerpt":{"rendered":"<p>Zatrucia zwierz\u0105t &#8211; diagnostyka toksykologiczna Proponujemy Pa\u0144stwu wsp\u00f3\u0142prac\u0119 w oparciu o wykonanie analiz w zakresie diagnostyki toksykologicznej metodami chromatograficznymi ze spektrometri\u0105 mas. Metoda ta umo\u017cliwia identyfikacj\u0119 substancji w przypadkach podejrzenia wyst\u0105pienia zatrucia u zwierz\u0105t. Aby dowiedzie\u0107 si\u0119 wi\u0119cej lub pobra\u0107 formularz zlecenia, nale\u017cy klikn\u0105\u0107 wybrany link poni\u017cej:&nbsp; Formularz zlecenia wykonania bada\u0144 \u2013 wersja polskaFormularz zlecenia [&hellip;]<\/p>\n","protected":false},"author":2,"featured_media":0,"parent":0,"menu_order":0,"comment_status":"closed","ping_status":"closed","template":"fullwidth-page.php","meta":{"footnotes":""},"class_list":["post-2195","page","type-page","status-publish","hentry"],"rttpg_featured_image_url":null,"rttpg_author":{"display_name":"Marta Antas","author_link":"https:\/\/www.piwet.pulawy.pl\/en\/author\/mantas\/"},"rttpg_comment":0,"rttpg_category":false,"rttpg_excerpt":"Zatrucia zwierz\u0105t &#8211; diagnostyka toksykologiczna Proponujemy Pa\u0144stwu wsp\u00f3\u0142prac\u0119 w oparciu o wykonanie analiz w zakresie diagnostyki toksykologicznej metodami chromatograficznymi ze spektrometri\u0105 mas. Metoda ta umo\u017cliwia identyfikacj\u0119 substancji w przypadkach podejrzenia wyst\u0105pienia zatrucia u zwierz\u0105t. Aby dowiedzie\u0107 si\u0119 wi\u0119cej lub pobra\u0107 formularz zlecenia, nale\u017cy klikn\u0105\u0107 wybrany link poni\u017cej:&nbsp; Formularz zlecenia wykonania bada\u0144 \u2013 wersja polskaFormularz zlecenia&hellip;","_links":{"self":[{"href":"https:\/\/www.piwet.pulawy.pl\/en\/wp-json\/wp\/v2\/pages\/2195","targetHints":{"allow":["GET"]}}],"collection":[{"href":"https:\/\/www.piwet.pulawy.pl\/en\/wp-json\/wp\/v2\/pages"}],"about":[{"href":"https:\/\/www.piwet.pulawy.pl\/en\/wp-json\/wp\/v2\/types\/page"}],"author":[{"embeddable":true,"href":"https:\/\/www.piwet.pulawy.pl\/en\/wp-json\/wp\/v2\/users\/2"}],"replies":[{"embeddable":true,"href":"https:\/\/www.piwet.pulawy.pl\/en\/wp-json\/wp\/v2\/comments?post=2195"}],"version-history":[{"count":10,"href":"https:\/\/www.piwet.pulawy.pl\/en\/wp-json\/wp\/v2\/pages\/2195\/revisions"}],"predecessor-version":[{"id":4169,"href":"https:\/\/www.piwet.pulawy.pl\/en\/wp-json\/wp\/v2\/pages\/2195\/revisions\/4169"}],"wp:attachment":[{"href":"https:\/\/www.piwet.pulawy.pl\/en\/wp-json\/wp\/v2\/media?parent=2195"}],"curies":[{"name":"wp","href":"https:\/\/api.w.org\/{rel}","templated":true}]}}