{"id":1954,"date":"2025-06-18T12:51:59","date_gmt":"2025-06-18T10:51:59","guid":{"rendered":"https:\/\/www.piwet.pulawy.pl\/?page_id=1954"},"modified":"2025-06-18T12:54:56","modified_gmt":"2025-06-18T10:54:56","slug":"o-wyrobach-do-diagnostyki-in-vitro","status":"publish","type":"page","link":"https:\/\/www.piwet.pulawy.pl\/en\/o-wyrobach-do-diagnostyki-in-vitro\/","title":{"rendered":"o\u00a0wyrobach do diagnostyki in vitro\u00a0"},"content":{"rendered":"\n<p>Wyr\u00f3b do diagnostyki in vitro stosowany w medycynie weterynaryjnej, zgodnie z<a href=\"https:\/\/isap.sejm.gov.pl\/isap.nsf\/DocDetails.xsp?id=wdu20040690625\" target=\"_blank\" rel=\"noopener\">\u00a0ustaw\u0105 z dnia 11 marca 2004 r. o ochronie zdrowia zwierz\u0105t oraz zwalczaniu chor\u00f3b zaka\u017anych zwierz\u0105t\u00a0<\/a>jest to wyr\u00f3b przeznaczony wy\u0142\u0105cznie do stosowania w medycynie weterynaryjnej (do bada\u0144 wykonywanych na potrzeby Inspekcji Weterynaryjnej), b\u0119d\u0105cy:<\/p>\n\n\n\n<ul class=\"wp-block-list\">\n<li>testem do diagnostyki in vitro stosowanym w zakresie diagnostyki chor\u00f3b zaka\u017anych zwierz\u0105t, w tym zoonoz, oraz pozosta\u0142o\u015bci substancji niedozwolonych, a tak\u017ce zanieczyszcze\u0144 biologicznych w tkankach zwierz\u0105t i produktach pochodzenia zwierz\u0119cego &#8211; s\u0105 to testy \/ odczynniki przeznaczone do stosowania \u015bci\u015ble w medycynie weterynaryjnej, np.:\n<ul class=\"wp-block-list\">\n<li>gotowe zestawy\/testy diagnostyczne s\u0142u\u017c\u0105ce do wykrywania zaka\u017ce\u0144 u zwierz\u0105t oraz wykrywania pozosta\u0142o\u015bci substancji w tkankach zwierz\u0105t czy produktach,<\/li>\n\n\n\n<li>odczynniki maj\u0105ce bezpo\u015bredni wp\u0142yw na wynik badania, np. pepsyna, koniugat do diagnostyki w\u015bcieklizny, surowica anty-Brucella, itp.,<\/li>\n\n\n\n<li>pod\u0142o\u017ca mikrobiologiczne, wzorce antybiotyk\u00f3w, szczepy wzorcowe, odczynniki do identyfikacji biochemicznej oraz inne odczynniki pomocnicze, itp. &#8211; nie podlegaj\u0105 obowi\u0105zkowi wpisu do wykazu,<\/li>\n<\/ul>\n<\/li>\n\n\n\n<li>pojemnikiem na pr\u00f3bki typu pr\u00f3\u017cniowego lub innym przeznaczonym przez wytw\u00f3rc\u0119 do bezpo\u015bredniego przechowywania oraz konserwacji pr\u00f3bek pochodz\u0105cych od zwierz\u0105t do badania diagnostycznego in vitro, np.:\n<ul class=\"wp-block-list\">\n<li>ig\u0142o strzykawki,<\/li>\n\n\n\n<li>zestawy do pobierania pr\u00f3bek z pnia m\u00f3zgu do bada\u0144 BSE,<\/li>\n\n\n\n<li>inne przeznaczone do stosowania \u015bci\u015ble w medycynie weterynaryjnej,<\/li>\n\n\n\n<li>pojemniki do pobierana pr\u00f3bek, wymaz\u00f3wki, ko\u0144c\u00f3wki do pipet, prob\u00f3wki typu Eppendorf itp. &#8211; je\u015bli s\u0105 wyrobem medycznym \u2014 nie podlegaj\u0105 obowi\u0105zkowi wpisu do wykazu,<\/li>\n<\/ul>\n<\/li>\n\n\n\n<li>sprz\u0119tem laboratoryjnym og\u00f3lnego zastosowania, je\u017celi ze wzgl\u0119du na jego w\u0142a\u015bciwo\u015bci jest on specjalnie przeznaczony przez wytw\u00f3rc\u0119 do bada\u0144 diagnostycznych in vitro \u2014 sprz\u0119t specjalnego przeznaczenia do stosowania w medycynie weterynaryjnej, np. trychinoskop.<\/li>\n<\/ul>\n","protected":false},"excerpt":{"rendered":"<p>Wyr\u00f3b do diagnostyki in vitro stosowany w medycynie weterynaryjnej, zgodnie z\u00a0ustaw\u0105 z dnia 11 marca 2004 r. o ochronie zdrowia zwierz\u0105t oraz zwalczaniu chor\u00f3b zaka\u017anych zwierz\u0105t\u00a0jest to wyr\u00f3b przeznaczony wy\u0142\u0105cznie do stosowania w medycynie weterynaryjnej (do bada\u0144 wykonywanych na potrzeby Inspekcji Weterynaryjnej), b\u0119d\u0105cy:<\/p>\n","protected":false},"author":2,"featured_media":0,"parent":0,"menu_order":0,"comment_status":"closed","ping_status":"closed","template":"fullwidth-page.php","meta":{"footnotes":""},"class_list":["post-1954","page","type-page","status-publish","hentry"],"rttpg_featured_image_url":null,"rttpg_author":{"display_name":"Marta Antas","author_link":"https:\/\/www.piwet.pulawy.pl\/en\/author\/mantas\/"},"rttpg_comment":0,"rttpg_category":false,"rttpg_excerpt":"Wyr\u00f3b do diagnostyki in vitro stosowany w medycynie weterynaryjnej, zgodnie z\u00a0ustaw\u0105 z dnia 11 marca 2004 r. o ochronie zdrowia zwierz\u0105t oraz zwalczaniu chor\u00f3b zaka\u017anych zwierz\u0105t\u00a0jest to wyr\u00f3b przeznaczony wy\u0142\u0105cznie do stosowania w medycynie weterynaryjnej (do bada\u0144 wykonywanych na potrzeby Inspekcji Weterynaryjnej), b\u0119d\u0105cy:","_links":{"self":[{"href":"https:\/\/www.piwet.pulawy.pl\/en\/wp-json\/wp\/v2\/pages\/1954","targetHints":{"allow":["GET"]}}],"collection":[{"href":"https:\/\/www.piwet.pulawy.pl\/en\/wp-json\/wp\/v2\/pages"}],"about":[{"href":"https:\/\/www.piwet.pulawy.pl\/en\/wp-json\/wp\/v2\/types\/page"}],"author":[{"embeddable":true,"href":"https:\/\/www.piwet.pulawy.pl\/en\/wp-json\/wp\/v2\/users\/2"}],"replies":[{"embeddable":true,"href":"https:\/\/www.piwet.pulawy.pl\/en\/wp-json\/wp\/v2\/comments?post=1954"}],"version-history":[{"count":2,"href":"https:\/\/www.piwet.pulawy.pl\/en\/wp-json\/wp\/v2\/pages\/1954\/revisions"}],"predecessor-version":[{"id":1958,"href":"https:\/\/www.piwet.pulawy.pl\/en\/wp-json\/wp\/v2\/pages\/1954\/revisions\/1958"}],"wp:attachment":[{"href":"https:\/\/www.piwet.pulawy.pl\/en\/wp-json\/wp\/v2\/media?parent=1954"}],"curies":[{"name":"wp","href":"https:\/\/api.w.org\/{rel}","templated":true}]}}